{"id":15286,"date":"2026-03-18T08:48:48","date_gmt":"2026-03-18T08:48:48","guid":{"rendered":"https:\/\/soydeaqui.ddns.net\/pachuca\/index.php\/producto\/gabinete-precision-con-puerta-de-cristal-templado-de-19in-9ur-450mm-de-profundidad-color-negro\/"},"modified":"2026-03-18T08:48:52","modified_gmt":"2026-03-18T08:48:52","slug":"gabinete-precision-con-puerta-de-cristal-templado-de-19in-9ur-450mm-de-profundidad-color-negro","status":"publish","type":"product","link":"https:\/\/soydeaqui.ddns.net\/pachuca\/index.php\/producto\/gabinete-precision-con-puerta-de-cristal-templado-de-19in-9ur-450mm-de-profundidad-color-negro\/","title":{"rendered":"Gabinete PRECISION, Con Puerta de Cristal Templado, de 19in, 9UR, 450mm de Profundidad, Color Negro"},"content":{"rendered":"<div style='width: 100%; max-width: 1200px; margin: 0 auto; font-family: sans-serif; line-height: 1.6; color: inherit; background-color: transparent;'>\n<div style='display: flex; flex-wrap: wrap; gap: 30px; margin-bottom: 30px;'>\n<div style='flex: 1 1 300px; min-width: 280px;'>\n<h3 style='font-size: 22px; border-bottom: 2px solid currentColor; padding-bottom: 5px; margin-top: 0; color: inherit; opacity: 0.8;'>Descripci\u00f3n<\/h3>\n<p style='font-size: 15px; color: inherit; margin-top: 10px;'>Dise\u00f1ados con una exquisita atenci\u00f3n al detalle y dimensiones precisas&comma; los gabinetes Precision de 6 y 9 unidades para rack ofrecen una soluci\u00f3n vers\u00e1til para una amplia gama de aplicaciones.<\/p>\n<\/p><\/div>\n<\/p><\/div>\n<div style='display: flex; flex-wrap: wrap; gap: 20px; margin-bottom: 30px;'>\n<div style='flex: 1 1 250px; border: 1px solid rgba(150&comma; 150&comma; 150&comma; 0.4); border-radius: 8px; overflow: hidden; display: flex; flex-direction: column;'>\n<div style='padding: 15px; border-bottom: 1px solid rgba(150&comma; 150&comma; 150&comma; 0.2); font-weight: bold; font-size: 18px; color: inherit; background-color: rgba(172&comma; 182&comma; 191&comma; 0.3);'>Especificaciones<\/div>\n<div style='padding: 15px; color: inherit;'>\n<ul style='padding-left: 20px; margin: 0; font-size: 14px; list-style-type: disc;'>\n<li style='margin-bottom: 5px;'><strong>Capacidad U:<\/strong> 9U<\/li>\n<li style='margin-bottom: 5px;'><strong>Dimensiones (HxWxD):<\/strong> (504 x 600 x 450mm)<\/li>\n<li style='margin-bottom: 5px;'><strong>Profundidad de trabajo:<\/strong> 275 mm<\/li>\n<li style='margin-bottom: 5px;'><strong>Rieles:<\/strong> 10-32 (tuerca enjaulada)<\/li>\n<li style='margin-bottom: 5px;'><strong>Capacidad de carga:<\/strong> 60kg<\/li>\n<li style='margin-bottom: 5px;'><strong>Montaje:<\/strong> Pared<\/li>\n<li style='margin-bottom: 5px;'><strong>Material:<\/strong> Acero<\/li>\n<li style='margin-bottom: 5px;'><strong>Color:<\/strong> Negro<\/li>\n<li style='margin-bottom: 5px;'><strong>Preparaci\u00f3n:<\/strong> 2 ventiladores<\/li>\n<li style='margin-bottom: 5px;'><strong>Env\u00edo:<\/strong> Totalmente armado<\/li>\n<\/ul><\/div>\n<\/p><\/div>\n<\/p><\/div>\n<div style='display: flex; flex-wrap: wrap; gap: 30px; margin-bottom: 30px;'>\n<div style='flex: 1 1 300px; min-width: 280px;'>\n<h3 style='font-size: 22px; border-bottom: 2px solid currentColor; padding-bottom: 5px; margin-top: 0; color: inherit; opacity: 0.8;'>Imagen del producto<\/h3>\n<p> <img style='width: 100%; height: auto; border: 1px solid rgba(150&comma;150&comma;150&comma;0.3); border-radius: 8px; margin-top: 10px;' src='https:\/\/ftp3.syscom.mx\/usuarios\/fotos\/PSTC09645BDG\/226101-gab-precision01.jpg' alt='Imagen del gabinete PRECISION PSTC09645BDG'> <\/div>\n<\/p><\/div>\n<hr style='border: 0; border-top: 1px solid rgba(150&comma; 150&comma; 150&comma; 0.3); margin: 30px 0;'> <\/div>\n","protected":false},"excerpt":{"rendered":"<p>Gabinete PRECISION, Con Puerta de Cristal Templado, de 19in, 9UR, 450mm de Profundidad, Color Negro<\/p>\n","protected":false},"featured_media":15285,"comment_status":"open","ping_status":"closed","template":"","meta":[],"product_brand":[],"product_cat":[708],"product_tag":[248,624,605],"class_list":{"0":"post-15286","1":"product","2":"type-product","3":"status-publish","4":"has-post-thumbnail","6":"product_cat-racks-cerrados-racks-y-gabinetes-cableado-estructurado","7":"product_tag-precision","8":"product_tag-racks-cerrados","9":"product_tag-racks-y-gabinetes","11":"first","12":"instock","13":"sale","14":"shipping-taxable","15":"purchasable","16":"product-type-simple"},"_links":{"self":[{"href":"https:\/\/soydeaqui.ddns.net\/pachuca\/index.php\/wp-json\/wp\/v2\/product\/15286","targetHints":{"allow":["GET"]}}],"collection":[{"href":"https:\/\/soydeaqui.ddns.net\/pachuca\/index.php\/wp-json\/wp\/v2\/product"}],"about":[{"href":"https:\/\/soydeaqui.ddns.net\/pachuca\/index.php\/wp-json\/wp\/v2\/types\/product"}],"replies":[{"embeddable":true,"href":"https:\/\/soydeaqui.ddns.net\/pachuca\/index.php\/wp-json\/wp\/v2\/comments?post=15286"}],"wp:featuredmedia":[{"embeddable":true,"href":"https:\/\/soydeaqui.ddns.net\/pachuca\/index.php\/wp-json\/wp\/v2\/media\/15285"}],"wp:attachment":[{"href":"https:\/\/soydeaqui.ddns.net\/pachuca\/index.php\/wp-json\/wp\/v2\/media?parent=15286"}],"wp:term":[{"taxonomy":"product_brand","embeddable":true,"href":"https:\/\/soydeaqui.ddns.net\/pachuca\/index.php\/wp-json\/wp\/v2\/product_brand?post=15286"},{"taxonomy":"product_cat","embeddable":true,"href":"https:\/\/soydeaqui.ddns.net\/pachuca\/index.php\/wp-json\/wp\/v2\/product_cat?post=15286"},{"taxonomy":"product_tag","embeddable":true,"href":"https:\/\/soydeaqui.ddns.net\/pachuca\/index.php\/wp-json\/wp\/v2\/product_tag?post=15286"}],"curies":[{"name":"wp","href":"https:\/\/api.w.org\/{rel}","templated":true}]}}