{"id":1526,"date":"2026-03-18T05:47:02","date_gmt":"2026-03-18T05:47:02","guid":{"rendered":"https:\/\/soydeaqui.ddns.net\/pachuca\/index.php\/producto\/kit-alarma-cloud-hibrido-comunicador-4g-lte-integrado-8-zonas-cableadas-32-inalambricas-programacion-100-via-web\/"},"modified":"2026-03-18T05:47:02","modified_gmt":"2026-03-18T05:47:02","slug":"kit-alarma-cloud-hibrido-comunicador-4g-lte-integrado-8-zonas-cableadas-32-inalambricas-programacion-100-via-web","status":"publish","type":"product","link":"https:\/\/soydeaqui.ddns.net\/pachuca\/index.php\/producto\/kit-alarma-cloud-hibrido-comunicador-4g-lte-integrado-8-zonas-cableadas-32-inalambricas-programacion-100-via-web\/","title":{"rendered":"KIT Alarma Cloud H\u00edbrido\/Comunicador 4G Lte Integrado\/8 Zonas Cableadas, 32 Inalambricas \/Programaci\u00f3n 100% v\u00eda WEB"},"content":{"rendered":"<div style='width: 100%; max-width: 1200px; margin: 0 auto; font-family: sans-serif; line-height: 1.6; color: inherit; background-color: transparent;'> <!-- Im\u00e1genes principales --> <\/p>\n<div style='display: flex; flex-wrap: wrap; gap: 15px; justify-content: center; margin-bottom: 30px;'> <img style='width: 100%; max-width: 800px; height: auto; border: 1px solid rgba(150&comma;150&comma;150&comma;0.3); border-radius: 8px;' src='https:\/\/ftp3.syscom.mx\/usuarios\/vvega\/M2M\/pro4gen2\/PRO4GLTEM_web.jpg' alt=''> <img style='width: 100%; max-width: 300px; height: auto; border: 1px solid rgba(150&comma;150&comma;150&comma;0.3); border-radius: 8px;' src='https:\/\/ftp3.syscom.mx\/usuarios\/vvega\/M2M\/pro4gen2\/pro4gen2.jpg' alt=''> <\/div>\n<p> <!-- Descripci\u00f3n general --> <\/p>\n<div style='margin-bottom: 30px;'>\n<h3 style='font-size: 24px; text-align: center; border-bottom: 2px solid currentColor; padding-bottom: 5px; margin: 0 auto 0 0; color: inherit; opacity: 0.8;'>Panel de Alarma Cloud Hibrido Certificacion UL<\/h3>\n<p style='text-align: center; margin: 10px auto 20px; max-width: 800px; font-size: 16px; color: inherit;'>Panel de Alarma hibrido con comunicador 4GLTEM incluido&comma; totalmente compatible con inalambricos Honeywell (serie 5800) y SFIRE (serie SFWST)&comma; control remoto por medio de smartphone.<\/p>\n<p style='text-align: center; margin: 10px auto 20px; max-width: 800px; font-size: 16px; color: inherit;'>Programaci\u00f3n del panel via smarphone \/ Nube&comma; disfrute de una progamaci\u00f3n sencilla&comma; sin complicaciones&comma; evite traslados innecesarios para cambios en el panel.<\/p>\n<\/p><\/div>\n<p> <!-- Contenido principal --> <\/p>\n<div style='margin-bottom: 30px;'>\n<h3 style='font-size: 20px; border-bottom: 2px solid currentColor; padding-bottom: 5px; margin-top: 0; color: inherit; opacity: 0.8;'>Contenido del KIT<\/h3>\n<ul style='padding-left: 20px; font-size: 15px; color: inherit;'>\n<li style='margin-bottom: 5px;'>1 x Panel de Alarma Hibrido <a style='color: inherit; text-decoration: underline;' href='https:\/\/www.syscom.mx\/principal\/searchcont?route=PRO4GEN2-M2M-SERVICES-204728&#038;autodetect=pro4' target='_blank' rel='noopener'>PRO4GEN2<\/a><\/li>\n<li style='margin-bottom: 5px;'>1 x Transformador 16 Vca<\/li>\n<li style='margin-bottom: 5px;'>1 x Bateria 1.2 Ah<\/li>\n<li style='margin-bottom: 5px;'>1 x Sensor PIR <a style='color: inherit; text-decoration: underline;' href='https:\/\/www.syscom.mx\/principal\/searchcont?route=SFWST742-SFIRE-189978&#038;autodetect=sfwst702' target='_blank' rel='noopener'>SFWST742<\/a><\/li>\n<li style='margin-bottom: 5px;'>1 x Control remoto <a style='color: inherit; text-decoration: underline;' href='https:\/\/www.syscom.mx\/principal\/searchcont?route=SFWST102-SFIRE-161486&#038;autodetect=sfwst' target='_blank' rel='noopener'>SFWST102<\/a><\/li>\n<li style='margin-bottom: 5px;'>2 x Contacto magnetico \/ Transmisor <a style='color: inherit; text-decoration: underline;' href='https:\/\/www.syscom.mx\/principal\/searchcont?route=SFWST232-SFIRE-165424&#038;autodetect=sfwst' target='_blank' rel='noopener'>SFWST232<\/a><\/li>\n<\/ul><\/div>\n<p> <!-- Secci\u00f3n de caracter\u00edsticas en 3 columnas --> <\/p>\n<div style='display: flex; flex-wrap: wrap; gap: 20px; margin-bottom: 30px;'>\n<div style='flex: 1 1 300px; min-width: 280px; border: 1px solid rgba(150&comma; 150&comma; 150&comma; 0.4); border-radius: 8px; overflow: hidden; display: flex; flex-direction: column;'>\n<div style='padding: 15px; border-bottom: 1px solid rgba(150&comma; 150&comma; 150&comma; 0.2); font-weight: bold; font-size: 18px; color: inherit;'>A prueba del Futuro&comma; Red 4G-LTEM<\/div>\n<div style='padding: 15px; color: inherit;'> <img style='width: 100%; height: auto; border: 1px solid rgba(150&comma;150&comma;150&comma;0.3); border-radius: 8px; margin-bottom: 15px;' src='https:\/\/ftp3.syscom.mx\/usuarios\/fotos\/BancoFotografiasSyscom\/M2MSERVICES\/PRO4GLTEM\/PRO4GLTEM-AD-3-l.PNG' alt=''> <\/p>\n<ul style='padding-left: 20px; margin: 0; font-size: 14px; list-style-type: disc;'>\n<li style='margin-bottom: 5px;'>Cuenta M2M de Administraci\u00f3n gratuita&comma; edite usuarios&comma; configure el panel&comma; activacion o suspencion del servicio.<\/li>\n<li style='margin-bottom: 5px;'>Compatible con IFTTT para controlar el panel mediante Asistentes de Voz (Google \/ Alexa)<\/li>\n<li style='margin-bottom: 5px;'>Extremo Alta Seguridad.<\/li>\n<li style='margin-bottom: 5px;'>SIM Multicarrier incluido (Telcel&comma; Movistar&comma; AT&#038;T&comma; Iusacell).<\/li>\n<li style='margin-bottom: 5px;'>Incluye 2 A\u00d1OS servicio 4GLTEM sin Costo.<\/li>\n<li style='margin-bottom: 5px;'>A\u00f1o adicional agregando <a style='color: inherit; text-decoration: underline;' href='https:\/\/www.syscom.mx\/principal\/searchcont?route=VOUCHERLTEM-M2M-SERVICES-188046&#038;autodetect=voucherltem' target='_blank' rel='noopener'>VOUCHERLTEM.<\/a><\/li>\n<li style='margin-bottom: 5px;'><strong style='color: inherit;'>NOTA:<\/strong> <em style='color: inherit;'>Si el voucher no es renovado dentro del mes correspondiente&comma; el equipo pasara a suspendido y se tendra que adquirir un REACTIVAM2M + VOUCHERLTEM<\/em><\/li>\n<\/ul><\/div>\n<\/p><\/div>\n<div style='flex: 1 1 300px; min-width: 280px; border: 1px solid rgba(150&comma; 150&comma; 150&comma; 0.4); border-radius: 8px; overflow: hidden; display: flex; flex-direction: column;'>\n<div style='padding: 15px; border-bottom: 1px solid rgba(150&comma; 150&comma; 150&comma; 0.2); font-weight: bold; font-size: 18px; color: inherit;'>2 A\u00f1os de Servicio GRATIS<\/div>\n<div style='padding: 15px; color: inherit;'> <img style='width: 100%; height: auto; border: 1px solid rgba(150&comma;150&comma;150&comma;0.3); border-radius: 8px; margin-bottom: 15px;' src='https:\/\/ftp3.syscom.mx\/usuarios\/vvega\/M2M\/pro4gen2\/PRO4GEN2%20-%20RControl.png' alt=''> <\/p>\n<ul style='padding-left: 20px; margin: 0; font-size: 14px; list-style-type: disc;'>\n<li style='margin-bottom: 5px;'><strong style='color: inherit;'>LOGO<\/strong> Directo en la aplicacion GRATIS!<\/li>\n<li style='margin-bottom: 5px;'><strong style='color: inherit;'>Boton de PANICO<\/strong> Virtual en la Aplicaci\u00f3n*<\/li>\n<li style='margin-bottom: 5px;'><strong style='color: inherit;'>Estatus y Bypass<\/strong> de Zonas*.<\/li>\n<li style='margin-bottom: 5px;'><strong style='color: inherit;'>Armado Total \/ Parcial*<\/strong> y Desarmado desde la APP.<\/li>\n<li style='margin-bottom: 5px;'><strong style='color: inherit;'>Programaci\u00f3n Total<\/strong> desde Aplicacion o via Web.<\/li>\n<li style='margin-bottom: 5px;'>Identificacion de usuarios y posibilidad de etiquetado de zonas.<\/li>\n<li style='margin-bottom: 5px;'>Soporta hasta 100 usuarios en la APP con identificacion (quien armo \/desarmo)<\/li>\n<li style='margin-bottom: 5px;'>1 a\u00f1o de Historial de Eventos<\/li>\n<li style='margin-bottom: 5px;'><em style='color: inherit;'>*Ver modelos compatibles mas abajo<\/em>.<\/li>\n<\/ul><\/div>\n<\/p><\/div>\n<div style='flex: 1 1 300px; min-width: 280px; border: 1px solid rgba(150&comma; 150&comma; 150&comma; 0.4); border-radius: 8px; overflow: hidden; display: flex; flex-direction: column;'>\n<div style='padding: 15px; border-bottom: 1px solid rgba(150&comma; 150&comma; 150&comma; 0.2); font-weight: bold; font-size: 18px; color: inherit;'>Peque\u00f1o y Ligero<\/div>\n<div style='padding: 15px; color: inherit;'> <img style='width: 100%; height: auto; border: 1px solid rgba(150&comma;150&comma;150&comma;0.3); border-radius: 8px; margin-bottom: 15px;' src='https:\/\/ftp3.syscom.mx\/usuarios\/fotos\/BancoFotografiasSyscom\/M2MSERVICES\/PRO4GLTEM\/PRO4GLTEM-AD-1-l.PNG' alt=''> <\/p>\n<ul style='padding-left: 20px; margin: 0; font-size: 14px; list-style-type: disc;'>\n<li style='margin-bottom: 5px;'>Doble SIM Interconstruido 4G-LTEM<\/li>\n<li style='margin-bottom: 5px;'>2 Particiones<\/li>\n<li style='margin-bottom: 5px;'>8 Zonas cableadas (acepta doblaje)<\/li>\n<li style='margin-bottom: 5px;'>32 Zonas inalambricas (345 Mhz).<\/li>\n<li style='margin-bottom: 5px;'>Soporta hasta 16 Controles Remotos.<\/li>\n<li style='margin-bottom: 5px;'>1 salida de Sirena y 1 salida programable<\/li>\n<li style='margin-bottom: 5px;'>Receptor de zonas inalambricas interconstruido.<\/li>\n<li style='margin-bottom: 5px;'>Sirena Piezoelectrico interna (100dB).<\/li>\n<li style='margin-bottom: 5px;'>Fuente Principal de 14 a 16 Vca<\/li>\n<li style='margin-bottom: 5px;'>Cargador bateria resplado 12V<\/li>\n<li style='margin-bottom: 5px;'>Antena: SMA&comma; 50 ohms<\/li>\n<\/ul><\/div>\n<\/p><\/div>\n<\/p><\/div>\n<p> <!-- Imagen adicional --> <\/p>\n<div style='margin-bottom: 30px;'> <img style='width: 100%; max-width: 900px; height: auto; border: 1px solid rgba(150&comma;150&comma;150&comma;0.3); border-radius: 8px;' src='https:\/\/ftp3.syscom.mx\/usuarios\/vvega\/M2M\/pro4gen2\/pro4gen2_dt42.jpg' alt=''> <\/div>\n<p> <!-- Programaci\u00f3n remota --> <\/p>\n<div style='margin-bottom: 30px;'>\n<h3 style='font-size: 20px; border-bottom: 2px solid currentColor; padding-bottom: 5px; margin-top: 0; color: inherit; opacity: 0.8;'>Evite traslados Innecesarios con Programaci\u00f3n Remota<\/h3>\n<p style='text-align: center; font-size: 16px; color: inherit; margin: 15px 0;'>Programaci\u00f3n Remota<\/p>\n<p style='text-align: center; font-size: 15px; color: inherit;'>Realizar configuraciones en el panel sin tener que ir al lugar donde est\u00e1 instalado.<\/p>\n<p style='text-align: center; font-size: 15px; color: inherit;'>El t\u00e9cnico \u00fanicamente reemplaza o instala equipos pero la configuraci\u00f3n se realiza remotamente desde la Central (mayor seguridad).<\/p>\n<\/p><\/div>\n<p> <!-- Notas importantes --> <\/p>\n<div style='margin-bottom: 30px;'>\n<p style='text-align: center; font-size: 15px; color: inherit; background-color: rgba(200&comma;200&comma;200&comma;0.1); padding: 15px; border-left: 4px solid #c0392b;'>NOTA: Estos dispositivos trabajan sobre redes celulares por lo que su operatividad depende de la estabilidad de estos servicios.<\/p>\n<p style='text-align: center; font-size: 14px; color: inherit; margin-top: 15px;'><em>*NOTA: Estos equipos adquiridos en cualquier categoria de &#8216;asterisco&#8217; pueden variar los meses de servicio<\/em><\/p>\n<\/p><\/div>\n<\/p><\/div>\n","protected":false},"excerpt":{"rendered":"<p>KIT Alarma Cloud H\u00edbrido\/Comunicador 4G Lte Integrado\/8 Zonas Cableadas, 32 Inalambricas \/Programaci\u00f3n 100% v\u00eda WEB<\/p>\n","protected":false},"featured_media":1525,"comment_status":"open","ping_status":"closed","template":"","meta":[],"product_brand":[],"product_cat":[60],"product_tag":[188,61,62],"class_list":{"0":"post-1526","1":"product","2":"type-product","3":"status-publish","4":"has-post-thumbnail","6":"product_cat-todos","7":"product_tag-m2m-services","8":"product_tag-paneles-de-alarma","9":"product_tag-todos","11":"first","12":"instock","13":"sale","14":"shipping-taxable","15":"purchasable","16":"product-type-simple"},"_links":{"self":[{"href":"https:\/\/soydeaqui.ddns.net\/pachuca\/index.php\/wp-json\/wp\/v2\/product\/1526","targetHints":{"allow":["GET"]}}],"collection":[{"href":"https:\/\/soydeaqui.ddns.net\/pachuca\/index.php\/wp-json\/wp\/v2\/product"}],"about":[{"href":"https:\/\/soydeaqui.ddns.net\/pachuca\/index.php\/wp-json\/wp\/v2\/types\/product"}],"replies":[{"embeddable":true,"href":"https:\/\/soydeaqui.ddns.net\/pachuca\/index.php\/wp-json\/wp\/v2\/comments?post=1526"}],"wp:featuredmedia":[{"embeddable":true,"href":"https:\/\/soydeaqui.ddns.net\/pachuca\/index.php\/wp-json\/wp\/v2\/media\/1525"}],"wp:attachment":[{"href":"https:\/\/soydeaqui.ddns.net\/pachuca\/index.php\/wp-json\/wp\/v2\/media?parent=1526"}],"wp:term":[{"taxonomy":"product_brand","embeddable":true,"href":"https:\/\/soydeaqui.ddns.net\/pachuca\/index.php\/wp-json\/wp\/v2\/product_brand?post=1526"},{"taxonomy":"product_cat","embeddable":true,"href":"https:\/\/soydeaqui.ddns.net\/pachuca\/index.php\/wp-json\/wp\/v2\/product_cat?post=1526"},{"taxonomy":"product_tag","embeddable":true,"href":"https:\/\/soydeaqui.ddns.net\/pachuca\/index.php\/wp-json\/wp\/v2\/product_tag?post=1526"}],"curies":[{"name":"wp","href":"https:\/\/api.w.org\/{rel}","templated":true}]}}