{"id":15251,"date":"2026-03-18T08:48:15","date_gmt":"2026-03-18T08:48:15","guid":{"rendered":"https:\/\/soydeaqui.ddns.net\/pachuca\/index.php\/producto\/gabinete-precision-con-puerta-de-cristal-templado-de-19in-6ur-450mm-de-profundidad-color-negro\/"},"modified":"2026-03-18T08:48:20","modified_gmt":"2026-03-18T08:48:20","slug":"gabinete-precision-con-puerta-de-cristal-templado-de-19in-6ur-450mm-de-profundidad-color-negro","status":"publish","type":"product","link":"https:\/\/soydeaqui.ddns.net\/pachuca\/index.php\/producto\/gabinete-precision-con-puerta-de-cristal-templado-de-19in-6ur-450mm-de-profundidad-color-negro\/","title":{"rendered":"Gabinete PRECISION, Con Puerta de Cristal Templado, de 19in, 6UR, 450mm de Profundidad, Color Negro"},"content":{"rendered":"<div style='width: 100%; max-width: 1200px; margin: 0 auto; font-family: sans-serif; line-height: 1.6; color: inherit; background-color: transparent;'> <!-- Imagen principal --> <\/p>\n<div style='margin-bottom: 30px;'> <img style='width: 100%; height: auto; border: 1px solid rgba(150&comma;150&comma;150&comma;0.3); border-radius: 8px;' src='https:\/\/ftp3.syscom.mx\/usuarios\/fotos\/PSTC09645BDG\/226101-gab-precision01.jpg' alt=''> <\/div>\n<p> <!-- Descripci\u00f3n general --> <\/p>\n<div style='margin-bottom: 30px;'>\n<p style='font-size: 15px; margin: 0 0 15px 0; color: inherit;'> Dise\u00f1ados con una exquisita atenci\u00f3n al detalle y dimensiones precisas&comma; los gabinetes Precision de 6 y 9 unidades para rack ofrecen una soluci\u00f3n vers\u00e1til para una amplia gama de aplicaciones. <\/p>\n<\/p><\/div>\n<p> <!-- Secci\u00f3n de especificaciones --> <\/p>\n<div style='margin-bottom: 30px;'>\n<h3 style='font-size: 22px; border-bottom: 2px solid currentColor; padding-bottom: 5px; margin-top: 0; margin-bottom: 15px; color: inherit; opacity: 0.8;'>Especificaciones<\/h3>\n<p> <!-- Grid de especificaciones --> <\/p>\n<div style='display: grid; grid-template-columns: repeat(auto-fill&comma; minmax(250px&comma; 1fr)); gap: 15px;'> <!-- Grupo 1 --> <\/p>\n<div style='border: 1px solid rgba(150&comma; 150&comma; 150&comma; 0.4); border-radius: 8px; padding: 15px; background-color: rgba(172&comma; 182&comma; 191&comma; 0.2);'>\n<div style='display: flex; justify-content: space-between; margin-bottom: 10px;'> <strong style='color: inherit; font-size: 14px;'>Capacidad U<\/strong> <span style='color: inherit; font-size: 14px;'>6U<\/span> <\/div>\n<div style='display: flex; justify-content: space-between;'> <strong style='color: inherit; font-size: 14px;'>Dimensiones (HxWxD)<\/strong> <span style='color: inherit; font-size: 14px;'>(371 x 600 x 450mm)<\/span> <\/div>\n<\/p><\/div>\n<p> <!-- Grupo 2 --> <\/p>\n<div style='border: 1px solid rgba(150&comma; 150&comma; 150&comma; 0.4); border-radius: 8px; padding: 15px; background-color: rgba(172&comma; 182&comma; 191&comma; 0.2);'>\n<div style='display: flex; justify-content: space-between; margin-bottom: 10px;'> <strong style='color: inherit; font-size: 14px;'>Profundidad de trabajo<\/strong> <span style='color: inherit; font-size: 14px;'>275 mm<\/span> <\/div>\n<div style='display: flex; justify-content: space-between;'> <strong style='color: inherit; font-size: 14px;'>Rieles<\/strong> <span style='color: inherit; font-size: 14px;'>10-32 (tuerca enjaulada)<\/span> <\/div>\n<\/p><\/div>\n<p> <!-- Grupo 3 --> <\/p>\n<div style='border: 1px solid rgba(150&comma; 150&comma; 150&comma; 0.4); border-radius: 8px; padding: 15px; background-color: rgba(172&comma; 182&comma; 191&comma; 0.2);'>\n<div style='display: flex; justify-content: space-between; margin-bottom: 10px;'> <strong style='color: inherit; font-size: 14px;'>Capacidad de carga<\/strong> <span style='color: inherit; font-size: 14px;'>60kg<\/span> <\/div>\n<div style='display: flex; justify-content: space-between;'> <strong style='color: inherit; font-size: 14px;'>Montaje<\/strong> <span style='color: inherit; font-size: 14px;'>Pared<\/span> <\/div>\n<\/p><\/div>\n<p> <!-- Grupo 4 --> <\/p>\n<div style='border: 1px solid rgba(150&comma; 150&comma; 150&comma; 0.4); border-radius: 8px; padding: 15px; background-color: rgba(172&comma; 182&comma; 191&comma; 0.2);'>\n<div style='display: flex; justify-content: space-between; margin-bottom: 10px;'> <strong style='color: inherit; font-size: 14px;'>Material<\/strong> <span style='color: inherit; font-size: 14px;'>Acero<\/span> <\/div>\n<div style='display: flex; justify-content: space-between;'> <strong style='color: inherit; font-size: 14px;'>Color<\/strong> <span style='color: inherit; font-size: 14px;'>Negro<\/span> <\/div>\n<\/p><\/div>\n<p> <!-- Grupo 5 --> <\/p>\n<div style='border: 1px solid rgba(150&comma; 150&comma; 150&comma; 0.4); border-radius: 8px; padding: 15px; background-color: rgba(172&comma; 182&comma; 191&comma; 0.2);'>\n<div style='display: flex; justify-content: space-between; margin-bottom: 10px;'> <strong style='color: inherit; font-size: 14px;'>Preparaci\u00f3n<\/strong> <span style='color: inherit; font-size: 14px;'>2 ventiladores<\/span> <\/div>\n<div style='display: flex; justify-content: space-between;'> <strong style='color: inherit; font-size: 14px;'>Env\u00edo<\/strong> <span style='color: inherit; font-size: 14px;'>Totalmente armado<\/span> <\/div>\n<\/p><\/div>\n<\/p><\/div>\n<\/p><\/div>\n<\/p><\/div>\n","protected":false},"excerpt":{"rendered":"<p>Gabinete PRECISION, Con Puerta de Cristal Templado, de 19in, 6UR, 450mm de Profundidad, Color Negro<\/p>\n","protected":false},"featured_media":15250,"comment_status":"open","ping_status":"closed","template":"","meta":[],"product_brand":[],"product_cat":[708],"product_tag":[248,624,605],"class_list":{"0":"post-15251","1":"product","2":"type-product","3":"status-publish","4":"has-post-thumbnail","6":"product_cat-racks-cerrados-racks-y-gabinetes-cableado-estructurado","7":"product_tag-precision","8":"product_tag-racks-cerrados","9":"product_tag-racks-y-gabinetes","11":"first","12":"instock","13":"sale","14":"shipping-taxable","15":"purchasable","16":"product-type-simple"},"_links":{"self":[{"href":"https:\/\/soydeaqui.ddns.net\/pachuca\/index.php\/wp-json\/wp\/v2\/product\/15251","targetHints":{"allow":["GET"]}}],"collection":[{"href":"https:\/\/soydeaqui.ddns.net\/pachuca\/index.php\/wp-json\/wp\/v2\/product"}],"about":[{"href":"https:\/\/soydeaqui.ddns.net\/pachuca\/index.php\/wp-json\/wp\/v2\/types\/product"}],"replies":[{"embeddable":true,"href":"https:\/\/soydeaqui.ddns.net\/pachuca\/index.php\/wp-json\/wp\/v2\/comments?post=15251"}],"wp:featuredmedia":[{"embeddable":true,"href":"https:\/\/soydeaqui.ddns.net\/pachuca\/index.php\/wp-json\/wp\/v2\/media\/15250"}],"wp:attachment":[{"href":"https:\/\/soydeaqui.ddns.net\/pachuca\/index.php\/wp-json\/wp\/v2\/media?parent=15251"}],"wp:term":[{"taxonomy":"product_brand","embeddable":true,"href":"https:\/\/soydeaqui.ddns.net\/pachuca\/index.php\/wp-json\/wp\/v2\/product_brand?post=15251"},{"taxonomy":"product_cat","embeddable":true,"href":"https:\/\/soydeaqui.ddns.net\/pachuca\/index.php\/wp-json\/wp\/v2\/product_cat?post=15251"},{"taxonomy":"product_tag","embeddable":true,"href":"https:\/\/soydeaqui.ddns.net\/pachuca\/index.php\/wp-json\/wp\/v2\/product_tag?post=15251"}],"curies":[{"name":"wp","href":"https:\/\/api.w.org\/{rel}","templated":true}]}}