{"id":15243,"date":"2026-03-18T08:48:08","date_gmt":"2026-03-18T08:48:08","guid":{"rendered":"https:\/\/soydeaqui.ddns.net\/pachuca\/index.php\/producto\/medidor-de-potencia-ptica-opm-para-fibra-ptica-en-redes-fttx-soporta-3-longitudes-de-onda-1310nm-1490nm-y-1550nm-rango-de-medicin-de-40-a-25dbm\/"},"modified":"2026-03-18T08:48:12","modified_gmt":"2026-03-18T08:48:12","slug":"medidor-de-potencia-ptica-opm-para-fibra-ptica-en-redes-fttx-soporta-3-longitudes-de-onda-1310nm-1490nm-y-1550nm-rango-de-medicin-de-40-a-25dbm","status":"publish","type":"product","link":"https:\/\/soydeaqui.ddns.net\/pachuca\/index.php\/producto\/medidor-de-potencia-ptica-opm-para-fibra-ptica-en-redes-fttx-soporta-3-longitudes-de-onda-1310nm-1490nm-y-1550nm-rango-de-medicin-de-40-a-25dbm\/","title":{"rendered":"Medidor de Potencia ?ptica (OPM) para Fibra ?ptica en Redes FTTx \/ Soporta 3 Longitudes de Onda: 1310nm, 1490nm y 1550nm \/ Rango de Medici?n de -40 a 25dBm"},"content":{"rendered":"<div style='width: 100%; max-width: 1200px; margin: 0 auto; font-family: sans-serif; line-height: 1.6; color: inherit; background-color: transparent;'>\n<div style='display: flex; flex-wrap: wrap; gap: 30px; margin-bottom: 30px;'>\n<div style='flex: 1 1 300px; min-width: 280px;'>\n<h3 style='font-size: 22px; border-bottom: 2px solid currentColor; padding-bottom: 5px; margin-top: 0; color: inherit; opacity: 0.8;'>Caracter\u00edsticas<\/h3>\n<ul style='padding-left: 20px; font-size: 15px; color: inherit;'>\n<li style='margin-bottom: 5px;'>El LP-OPM puede configurar 10 grupos de umbrales de evaluaci\u00f3n&comma; para proporcionar informaci\u00f3n del estado de aprobaci\u00f3n&comma; advertencia o falla para cada longitud de onda y puede guardar los resultados de las pruebas.<\/li>\n<li style='margin-bottom: 5px;'><strong>Tipo de detector:<\/strong> InGaAs<\/li>\n<li style='margin-bottom: 5px;'><strong>Conector de entrada:<\/strong> SC y FC<\/li>\n<li style='margin-bottom: 5px;'><strong>Rango de medici\u00f3n en 1310nm:<\/strong> -35 a 10 dBm<\/li>\n<li style='margin-bottom: 5px;'><strong>Rango de medici\u00f3n en 1490nm:<\/strong> -40 a 12 dBm<\/li>\n<li style='margin-bottom: 5px;'><strong>Rango de medici\u00f3n en 1550nm:<\/strong> -40 a 25 dBm<\/li>\n<li style='margin-bottom: 5px;'><strong>Dimensiones:<\/strong> 189mm x 100mm x 50mm<\/li>\n<li style='margin-bottom: 5px;'><strong>Peso:<\/strong> 150 gramos<\/li>\n<li style='margin-bottom: 5px;'><strong>Temperatura de operaci\u00f3n:<\/strong> -10\u00ba a 50\u00baC<\/li>\n<li style='margin-bottom: 5px;'><strong>Duraci\u00f3n de bater\u00eda en reposo:<\/strong> 20 horas<\/li>\n<li style='margin-bottom: 5px;'><strong>Duraci\u00f3n de bater\u00eda en trabajo continuo:<\/strong> 12 horas<\/li>\n<li style='margin-bottom: 5px;'><strong>Puerto de datos:<\/strong> Micro SUB<\/li>\n<li style='margin-bottom: 5px;'><strong>Bater\u00edas:<\/strong> 3 bah\u00edas para bater\u00edas AAA (No incluidas)<\/li>\n<li style='margin-bottom: 5px;'><strong>Funcionalidad:<\/strong> Apagado autom\u00e1tico<\/li>\n<\/ul><\/div>\n<\/p><\/div>\n<\/p><\/div>\n","protected":false},"excerpt":{"rendered":"<p>Medidor de Potencia ?ptica (OPM) para Fibra ?ptica en Redes FTTx \/ Soporta 3 Longitudes de Onda: 1310nm, 1490nm y 1550nm \/ Rango de Medici?n de -40 a 25dBm<\/p>\n","protected":false},"featured_media":15242,"comment_status":"open","ping_status":"closed","template":"","meta":[],"product_brand":[],"product_cat":[636],"product_tag":[611,25,435],"class_list":{"0":"post-15243","1":"product","2":"type-product","3":"status-publish","4":"has-post-thumbnail","6":"product_cat-herramientas-fibra-optica","7":"product_tag-fibra-optica","8":"product_tag-herramientas","9":"product_tag-linkedpro-by-epcom","11":"first","12":"instock","13":"sale","14":"shipping-taxable","15":"purchasable","16":"product-type-simple"},"_links":{"self":[{"href":"https:\/\/soydeaqui.ddns.net\/pachuca\/index.php\/wp-json\/wp\/v2\/product\/15243","targetHints":{"allow":["GET"]}}],"collection":[{"href":"https:\/\/soydeaqui.ddns.net\/pachuca\/index.php\/wp-json\/wp\/v2\/product"}],"about":[{"href":"https:\/\/soydeaqui.ddns.net\/pachuca\/index.php\/wp-json\/wp\/v2\/types\/product"}],"replies":[{"embeddable":true,"href":"https:\/\/soydeaqui.ddns.net\/pachuca\/index.php\/wp-json\/wp\/v2\/comments?post=15243"}],"wp:featuredmedia":[{"embeddable":true,"href":"https:\/\/soydeaqui.ddns.net\/pachuca\/index.php\/wp-json\/wp\/v2\/media\/15242"}],"wp:attachment":[{"href":"https:\/\/soydeaqui.ddns.net\/pachuca\/index.php\/wp-json\/wp\/v2\/media?parent=15243"}],"wp:term":[{"taxonomy":"product_brand","embeddable":true,"href":"https:\/\/soydeaqui.ddns.net\/pachuca\/index.php\/wp-json\/wp\/v2\/product_brand?post=15243"},{"taxonomy":"product_cat","embeddable":true,"href":"https:\/\/soydeaqui.ddns.net\/pachuca\/index.php\/wp-json\/wp\/v2\/product_cat?post=15243"},{"taxonomy":"product_tag","embeddable":true,"href":"https:\/\/soydeaqui.ddns.net\/pachuca\/index.php\/wp-json\/wp\/v2\/product_tag?post=15243"}],"curies":[{"name":"wp","href":"https:\/\/api.w.org\/{rel}","templated":true}]}}