{"id":15238,"date":"2026-03-18T08:48:03","date_gmt":"2026-03-18T08:48:03","guid":{"rendered":"https:\/\/soydeaqui.ddns.net\/pachuca\/index.php\/producto\/otdr-pro-de-alto-rendimiento-para-enlaces-de-fibra-ptica-monomodo-pruebas-en-fibra-ptica-viva-longitudes-de-onda-1310nm-1550nm-y-1625nm-zona-muerta-por-evento-de-0-8-metros-2-62-pies-vfl\/"},"modified":"2026-03-18T08:48:07","modified_gmt":"2026-03-18T08:48:07","slug":"otdr-pro-de-alto-rendimiento-para-enlaces-de-fibra-ptica-monomodo-pruebas-en-fibra-ptica-viva-longitudes-de-onda-1310nm-1550nm-y-1625nm-zona-muerta-por-evento-de-0-8-metros-2-62-pies-vfl","status":"publish","type":"product","link":"https:\/\/soydeaqui.ddns.net\/pachuca\/index.php\/producto\/otdr-pro-de-alto-rendimiento-para-enlaces-de-fibra-ptica-monomodo-pruebas-en-fibra-ptica-viva-longitudes-de-onda-1310nm-1550nm-y-1625nm-zona-muerta-por-evento-de-0-8-metros-2-62-pies-vfl\/","title":{"rendered":"OTDR PRO de Alto Rendimiento para Enlaces de Fibra ?ptica Monomodo \/ Pruebas en Fibra ?ptica Viva \/ Longitudes de onda: 1310nm, 1550nm y 1625nm \/ Zona Muerta por Evento de 0.8 Metros (2.62 Pies) \/ VFL 5mW \/ Distancia de prueba de hasta 420 km"},"content":{"rendered":"<div style='width: 100%; max-width: 1200px; margin: 0 auto; font-family: sans-serif; line-height: 1.6; color: inherit; background-color: transparent;'> <!-- Secci\u00f3n de descripci\u00f3n principal --> <\/p>\n<div style='margin-bottom: 30px;'>\n<p style='margin: 0 0 15px; color: inherit; font-size: 15px; text-align: justify;'> El OTDR de alto rendimiento LP-OTDR -PRO cuenta con 7\u201d pantalla a color&comma; lo que facilita la manipulaci\u00f3n. Integra funciones multifunci\u00f3n para ayudar a los clientes resolver la prueba de campo del enlace de comunicaci\u00f3n y posterior mantenimiento&comma; financiar de manera m\u00e1s efectiva. El rango din\u00e1mico m\u00e1ximo es 45 dB. Se utiliza principalmente para medir la longitud&comma; p\u00e9rdida y calidad de conexi\u00f3n de fibra \u00f3ptica. Se utiliza principalmente en l\u00edneas troncales urbanas&comma; redes troncales y red de \u00e1rea metropolitana. <\/p>\n<p style='margin: 0; font-size: 14px; color: inherit;'> <strong style='color: inherit;'>NOTA:<\/strong> Se recomienda su uso con bobina de lanzamiento&comma; para eliminar la zona muerta y mejorar la precisi\u00f3n de las mediciones: <a href='https:\/\/www.syscom.mx\/principal\/searchcont?route=LP-LC-SM-1KM-LINKEDPRO-BY-EPCOM-229299&#038;autodetect=BOBINA_DE_LANZAMIENTO' style='color: #0066cc; text-decoration: underline;'> <strong style='color: inherit;'>LP-LC-SM-1KM<\/strong> <\/a> <\/p>\n<\/p><\/div>\n<p> <!-- Secci\u00f3n de caracter\u00edsticas --> <\/p>\n<div style='display: flex; flex-wrap: wrap; gap: 30px; margin-bottom: 30px;'> <!-- Caracter\u00edsticas principales --> <\/p>\n<div style='flex: 1 1 300px; min-width: 280px;'>\n<div style='border-left: 5px solid #ff0000; border-radius: 5px; padding: 5px; box-shadow: 0 2px 10px rgba(216&comma; 216&comma; 216&comma; 0.4);'>\n<h3 style='font-size: 18px; margin-top: 0; margin-bottom: 10px; color: inherit; font-family: sans-serif; font-weight: bold;'> Caracter\u00edsticas principales del OTDR <\/h3>\n<ul style='padding-left: 20px; margin: 0; font-size: 14px; color: inherit; list-style-type: disc;'>\n<li style='margin-bottom: 5px; color: inherit;'><strong style='color: inherit;'>Compatible con Fibra \u00d3ptica Monomodo<\/strong><\/li>\n<li style='margin-bottom: 5px; color: inherit;'><strong style='color: inherit;'>Longitud de onda:<\/strong> 1310nm&comma; 1550nm y 1625nm<\/li>\n<li style='margin-bottom: 5px; color: inherit;'>Pruebas en fibra \u00f3ptica viva<\/li>\n<li style='margin-bottom: 5px; color: inherit;'><strong style='color: inherit;'>An\u00e1lisis de p\u00e9rdida:<\/strong> M\u00e9todo de 4 y 5 puntos<\/li>\n<li style='margin-bottom: 5px; color: inherit;'><strong style='color: inherit;'>Zona muerta entre eventos:<\/strong> 0.8 metros<\/li>\n<li style='margin-bottom: 5px; color: inherit;'><strong style='color: inherit;'>Soportar conectores:<\/strong> SC&comma; ST y FC<\/li>\n<li style='margin-bottom: 5px; color: inherit;'><strong style='color: inherit;'>Temperatura de operaci\u00f3n:<\/strong> -10\u00baC a 50\u00baC<\/li>\n<li style='margin-bottom: 5px; color: inherit;'><strong style='color: inherit;'>Bater\u00eda:<\/strong> Litio 5200mAh<\/li>\n<li style='margin-bottom: 5px; color: inherit;'><strong style='color: inherit;'>Puntos m\u00e1ximos de muestra:<\/strong> 256k para una mejor precisi\u00f3n<\/li>\n<li style='margin-bottom: 5px; color: inherit;'><strong style='color: inherit;'>Almacenamiento interno:<\/strong> 12 Gbps<\/li>\n<li style='margin-bottom: 5px; color: inherit;'><strong style='color: inherit;'>Soporta splitters:<\/strong> 1&#215;4&comma; 1&#215;8&comma; 1&#215;16&comma; 1&#215;32 y 1&#215;64<\/li>\n<li style='margin-bottom: 5px; color: inherit;'><strong style='color: inherit;'>Fuente de luz estable:<\/strong> -5 dBm<\/li>\n<\/ul><\/div>\n<\/p><\/div>\n<p> <!-- VFL --> <\/p>\n<div style='flex: 1 1 300px; min-width: 280px;'>\n<div style='border-left: 5px solid #ff0000; border-radius: 5px; padding: 5px; box-shadow: 0 2px 10px rgba(216&comma; 216&comma; 216&comma; 0.4);'>\n<h3 style='font-size: 18px; margin-top: 0; margin-bottom: 10px; color: inherit; font-family: sans-serif; font-weight: bold;'> Localizador Visual de Fallos (VFL) <\/h3>\n<ul style='padding-left: 20px; margin: 0; font-size: 14px; color: inherit; list-style-type: disc;'>\n<li style='margin-bottom: 5px; color: inherit;'><strong style='color: inherit;'>Longitud de onda:<\/strong> 650nm<\/li>\n<li style='margin-bottom: 5px; color: inherit;'><strong style='color: inherit;'>Potencia de salida:<\/strong> >10mW<\/li>\n<li style='margin-bottom: 5px; color: inherit;'><strong style='color: inherit;'>Modo:<\/strong> CW\/1Hz\/2Hz<\/li>\n<li style='margin-bottom: 5px; color: inherit;'><strong style='color: inherit;'>Conector compatible:<\/strong> FC&comma; ST y SC<\/li>\n<\/ul><\/div>\n<\/p><\/div>\n<p> <!-- OPM --> <\/p>\n<div style='flex: 1 1 300px; min-width: 280px;'>\n<div style='border-left: 5px solid #ff0000; border-radius: 5px; padding: 5px; box-shadow: 0 2px 10px rgba(216&comma; 216&comma; 216&comma; 0.4);'>\n<h3 style='font-size: 18px; margin-top: 0; margin-bottom: 10px; color: inherit; font-family: sans-serif; font-weight: bold;'> Medidor de Potencia \u00d3ptica (OPM) <\/h3>\n<ul style='padding-left: 20px; margin: 0; font-size: 14px; color: inherit; list-style-type: disc;'>\n<li style='margin-bottom: 5px; color: inherit;'><strong style='color: inherit;'>Longitudes de onda:<\/strong> 800nm a 1700nm<\/li>\n<li style='margin-bottom: 5px; color: inherit;'><strong style='color: inherit;'>Rango de prueba:<\/strong> -50dBm a 26 dBm<\/li>\n<li style='margin-bottom: 5px; color: inherit;'><strong style='color: inherit;'>Onda de calibraci\u00f3n:<\/strong> 850nm \/ 1300nm \/ 1310nm \/ 1490nm \/ 1550nm \/ 1625nm \/ 1650nm<\/li>\n<li style='margin-bottom: 5px; color: inherit;'><strong style='color: inherit;'>Conector compatible:<\/strong> FC&comma; ST y SC<\/li>\n<\/ul><\/div>\n<\/p><\/div>\n<\/p><\/div>\n<p> <!-- Separador --> <\/p>\n<hr style='border: 0; border-top: 1px solid rgba(150&comma; 150&comma; 150&comma; 0.3); margin: 30px 0;'> <\/div>\n","protected":false},"excerpt":{"rendered":"<p>OTDR PRO de Alto Rendimiento para Enlaces de Fibra ?ptica Monomodo \/ Pruebas en Fibra ?ptica Viva \/ Longitudes de onda: 1310nm, 1550nm y 1625nm \/ Zona Muerta por Evento de 0.8 Metros (2.62 Pies) \/ VFL 5mW \/ Distancia de prueba de hasta 420 km<\/p>\n","protected":false},"featured_media":15237,"comment_status":"open","ping_status":"closed","template":"","meta":[],"product_brand":[],"product_cat":[636],"product_tag":[611,25,435],"class_list":{"0":"post-15238","1":"product","2":"type-product","3":"status-publish","4":"has-post-thumbnail","6":"product_cat-herramientas-fibra-optica","7":"product_tag-fibra-optica","8":"product_tag-herramientas","9":"product_tag-linkedpro-by-epcom","11":"first","12":"outofstock","13":"sale","14":"shipping-taxable","15":"purchasable","16":"product-type-simple"},"_links":{"self":[{"href":"https:\/\/soydeaqui.ddns.net\/pachuca\/index.php\/wp-json\/wp\/v2\/product\/15238","targetHints":{"allow":["GET"]}}],"collection":[{"href":"https:\/\/soydeaqui.ddns.net\/pachuca\/index.php\/wp-json\/wp\/v2\/product"}],"about":[{"href":"https:\/\/soydeaqui.ddns.net\/pachuca\/index.php\/wp-json\/wp\/v2\/types\/product"}],"replies":[{"embeddable":true,"href":"https:\/\/soydeaqui.ddns.net\/pachuca\/index.php\/wp-json\/wp\/v2\/comments?post=15238"}],"wp:featuredmedia":[{"embeddable":true,"href":"https:\/\/soydeaqui.ddns.net\/pachuca\/index.php\/wp-json\/wp\/v2\/media\/15237"}],"wp:attachment":[{"href":"https:\/\/soydeaqui.ddns.net\/pachuca\/index.php\/wp-json\/wp\/v2\/media?parent=15238"}],"wp:term":[{"taxonomy":"product_brand","embeddable":true,"href":"https:\/\/soydeaqui.ddns.net\/pachuca\/index.php\/wp-json\/wp\/v2\/product_brand?post=15238"},{"taxonomy":"product_cat","embeddable":true,"href":"https:\/\/soydeaqui.ddns.net\/pachuca\/index.php\/wp-json\/wp\/v2\/product_cat?post=15238"},{"taxonomy":"product_tag","embeddable":true,"href":"https:\/\/soydeaqui.ddns.net\/pachuca\/index.php\/wp-json\/wp\/v2\/product_tag?post=15238"}],"curies":[{"name":"wp","href":"https:\/\/api.w.org\/{rel}","templated":true}]}}