{"id":15233,"date":"2026-03-18T08:47:57","date_gmt":"2026-03-18T08:47:57","guid":{"rendered":"https:\/\/soydeaqui.ddns.net\/pachuca\/index.php\/producto\/gabinete-de-bisagra-continua-nema-12-ip66-de-uso-en-intemperie-305-x-254-x-203-mm-de-acero-color-gris\/"},"modified":"2026-03-18T08:48:01","modified_gmt":"2026-03-18T08:48:01","slug":"gabinete-de-bisagra-continua-nema-12-ip66-de-uso-en-intemperie-305-x-254-x-203-mm-de-acero-color-gris","status":"publish","type":"product","link":"https:\/\/soydeaqui.ddns.net\/pachuca\/index.php\/producto\/gabinete-de-bisagra-continua-nema-12-ip66-de-uso-en-intemperie-305-x-254-x-203-mm-de-acero-color-gris\/","title":{"rendered":"Gabinete de Bisagra Continua NEMA 12; IP66 de Uso en Intemperie, 305 x 254 x 203 mm, De Acero, Color Gris"},"content":{"rendered":"<div style='width: 100%; max-width: 1200px; margin: 0 auto; font-family: sans-serif; line-height: 1.6; color: inherit; background-color: transparent;'>\n<div style='display: flex; flex-wrap: wrap; gap: 30px; margin-bottom: 30px;'>\n<div style='flex: 1 1 300px; min-width: 280px;'>\n<h3 style='font-size: 22px; border-bottom: 2px solid currentColor; padding-bottom: 5px; margin-top: 0; color: inherit; opacity: 0.8;'>Descripci\u00f3n<\/h3>\n<p style='font-size: 15px; color: inherit; margin-bottom: 15px;'>Estos gabinetes de bisagra continua y f\u00e1cil de abrir cuenta con abrazaderas atornilladas para un cierre seguro y se puede utilizar en una amplia variedad de aplicaciones.<\/p>\n<p style='font-size: 15px; color: inherit; margin-bottom: 15px;'>Los n\u00fameros de cat\u00e1logo que terminan en &#8216;S&#8217; tienen bisagras en el lado corto.<\/p>\n<p style='font-size: 15px; color: inherit; margin-bottom: 15px;'>Compre los paneles por separado. Hay disponibles paneles opcionales de acero inoxidable&comma; conductores&comma; compuestos y de aluminio para la mayor\u00eda de los tama\u00f1os.<\/p>\n<p style='font-size: 15px; color: inherit; margin-bottom: 15px;'>*Los art\u00edculos A404CH&comma; A604CH&comma; A4044CH y A6044CH est\u00e1n listados por UL 508A. Todos los dem\u00e1s art\u00edculos est\u00e1n listados en UL 50&comma; 50E.<\/p>\n<div style='margin-top: 20px;'> <img style='width: 100%; height: auto; border: 1px solid rgba(150&comma;150&comma;150&comma;0.3); border-radius: 8px;' src='https:\/\/ftp3.syscom.mx\/usuarios\/fotos\/A12108CH\/224288-hoffman_logo.png' alt='Logo Hoffman'> <\/div>\n<\/p><\/div>\n<div style='flex: 1 1 300px; min-width: 280px;'>\n<div style='display: flex; flex-direction: column; gap: 20px;'>\n<div style='border: 1px solid rgba(150&comma; 150&comma; 150&comma; 0.4); border-radius: 8px; overflow: hidden; display: flex; flex-direction: column;'>\n<div style='padding: 15px; border-bottom: 1px solid rgba(150&comma; 150&comma; 150&comma; 0.2); font-weight: bold; font-size: 18px; color: inherit;'>Caracter\u00edsticas principales<\/div>\n<div style='padding: 15px; color: inherit;'>\n<ul style='padding-left: 20px; margin: 0; font-size: 14px; list-style-type: disc;'>\n<li style='margin-bottom: 5px;'><span style='color: inherit;'>Costuras de soldadura continua y pulida<\/span><\/li>\n<li style='margin-bottom: 5px;'><span style='color: inherit;'>Bisagra continua<\/span><\/li>\n<li style='margin-bottom: 5px;'><span style='color: inherit;'>Abrazaderas de puerta atornillables<\/span><\/li>\n<li style='margin-bottom: 5px;'><span style='color: inherit;'>Provisi\u00f3n en puerta para puesta a tierra (bonding)<\/span><\/li>\n<li style='margin-bottom: 5px;'><span style='color: inherit;'>Soportes externos para montaje en pared&comma; que permiten una f\u00e1cil instalaci\u00f3n<\/span><\/li>\n<li style='margin-bottom: 5px;'><span style='color: inherit;'>Junta resistente al aceite<\/span><\/li>\n<li style='margin-bottom: 5px;'><span style='color: inherit;'>Se proporcionan tuercas para montar paneles opcionales y juegos de bloques de terminales de 6.00 x 4.00 pulgadas (152 x 102 mm) y mayores<\/span><\/li>\n<\/ul><\/div>\n<\/p><\/div>\n<div style='border: 1px solid rgba(150&comma; 150&comma; 150&comma; 0.4); border-radius: 8px; overflow: hidden; display: flex; flex-direction: column;'>\n<div style='padding: 15px; border-bottom: 1px solid rgba(150&comma; 150&comma; 150&comma; 0.2); font-weight: bold; font-size: 18px; color: inherit;'>Especificaciones T\u00e9cnicas<\/div>\n<div style='padding: 15px; color: inherit;'>\n<ul style='padding-left: 20px; margin: 0; font-size: 14px; list-style-type: disc;'>\n<li style='margin-bottom: 5px;'><strong style='color: inherit;'>Altura:<\/strong> 12 pulg.\/305 mm<\/li>\n<li style='margin-bottom: 5px;'><strong style='color: inherit;'>Ancho:<\/strong> 10 pulg.\/254 mm<\/li>\n<li style='margin-bottom: 5px;'><strong style='color: inherit;'>Profundidad:<\/strong> 8 pulg.\/203 mm<\/li>\n<li style='margin-bottom: 5px;'><strong style='color: inherit;'>Clasificaci\u00f3n de protecci\u00f3n:<\/strong> NEMA Tipo 12; IP65<\/li>\n<li style='margin-bottom: 5px;'><strong style='color: inherit;'>Material:<\/strong> Acero<\/li>\n<li style='margin-bottom: 5px;'><strong style='color: inherit;'>Acabado:<\/strong> Recubrimiento electrost\u00e1tico<\/li>\n<li style='margin-bottom: 5px;'><strong style='color: inherit;'>Color:<\/strong> Gris<\/li>\n<li style='margin-bottom: 5px;'><strong style='color: inherit;'>C\u00f3digo de colores:<\/strong> ANSI 61<\/li>\n<li style='margin-bottom: 5px;'><strong style='color: inherit;'>Grosor:<\/strong> Calibre 14\/1.9 mm<\/li>\n<li style='margin-bottom: 5px;'><strong style='color: inherit;'>Panel:<\/strong> A12P10<\/li>\n<li style='margin-bottom: 5px;'><strong style='color: inherit;'>Panel conductor:<\/strong> A12P10G<\/li>\n<li style='margin-bottom: 5px;'><strong style='color: inherit;'>Tama\u00f1o del panel:<\/strong> 10.75 x 8.88 pulg.\/273 x 226 mm<\/li>\n<li style='margin-bottom: 5px;'><strong style='color: inherit;'>Montaje:<\/strong> 12.75 x 8.00 pulg.\/324 x 203 mm<\/li>\n<li style='margin-bottom: 5px;'><strong style='color: inherit;'>Dimensiones generales:<\/strong> 13.50 x 10.94 pulg.\/343 x 278 mm<\/li>\n<li style='margin-bottom: 5px;'><strong style='color: inherit;'>Peso:<\/strong> 13.6 lb (6.16 kg)<\/li>\n<\/ul><\/div>\n<\/p><\/div>\n<\/p><\/div>\n<\/p><\/div>\n<\/p><\/div>\n<\/p><\/div>\n","protected":false},"excerpt":{"rendered":"<p>Gabinete de Bisagra Continua NEMA 12; IP66 de Uso en Intemperie, 305 x 254 x 203 mm, De Acero, Color Gris<\/p>\n","protected":false},"featured_media":15232,"comment_status":"open","ping_status":"closed","template":"","meta":[],"product_brand":[],"product_cat":[678],"product_tag":[679,698,605],"class_list":{"0":"post-15233","1":"product","2":"type-product","3":"status-publish","4":"has-post-thumbnail","6":"product_cat-gabinetes-uso-multiple","7":"product_tag-gabinetes-uso-multiple","8":"product_tag-hoffman","9":"product_tag-racks-y-gabinetes","11":"first","12":"instock","13":"sale","14":"shipping-taxable","15":"purchasable","16":"product-type-simple"},"_links":{"self":[{"href":"https:\/\/soydeaqui.ddns.net\/pachuca\/index.php\/wp-json\/wp\/v2\/product\/15233","targetHints":{"allow":["GET"]}}],"collection":[{"href":"https:\/\/soydeaqui.ddns.net\/pachuca\/index.php\/wp-json\/wp\/v2\/product"}],"about":[{"href":"https:\/\/soydeaqui.ddns.net\/pachuca\/index.php\/wp-json\/wp\/v2\/types\/product"}],"replies":[{"embeddable":true,"href":"https:\/\/soydeaqui.ddns.net\/pachuca\/index.php\/wp-json\/wp\/v2\/comments?post=15233"}],"wp:featuredmedia":[{"embeddable":true,"href":"https:\/\/soydeaqui.ddns.net\/pachuca\/index.php\/wp-json\/wp\/v2\/media\/15232"}],"wp:attachment":[{"href":"https:\/\/soydeaqui.ddns.net\/pachuca\/index.php\/wp-json\/wp\/v2\/media?parent=15233"}],"wp:term":[{"taxonomy":"product_brand","embeddable":true,"href":"https:\/\/soydeaqui.ddns.net\/pachuca\/index.php\/wp-json\/wp\/v2\/product_brand?post=15233"},{"taxonomy":"product_cat","embeddable":true,"href":"https:\/\/soydeaqui.ddns.net\/pachuca\/index.php\/wp-json\/wp\/v2\/product_cat?post=15233"},{"taxonomy":"product_tag","embeddable":true,"href":"https:\/\/soydeaqui.ddns.net\/pachuca\/index.php\/wp-json\/wp\/v2\/product_tag?post=15233"}],"curies":[{"name":"wp","href":"https:\/\/api.w.org\/{rel}","templated":true}]}}