{"id":15227,"date":"2026-03-18T08:47:53","date_gmt":"2026-03-18T08:47:53","guid":{"rendered":"https:\/\/soydeaqui.ddns.net\/pachuca\/index.php\/producto\/kit-de-conexion-de-rack-a-pared-con-escalerilla-de-1-3-m-de-largo-y-12-in-de-ancho-de-acero-color-negro\/"},"modified":"2026-03-18T08:47:54","modified_gmt":"2026-03-18T08:47:54","slug":"kit-de-conexion-de-rack-a-pared-con-escalerilla-de-1-3-m-de-largo-y-12-in-de-ancho-de-acero-color-negro","status":"publish","type":"product","link":"https:\/\/soydeaqui.ddns.net\/pachuca\/index.php\/producto\/kit-de-conexion-de-rack-a-pared-con-escalerilla-de-1-3-m-de-largo-y-12-in-de-ancho-de-acero-color-negro\/","title":{"rendered":"Kit de Conexi\u00f3n de Rack a Pared, Con Escalerilla de 1.3 m de Largo y 12 in de Ancho, de Acero, Color Negro"},"content":{"rendered":"<div style='width: 100%; max-width: 1200px; margin: 0 auto; font-family: sans-serif; line-height: 1.6; color: inherit; background-color: transparent;'> <!-- Descripci\u00f3n principal --> <\/p>\n<div style='margin-bottom: 30px; font-size: 15px; color: inherit;'>\n<p style='margin: 0 0 15px 0; color: inherit;'> El sistema Ladder Rack conduce c\u00f3modamente los cables a trav\u00e9s de un recorrido modular a trav\u00e9s del espacio no utilizado en el suelo&comma; la pared o el techo&comma; manteniendo al mismo tiempo los cables accesibles para un f\u00e1cil mantenimiento. Una variedad de secciones rectas y curvas son altamente adaptables y pueden adaptarse pr\u00e1cticamente a cualquier dise\u00f1o de telecomunicaciones. <\/p>\n<\/p><\/div>\n<p> <!-- Caracter\u00edsticas principales --> <\/p>\n<div style='margin-bottom: 30px;'>\n<h3 style='font-size: 20px; border-bottom: 2px solid currentColor; padding-bottom: 5px; margin-top: 0; margin-bottom: 15px; color: inherit; opacity: 0.8;'>Caracter\u00edsticas principales<\/h3>\n<ul style='padding-left: 20px; font-size: 15px; color: inherit; list-style-type: disc;'>\n<li style='margin-bottom: 10px; color: inherit;'>El kit de conexi\u00f3n de rack a pared incluye una secci\u00f3n de escalera recta y todo lo necesario para sujetar la secci\u00f3n de escalera a un rack de marco abierto y a la pared.<\/li>\n<li style='margin-bottom: 10px; color: inherit;'>La escalera mide 54 pulgadas (1372 mm) de largo por 12 pulgadas (305 mm) de ancho.<\/li>\n<\/ul><\/div>\n<p> <!-- Especificaciones T\u00e9cnicas --> <\/p>\n<div style='margin-bottom: 30px;'>\n<h3 style='font-size: 20px; border-bottom: 2px solid currentColor; padding-bottom: 5px; margin-top: 0; margin-bottom: 15px; color: inherit; opacity: 0.8;'>Especificaciones T\u00e9cnicas<\/h3>\n<ul style='padding-left: 20px; font-size: 15px; color: inherit; list-style-type: disc;'>\n<li style='margin-bottom: 5px; color: inherit;'><strong>Altura:<\/strong> 13.5 pulg.\/343 mm<\/li>\n<li style='margin-bottom: 5px; color: inherit;'><strong>Ancho:<\/strong> 4 pulg.\/102 mm<\/li>\n<li style='margin-bottom: 5px; color: inherit;'><strong>Profundidad:<\/strong> 3.5 pulg.\/89 mm<\/li>\n<li style='margin-bottom: 5px; color: inherit;'><strong>Material:<\/strong> Acero<\/li>\n<li style='margin-bottom: 5px; color: inherit;'><strong>Color:<\/strong> Negro<\/li>\n<li style='margin-bottom: 5px; color: inherit;'><strong>C\u00f3digo de colores:<\/strong> RAL 9005<\/li>\n<li style='margin-bottom: 5px; color: inherit;'><strong>Acabado:<\/strong> Recubrimiento electrost\u00e1tico<\/li>\n<li style='margin-bottom: 5px; color: inherit;'><strong>Grosor:<\/strong> Calibre 16\/1.52 mm<\/li>\n<li style='margin-bottom: 5px; color: inherit;'><strong>Peso:<\/strong> 17 lb (7.71 kg)<\/li>\n<\/ul><\/div>\n<p> <!-- Separador --> <\/p>\n<hr style='border: 0; border-top: 1px solid rgba(150&comma; 150&comma; 150&comma; 0.3); margin: 30px 0;'> <\/div>\n","protected":false},"excerpt":{"rendered":"<p>Kit de Conexi\u00f3n de Rack a Pared, Con Escalerilla de 1.3 m de Largo y 12 in de Ancho, de Acero, Color Negro<\/p>\n","protected":false},"featured_media":15226,"comment_status":"open","ping_status":"closed","template":"","meta":[],"product_brand":[],"product_cat":[597],"product_tag":[93,593,698],"class_list":{"0":"post-15227","1":"product","2":"type-product","3":"status-publish","4":"has-post-thumbnail","6":"product_cat-accesorios-charola","7":"product_tag-accesorios","8":"product_tag-charola","9":"product_tag-hoffman","11":"first","12":"instock","13":"sale","14":"shipping-taxable","15":"purchasable","16":"product-type-simple"},"_links":{"self":[{"href":"https:\/\/soydeaqui.ddns.net\/pachuca\/index.php\/wp-json\/wp\/v2\/product\/15227","targetHints":{"allow":["GET"]}}],"collection":[{"href":"https:\/\/soydeaqui.ddns.net\/pachuca\/index.php\/wp-json\/wp\/v2\/product"}],"about":[{"href":"https:\/\/soydeaqui.ddns.net\/pachuca\/index.php\/wp-json\/wp\/v2\/types\/product"}],"replies":[{"embeddable":true,"href":"https:\/\/soydeaqui.ddns.net\/pachuca\/index.php\/wp-json\/wp\/v2\/comments?post=15227"}],"wp:featuredmedia":[{"embeddable":true,"href":"https:\/\/soydeaqui.ddns.net\/pachuca\/index.php\/wp-json\/wp\/v2\/media\/15226"}],"wp:attachment":[{"href":"https:\/\/soydeaqui.ddns.net\/pachuca\/index.php\/wp-json\/wp\/v2\/media?parent=15227"}],"wp:term":[{"taxonomy":"product_brand","embeddable":true,"href":"https:\/\/soydeaqui.ddns.net\/pachuca\/index.php\/wp-json\/wp\/v2\/product_brand?post=15227"},{"taxonomy":"product_cat","embeddable":true,"href":"https:\/\/soydeaqui.ddns.net\/pachuca\/index.php\/wp-json\/wp\/v2\/product_cat?post=15227"},{"taxonomy":"product_tag","embeddable":true,"href":"https:\/\/soydeaqui.ddns.net\/pachuca\/index.php\/wp-json\/wp\/v2\/product_tag?post=15227"}],"curies":[{"name":"wp","href":"https:\/\/api.w.org\/{rel}","templated":true}]}}