{"id":15201,"date":"2026-03-18T08:47:31","date_gmt":"2026-03-18T08:47:31","guid":{"rendered":"https:\/\/soydeaqui.ddns.net\/pachuca\/index.php\/producto\/gabinete-de-telecomunicaciones-proline-connectek-800-mm-de-ancho-1100-mm-de-profundidad-42-ur-color-negro\/"},"modified":"2026-03-18T08:47:31","modified_gmt":"2026-03-18T08:47:31","slug":"gabinete-de-telecomunicaciones-proline-connectek-800-mm-de-ancho-1100-mm-de-profundidad-42-ur-color-negro","status":"publish","type":"product","link":"https:\/\/soydeaqui.ddns.net\/pachuca\/index.php\/producto\/gabinete-de-telecomunicaciones-proline-connectek-800-mm-de-ancho-1100-mm-de-profundidad-42-ur-color-negro\/","title":{"rendered":"Gabinete de Telecomunicaciones ProLine ConnecTek, 800 mm de Ancho, 1100 mm de Profundidad, 42 UR, Color Negro"},"content":{"rendered":"<div style='width: 100%; max-width: 1200px; margin: 0 auto; font-family: sans-serif; line-height: 1.6; color: inherit; background-color: transparent;'> <!-- Descripci\u00f3n general --> <\/p>\n<div style='margin-bottom: 30px;'>\n<p style='font-size: 15px; color: inherit; margin: 0 0 15px;'>Los gabinetes de conexi\u00f3n\/comunicaci\u00f3n de red ProLine ConnecTek cuentan con dos organizadores de cables verticales en la parte frontal del gabinete y dos organizadores de cables traseros para un m\u00e1ximo enrutamiento y soporte de cables. Los gabinetes est\u00e1n disponibles en dos anchos para acomodar cables de alta densidad&comma; cables de conexi\u00f3n y equipos de red.<\/p>\n<\/p><\/div>\n<p> <!-- Caracter\u00edsticas principales --> <\/p>\n<div style='display: flex; flex-wrap: wrap; gap: 30px; margin-bottom: 30px;'>\n<div style='flex: 1 1 300px; min-width: 280px;'>\n<h3 style='font-size: 22px; border-bottom: 2px solid currentColor; padding-bottom: 5px; margin-top: 0; color: inherit; opacity: 0.8;'>Caracter\u00edsticas principales<\/h3>\n<ul style='padding-left: 20px; font-size: 15px; color: inherit;'>\n<li style='margin-bottom: 5px;'>La puerta de entrada est\u00e9ticamente agradable ofrece un flujo de aire \u00f3ptimo y durabilidad<\/li>\n<li style='margin-bottom: 5px;'>Las puertas superior&comma; delantera y trasera totalmente perforadas permiten el m\u00e1ximo movimiento de aire alrededor de cables&comma; paneles de conexi\u00f3n y otros equipos de red<\/li>\n<li style='margin-bottom: 5px;'>Los organizadores de cables abiertos delanteros y traseros brindan la capacidad de soportar y enrutar cables<\/li>\n<li style='margin-bottom: 5px;'>Los perfiles comunes permiten agrupar gabinetes de servidores y redes<\/li>\n<li style='margin-bottom: 5px;'>La placa prensacables superior permite un f\u00e1cil enrutamiento de cables&comma; cables preterminados y paneles de conexi\u00f3n<\/li>\n<li style='margin-bottom: 5px;'>La manija oscilante con bloqueo de tres puntos permite un acceso f\u00e1cil pero controlado; dos llaves incluidas<\/li>\n<li style='margin-bottom: 5px;'>Se utilizan dos juegos de \u00e1ngulos de rack de 19 pulg. con agujeros roscados 10-32 para soportar la parte delantera y trasera del equipo<\/li>\n<li style='margin-bottom: 5px;'>Incluye 20 tornillos 10-32<\/li>\n<\/ul><\/div>\n<\/p><\/div>\n<p> <!-- Especificaciones t\u00e9cnicas --> <\/p>\n<div style='display: flex; flex-wrap: wrap; gap: 20px; margin-bottom: 30px;'>\n<div style='flex: 1 1 250px; border: 1px solid rgba(150&comma; 150&comma; 150&comma; 0.4); border-radius: 8px; overflow: hidden; display: flex; flex-direction: column;'>\n<div style='padding: 15px; border-bottom: 1px solid rgba(150&comma; 150&comma; 150&comma; 0.2); font-weight: bold; font-size: 18px; color: inherit;'>Especificaciones T\u00e9cnicas<\/div>\n<div style='padding: 15px; color: inherit;'>\n<ul style='padding-left: 20px; margin: 0; font-size: 14px; list-style-type: disc;'>\n<li style='margin-bottom: 5px;'><strong>Altura:<\/strong> 78.37 pulgadas \/ 1991 mm<\/li>\n<li style='margin-bottom: 5px;'><strong>Ancho:<\/strong> 31.8 pulgadas\/808 mm<\/li>\n<li style='margin-bottom: 5px;'><strong>Profundidad:<\/strong> 43.28 pulgadas\/1099 mm<\/li>\n<li style='margin-bottom: 5px;'><strong>Material:<\/strong> acero<\/li>\n<li style='margin-bottom: 5px;'><strong>Unidades de bastidor:<\/strong> 42<\/li>\n<li style='margin-bottom: 5px;'><strong>Paneles laterales:<\/strong> Incluidos<\/li>\n<li style='margin-bottom: 5px;'><strong>Riel de rack adicional&comma; orificio roscado:<\/strong> PRA1920TPL1<\/li>\n<li style='margin-bottom: 5px;'><strong>Riel de rack adicional&comma; orificio cuadrado:<\/strong> PRA1920THL1<\/li>\n<li style='margin-bottom: 5px;'><strong>Color:<\/strong> Negro<\/li>\n<li style='margin-bottom: 5px;'><strong>C\u00f3digo de color:<\/strong> RAL 9005<\/li>\n<li style='margin-bottom: 5px;'><strong>Acabado:<\/strong> Recubierto en polvo<\/li>\n<li style='margin-bottom: 5px;'><strong>Espesor:<\/strong> calibre 16 \/ 1.52 mm<\/li>\n<li style='margin-bottom: 5px;'><strong>Peso:<\/strong> 464 lb (210.4 kg)<\/li>\n<\/ul><\/div>\n<\/p><\/div>\n<\/p><\/div>\n<p> <!-- Separador --> <\/p>\n<hr style='border: 0; border-top: 1px solid rgba(150&comma; 150&comma; 150&comma; 0.3); margin: 30px 0;'> <\/div>\n","protected":false},"excerpt":{"rendered":"<p>Gabinete de Telecomunicaciones ProLine ConnecTek, 800 mm de Ancho, 1100 mm de Profundidad, 42 UR, Color Negro<\/p>\n","protected":false},"featured_media":15200,"comment_status":"open","ping_status":"closed","template":"","meta":[],"product_brand":[],"product_cat":[623],"product_tag":[698,624,605],"class_list":{"0":"post-15201","1":"product","2":"type-product","3":"status-publish","4":"has-post-thumbnail","6":"product_cat-racks-cerrados","7":"product_tag-hoffman","8":"product_tag-racks-cerrados","9":"product_tag-racks-y-gabinetes","11":"first","12":"instock","13":"sale","14":"shipping-taxable","15":"purchasable","16":"product-type-simple"},"_links":{"self":[{"href":"https:\/\/soydeaqui.ddns.net\/pachuca\/index.php\/wp-json\/wp\/v2\/product\/15201","targetHints":{"allow":["GET"]}}],"collection":[{"href":"https:\/\/soydeaqui.ddns.net\/pachuca\/index.php\/wp-json\/wp\/v2\/product"}],"about":[{"href":"https:\/\/soydeaqui.ddns.net\/pachuca\/index.php\/wp-json\/wp\/v2\/types\/product"}],"replies":[{"embeddable":true,"href":"https:\/\/soydeaqui.ddns.net\/pachuca\/index.php\/wp-json\/wp\/v2\/comments?post=15201"}],"wp:featuredmedia":[{"embeddable":true,"href":"https:\/\/soydeaqui.ddns.net\/pachuca\/index.php\/wp-json\/wp\/v2\/media\/15200"}],"wp:attachment":[{"href":"https:\/\/soydeaqui.ddns.net\/pachuca\/index.php\/wp-json\/wp\/v2\/media?parent=15201"}],"wp:term":[{"taxonomy":"product_brand","embeddable":true,"href":"https:\/\/soydeaqui.ddns.net\/pachuca\/index.php\/wp-json\/wp\/v2\/product_brand?post=15201"},{"taxonomy":"product_cat","embeddable":true,"href":"https:\/\/soydeaqui.ddns.net\/pachuca\/index.php\/wp-json\/wp\/v2\/product_cat?post=15201"},{"taxonomy":"product_tag","embeddable":true,"href":"https:\/\/soydeaqui.ddns.net\/pachuca\/index.php\/wp-json\/wp\/v2\/product_tag?post=15201"}],"curies":[{"name":"wp","href":"https:\/\/api.w.org\/{rel}","templated":true}]}}