{"id":1518,"date":"2026-03-18T05:46:58","date_gmt":"2026-03-18T05:46:58","guid":{"rendered":"https:\/\/soydeaqui.ddns.net\/pachuca\/index.php\/producto\/sensor-de-movimiento-pir-inteligente-inalambrico-compatible-con-hub-cs-a3-cuenta-con-inmunidad-para-mascotas-protocolo-zigbee\/"},"modified":"2026-03-18T05:47:01","modified_gmt":"2026-03-18T05:47:01","slug":"sensor-de-movimiento-pir-inteligente-inalambrico-compatible-con-hub-cs-a3-cuenta-con-inmunidad-para-mascotas-protocolo-zigbee","status":"publish","type":"product","link":"https:\/\/soydeaqui.ddns.net\/pachuca\/index.php\/producto\/sensor-de-movimiento-pir-inteligente-inalambrico-compatible-con-hub-cs-a3-cuenta-con-inmunidad-para-mascotas-protocolo-zigbee\/","title":{"rendered":"Sensor de Movimiento PIR Inteligente \/ Inal\u00e1mbrico \/ Compatible con HUB CS-A3 \/ Cuenta con Inmunidad para Mascotas \/ Protocolo Zigbee"},"content":{"rendered":"<div style='width: 100%; max-width: 1200px; margin: 0 auto; font-family: sans-serif; line-height: 1.6; color: inherit; background-color: transparent;'>\n<div style='width: 100%; margin-bottom: 30px;'> <a href='#link' target='_blank' rel='noopener'> <img style='width: 100%; height: auto; border: 1px solid rgba(150&comma;150&comma;150&comma;0.3); border-radius: 8px;' src='https:\/\/ftp3.syscom.mx\/usuarios\/rcovarrubias\/EZVIZ\/Manual%20esp-ing\/CS-B1\/banner-sensores.jpg' alt='Banner Sensores'> <\/a> <\/div>\n<p> <!-- Caracter\u00edsticas principales --> <\/p>\n<div style='display: flex; flex-wrap: wrap; gap: 30px; margin-bottom: 30px;'>\n<div style='flex: 1 1 300px; min-width: 280px;'>\n<h3 style='font-size: 22px; border-bottom: 2px solid currentColor; padding-bottom: 5px; margin-top: 0; color: inherit; opacity: 0.8;'>Caracter\u00edsticas principales<\/h3>\n<ul style='padding-left: 20px; font-size: 15px; color: inherit; list-style-type: square;'>\n<li>Sensor PIR con inmunidad para mascotas<\/li>\n<li>Compatible con el kit de alarmas EZVIZ CS-B1<\/li>\n<li>Compatible con HUB CS-A3 de EZVIZ obligatorio para vincular los sensores a la APP<\/li>\n<li>Distancia de detecci\u00f3n: 7 metros<\/li>\n<li>Protocolo: Zigbee 3.0<\/li>\n<li>\u00c1ngulo visi\u00f3n horizontal: 360\u00b0 ajustables<\/li>\n<li>Bajo consumo de bater\u00eda<\/li>\n<li>Usa bater\u00eda modelo CR2450 con duraci\u00f3n de 3 a\u00f1os de vida \u00fatil<\/li>\n<li>Altura recomendada: 1.5 a 2.5m<\/li>\n<li>Temperatura de operaci\u00f3n: -10\u00ba a 60\u00ba C<\/li>\n<li>Voltaje: 3V&comma; hasta 25mA<\/li>\n<li>Dimensiones: 43.5 x 32mm<\/li>\n<li>Peso: 92 grs<\/li>\n<li>Recordatorio de bater\u00eda baja<\/li>\n<\/ul>\n<h4 style='color: #f44336; margin-top: 20px; margin-bottom: 10px; font-size: 18px;'>Notas:<\/h4>\n<ul style='padding-left: 20px; font-size: 15px; color: #f44336; list-style-type: disc;'>\n<li>Configuraci\u00f3n \u00fanicamente mediante aplicaci\u00f3n EZVIZ<\/li>\n<li>No es posible vincularlo directo a la APP&comma; se requiere el Hub CS-A3<\/li>\n<\/ul><\/div>\n<\/p><\/div>\n<p> <!-- Im\u00e1genes --> <\/p>\n<div style='display: flex; flex-wrap: wrap; gap: 20px; margin-bottom: 30px;'>\n<div style='flex: 1 1 100%; min-width: 280px;'> <img style='width: 100%; height: auto; border: 1px solid rgba(150&comma;150&comma;150&comma;0.3); border-radius: 8px;' src='https:\/\/ftp3.syscom.mx\/usuarios\/rcovarrubias\/EZVIZ\/Manual%20esp-ing\/A3%20KIT%20ALARMA\/KIT%20CS-B1\/IP\/Pir%20entrada.png' alt='Sensor de entrada'> <\/div>\n<div style='flex: 1 1 100%; min-width: 280px;'>\n<h3 style='text-align: center; font-size: 20px; margin-bottom: 15px; color: inherit;'>Reciba alertas al instante<\/h3>\n<p> <img style='width: 100%; height: auto; border: 1px solid rgba(150&comma;150&comma;150&comma;0.3); border-radius: 8px;' src='https:\/\/ftp3.syscom.mx\/usuarios\/rcovarrubias\/EZVIZ\/Manual%20esp-ing\/A3%20KIT%20ALARMA\/KIT%20CS-B1\/IP\/kit%20alertas.png' alt='Alertas en tiempo real'> <\/div>\n<div style='flex: 1 1 100%; min-width: 280px;'> <img style='width: 100%; height: auto; border: 1px solid rgba(150&comma;150&comma;150&comma;0.3); border-radius: 8px;' src='https:\/\/ftp3.syscom.mx\/usuarios\/rcovarrubias\/EZVIZ\/Manual%20esp-ing\/CS-T1C\/t1c1.png' alt='Sensor PIR frontal'> <\/div>\n<div style='flex: 1 1 100%; min-width: 280px;'> <img style='width: 100%; height: auto; border: 1px solid rgba(150&comma;150&comma;150&comma;0.3); border-radius: 8px;' src='https:\/\/ftp3.syscom.mx\/usuarios\/rcovarrubias\/EZVIZ\/Manual%20esp-ing\/CS-T1C\/t1c2.png' alt='Sensor PIR lateral'> <\/div>\n<\/p><\/div>\n<\/p><\/div>\n","protected":false},"excerpt":{"rendered":"<p>Sensor de Movimiento PIR Inteligente \/ Inal\u00e1mbrico \/ Compatible con HUB CS-A3 \/ Cuenta con Inmunidad para Mascotas \/ Protocolo Zigbee<\/p>\n","protected":false},"featured_media":1517,"comment_status":"open","ping_status":"closed","template":"","meta":[],"product_brand":[],"product_cat":[18],"product_tag":[19,111,20],"class_list":{"0":"post-1518","1":"product","2":"type-product","3":"status-publish","4":"has-post-thumbnail","6":"product_cat-movimiento-para-interior","7":"product_tag-detectores-sensores","8":"product_tag-ezviz","9":"product_tag-movimiento-para-interior","11":"first","12":"outofstock","13":"sale","14":"shipping-taxable","15":"purchasable","16":"product-type-simple"},"_links":{"self":[{"href":"https:\/\/soydeaqui.ddns.net\/pachuca\/index.php\/wp-json\/wp\/v2\/product\/1518","targetHints":{"allow":["GET"]}}],"collection":[{"href":"https:\/\/soydeaqui.ddns.net\/pachuca\/index.php\/wp-json\/wp\/v2\/product"}],"about":[{"href":"https:\/\/soydeaqui.ddns.net\/pachuca\/index.php\/wp-json\/wp\/v2\/types\/product"}],"replies":[{"embeddable":true,"href":"https:\/\/soydeaqui.ddns.net\/pachuca\/index.php\/wp-json\/wp\/v2\/comments?post=1518"}],"wp:featuredmedia":[{"embeddable":true,"href":"https:\/\/soydeaqui.ddns.net\/pachuca\/index.php\/wp-json\/wp\/v2\/media\/1517"}],"wp:attachment":[{"href":"https:\/\/soydeaqui.ddns.net\/pachuca\/index.php\/wp-json\/wp\/v2\/media?parent=1518"}],"wp:term":[{"taxonomy":"product_brand","embeddable":true,"href":"https:\/\/soydeaqui.ddns.net\/pachuca\/index.php\/wp-json\/wp\/v2\/product_brand?post=1518"},{"taxonomy":"product_cat","embeddable":true,"href":"https:\/\/soydeaqui.ddns.net\/pachuca\/index.php\/wp-json\/wp\/v2\/product_cat?post=1518"},{"taxonomy":"product_tag","embeddable":true,"href":"https:\/\/soydeaqui.ddns.net\/pachuca\/index.php\/wp-json\/wp\/v2\/product_tag?post=1518"}],"curies":[{"name":"wp","href":"https:\/\/api.w.org\/{rel}","templated":true}]}}