{"id":15160,"date":"2026-03-18T08:46:50","date_gmt":"2026-03-18T08:46:50","guid":{"rendered":"https:\/\/soydeaqui.ddns.net\/pachuca\/index.php\/producto\/caja-condulet-cuadrada-con-4-bocas-de-1-25-4-mm-con-orejas-para-montaje-a-prueba-de-intemperie\/"},"modified":"2026-03-18T08:46:50","modified_gmt":"2026-03-18T08:46:50","slug":"caja-condulet-cuadrada-con-4-bocas-de-1-25-4-mm-con-orejas-para-montaje-a-prueba-de-intemperie","status":"publish","type":"product","link":"https:\/\/soydeaqui.ddns.net\/pachuca\/index.php\/producto\/caja-condulet-cuadrada-con-4-bocas-de-1-25-4-mm-con-orejas-para-montaje-a-prueba-de-intemperie\/","title":{"rendered":"Caja Condulet Cuadrada con 4 Bocas de 1&#8243; (25.4 mm) \/ Con Orejas para Montaje \/ A prueba de intemperie."},"content":{"rendered":"<div style='width: 100%; max-width: 1200px; margin: 0 auto; font-family: sans-serif; line-height: 1.6; color: inherit; background-color: transparent;'> <!-- Secci\u00f3n de caracter\u00edsticas con cards --> <\/p>\n<div style='display: flex; flex-wrap: wrap; gap: 20px; margin-bottom: 30px;'>\n<div style='flex: 1 1 250px; border: 1px solid rgba(150&comma; 150&comma; 150&comma; 0.4); border-radius: 8px; overflow: hidden; display: flex; flex-direction: column;'>\n<div style='padding: 15px; border-bottom: 1px solid rgba(150&comma; 150&comma; 150&comma; 0.2); font-weight: bold; font-size: 18px; color: inherit;'>Caracter\u00edsticas principales<\/div>\n<div style='padding: 15px; color: inherit;'>\n<ul style='padding-left: 20px; margin: 0; font-size: 14px; list-style-type: disc;'>\n<li style='margin-bottom: 5px;'><strong>Material:<\/strong> Aluminio inyectado a presi\u00f3n (diecast)<\/li>\n<li style='margin-bottom: 5px;'><strong>Acabado:<\/strong> Pintura electroest\u00e1tica Ep\u00f3xica-Poli\u00e9ster polimerizada espesor m\u00ednimo de 2 mils<\/li>\n<li style='margin-bottom: 5px;'><strong>Medida:<\/strong> 25.4 mm (1&#8242;)<\/li>\n<li style='margin-bottom: 5px;'><strong>Bocas:<\/strong> 2 Arriba \/ 2 Abajo<\/li>\n<li style='margin-bottom: 5px;'><strong>Volumen:<\/strong> 630 cm\u00b3<\/li>\n<li style='margin-bottom: 5px;'><strong>Peso:<\/strong> 1.17 Kg<\/li>\n<li style='margin-bottom: 5px;'><strong>C\u00f3digo proveedor:<\/strong> 02.01.5339.M<\/li>\n<li style='margin-bottom: 5px;'><strong>Pruebas en c\u00e1mara salina:<\/strong> A pintura de acuerdo a ASTM B117<\/li>\n<li style='margin-bottom: 5px;'><strong>Pruebas de adherencia:<\/strong> A pintura de acuerdo a ASTM 3359<\/li>\n<li style='margin-bottom: 5px;'><strong>Resistencia a impactos:<\/strong> IK09 en cuerpo&comma; dise\u00f1o sin elementos fr\u00e1giles<\/li>\n<li style='margin-bottom: 5px;'><strong>Tornillos de tierra:<\/strong> Dos incluidos (pasivados)<\/li>\n<li style='margin-bottom: 5px;'><strong>Orejas para montaje:<\/strong> Dos incluidas con tornillos<\/li>\n<li style='margin-bottom: 5px;'><strong>Protecci\u00f3n:<\/strong> A prueba de intemperie con tapa y empaque (no incluidos)<\/li>\n<li style='margin-bottom: 5px;'><strong>Rosca:<\/strong> NPT para tubo conduit r\u00edgido o IMC<\/li>\n<li style='margin-bottom: 5px;'><strong>Profundidad:<\/strong> 67 mm en caja de rosca 1&#8242; (25.4 mm) y 2&#8242; (50.8 mm) en cajas de rosca de 1\/2&#8242; y 3\/4&#8242; (12.7 &#8211; 19 mm)<\/li>\n<\/ul><\/div>\n<\/p><\/div>\n<\/p><\/div>\n<p> <!-- Secci\u00f3n de aplicaciones --> <\/p>\n<div style='display: flex; flex-wrap: wrap; gap: 30px; margin-bottom: 30px;'>\n<div style='flex: 1 1 300px; min-width: 280px;'>\n<h3 style='font-size: 22px; border-bottom: 2px solid currentColor; padding-bottom: 5px; margin-top: 0; color: inherit; opacity: 0.8;'>Aplicaciones<\/h3>\n<ul style='padding-left: 20px; font-size: 15px; color: inherit;'>\n<li style='margin-bottom: 5px;'>Instalaci\u00f3n de accesorios: interruptores&comma; contactos&comma; estaciones de botones&comma; luces piloto&comma; etc.<\/li>\n<li style='margin-bottom: 5px;'>Empalmes y conexiones en cableado<\/li>\n<li style='margin-bottom: 5px;'>Acceso f\u00e1cil para mantenimiento<\/li>\n<li style='margin-bottom: 5px;'>Fabricaci\u00f3n seg\u00fan UL 514 A&comma; UL 514 B&comma; CAN\/CSA-C22.2 No.18-92<\/li>\n<\/ul><\/div>\n<\/p><\/div>\n<p> <!-- Secci\u00f3n de descripci\u00f3n adicional --> <\/p>\n<div style='display: flex; flex-wrap: wrap; gap: 30px; margin-bottom: 30px;'>\n<div style='flex: 1 1 300px; min-width: 280px;'>\n<h3 style='font-size: 22px; border-bottom: 2px solid currentColor; padding-bottom: 5px; margin-top: 0; color: inherit; opacity: 0.8;'>Detalles constructivos<\/h3>\n<ul style='padding-left: 20px; font-size: 15px; color: inherit;'>\n<li style='margin-bottom: 5px;'>Dise\u00f1adas y fabricadas bajo estrictos controles de calidad<\/li>\n<li style='margin-bottom: 5px;'>Certificadas por UL y CSA seg\u00fan normas internacionales<\/li>\n<li style='margin-bottom: 5px;'>Utilizadas en industria pesada&comma; ligera&comma; comercial y residencial<\/li>\n<li style='margin-bottom: 5px;'>Paredes de aluminio compactas y libres de porosidad<\/li>\n<li style='margin-bottom: 5px;'>Estabilidad dimensional y resistencia extraordinaria<\/li>\n<li style='margin-bottom: 5px;'>Peso 3 veces m\u00e1s ligero que otros sistemas de moldeo<\/li>\n<\/ul><\/div>\n<\/p><\/div>\n<p> <!-- Separador final --> <\/p>\n<hr style='border: 0; border-top: 1px solid rgba(150&comma; 150&comma; 150&comma; 0.3); margin: 30px 0;'> <\/div>\n","protected":false},"excerpt":{"rendered":"<p>Caja Condulet Cuadrada con 4 Bocas de 1&#8243; (25.4 mm) \/ Con Orejas para Montaje \/ A prueba de intemperie.<\/p>\n","protected":false},"featured_media":32,"comment_status":"open","ping_status":"closed","template":"","meta":[],"product_brand":[],"product_cat":[655],"product_tag":[572,661,656],"class_list":{"0":"post-15160","1":"product","2":"type-product","3":"status-publish","4":"has-post-thumbnail","6":"product_cat-tuberia-metalica-conduit-accesorios","7":"product_tag-canalizacion","8":"product_tag-rawelt","9":"product_tag-tuberia-metalica-conduit-accesorios","11":"first","12":"outofstock","13":"sale","14":"shipping-taxable","15":"purchasable","16":"product-type-simple"},"_links":{"self":[{"href":"https:\/\/soydeaqui.ddns.net\/pachuca\/index.php\/wp-json\/wp\/v2\/product\/15160","targetHints":{"allow":["GET"]}}],"collection":[{"href":"https:\/\/soydeaqui.ddns.net\/pachuca\/index.php\/wp-json\/wp\/v2\/product"}],"about":[{"href":"https:\/\/soydeaqui.ddns.net\/pachuca\/index.php\/wp-json\/wp\/v2\/types\/product"}],"replies":[{"embeddable":true,"href":"https:\/\/soydeaqui.ddns.net\/pachuca\/index.php\/wp-json\/wp\/v2\/comments?post=15160"}],"wp:featuredmedia":[{"embeddable":true,"href":"https:\/\/soydeaqui.ddns.net\/pachuca\/index.php\/wp-json\/wp\/v2\/media\/32"}],"wp:attachment":[{"href":"https:\/\/soydeaqui.ddns.net\/pachuca\/index.php\/wp-json\/wp\/v2\/media?parent=15160"}],"wp:term":[{"taxonomy":"product_brand","embeddable":true,"href":"https:\/\/soydeaqui.ddns.net\/pachuca\/index.php\/wp-json\/wp\/v2\/product_brand?post=15160"},{"taxonomy":"product_cat","embeddable":true,"href":"https:\/\/soydeaqui.ddns.net\/pachuca\/index.php\/wp-json\/wp\/v2\/product_cat?post=15160"},{"taxonomy":"product_tag","embeddable":true,"href":"https:\/\/soydeaqui.ddns.net\/pachuca\/index.php\/wp-json\/wp\/v2\/product_tag?post=15160"}],"curies":[{"name":"wp","href":"https:\/\/api.w.org\/{rel}","templated":true}]}}