{"id":15065,"date":"2026-03-18T08:45:26","date_gmt":"2026-03-18T08:45:26","guid":{"rendered":"https:\/\/soydeaqui.ddns.net\/pachuca\/index.php\/producto\/contacto-duplex-con-puertos-usb-tipo-a-y-c-15-a-100-240-v-usb-5-v-incluye-la-placa\/"},"modified":"2026-03-18T08:45:31","modified_gmt":"2026-03-18T08:45:31","slug":"contacto-duplex-con-puertos-usb-tipo-a-y-c-15-a-100-240-v-usb-5-v-incluye-la-placa","status":"publish","type":"product","link":"https:\/\/soydeaqui.ddns.net\/pachuca\/index.php\/producto\/contacto-duplex-con-puertos-usb-tipo-a-y-c-15-a-100-240-v-usb-5-v-incluye-la-placa\/","title":{"rendered":"Contacto D\u00faplex con puertos USB Tipo A y C, 15 A, 100 &#8211; 240 V, USB 5 V, Incluye la Placa."},"content":{"rendered":"<div style='width: 100%; max-width: 1200px; margin: 0 auto; font-family: sans-serif; line-height: 1.6; color: inherit; background-color: transparent;'>\n<div style='width: 100%; margin-bottom: 30px;'> <img style='width: 100%; height: auto; border: 1px solid rgba(150&comma;150&comma;150&comma;0.3); border-radius: 8px;' src='https:\/\/ftp3.syscom.mx\/usuarios\/fotos\/PROTECTHOR\/218154-thorsmanarriba.jpg' alt=''> <\/div>\n<div style='display: flex; flex-wrap: wrap; gap: 30px; margin-bottom: 30px;'>\n<div style='flex: 1 1 300px; min-width: 280px;'>\n<h3 style='font-size: 22px; border-bottom: 2px solid currentColor; padding-bottom: 5px; margin-top: 0; color: inherit; opacity: 0.8;'>Caracter\u00edsticas Generales<\/h3>\n<p style='font-size: 15px; color: inherit;'> Los tomacorrientes son fundamentales para la distribuci\u00f3n de energ\u00eda el\u00e9ctrica en hogares&comma; oficinas y otros entornos. Su dise\u00f1o permite una conexi\u00f3n sencilla y simult\u00e1nea de varios dispositivos&comma; lo que los convierte en una parte esencial de la infraestructura el\u00e9ctrica moderna. <\/p>\n<\/p><\/div>\n<\/p><\/div>\n<div style='display: flex; flex-wrap: wrap; gap: 30px; margin-bottom: 30px;'>\n<div style='flex: 1 1 300px; min-width: 280px;'>\n<h3 style='font-size: 22px; border-bottom: 2px solid currentColor; padding-bottom: 5px; margin-top: 0; color: inherit; opacity: 0.8;'>Propiedades del Producto<\/h3>\n<ul style='padding-left: 20px; font-size: 15px; color: inherit;'>\n<li style='margin-bottom: 5px;'>Instalaciones seguras y pr\u00e1cticas<\/li>\n<li style='margin-bottom: 5px;'>El material interno est\u00e1 hecho de bronce&comma; con buena conductividad el\u00e9ctrica&comma; no se deforma.<\/li>\n<li style='margin-bottom: 5px;'>USB tipo A y Tipo C&comma; que admiten m\u00e1s dispositivos USB y tel\u00e9fonos m\u00f3viles para cargar al mismo tiempo.<\/li>\n<li style='margin-bottom: 5px;'>La corriente de salida de 4000 mA puede reducir el tiempo carga.<\/li>\n<li style='margin-bottom: 5px;'>Cargador y tomacorriente de pared con USB Tipo A\/ Tipo C de 4 A con recept\u00e1culo a prueba de manipulaciones.<\/li>\n<li style='margin-bottom: 5px;'>Carga la mayoria de los dispositivos alimentados con USB Tipo A y Tipo C.<\/li>\n<li style='margin-bottom: 5px;'>El Puerto Tipo C permite que los cables se inserten f\u00e1cilmente en cualquier direcci\u00f3n.<\/li>\n<li style='margin-bottom: 5px;'>El tiempo de carga puede verse afectado por el cord\u00f3n de carga utilizado.<\/li>\n<li style='margin-bottom: 5px;'>No transfiere datos.<\/li>\n<li style='margin-bottom: 5px;'>Temperatura de trabajo -10\u00b0C a +40\u00b0C.<\/li>\n<li style='margin-bottom: 5px;'>Voltaje de Entrada: 100 &#8211; 240 V\/CA.<\/li>\n<li style='margin-bottom: 5px;'>Potencia Real Contacto: 15 A 1875 W.<\/li>\n<li style='margin-bottom: 5px;'>Tensi\u00f3n Nominal: 125 V~.<\/li>\n<li style='margin-bottom: 5px;'>Frecuencia Nominal: 50 &#8211; 60 Hz.<\/li>\n<li style='margin-bottom: 5px;'>Corriente de Salida USB: 4 (2 A Combinado).<\/li>\n<li style='margin-bottom: 5px;'>Voltaje de Salida USB: 5 V.<\/li>\n<li style='margin-bottom: 5px;'>Peso 0.142 kg.<\/li>\n<li style='margin-bottom: 5px;'>Cuenta con contacto doble (TR) que brinda seguridad y protege a tu familia sobre todo a los m\u00e1s peque\u00f1os.<\/li>\n<\/ul><\/div>\n<\/p><\/div>\n<div style='display: flex; flex-wrap: wrap; gap: 30px; margin-bottom: 30px;'>\n<div style='flex: 1 1 300px; min-width: 280px;'>\n<h3 style='font-size: 22px; border-bottom: 2px solid currentColor; padding-bottom: 5px; margin-top: 0; color: inherit; opacity: 0.8;'>Especificaciones T\u00e9cnicas<\/h3>\n<ul style='padding-left: 20px; font-size: 15px; color: inherit;'>\n<li style='margin-bottom: 5px;'><strong>Material:<\/strong> Policarbonato (PC) Resistente al Fuego<\/li>\n<li style='margin-bottom: 5px;'><strong>Certificaciones:<\/strong><\/li>\n<ul style='padding-left: 30px; margin-top: 5px; margin-bottom: 5px; font-size: 14px; color: inherit;'>\n<li style='margin-bottom: 5px;'>NOM-024-SCFI-2013<\/li>\n<li style='margin-bottom: 5px;'>NOM-003-SCFI-2014<\/li>\n<\/ul>\n<\/ul><\/div>\n<\/p><\/div>\n<div style='width: 100%; margin: 30px 0;'>\n<div style='position: relative; padding-bottom: 56.25%; height: 0; overflow: hidden; margin-bottom: 30px;'>   <\/div>\n<\/p><\/div>\n<div style='width: 100%; margin-bottom: 30px;'> <img style='width: 100%; height: auto; border: 1px solid rgba(150&comma;150&comma;150&comma;0.3); border-radius: 8px;' src='https:\/\/ftp3.syscom.mx\/usuarios\/fotos\/PROTECTHOR\/218154-thorsmanabajo.png' alt=''> <\/div>\n<\/p><\/div>\n","protected":false},"excerpt":{"rendered":"<p>Contacto D\u00faplex con puertos USB Tipo A y C, 15 A, 100 &#8211; 240 V, USB 5 V, Incluye la Placa.<\/p>\n","protected":false},"featured_media":15064,"comment_status":"open","ping_status":"closed","template":"","meta":[],"product_brand":[],"product_cat":[574],"product_tag":[572,575,583],"class_list":{"0":"post-15065","1":"product","2":"type-product","3":"status-publish","4":"has-post-thumbnail","6":"product_cat-fijacion","7":"product_tag-canalizacion","8":"product_tag-fijacion","9":"product_tag-thorsman","11":"first","12":"outofstock","13":"sale","14":"shipping-taxable","15":"purchasable","16":"product-type-simple"},"_links":{"self":[{"href":"https:\/\/soydeaqui.ddns.net\/pachuca\/index.php\/wp-json\/wp\/v2\/product\/15065","targetHints":{"allow":["GET"]}}],"collection":[{"href":"https:\/\/soydeaqui.ddns.net\/pachuca\/index.php\/wp-json\/wp\/v2\/product"}],"about":[{"href":"https:\/\/soydeaqui.ddns.net\/pachuca\/index.php\/wp-json\/wp\/v2\/types\/product"}],"replies":[{"embeddable":true,"href":"https:\/\/soydeaqui.ddns.net\/pachuca\/index.php\/wp-json\/wp\/v2\/comments?post=15065"}],"wp:featuredmedia":[{"embeddable":true,"href":"https:\/\/soydeaqui.ddns.net\/pachuca\/index.php\/wp-json\/wp\/v2\/media\/15064"}],"wp:attachment":[{"href":"https:\/\/soydeaqui.ddns.net\/pachuca\/index.php\/wp-json\/wp\/v2\/media?parent=15065"}],"wp:term":[{"taxonomy":"product_brand","embeddable":true,"href":"https:\/\/soydeaqui.ddns.net\/pachuca\/index.php\/wp-json\/wp\/v2\/product_brand?post=15065"},{"taxonomy":"product_cat","embeddable":true,"href":"https:\/\/soydeaqui.ddns.net\/pachuca\/index.php\/wp-json\/wp\/v2\/product_cat?post=15065"},{"taxonomy":"product_tag","embeddable":true,"href":"https:\/\/soydeaqui.ddns.net\/pachuca\/index.php\/wp-json\/wp\/v2\/product_tag?post=15065"}],"curies":[{"name":"wp","href":"https:\/\/api.w.org\/{rel}","templated":true}]}}