{"id":15055,"date":"2026-03-18T08:45:17","date_gmt":"2026-03-18T08:45:17","guid":{"rendered":"https:\/\/soydeaqui.ddns.net\/pachuca\/index.php\/producto\/cincho-pan-ty-203mm-largo-x-3-4mm-ancho-intermedio-de-nylon-6-6-y-metal-detectable-color-azul-claro-100-piezas\/"},"modified":"2026-03-18T08:45:20","modified_gmt":"2026-03-18T08:45:20","slug":"cincho-pan-ty-203mm-largo-x-3-4mm-ancho-intermedio-de-nylon-6-6-y-metal-detectable-color-azul-claro-100-piezas","status":"publish","type":"product","link":"https:\/\/soydeaqui.ddns.net\/pachuca\/index.php\/producto\/cincho-pan-ty-203mm-largo-x-3-4mm-ancho-intermedio-de-nylon-6-6-y-metal-detectable-color-azul-claro-100-piezas\/","title":{"rendered":"Cincho Pan-Ty\u2122 203mm Largo x 3.4mm ancho,  Intermedio de Nylon 6.6 y Metal Detectable, Color Azul Claro. 100 Piezas."},"content":{"rendered":"<div style='width: 100%; max-width: 1200px; margin: 0 auto; font-family: sans-serif; line-height: 1.6; color: inherit; background-color: transparent;'>\n<div style='display: flex; flex-direction: column; align-items: center; text-align: center; margin-bottom: 30px;'> <img style='width: 100%; max-width: 300px; height: auto; border: 1px solid rgba(150&comma;150&comma;150&comma;0.3); border-radius: 8px;' src='https:\/\/ftp3.syscom.mx\/usuarios\/fotos\/SCL2\/0X\/214870-217843-panduit-logo-tm-negro-fondo_trans30-01_(002)_(1).png' alt=''> <\/p>\n<h1 style='font-size: 24px; margin: 15px 0; color: inherit; opacity: 0.8; font-weight: 500; text-align: center;'> Cincho Pan-Ty\u2122 203mm Largo x 3.4mm ancho&comma; Intermedio de Nylon 6.6 y Metal Detectable&comma; Color Azul Claro&comma; 30lb <\/h1>\n<div style='font-size: 18px; color: inherit; opacity: 0.7;'>PLT2I-C86<\/div>\n<\/p><\/div>\n<div style='display: flex; flex-wrap: wrap; gap: 30px; margin-bottom: 30px;'>\n<div style='flex: 1 1 300px; min-width: 280px;'>\n<h3 style='font-size: 20px; border-bottom: 2px solid currentColor; padding-bottom: 5px; margin-top: 0; color: inherit; opacity: 0.8;'>Descripci\u00f3n<\/h3>\n<p style='font-size: 15px; color: inherit;'> Las bridas de metal detectable Panduit PLT2I-C86 est\u00e1n dise\u00f1adas para ayudar a las industrias alimentaria&comma; de bebidas y farmac\u00e9utica a cumplir con los est\u00e1ndares de seguridad en la fabricaci\u00f3n de productos. Son de metal detectable&comma; tienen un material impregnado de metal y pueden identificarse con equipo de detecci\u00f3n de metales. El color azul distintivo facilita la detecci\u00f3n visual r\u00e1pida. Secci\u00f3n transv. interm&comma; 8.0&#8242; (203mm) de largo. Nylon 6.6 de metal detectable. Azul claro. <\/p>\n<\/p><\/div>\n<\/p><\/div>\n<div style='display: flex; justify-content: center; margin: 30px 0;'> <img style='width: 100%; max-width: 800px; height: auto; border: 1px solid rgba(150&comma;150&comma;150&comma;0.3); border-radius: 8px;' src='https:\/\/ftp3.syscom.mx\/usuarios\/fotos\/PLT2IC86\/226314-captura_de_pantalla_2024-01-11_a_la(s)_5.02.39%E2%80%AFp.m..png' alt=''> <\/div>\n<hr style='border: 0; border-top: 1px solid rgba(150&comma; 150&comma; 150&comma; 0.3); margin: 30px 0;'> <\/div>\n","protected":false},"excerpt":{"rendered":"<p>Cincho Pan-Ty\u2122 203mm Largo x 3.4mm ancho,  Intermedio de Nylon 6.6 y Metal Detectable, Color Azul Claro. 100 Piezas.<\/p>\n","protected":false},"featured_media":15054,"comment_status":"open","ping_status":"closed","template":"","meta":[],"product_brand":[],"product_cat":[701],"product_tag":[572,702,445],"class_list":{"0":"post-15055","1":"product","2":"type-product","3":"status-publish","4":"has-post-thumbnail","6":"product_cat-cinchos-corbatas","7":"product_tag-canalizacion","8":"product_tag-cinchos-corbatas","9":"product_tag-panduit","11":"first","12":"outofstock","13":"sale","14":"shipping-taxable","15":"purchasable","16":"product-type-simple"},"_links":{"self":[{"href":"https:\/\/soydeaqui.ddns.net\/pachuca\/index.php\/wp-json\/wp\/v2\/product\/15055","targetHints":{"allow":["GET"]}}],"collection":[{"href":"https:\/\/soydeaqui.ddns.net\/pachuca\/index.php\/wp-json\/wp\/v2\/product"}],"about":[{"href":"https:\/\/soydeaqui.ddns.net\/pachuca\/index.php\/wp-json\/wp\/v2\/types\/product"}],"replies":[{"embeddable":true,"href":"https:\/\/soydeaqui.ddns.net\/pachuca\/index.php\/wp-json\/wp\/v2\/comments?post=15055"}],"wp:featuredmedia":[{"embeddable":true,"href":"https:\/\/soydeaqui.ddns.net\/pachuca\/index.php\/wp-json\/wp\/v2\/media\/15054"}],"wp:attachment":[{"href":"https:\/\/soydeaqui.ddns.net\/pachuca\/index.php\/wp-json\/wp\/v2\/media?parent=15055"}],"wp:term":[{"taxonomy":"product_brand","embeddable":true,"href":"https:\/\/soydeaqui.ddns.net\/pachuca\/index.php\/wp-json\/wp\/v2\/product_brand?post=15055"},{"taxonomy":"product_cat","embeddable":true,"href":"https:\/\/soydeaqui.ddns.net\/pachuca\/index.php\/wp-json\/wp\/v2\/product_cat?post=15055"},{"taxonomy":"product_tag","embeddable":true,"href":"https:\/\/soydeaqui.ddns.net\/pachuca\/index.php\/wp-json\/wp\/v2\/product_tag?post=15055"}],"curies":[{"name":"wp","href":"https:\/\/api.w.org\/{rel}","templated":true}]}}