{"id":15051,"date":"2026-03-18T08:45:10","date_gmt":"2026-03-18T08:45:10","guid":{"rendered":"https:\/\/soydeaqui.ddns.net\/pachuca\/index.php\/producto\/cincho-pan-ty-203mm-largo-x-3-4mm-ancho-intermedio-de-polipropileno-y-metal-detectable-color-azul-oscuro-100-piezas\/"},"modified":"2026-03-18T08:45:13","modified_gmt":"2026-03-18T08:45:13","slug":"cincho-pan-ty-203mm-largo-x-3-4mm-ancho-intermedio-de-polipropileno-y-metal-detectable-color-azul-oscuro-100-piezas","status":"publish","type":"product","link":"https:\/\/soydeaqui.ddns.net\/pachuca\/index.php\/producto\/cincho-pan-ty-203mm-largo-x-3-4mm-ancho-intermedio-de-polipropileno-y-metal-detectable-color-azul-oscuro-100-piezas\/","title":{"rendered":"Cincho Pan-Ty\u00ae 203mm largo x 3.4mm ancho, Intermedio de Polipropileno y Metal Detectable, Color Azul Oscuro. 100 Piezas"},"content":{"rendered":"<div style='width: 100%; max-width: 1200px; margin: 0 auto; font-family: sans-serif; line-height: 1.6; color: inherit; background-color: transparent;'>\n<div style='display: flex; flex-wrap: wrap; gap: 30px; margin-bottom: 30px;'>\n<div style='flex: 1 1 300px; min-width: 280px;'>\n<h3 style='font-size: 22px; border-bottom: 2px solid currentColor; padding-bottom: 5px; margin-top: 0; color: inherit; opacity: 0.8;'>Caracter\u00edsticas<\/h3>\n<ul style='padding-left: 20px; font-size: 15px; color: inherit;'>\n<li style='margin-bottom: 5px;'><strong>Descripci\u00f3n:<\/strong> Cincho Pan-Ty\u00ae 203mm largo x 3.4mm ancho&comma; Intermedio de Polipropileno y Metal Detectable&comma; Color Azul Oscuro&comma;18lb<\/li>\n<li style='margin-bottom: 5px;'><strong>Modelo:<\/strong> PLT2IC186<\/li>\n<li style='margin-bottom: 5px;'><strong>Marca:<\/strong> PANDUIT<\/li>\n<li style='margin-bottom: 5px;'><strong>Caracter\u00edstica:<\/strong> Dise\u00f1adas para ayudar a las industrias alimentaria&comma; de bebidas y farmac\u00e9utica a cumplir con los est\u00e1ndares de seguridad en la fabricaci\u00f3n de productos<\/li>\n<li style='margin-bottom: 5px;'><strong>Material:<\/strong> Polipropileno de metal detectable<\/li>\n<li style='margin-bottom: 5px;'><strong>Color:<\/strong> Azul oscuro distintivo para facilitar la detecci\u00f3n visual r\u00e1pida<\/li>\n<li style='margin-bottom: 5px;'><strong>Especificaci\u00f3n:<\/strong> Secci\u00f3n transversal intermedia&comma; 8.0&#8242; (203mm) de largo<\/li>\n<li style='margin-bottom: 5px;'><strong>Cantidad:<\/strong> 100 Piezas<\/li>\n<\/ul><\/div>\n<div style='flex: 1 1 300px; min-width: 280px;'>\n<div style='border: 1px solid rgba(150&comma;150&comma;150&comma;0.3); border-radius: 8px; overflow: hidden; margin-bottom: 20px;'> <img style='width: 100%; height: auto; border-radius: 8px;' src='https:\/\/ftp3.syscom.mx\/usuarios\/fotos\/SCL2\/0X\/214870-217843-panduit-logo-tm-negro-fondo_trans30-01_(002)_(1).png' alt=''> <\/div>\n<div style='border: 1px solid rgba(150&comma;150&comma;150&comma;0.3); border-radius: 8px; overflow: hidden;'> <img style='width: 100%; height: auto; border-radius: 8px;' src='https:\/\/ftp3.syscom.mx\/usuarios\/fotos\/PLT2IC186\/226313-captura_de_pantalla_2024-01-11_a_la(s)_5.13.56 p.m..png' alt=''> <\/div>\n<\/p><\/div>\n<\/p><\/div>\n<\/p><\/div>\n","protected":false},"excerpt":{"rendered":"<p>Cincho Pan-Ty\u00ae 203mm largo x 3.4mm ancho, Intermedio de Polipropileno y Metal Detectable, Color Azul Oscuro. 100 Piezas<\/p>\n","protected":false},"featured_media":15050,"comment_status":"open","ping_status":"closed","template":"","meta":[],"product_brand":[],"product_cat":[701],"product_tag":[572,702,445],"class_list":{"0":"post-15051","1":"product","2":"type-product","3":"status-publish","4":"has-post-thumbnail","6":"product_cat-cinchos-corbatas","7":"product_tag-canalizacion","8":"product_tag-cinchos-corbatas","9":"product_tag-panduit","11":"first","12":"outofstock","13":"sale","14":"shipping-taxable","15":"purchasable","16":"product-type-simple"},"_links":{"self":[{"href":"https:\/\/soydeaqui.ddns.net\/pachuca\/index.php\/wp-json\/wp\/v2\/product\/15051","targetHints":{"allow":["GET"]}}],"collection":[{"href":"https:\/\/soydeaqui.ddns.net\/pachuca\/index.php\/wp-json\/wp\/v2\/product"}],"about":[{"href":"https:\/\/soydeaqui.ddns.net\/pachuca\/index.php\/wp-json\/wp\/v2\/types\/product"}],"replies":[{"embeddable":true,"href":"https:\/\/soydeaqui.ddns.net\/pachuca\/index.php\/wp-json\/wp\/v2\/comments?post=15051"}],"wp:featuredmedia":[{"embeddable":true,"href":"https:\/\/soydeaqui.ddns.net\/pachuca\/index.php\/wp-json\/wp\/v2\/media\/15050"}],"wp:attachment":[{"href":"https:\/\/soydeaqui.ddns.net\/pachuca\/index.php\/wp-json\/wp\/v2\/media?parent=15051"}],"wp:term":[{"taxonomy":"product_brand","embeddable":true,"href":"https:\/\/soydeaqui.ddns.net\/pachuca\/index.php\/wp-json\/wp\/v2\/product_brand?post=15051"},{"taxonomy":"product_cat","embeddable":true,"href":"https:\/\/soydeaqui.ddns.net\/pachuca\/index.php\/wp-json\/wp\/v2\/product_cat?post=15051"},{"taxonomy":"product_tag","embeddable":true,"href":"https:\/\/soydeaqui.ddns.net\/pachuca\/index.php\/wp-json\/wp\/v2\/product_tag?post=15051"}],"curies":[{"name":"wp","href":"https:\/\/api.w.org\/{rel}","templated":true}]}}