{"id":15002,"date":"2026-03-18T08:44:25","date_gmt":"2026-03-18T08:44:25","guid":{"rendered":"https:\/\/soydeaqui.ddns.net\/pachuca\/index.php\/producto\/cable-de-parcheo-tx6-utp-cat6-24-awg-cm-color-azul-0-3-metros-1-pie\/"},"modified":"2026-03-18T08:44:27","modified_gmt":"2026-03-18T08:44:27","slug":"cable-de-parcheo-tx6-utp-cat6-24-awg-cm-color-azul-0-3-metros-1-pie","status":"publish","type":"product","link":"https:\/\/soydeaqui.ddns.net\/pachuca\/index.php\/producto\/cable-de-parcheo-tx6-utp-cat6-24-awg-cm-color-azul-0-3-metros-1-pie\/","title":{"rendered":"Cable de Parcheo TX6, UTP Cat6, 24 AWG, CM, Color Azul, 0.3 Metros (1 Pie)"},"content":{"rendered":"<div style='width: 100%; max-width: 1200px; margin: 0 auto; font-family: sans-serif; line-height: 1.6; color: inherit; background-color: transparent;'>\n<div style='display: flex; flex-wrap: wrap; gap: 30px; margin-bottom: 30px;'>\n<div style='flex: 1 1 300px; min-width: 280px;'>\n<h3 style='font-size: 22px; border-bottom: 2px solid currentColor; padding-bottom: 5px; margin-top: 0; color: inherit; opacity: 0.8;'>Caracter\u00edsticas<\/h3>\n<p style='font-size: 15px; color: inherit; margin-bottom: 15px;'>Los cables de parcheo UTP Categor\u00eda 6\/Clase E se construyen con un cable de cobre de par trenzado sin blindaje de 24 AWG&comma; con un plug modular de rendimiento mejorado en cada extremo. El cable de conexi\u00f3n se ofrece en un cable UTP de varios colores para una flexibilidad de dise\u00f1o con una funda de alivio de tensi\u00f3n clara en cada enchufe modular. Todos los cables de conexi\u00f3n deber\u00e1n ser compatibles con los esquemas de cableado T568A y T568B.<\/p>\n<\/p><\/div>\n<\/p><\/div>\n<div style='display: flex; flex-wrap: wrap; gap: 20px; margin-bottom: 30px;'>\n<div style='flex: 1 1 250px; border: 1px solid rgba(150&comma; 150&comma; 150&comma; 0.4); border-radius: 8px; overflow: hidden; display: flex; flex-direction: column;'>\n<div style='padding: 15px; border-bottom: 1px solid rgba(150&comma; 150&comma; 150&comma; 0.2); font-weight: bold; font-size: 18px; color: inherit;'>Informaci\u00f3n T\u00e9cnica<\/div>\n<div style='padding: 15px; color: inherit;'>\n<ul style='padding-left: 20px; margin: 0; font-size: 14px; list-style-type: disc;'>\n<li style='margin-bottom: 5px;'>Rendimiento Categor\u00eda 6: Supera todos los est\u00e1ndares ANSI \/ TIA-568.2-D e ISO 11801 Clase E para todas las frecuencias de 1 a 250 MHz<\/li>\n<li style='margin-bottom: 5px;'>Di\u00e1metro nominal: 6.00 mm<\/li>\n<li style='margin-bottom: 5px;'>Cumplimiento FCC y ANSI: Cumple con ANSI \/ TIA-1096-A (anteriormente FCC Parte 68); contactos chapados con 50 micras de oro para un rendimiento superior<\/li>\n<li style='margin-bottom: 5px;'>Cumplimiento IEC: Cumple con IEC 60603-7<\/li>\n<li style='margin-bottom: 5px;'>Cumplimiento PoE: Clasificado para 2500 ciclos con IEEE 802.3af \/ 802.3at y 802.3bt tipo 3 y tipo 4<\/li>\n<li style='margin-bottom: 5px;'>Grado de flamabilidad: CM<\/li>\n<\/ul><\/div>\n<\/p><\/div>\n<\/p><\/div>\n<hr style='border: 0; border-top: 1px solid rgba(150&comma; 150&comma; 150&comma; 0.3); margin: 30px 0;'> <\/div>\n","protected":false},"excerpt":{"rendered":"<p>Cable de Parcheo TX6, UTP Cat6, 24 AWG, CM, Color Azul, 0.3 Metros (1 Pie)<\/p>\n","protected":false},"featured_media":15001,"comment_status":"open","ping_status":"closed","template":"","meta":[],"product_brand":[],"product_cat":[598],"product_tag":[586,445,599],"class_list":{"0":"post-15002","1":"product","2":"type-product","3":"status-publish","4":"has-post-thumbnail","6":"product_cat-patch-cords","7":"product_tag-cableado-de-cobre","8":"product_tag-panduit","9":"product_tag-patch-cords","11":"first","12":"instock","13":"sale","14":"shipping-taxable","15":"purchasable","16":"product-type-simple"},"_links":{"self":[{"href":"https:\/\/soydeaqui.ddns.net\/pachuca\/index.php\/wp-json\/wp\/v2\/product\/15002","targetHints":{"allow":["GET"]}}],"collection":[{"href":"https:\/\/soydeaqui.ddns.net\/pachuca\/index.php\/wp-json\/wp\/v2\/product"}],"about":[{"href":"https:\/\/soydeaqui.ddns.net\/pachuca\/index.php\/wp-json\/wp\/v2\/types\/product"}],"replies":[{"embeddable":true,"href":"https:\/\/soydeaqui.ddns.net\/pachuca\/index.php\/wp-json\/wp\/v2\/comments?post=15002"}],"wp:featuredmedia":[{"embeddable":true,"href":"https:\/\/soydeaqui.ddns.net\/pachuca\/index.php\/wp-json\/wp\/v2\/media\/15001"}],"wp:attachment":[{"href":"https:\/\/soydeaqui.ddns.net\/pachuca\/index.php\/wp-json\/wp\/v2\/media?parent=15002"}],"wp:term":[{"taxonomy":"product_brand","embeddable":true,"href":"https:\/\/soydeaqui.ddns.net\/pachuca\/index.php\/wp-json\/wp\/v2\/product_brand?post=15002"},{"taxonomy":"product_cat","embeddable":true,"href":"https:\/\/soydeaqui.ddns.net\/pachuca\/index.php\/wp-json\/wp\/v2\/product_cat?post=15002"},{"taxonomy":"product_tag","embeddable":true,"href":"https:\/\/soydeaqui.ddns.net\/pachuca\/index.php\/wp-json\/wp\/v2\/product_tag?post=15002"}],"curies":[{"name":"wp","href":"https:\/\/api.w.org\/{rel}","templated":true}]}}