{"id":14990,"date":"2026-03-18T08:44:12","date_gmt":"2026-03-18T08:44:12","guid":{"rendered":"https:\/\/soydeaqui.ddns.net\/pachuca\/index.php\/producto\/casete-opticom-de-fibra-ptica-multimodo-om4-con-conector-mpo-a-6-lc-duplex-polaridad-mtodo-a-prdida-de-insercin-estndar\/"},"modified":"2026-03-18T08:44:16","modified_gmt":"2026-03-18T08:44:16","slug":"casete-opticom-de-fibra-ptica-multimodo-om4-con-conector-mpo-a-6-lc-duplex-polaridad-mtodo-a-prdida-de-insercin-estndar","status":"publish","type":"product","link":"https:\/\/soydeaqui.ddns.net\/pachuca\/index.php\/producto\/casete-opticom-de-fibra-ptica-multimodo-om4-con-conector-mpo-a-6-lc-duplex-polaridad-mtodo-a-prdida-de-insercin-estndar\/","title":{"rendered":"Casete OptiCom de Fibra ?ptica Multimodo OM4, Con Conector MPO a 6 LC Duplex, Polaridad M?todo A, P?rdida de Inserci?n Est?ndar"},"content":{"rendered":"<div style='width: 100%; max-width: 1200px; margin: 0 auto; font-family: sans-serif; line-height: 1.6; color: inherit; background-color: transparent;'>\n<div style='margin-bottom: 30px;'>\n<p style='font-size: 15px; margin-bottom: 20px; color: inherit;'> Los casetes de fibra \u00f3ptica QuickNet \u2122 MTP * constan de adaptadores LC o SC preterminados para una implementaci\u00f3n r\u00e1pida y sencilla en aplicaciones de alta densidad y proporcionan un uso eficiente del espacio en gabinetes y flexibilidad de dise\u00f1o. Cumplen con todos los requisitos de canales multimodo y monomodo. Los casetes de fibra \u00f3ptica QuickNet \u2122 MTP * est\u00e1n disponibles con una p\u00e9rdida de inserci\u00f3n de canal est\u00e1ndar de 0.75 dB como m\u00e1ximo y una p\u00e9rdida optimizada de 0.5 dB como m\u00e1ximo. <\/p>\n<\/p><\/div>\n<div style='display: flex; flex-wrap: wrap; gap: 20px; margin-bottom: 30px;'>\n<div style='flex: 1 1 250px; border: 1px solid rgba(150&comma; 150&comma; 150&comma; 0.4); border-radius: 8px; overflow: hidden; display: flex; flex-direction: column;'>\n<div style='padding: 15px; border-bottom: 1px solid rgba(150&comma; 150&comma; 150&comma; 0.2); font-weight: bold; font-size: 18px; color: inherit;'>Especificaciones<\/div>\n<div style='padding: 15px; color: inherit;'>\n<ul style='padding-left: 20px; margin: 0; font-size: 14px; list-style-type: disc; color: inherit;'>\n<li style='margin-bottom: 5px;'><strong>Tipo de fibra:<\/strong> OM4<\/li>\n<li style='margin-bottom: 5px;'><strong>N\u00famero de fibras:<\/strong> 12<\/li>\n<li style='margin-bottom: 5px;'><strong>Conector 1:<\/strong> LC D\u00faplex<\/li>\n<li style='margin-bottom: 5px;'><strong>Material:<\/strong> Cer\u00e1mica Circonita<\/li>\n<li style='margin-bottom: 5px;'><strong>Adaptador:<\/strong> Color Aqua<\/li>\n<li style='margin-bottom: 5px;'><strong>Conector 2:<\/strong> MPO Macho<\/li>\n<li style='margin-bottom: 5px;'><strong>P\u00e9rdida m\u00e1xima de inserci\u00f3n del conector (dB):<\/strong> 0.75<\/li>\n<li style='margin-bottom: 5px;'><strong>P\u00e9rdida m\u00ednima de retorno del conector (dB):<\/strong> 26<\/li>\n<li style='margin-bottom: 5px;'><strong>Color:<\/strong> Aqua<\/li>\n<li style='margin-bottom: 5px;'><strong>Di\u00e1metro de la fibra (\u00b5m):<\/strong> 50<\/li>\n<\/ul><\/div>\n<\/p><\/div>\n<div style='flex: 1 1 250px; border: 1px solid rgba(150&comma; 150&comma; 150&comma; 0.4); border-radius: 8px; overflow: hidden; display: flex; flex-direction: column;'>\n<div style='padding: 15px; border-bottom: 1px solid rgba(150&comma; 150&comma; 150&comma; 0.2); font-weight: bold; font-size: 18px; color: inherit;'>Dimensiones<\/div>\n<div style='padding: 15px; color: inherit;'>\n<ul style='padding-left: 20px; margin: 0; font-size: 14px; list-style-type: disc; color: inherit;'>\n<li style='margin-bottom: 5px;'><strong>Ancho total (pulg.):<\/strong> 3.5<\/li>\n<li style='margin-bottom: 5px;'><strong>Ancho total (mm):<\/strong> 89<\/li>\n<li style='margin-bottom: 5px;'><strong>Profundidad total (pulg.):<\/strong> 4.2<\/li>\n<li style='margin-bottom: 5px;'><strong>Profundidad total (mm):<\/strong> 106<\/li>\n<li style='margin-bottom: 5px;'><strong>Altura total (pulg.):<\/strong> 1.4<\/li>\n<li style='margin-bottom: 5px;'><strong>Altura total (mm):<\/strong> 35<\/li>\n<\/ul><\/div>\n<\/p><\/div>\n<div style='flex: 1 1 250px; border: 1px solid rgba(150&comma; 150&comma; 150&comma; 0.4); border-radius: 8px; overflow: hidden; display: flex; flex-direction: column;'>\n<div style='padding: 15px; border-bottom: 1px solid rgba(150&comma; 150&comma; 150&comma; 0.2); font-weight: bold; font-size: 18px; color: inherit;'>Cumplimiento de est\u00e1ndares<\/div>\n<div style='padding: 15px; color: inherit;'>\n<ul style='padding-left: 20px; margin: 0; font-size: 14px; list-style-type: disc; color: inherit;'>\n<li style='margin-bottom: 5px;'>Cumple o supera los requisitos de rendimiento de TIA \/ EIA-568-C.3. Admite especificaciones de canal y enlace IEEE 802.3ae y ANSI T11.2 (Fibre Channel). Cumple con ROHS 2002\/95 \/ EC.<\/li>\n<\/ul><\/div>\n<\/p><\/div>\n<\/p><\/div>\n<hr style='border: 0; border-top: 1px solid rgba(150&comma; 150&comma; 150&comma; 0.3); margin: 30px 0;'> <\/div>\n","protected":false},"excerpt":{"rendered":"<p>Casete OptiCom de Fibra ?ptica Multimodo OM4, Con Conector MPO a 6 LC Duplex, Polaridad M?todo A, P?rdida de Inserci?n Est?ndar<\/p>\n","protected":false},"featured_media":14989,"comment_status":"open","ping_status":"closed","template":"","meta":[],"product_brand":[],"product_cat":[621],"product_tag":[622,611,445],"class_list":{"0":"post-14990","1":"product","2":"type-product","3":"status-publish","4":"has-post-thumbnail","6":"product_cat-distribuidores-de-fibra-optica","7":"product_tag-distribuidores-de-fibra-optica","8":"product_tag-fibra-optica","9":"product_tag-panduit","11":"first","12":"instock","13":"sale","14":"shipping-taxable","15":"purchasable","16":"product-type-simple"},"_links":{"self":[{"href":"https:\/\/soydeaqui.ddns.net\/pachuca\/index.php\/wp-json\/wp\/v2\/product\/14990","targetHints":{"allow":["GET"]}}],"collection":[{"href":"https:\/\/soydeaqui.ddns.net\/pachuca\/index.php\/wp-json\/wp\/v2\/product"}],"about":[{"href":"https:\/\/soydeaqui.ddns.net\/pachuca\/index.php\/wp-json\/wp\/v2\/types\/product"}],"replies":[{"embeddable":true,"href":"https:\/\/soydeaqui.ddns.net\/pachuca\/index.php\/wp-json\/wp\/v2\/comments?post=14990"}],"wp:featuredmedia":[{"embeddable":true,"href":"https:\/\/soydeaqui.ddns.net\/pachuca\/index.php\/wp-json\/wp\/v2\/media\/14989"}],"wp:attachment":[{"href":"https:\/\/soydeaqui.ddns.net\/pachuca\/index.php\/wp-json\/wp\/v2\/media?parent=14990"}],"wp:term":[{"taxonomy":"product_brand","embeddable":true,"href":"https:\/\/soydeaqui.ddns.net\/pachuca\/index.php\/wp-json\/wp\/v2\/product_brand?post=14990"},{"taxonomy":"product_cat","embeddable":true,"href":"https:\/\/soydeaqui.ddns.net\/pachuca\/index.php\/wp-json\/wp\/v2\/product_cat?post=14990"},{"taxonomy":"product_tag","embeddable":true,"href":"https:\/\/soydeaqui.ddns.net\/pachuca\/index.php\/wp-json\/wp\/v2\/product_tag?post=14990"}],"curies":[{"name":"wp","href":"https:\/\/api.w.org\/{rel}","templated":true}]}}