{"id":14936,"date":"2026-03-18T08:43:10","date_gmt":"2026-03-18T08:43:10","guid":{"rendered":"https:\/\/soydeaqui.ddns.net\/pachuca\/index.php\/producto\/pared-lateral-para-charolas-wyr-grid-con-pintura-electrostatica-en-color-negro-de-50-mm-2-in-de-alto\/"},"modified":"2026-03-18T08:43:11","modified_gmt":"2026-03-18T08:43:11","slug":"pared-lateral-para-charolas-wyr-grid-con-pintura-electrostatica-en-color-negro-de-50-mm-2-in-de-alto","status":"publish","type":"product","link":"https:\/\/soydeaqui.ddns.net\/pachuca\/index.php\/producto\/pared-lateral-para-charolas-wyr-grid-con-pintura-electrostatica-en-color-negro-de-50-mm-2-in-de-alto\/","title":{"rendered":"Pared Lateral Para Charolas Wyr-Grid\u00ae, Con Pintura Electrost\u00e1tica en Color Negro, de 50 mm (2 in) de Alto"},"content":{"rendered":"<div style='width: 100%; max-width: 1200px; margin: 0 auto; font-family: sans-serif; line-height: 1.6; color: inherit; background-color: transparent;'> <!-- Secci\u00f3n de descripci\u00f3n principal --> <\/p>\n<div style='margin-bottom: 30px;'>\n<p style='font-size: 15px; color: inherit; margin-bottom: 15px;'> El sistema de canalizaci\u00f3n de cables Wyr-Grid\u00ae consta de tramos de charola&comma; conectores de empalme&comma; paredes laterales&comma; cascadas&comma; soportes de montaje y accesorios dise\u00f1ados para enrutar y administrar cables de cobre&comma; fibra \u00f3ptica o de alimentaci\u00f3n. Los tramos de charola se proporcionar\u00e1n en cinco anchos: 8&#8242; (203 mm)&comma; 12&#8242; (305 mm)&comma; 18&#8242; (457 mm)&comma; 24&#8242; (610 mm) y 30&#8242; (762 mm). Las paredes laterales opcionales a presi\u00f3n pueden ser de 2&#8242; (50 mm)&comma; 4&#8242; (102 mm) y 6&#8242; (152 mm) de altura que se pueden instalar a mano en cualquier lugar a lo largo del tramo de charola. Las cascadas de pared lateral y las partes de radio de curvatura de intersecci\u00f3n proporcionan protecci\u00f3n de radio de curvatura de 3&#8242; (76 mm). Se pueden proporcionar soportes de montaje en pared&comma; voladizo y trapecio para soportar la charola. <\/p>\n<\/p><\/div>\n<p> <!-- Secci\u00f3n de especificaciones --> <\/p>\n<div style='display: flex; flex-wrap: wrap; gap: 20px; margin-bottom: 30px;'>\n<div style='flex: 1 1 250px; border: 1px solid rgba(150&comma; 150&comma; 150&comma; 0.4); border-radius: 8px; overflow: hidden; display: flex; flex-direction: column;'>\n<div style='padding: 15px; border-bottom: 1px solid rgba(150&comma; 150&comma; 150&comma; 0.2); font-weight: bold; font-size: 18px; color: inherit;'>Especificaciones<\/div>\n<div style='padding: 15px; color: inherit;'>\n<ul style='padding-left: 20px; margin: 0; font-size: 14px; list-style-type: disc;'>\n<li style='margin-bottom: 5px;'><strong>Color:<\/strong> Negro<\/li>\n<li style='margin-bottom: 5px;'><strong>Acabado\/Recubrimiento:<\/strong> Pre-galvanizado<\/li>\n<li style='margin-bottom: 5px;'><strong>Material:<\/strong> Acero<\/li>\n<\/ul><\/div>\n<\/p><\/div>\n<div style='flex: 1 1 250px; border: 1px solid rgba(150&comma; 150&comma; 150&comma; 0.4); border-radius: 8px; overflow: hidden; display: flex; flex-direction: column;'>\n<div style='padding: 15px; border-bottom: 1px solid rgba(150&comma; 150&comma; 150&comma; 0.2); font-weight: bold; font-size: 18px; color: inherit;'>Dimensiones<\/div>\n<div style='padding: 15px; color: inherit;'>\n<ul style='padding-left: 20px; margin: 0; font-size: 14px; list-style-type: disc;'>\n<li style='margin-bottom: 5px;'><strong>Altura total (mm):<\/strong> 124.5<\/li>\n<li style='margin-bottom: 5px;'><strong>Longitud total (mm):<\/strong> 30.5<\/li>\n<li style='margin-bottom: 5px;'><strong>Ancho total (mm):<\/strong> 94.2<\/li>\n<\/ul><\/div>\n<\/p><\/div>\n<\/p><\/div>\n<p> <!-- Separador --> <\/p>\n<hr style='border: 0; border-top: 1px solid rgba(150&comma; 150&comma; 150&comma; 0.3); margin: 30px 0;'> <\/div>\n","protected":false},"excerpt":{"rendered":"<p>Pared Lateral Para Charolas Wyr-Grid\u00ae, Con Pintura Electrost\u00e1tica en Color Negro, de 50 mm (2 in) de Alto<\/p>\n","protected":false},"featured_media":14935,"comment_status":"open","ping_status":"closed","template":"","meta":[],"product_brand":[],"product_cat":[597],"product_tag":[93,593,445],"class_list":{"0":"post-14936","1":"product","2":"type-product","3":"status-publish","4":"has-post-thumbnail","6":"product_cat-accesorios-charola","7":"product_tag-accesorios","8":"product_tag-charola","9":"product_tag-panduit","11":"first","12":"outofstock","13":"sale","14":"shipping-taxable","15":"purchasable","16":"product-type-simple"},"_links":{"self":[{"href":"https:\/\/soydeaqui.ddns.net\/pachuca\/index.php\/wp-json\/wp\/v2\/product\/14936","targetHints":{"allow":["GET"]}}],"collection":[{"href":"https:\/\/soydeaqui.ddns.net\/pachuca\/index.php\/wp-json\/wp\/v2\/product"}],"about":[{"href":"https:\/\/soydeaqui.ddns.net\/pachuca\/index.php\/wp-json\/wp\/v2\/types\/product"}],"replies":[{"embeddable":true,"href":"https:\/\/soydeaqui.ddns.net\/pachuca\/index.php\/wp-json\/wp\/v2\/comments?post=14936"}],"wp:featuredmedia":[{"embeddable":true,"href":"https:\/\/soydeaqui.ddns.net\/pachuca\/index.php\/wp-json\/wp\/v2\/media\/14935"}],"wp:attachment":[{"href":"https:\/\/soydeaqui.ddns.net\/pachuca\/index.php\/wp-json\/wp\/v2\/media?parent=14936"}],"wp:term":[{"taxonomy":"product_brand","embeddable":true,"href":"https:\/\/soydeaqui.ddns.net\/pachuca\/index.php\/wp-json\/wp\/v2\/product_brand?post=14936"},{"taxonomy":"product_cat","embeddable":true,"href":"https:\/\/soydeaqui.ddns.net\/pachuca\/index.php\/wp-json\/wp\/v2\/product_cat?post=14936"},{"taxonomy":"product_tag","embeddable":true,"href":"https:\/\/soydeaqui.ddns.net\/pachuca\/index.php\/wp-json\/wp\/v2\/product_tag?post=14936"}],"curies":[{"name":"wp","href":"https:\/\/api.w.org\/{rel}","templated":true}]}}