{"id":14928,"date":"2026-03-18T08:43:02","date_gmt":"2026-03-18T08:43:02","guid":{"rendered":"https:\/\/soydeaqui.ddns.net\/pachuca\/index.php\/producto\/kit-de-accesorios-para-unir-charolas-wyr-grid-de-panduit-en-intersecciones-compatible-con-8-12-18-24-y-30-in-de-ancho-color-negro\/"},"modified":"2026-03-18T08:43:05","modified_gmt":"2026-03-18T08:43:05","slug":"kit-de-accesorios-para-unir-charolas-wyr-grid-de-panduit-en-intersecciones-compatible-con-8-12-18-24-y-30-in-de-ancho-color-negro","status":"publish","type":"product","link":"https:\/\/soydeaqui.ddns.net\/pachuca\/index.php\/producto\/kit-de-accesorios-para-unir-charolas-wyr-grid-de-panduit-en-intersecciones-compatible-con-8-12-18-24-y-30-in-de-ancho-color-negro\/","title":{"rendered":"Kit de Accesorios para Unir Charolas Wyr-Grid de Panduit en Intersecciones, Compatible con 8, 12, 18, 24 y 30 in de Ancho, Color Negro"},"content":{"rendered":"<div style='width: 100%; max-width: 1200px; margin: 0 auto; font-family: sans-serif; line-height: 1.6; color: inherit; background-color: transparent;'> <!-- Descripci\u00f3n general --> <\/p>\n<div style='margin-bottom: 30px;'>\n<h2 style='font-size: 24px; border-bottom: 2px solid currentColor; padding-bottom: 8px; margin-top: 0; color: inherit; opacity: 0.85;'>Descripci\u00f3n<\/h2>\n<p style='font-size: 15px; color: inherit; margin-bottom: 15px;'>Los clips de empalme para intersecci\u00f3n Wyr-Grid\u00ae se utilizan en sistemas de enrutamiento de cables para unir r\u00e1pidamente charolas Wyr-Grid\u00ae. Se necesitan tres piezas para crear una intersecci\u00f3n en T o en \u00e1ngulo recto.<\/p>\n<ul style='padding-left: 20px; font-size: 15px; color: inherit;'>\n<li style='margin-bottom: 5px;'>Color negro<\/li>\n<li style='margin-bottom: 5px;'>Acabado\/Recubrimiento: Recubierto en polvo negro<\/li>\n<li style='margin-bottom: 5px;'>Material: Acero<\/li>\n<li style='margin-bottom: 5px;'>N\u00famero de piezas: 3<\/li>\n<li style='margin-bottom: 5px;'>Altura total (mm): 76.4<\/li>\n<li style='margin-bottom: 5px;'>Longitud total (mm): 81.3<\/li>\n<li style='margin-bottom: 5px;'>Ancho total (mm): 34.2<\/li>\n<li style='margin-bottom: 5px;'>Cumple con RoHS<\/li>\n<\/ul><\/div>\n<p> <!-- Caracter\u00edsticas t\u00e9cnicas --> <\/p>\n<div style='margin-bottom: 30px;'>\n<h2 style='font-size: 24px; border-bottom: 2px solid currentColor; padding-bottom: 8px; margin-top: 0; color: inherit; opacity: 0.85;'>Caracter\u00edsticas T\u00e9cnicas<\/h2>\n<div style='display: flex; flex-wrap: wrap; gap: 30px; margin-top: 20px;'>\n<div style='flex: 1 1 300px; min-width: 280px;'>\n<h3 style='font-size: 20px; border-bottom: 2px solid currentColor; padding-bottom: 5px; margin-top: 0; color: inherit; opacity: 0.8;'>Compatibilidad<\/h3>\n<ul style='padding-left: 20px; font-size: 15px; color: inherit;'>\n<li style='margin-bottom: 5px;'>Anchos compatibles: 8&#8217;&comma; 12&#8217;&comma; 18&#8217;&comma; 24&#8242; y 30&#8242; (203mm&comma; 305mm&comma; 457mm&comma; 610mm y 762mm)<\/li>\n<li style='margin-bottom: 5px;'>Sistema compatible: Wyr-Grid\u00ae Overhead Cable Tray Routing System<\/li>\n<\/ul><\/div>\n<div style='flex: 1 1 300px; min-width: 280px;'>\n<h3 style='font-size: 20px; border-bottom: 2px solid currentColor; padding-bottom: 5px; margin-top: 0; color: inherit; opacity: 0.8;'>Construcci\u00f3n<\/h3>\n<ul style='padding-left: 20px; font-size: 15px; color: inherit;'>\n<li style='margin-bottom: 5px;'>Material: Acero pre-galvanizado con recubrimiento en polvo negro<\/li>\n<li style='margin-bottom: 5px;'>Cumple con normas: UL Classified para conductores de puesta a tierra seg\u00fan NEC 392.3(C) y 392.7(B)<\/li>\n<li style='margin-bottom: 5px;'>Cumple con: NEMA VE 1-2002 y ANSI\/NFPA 70 (NEC)<\/li>\n<li style='margin-bottom: 5px;'>Resistente a la corrosi\u00f3n seg\u00fan ASTM A653\/A653M-08 y A641\/A641M-09<\/li>\n<\/ul><\/div>\n<div style='flex: 1 1 300px; min-width: 280px;'>\n<h3 style='font-size: 20px; border-bottom: 2px solid currentColor; padding-bottom: 5px; margin-top: 0; color: inherit; opacity: 0.8;'>Dimensiones<\/h3>\n<ul style='padding-left: 20px; font-size: 15px; color: inherit;'>\n<li style='margin-bottom: 5px;'>Altura total: 76.4 mm<\/li>\n<li style='margin-bottom: 5px;'>Longitud total: 81.3 mm<\/li>\n<li style='margin-bottom: 5px;'>Ancho total: 34.2 mm<\/li>\n<\/ul><\/div>\n<div style='flex: 1 1 300px; min-width: 280px;'>\n<h3 style='font-size: 20px; border-bottom: 2px solid currentColor; padding-bottom: 5px; margin-top: 0; color: inherit; opacity: 0.8;'>Certificaciones<\/h3>\n<ul style='padding-left: 20px; font-size: 15px; color: inherit;'>\n<li style='margin-bottom: 5px;'>RoHS<\/li>\n<li style='margin-bottom: 5px;'>UL Classified<\/li>\n<li style='margin-bottom: 5px;'>EN61537:2007<\/li>\n<\/ul><\/div>\n<\/p><\/div>\n<\/p><\/div>\n<p> <!-- Caracter\u00edsticas principales --> <\/p>\n<div style='margin-bottom: 30px;'>\n<h2 style='font-size: 24px; border-bottom: 2px solid currentColor; padding-bottom: 8px; margin-top: 0; color: inherit; opacity: 0.85;'>Caracter\u00edsticas Principales<\/h2>\n<div style='display: flex; flex-wrap: wrap; gap: 30px; margin-top: 20px;'>\n<div style='flex: 1 1 300px; min-width: 280px;'>\n<ul style='padding-left: 20px; font-size: 15px; color: inherit; list-style-type: disc;'>\n<li style='margin-bottom: 5px;'>Dise\u00f1o modular para f\u00e1cil instalaci\u00f3n<\/li>\n<li style='margin-bottom: 5px;'>Conector de empalme para intersecciones en T o en \u00e1ngulo recto<\/li>\n<li style='margin-bottom: 5px;'>Tres piezas necesarias por intersecci\u00f3n<\/li>\n<li style='margin-bottom: 5px;'>Compatible con diferentes anchos de charolas (8&#8242; a 30&#8242;)<\/li>\n<li style='margin-bottom: 5px;'>Sistema de conexi\u00f3n sin necesidad de herramientas especiales<\/li>\n<li style='margin-bottom: 5px;'>Proporciona continuidad el\u00e9ctrica entre secciones<\/li>\n<\/ul><\/div>\n<\/p><\/div>\n<\/p><\/div>\n<p> <!-- Aplicaciones --> <\/p>\n<div style='margin-bottom: 30px;'>\n<h2 style='font-size: 24px; border-bottom: 2px solid currentColor; padding-bottom: 8px; margin-top: 0; color: inherit; opacity: 0.85;'>Aplicaciones<\/h2>\n<div style='display: flex; flex-wrap: wrap; gap: 30px; margin-top: 20px;'>\n<div style='flex: 1 1 300px; min-width: 280px;'>\n<ul style='padding-left: 20px; font-size: 15px; color: inherit; list-style-type: disc;'>\n<li style='margin-bottom: 5px;'>Centros de datos<\/li>\n<li style='margin-bottom: 5px;'>Edificios conectados<\/li>\n<li style='margin-bottom: 5px;'>Aplicaciones industriales de automatizaci\u00f3n<\/li>\n<li style='margin-bottom: 5px;'>Instalaciones con necesidad de enrutamiento de cables de cobre&comma; fibra \u00f3ptica o energ\u00eda<\/li>\n<li style='margin-bottom: 5px;'>Sistemas que requieren separaci\u00f3n de cableado de cobre y fibra \u00f3ptica<\/li>\n<\/ul><\/div>\n<\/p><\/div>\n<\/p><\/div>\n<p> <!-- Especificaciones t\u00e9cnicas adicionales --> <\/p>\n<div style='margin-bottom: 30px;'>\n<h2 style='font-size: 24px; border-bottom: 2px solid currentColor; padding-bottom: 8px; margin-top: 0; color: inherit; opacity: 0.85;'>Especificaciones T\u00e9cnicas Adicionales<\/h2>\n<div style='display: flex; flex-wrap: wrap; gap: 20px; margin-top: 20px;'>\n<div style='flex: 1 1 250px; border: 1px solid rgba(150&comma; 150&comma; 150&comma; 0.4); border-radius: 8px; overflow: hidden; display: flex; flex-direction: column;'>\n<div style='padding: 15px; border-bottom: 1px solid rgba(150&comma; 150&comma; 150&comma; 0.2); font-weight: bold; font-size: 18px; color: inherit;'>Compatibilidad<\/div>\n<div style='padding: 15px; color: inherit;'>\n<ul style='padding-left: 20px; margin: 0; font-size: 14px; list-style-type: disc;'>\n<li style='margin-bottom: 5px;'>8&#8242; (203mm)<\/li>\n<li style='margin-bottom: 5px;'>12&#8242; (305mm)<\/li>\n<li style='margin-bottom: 5px;'>18&#8242; (457mm)<\/li>\n<li style='margin-bottom: 5px;'>24&#8242; (610mm)<\/li>\n<li style='margin-bottom: 5px;'>30&#8242; (762mm)<\/li>\n<\/ul><\/div>\n<\/p><\/div>\n<div style='flex: 1 1 250px; border: 1px solid rgba(150&comma; 150&comma; 150&comma; 0.4); border-radius: 8px; overflow: hidden; display: flex; flex-direction: column;'>\n<div style='padding: 15px; border-bottom: 1px solid rgba(150&comma; 150&comma; 150&comma; 0.2); font-weight: bold; font-size: 18px; color: inherit;'>Tipos de Conexi\u00f3n<\/div>\n<div style='padding: 15px; color: inherit;'>\n<ul style='padding-left: 20px; margin: 0; font-size: 14px; list-style-type: disc;'>\n<li style='margin-bottom: 5px;'>Intersecci\u00f3n en T<\/li>\n<li style='margin-bottom: 5px;'>Intersecci\u00f3n en \u00e1ngulo recto<\/li>\n<\/ul><\/div>\n<\/p><\/div>\n<div style='flex: 1 1 250px; border: 1px solid rgba(150&comma; 150&comma; 150&comma; 0.4); border-radius: 8px; overflow: hidden; display: flex; flex-direction: column;'>\n<div style='padding: 15px; border-bottom: 1px solid rgba(150&comma; 150&comma; 150&comma; 0.2); font-weight: bold; font-size: 18px; color: inherit;'>Materiales<\/div>\n<div style='padding: 15px; color: inherit;'>\n<ul style='padding-left: 20px; margin: 0; font-size: 14px; list-style-type: disc;'>\n<li style='margin-bottom: 5px;'>Acero pre-galvanizado<\/li>\n<li style='margin-bottom: 5px;'>Recubrimiento en polvo negro<\/li>\n<\/ul><\/div>\n<\/p><\/div>\n<\/p><\/div>\n<\/p><\/div>\n<p> <!-- Normas y certificaciones --> <\/p>\n<div style='margin-bottom: 30px;'>\n<h2 style='font-size: 24px; border-bottom: 2px solid currentColor; padding-bottom: 8px; margin-top: 0; color: inherit; opacity: 0.85;'>Normas y Certificaciones<\/h2>\n<div style='display: flex; flex-wrap: wrap; gap: 30px; margin-top: 20px;'>\n<div style='flex: 1 1 300px; min-width: 280px;'>\n<ul style='padding-left: 20px; font-size: 15px; color: inherit; list-style-type: disc;'>\n<li style='margin-bottom: 5px;'>UL Classified para conductores de puesta a tierra seg\u00fan NEC 392.3(C) y 392.7(B)<\/li>\n<li style='margin-bottom: 5px;'>Cumple con NEMA VE 1-2002 y ANSI\/NFPA 70 (NEC)<\/li>\n<li style='margin-bottom: 5px;'>Resistente a la corrosi\u00f3n seg\u00fan ASTM A653\/A653M-08 y A641\/A641M-09<\/li>\n<li style='margin-bottom: 5px;'>EN61537:2007 Sistemas de bandejas de cables<\/li>\n<li style='margin-bottom: 5px;'>RoHS<\/li>\n<\/ul><\/div>\n<\/p><\/div>\n<\/p><\/div>\n<p> <!-- Opciones de montaje --> <\/p>\n<div style='margin-bottom: 30px;'>\n<h2 style='font-size: 24px; border-bottom: 2px solid currentColor; padding-bottom: 8px; margin-top: 0; color: inherit; opacity: 0.85;'>Opciones de Montaje<\/h2>\n<div style='display: flex; flex-wrap: wrap; gap: 30px; margin-top: 20px;'>\n<div style='flex: 1 1 300px; min-width: 280px;'>\n<ul style='padding-left: 20px; font-size: 15px; color: inherit; list-style-type: disc;'>\n<li style='margin-bottom: 5px;'>Trapeze brackets (8&#8242; a 30&#8242;)<\/li>\n<li style='margin-bottom: 5px;'>Montaje en pared<\/li>\n<li style='margin-bottom: 5px;'>Montaje directo en gabinetes<\/li>\n<li style='margin-bottom: 5px;'>Montaje en bastidores de 4 postes<\/li>\n<\/ul><\/div>\n<\/p><\/div>\n<\/p><\/div>\n<p> <!-- Informaci\u00f3n de compatibilidad --> <\/p>\n<div style='margin-bottom: 30px;'>\n<h2 style='font-size: 24px; border-bottom: 2px solid currentColor; padding-bottom: 8px; margin-top: 0; color: inherit; opacity: 0.85;'>Compatibilidad con Sistema Wyr-Grid\u00ae<\/h2>\n<div style='display: flex; flex-wrap: wrap; gap: 20px; margin-top: 20px;'>\n<div style='flex: 1 1 250px; border: 1px solid rgba(150&comma; 150&comma; 150&comma; 0.4); border-radius: 8px; overflow: hidden; display: flex; flex-direction: column;'>\n<div style='padding: 15px; border-bottom: 1px solid rgba(150&comma; 150&comma; 150&comma; 0.2); font-weight: bold; font-size: 18px; color: inherit;'>Componentes Compatibles<\/div>\n<div style='padding: 15px; color: inherit;'>\n<ul style='padding-left: 20px; margin: 0; font-size: 14px; list-style-type: disc;'>\n<li style='margin-bottom: 5px;'>Sidewalls (2&#8217;&comma; 4&#8242; y 6&#8242;)<\/li>\n<li style='margin-bottom: 5px;'>Waterfalls<\/li>\n<li style='margin-bottom: 5px;'>Montaje vertical<\/li>\n<li style='margin-bottom: 5px;'>Bend radius control<\/li>\n<\/ul><\/div>\n<\/p><\/div>\n<div style='flex: 1 1 250px; border: 1px solid rgba(150&comma; 150&comma; 150&comma; 0.4); border-radius: 8px; overflow: hidden; display: flex; flex-direction: column;'>\n<div style='padding: 15px; border-bottom: 1px solid rgba(150&comma; 150&comma; 150&comma; 0.2); font-weight: bold; font-size: 18px; color: inherit;'>Accesorios<\/div>\n<div style='padding: 15px; color: inherit;'>\n<ul style='padding-left: 20px; margin: 0; font-size: 14px; list-style-type: disc;'>\n<li style='margin-bottom: 5px;'>Kit de hardware<\/li>\n<li style='margin-bottom: 5px;'>Dividers walls<\/li>\n<li style='margin-bottom: 5px;'>Tray liners<\/li>\n<\/ul><\/div>\n<\/p><\/div>\n<\/p><\/div>\n<\/p><\/div>\n<\/p><\/div>\n","protected":false},"excerpt":{"rendered":"<p>Kit de Accesorios para Unir Charolas Wyr-Grid de Panduit en Intersecciones, Compatible con 8, 12, 18, 24 y 30 in de Ancho, Color Negro<\/p>\n","protected":false},"featured_media":14927,"comment_status":"open","ping_status":"closed","template":"","meta":[],"product_brand":[],"product_cat":[597],"product_tag":[93,593,445],"class_list":{"0":"post-14928","1":"product","2":"type-product","3":"status-publish","4":"has-post-thumbnail","6":"product_cat-accesorios-charola","7":"product_tag-accesorios","8":"product_tag-charola","9":"product_tag-panduit","11":"first","12":"instock","13":"sale","14":"shipping-taxable","15":"purchasable","16":"product-type-simple"},"_links":{"self":[{"href":"https:\/\/soydeaqui.ddns.net\/pachuca\/index.php\/wp-json\/wp\/v2\/product\/14928","targetHints":{"allow":["GET"]}}],"collection":[{"href":"https:\/\/soydeaqui.ddns.net\/pachuca\/index.php\/wp-json\/wp\/v2\/product"}],"about":[{"href":"https:\/\/soydeaqui.ddns.net\/pachuca\/index.php\/wp-json\/wp\/v2\/types\/product"}],"replies":[{"embeddable":true,"href":"https:\/\/soydeaqui.ddns.net\/pachuca\/index.php\/wp-json\/wp\/v2\/comments?post=14928"}],"wp:featuredmedia":[{"embeddable":true,"href":"https:\/\/soydeaqui.ddns.net\/pachuca\/index.php\/wp-json\/wp\/v2\/media\/14927"}],"wp:attachment":[{"href":"https:\/\/soydeaqui.ddns.net\/pachuca\/index.php\/wp-json\/wp\/v2\/media?parent=14928"}],"wp:term":[{"taxonomy":"product_brand","embeddable":true,"href":"https:\/\/soydeaqui.ddns.net\/pachuca\/index.php\/wp-json\/wp\/v2\/product_brand?post=14928"},{"taxonomy":"product_cat","embeddable":true,"href":"https:\/\/soydeaqui.ddns.net\/pachuca\/index.php\/wp-json\/wp\/v2\/product_cat?post=14928"},{"taxonomy":"product_tag","embeddable":true,"href":"https:\/\/soydeaqui.ddns.net\/pachuca\/index.php\/wp-json\/wp\/v2\/product_tag?post=14928"}],"curies":[{"name":"wp","href":"https:\/\/api.w.org\/{rel}","templated":true}]}}