{"id":14900,"date":"2026-03-18T08:42:31","date_gmt":"2026-03-18T08:42:31","guid":{"rendered":"https:\/\/soydeaqui.ddns.net\/pachuca\/index.php\/producto\/canaleta-fiberrunner-2x2-sin-tapa-de-pvc-rigido-color-amarillo-1-8-m-de-largo\/"},"modified":"2026-03-18T08:42:35","modified_gmt":"2026-03-18T08:42:35","slug":"canaleta-fiberrunner-2x2-sin-tapa-de-pvc-rigido-color-amarillo-1-8-m-de-largo","status":"publish","type":"product","link":"https:\/\/soydeaqui.ddns.net\/pachuca\/index.php\/producto\/canaleta-fiberrunner-2x2-sin-tapa-de-pvc-rigido-color-amarillo-1-8-m-de-largo\/","title":{"rendered":"Canaleta FiberRunner\u2122 2X2 sin Tapa, de PVC R\u00edgido, Color Amarillo, 1.8 m de Largo"},"content":{"rendered":"<div style='width: 100%; max-width: 1200px; margin: 0 auto; font-family: sans-serif; line-height: 1.6; color: inherit; background-color: transparent;'> <!-- Secci\u00f3n de descripci\u00f3n --> <\/p>\n<div style='margin-bottom: 30px; font-size: 15px; color: inherit;'>\n<p style='margin-top: 0;'>La canalizaci\u00f3n FiberRunner 2&#215;2 es un sistema de canaletas&comma; accesorios y soportes dise\u00f1ado para segregar&comma; enrutar y proteger el cableado de cobre de alto rendimiento y fibra \u00f3ptica. Se ensambla f\u00e1cilmente mediante acopladores premontados y ofrece opciones de derivaci\u00f3n que se acoplan usando la T vertical. Los accesorios mantienen un radio de curvatura m\u00ednimo de 2&#8242; para proteger contra la p\u00e9rdida de se\u00f1al debido a dobleces excesivos del cable.<\/p>\n<\/p><\/div>\n<p> <!-- Secci\u00f3n de caracter\u00edsticas --> <\/p>\n<div style='display: flex; flex-wrap: wrap; gap: 30px; margin-bottom: 30px;'>\n<div style='flex: 1 1 300px; min-width: 280px;'>\n<h3 style='font-size: 22px; border-bottom: 2px solid currentColor; padding-bottom: 5px; margin-top: 0; color: inherit; opacity: 0.8;'>Caracter\u00edsticas Principales<\/h3>\n<ul style='padding-left: 20px; font-size: 15px; color: inherit;'>\n<li style='margin-bottom: 5px;'><strong>Material:<\/strong> PVC r\u00edgido<\/li>\n<li style='margin-bottom: 5px;'><strong>Grado de flamabilidad:<\/strong> 94V-0<\/li>\n<li style='margin-bottom: 5px;'><strong>Radio de curvatura m\u00ednimo:<\/strong> 2&#8242; (50.8 mm)<\/li>\n<li style='margin-bottom: 5px;'><strong>Ancho total:<\/strong> 55.1 mm<\/li>\n<li style='margin-bottom: 5px;'><strong>Altura total:<\/strong> 50.8 mm<\/li>\n<li style='margin-bottom: 5px;'><strong>Longitud total:<\/strong> 1.8 m<\/li>\n<li style='margin-bottom: 5px;'><strong>Color:<\/strong> Amarillo<\/li>\n<li style='margin-bottom: 5px;'><strong>M\u00e9todo de ensamblaje:<\/strong> Acopladores premontados<\/li>\n<\/ul><\/div>\n<p> <!-- Secci\u00f3n de beneficios --> <\/p>\n<div style='flex: 1 1 300px; min-width: 280px;'>\n<h3 style='font-size: 22px; border-bottom: 2px solid currentColor; padding-bottom: 5px; margin-top: 0; color: inherit; opacity: 0.8;'>Beneficios<\/h3>\n<ul style='padding-left: 20px; font-size: 15px; color: inherit;'>\n<li style='margin-bottom: 5px;'><strong>Instalaci\u00f3n r\u00e1pida:<\/strong> No requiere herramientas ni tornillos<\/li>\n<li style='margin-bottom: 5px;'><strong>F\u00e1cil mantenimiento:<\/strong> Cubiertas articuladas permiten acceso r\u00e1pido<\/li>\n<li style='margin-bottom: 5px;'><strong>Protecci\u00f3n robusta:<\/strong> Sistema resistente para protecci\u00f3n contra da\u00f1os f\u00edsicos<\/li>\n<li style='margin-bottom: 5px;'><strong>Versatilidad:<\/strong> Compatible con sistemas FiberRunner y Fiber-Duct<\/li>\n<li style='margin-bottom: 5px;'><strong>Protecci\u00f3n de cables:<\/strong> Mantiene radio de curvatura m\u00ednimo de 2&#8242;<\/li>\n<\/ul><\/div>\n<\/p><\/div>\n<p> <!-- Secci\u00f3n de especificaciones t\u00e9cnicas --> <\/p>\n<div style='display: flex; flex-wrap: wrap; gap: 20px; margin-bottom: 30px;'>\n<div style='flex: 1 1 250px; border: 1px solid rgba(150&comma; 150&comma; 150&comma; 0.4); border-radius: 8px; overflow: hidden; display: flex; flex-direction: column;'>\n<div style='padding: 15px; border-bottom: 1px solid rgba(150&comma; 150&comma; 150&comma; 0.2); font-weight: bold; font-size: 18px; color: inherit;'>Especificaciones T\u00e9cnicas<\/div>\n<div style='padding: 15px; color: inherit;'>\n<ul style='padding-left: 20px; margin: 0; font-size: 14px; list-style-type: disc;'>\n<li style='margin-bottom: 5px;'><strong>Material:<\/strong> PVC r\u00edgido (Canaleta)&comma; ABS (Accesorios)<\/li>\n<li style='margin-bottom: 5px;'><strong>Grado de flamabilidad:<\/strong> 94V-0<\/li>\n<li style='margin-bottom: 5px;'><strong>Radio de curvatura:<\/strong> 2&#8242; (50.8 mm)<\/li>\n<li style='margin-bottom: 5px;'><strong>Altura total:<\/strong> 2&#8242; (50.8 mm)<\/li>\n<li style='margin-bottom: 5px;'><strong>Ancho total:<\/strong> 2.17&#8242; (55.1 mm)<\/li>\n<li style='margin-bottom: 5px;'><strong>Longitud total:<\/strong> 1.8 m<\/li>\n<li style='margin-bottom: 5px;'><strong>Color:<\/strong> Amarillo<\/li>\n<\/ul><\/div>\n<\/p><\/div>\n<p> <!-- Secci\u00f3n de capacidad de llenado --> <\/p>\n<div style='flex: 1 1 250px; border: 1px solid rgba(150&comma; 150&comma; 150&comma; 0.4); border-radius: 8px; overflow: hidden; display: flex; flex-direction: column;'>\n<div style='padding: 15px; border-bottom: 1px solid rgba(150&comma; 150&comma; 150&comma; 0.2); font-weight: bold; font-size: 18px; color: inherit;'>Capacidad de Llenado<\/div>\n<div style='padding: 15px; color: inherit;'>\n<ul style='padding-left: 20px; margin: 0; font-size: 14px; list-style-type: disc;'>\n<li style='margin-bottom: 5px;'><strong>Capacidad al 50%:<\/strong> 1.6mm &#8211; 546 cables<\/li>\n<li style='margin-bottom: 5px;'><strong>Capacidad al 50%:<\/strong> 2.0mm &#8211; 349 cables<\/li>\n<li style='margin-bottom: 5px;'><strong>Capacidad al 50%:<\/strong> 3.0mm &#8211; 155 cables<\/li>\n<li style='margin-bottom: 5px;'><strong>Capacidad al 50%:<\/strong> 5.20mm &#8211; 52 cables<\/li>\n<li style='margin-bottom: 5px;'><strong>Capacidad al 50%:<\/strong> 6.35mm &#8211; 35 cables<\/li>\n<li style='margin-bottom: 5px;'><strong>Capacidad al 50%:<\/strong> 7.57mm &#8211; 24 cables<\/li>\n<\/ul><\/div>\n<\/p><\/div>\n<p> <!-- Secci\u00f3n de compatibilidad --> <\/p>\n<div style='flex: 1 1 250px; border: 1px solid rgba(150&comma; 150&comma; 150&comma; 0.4); border-radius: 8px; overflow: hidden; display: flex; flex-direction: column;'>\n<div style='padding: 15px; border-bottom: 1px solid rgba(150&comma; 150&comma; 150&comma; 0.2); font-weight: bold; font-size: 18px; color: inherit;'>Compatibilidad<\/div>\n<div style='padding: 15px; color: inherit;'>\n<ul style='padding-left: 20px; margin: 0; font-size: 14px; list-style-type: disc;'>\n<li style='margin-bottom: 5px;'>Sistema FiberRunner 24&#215;4&comma; 12&#215;4&comma; 6&#215;4 y 4&#215;4<\/li>\n<li style='margin-bottom: 5px;'>Sistema Fiber-Duct 4&#215;4 y 2&#215;2<\/li>\n<li style='margin-bottom: 5px;'>Sistemas de gesti\u00f3n de cables y racks Panduit<\/li>\n<\/ul><\/div>\n<\/p><\/div>\n<p> <!-- Secci\u00f3n de aplicaciones --> <\/p>\n<div style='flex: 1 1 250px; border: 1px solid rgba(150&comma; 150&comma; 150&comma; 0.4); border-radius: 8px; overflow: hidden; display: flex; flex-direction: column;'>\n<div style='padding: 15px; border-bottom: 1px solid rgba(150&comma; 150&comma; 150&comma; 0.2); font-weight: bold; font-size: 18px; color: inherit;'>Aplicaciones<\/div>\n<div style='padding: 15px; color: inherit;'>\n<ul style='padding-left: 20px; margin: 0; font-size: 14px; list-style-type: disc;'>\n<li style='margin-bottom: 5px;'>Centros de datos<\/li>\n<li style='margin-bottom: 5px;'>Oficinas centrales Telco<\/li>\n<li style='margin-bottom: 5px;'>Rutas sobre bastidores<\/li>\n<li style='margin-bottom: 5px;'>Instalaciones bajo piso elevado<\/li>\n<\/ul><\/div>\n<\/p><\/div>\n<\/p><\/div>\n<p> <!-- Secci\u00f3n de accesorios compatibles --> <\/p>\n<div style='margin-bottom: 30px;'>\n<h3 style='font-size: 22px; border-bottom: 2px solid currentColor; padding-bottom: 5px; margin-top: 0; color: inherit; opacity: 0.8;'>Accesorios Compatibles<\/h3>\n<div style='display: flex; flex-wrap: wrap; gap: 10px; margin-top: 15px;'> <span style='background-color: rgba(150&comma; 150&comma; 150&comma; 0.1); padding: 5px 10px; border-radius: 4px; font-size: 14px; color: inherit; flex: 1 1 180px; min-width: 120px; text-align: center;'>Acopladores QuikLock\u2122<\/span> <span style='background-color: rgba(150&comma; 150&comma; 150&comma; 0.1); padding: 5px 10px; border-radius: 4px; font-size: 14px; color: inherit; flex: 1 1 180px; min-width: 120px; text-align: center;'>Cable retainer WR2H-C<\/span> <span style='background-color: rgba(150&comma; 150&comma; 150&comma; 0.1); padding: 5px 10px; border-radius: 4px; font-size: 14px; color: inherit; flex: 1 1 180px; min-width: 120px; text-align: center;'>Fittings y derivaciones<\/span> <span style='background-color: rgba(150&comma; 150&comma; 150&comma; 0.1); padding: 5px 10px; border-radius: 4px; font-size: 14px; color: inherit; flex: 1 1 180px; min-width: 120px; text-align: center;'>Soportes para bastidores<\/span> <span style='background-color: rgba(150&comma; 150&comma; 150&comma; 0.1); padding: 5px 10px; border-radius: 4px; font-size: 14px; color: inherit; flex: 1 1 180px; min-width: 120px; text-align: center;'>Soportes para piso elevado<\/span> <span style='background-color: rgba(150&comma; 150&comma; 150&comma; 0.1); padding: 5px 10px; border-radius: 4px; font-size: 14px; color: inherit; flex: 1 1 180px; min-width: 120px; text-align: center;'>Soportes para tuber\u00eda roscada<\/span> <\/div>\n<\/p><\/div>\n<p> <!-- Secci\u00f3n de est\u00e1ndares y certificaciones --> <\/p>\n<div style='display: flex; flex-wrap: wrap; gap: 20px; margin-bottom: 30px;'>\n<div style='flex: 1 1 250px; border: 1px solid rgba(150&comma; 150&comma; 150&comma; 0.4); border-radius: 8px; overflow: hidden; display: flex; flex-direction: column;'>\n<div style='padding: 15px; border-bottom: 1px solid rgba(150&comma; 150&comma; 150&comma; 0.2); font-weight: bold; font-size: 18px; color: inherit;'>Est\u00e1ndares y Certificaciones<\/div>\n<div style='padding: 15px; color: inherit;'>\n<ul style='padding-left: 20px; margin: 0; font-size: 14px; list-style-type: disc;'>\n<li style='margin-bottom: 5px;'>UL Listed to 2024A Optical Fiber Cable Routing Assemblies<\/li>\n<li style='margin-bottom: 5px;'>Conforme a pruebas aplicables Telcordia GR-63-CORE<\/li>\n<li style='margin-bottom: 5px;'>Network Equipment Building Systems Level 3<\/li>\n<li style='margin-bottom: 5px;'>CSI Spec Form LP-CSISPEC-FR<\/li>\n<\/ul><\/div>\n<\/p><\/div>\n<\/p><\/div>\n<p> <!-- Separador --> <\/p>\n<hr style='border: 0; border-top: 1px solid rgba(150&comma; 150&comma; 150&comma; 0.3); margin: 30px 0;'> <\/div>\n","protected":false},"excerpt":{"rendered":"<p>Canaleta FiberRunner\u2122 2X2 sin Tapa, de PVC R\u00edgido, Color Amarillo, 1.8 m de Largo<\/p>\n","protected":false},"featured_media":14899,"comment_status":"open","ping_status":"closed","template":"","meta":[],"product_brand":[],"product_cat":[571],"product_tag":[573,572,445],"class_list":{"0":"post-14900","1":"product","2":"type-product","3":"status-publish","4":"has-post-thumbnail","6":"product_cat-accesorios-para-canaletas","7":"product_tag-accesorios-para-canaletas","8":"product_tag-canalizacion","9":"product_tag-panduit","11":"first","12":"outofstock","13":"sale","14":"shipping-taxable","15":"purchasable","16":"product-type-simple"},"_links":{"self":[{"href":"https:\/\/soydeaqui.ddns.net\/pachuca\/index.php\/wp-json\/wp\/v2\/product\/14900","targetHints":{"allow":["GET"]}}],"collection":[{"href":"https:\/\/soydeaqui.ddns.net\/pachuca\/index.php\/wp-json\/wp\/v2\/product"}],"about":[{"href":"https:\/\/soydeaqui.ddns.net\/pachuca\/index.php\/wp-json\/wp\/v2\/types\/product"}],"replies":[{"embeddable":true,"href":"https:\/\/soydeaqui.ddns.net\/pachuca\/index.php\/wp-json\/wp\/v2\/comments?post=14900"}],"wp:featuredmedia":[{"embeddable":true,"href":"https:\/\/soydeaqui.ddns.net\/pachuca\/index.php\/wp-json\/wp\/v2\/media\/14899"}],"wp:attachment":[{"href":"https:\/\/soydeaqui.ddns.net\/pachuca\/index.php\/wp-json\/wp\/v2\/media?parent=14900"}],"wp:term":[{"taxonomy":"product_brand","embeddable":true,"href":"https:\/\/soydeaqui.ddns.net\/pachuca\/index.php\/wp-json\/wp\/v2\/product_brand?post=14900"},{"taxonomy":"product_cat","embeddable":true,"href":"https:\/\/soydeaqui.ddns.net\/pachuca\/index.php\/wp-json\/wp\/v2\/product_cat?post=14900"},{"taxonomy":"product_tag","embeddable":true,"href":"https:\/\/soydeaqui.ddns.net\/pachuca\/index.php\/wp-json\/wp\/v2\/product_tag?post=14900"}],"curies":[{"name":"wp","href":"https:\/\/api.w.org\/{rel}","templated":true}]}}