{"id":14872,"date":"2026-03-18T08:42:02","date_gmt":"2026-03-18T08:42:02","guid":{"rendered":"https:\/\/soydeaqui.ddns.net\/pachuca\/index.php\/producto\/tapa-para-canaleta-ranurada-de-4-in-de-ancho-1828-8-mm-de-largo-color-amarillo\/"},"modified":"2026-03-18T08:42:02","modified_gmt":"2026-03-18T08:42:02","slug":"tapa-para-canaleta-ranurada-de-4-in-de-ancho-1828-8-mm-de-largo-color-amarillo","status":"publish","type":"product","link":"https:\/\/soydeaqui.ddns.net\/pachuca\/index.php\/producto\/tapa-para-canaleta-ranurada-de-4-in-de-ancho-1828-8-mm-de-largo-color-amarillo\/","title":{"rendered":"Tapa para Canaleta Ranurada, de 4 in de Ancho, 1828.8 mm de Largo, Color Amarillo"},"content":{"rendered":"<div style='width: 100%; max-width: 1200px; margin: 0 auto; font-family: sans-serif; line-height: 1.6; color: inherit; background-color: transparent;'> <!-- Secci\u00f3n de caracter\u00edsticas principales --> <\/p>\n<div style='display: flex; flex-wrap: wrap; gap: 30px; margin-bottom: 30px;'>\n<div style='flex: 1 1 300px; min-width: 280px;'>\n<h3 style='font-size: 22px; border-bottom: 2px solid currentColor; padding-bottom: 5px; margin-top: 0; color: inherit; opacity: 0.8;'>Caracter\u00edsticas Principales<\/h3>\n<ul style='padding-left: 20px; font-size: 15px; color: inherit;'>\n<li style='margin-bottom: 5px;'>Material de PVC sin plomo&comma; seguro y resistente<\/li>\n<li style='margin-bottom: 5px;'>Compatibilidad con ductos de 4 pulgadas de ancho<\/li>\n<li style='margin-bottom: 5px;'>Color amarillo para f\u00e1cil identificaci\u00f3n visual<\/li>\n<li style='margin-bottom: 5px;'>Largo de 1828.8 mm&comma; adecuada cobertura<\/li>\n<li style='margin-bottom: 5px;'>Grado de flamabilidad UL94 V-0&comma; alta seguridad<\/li>\n<\/ul><\/div>\n<\/p><\/div>\n<p> <!-- Secci\u00f3n de especificaciones t\u00e9cnicas --> <\/p>\n<div style='display: flex; flex-wrap: wrap; gap: 20px; margin-bottom: 30px;'>\n<div style='flex: 1 1 250px; border: 1px solid rgba(150&comma; 150&comma; 150&comma; 0.4); border-radius: 8px; overflow: hidden; display: flex; flex-direction: column;'>\n<div style='padding: 15px; border-bottom: 1px solid rgba(150&comma; 150&comma; 150&comma; 0.2); font-weight: bold; font-size: 18px; color: inherit;'>Especificaciones T\u00e9cnicas<\/div>\n<div style='padding: 15px; color: inherit;'>\n<ul style='padding-left: 20px; margin: 0; font-size: 14px; list-style-type: disc;'>\n<li style='margin-bottom: 5px;'><strong>Material:<\/strong> PVC sin plomo<\/li>\n<li style='margin-bottom: 5px;'><strong>Color:<\/strong> Amarillo<\/li>\n<li style='margin-bottom: 5px;'><strong>Compatibilidad:<\/strong> Ductos de 4 pulgadas de ancho<\/li>\n<li style='margin-bottom: 5px;'><strong>Tipo:<\/strong> Tapa<\/li>\n<li style='margin-bottom: 5px;'><strong>Largo:<\/strong> 1828.8 mm<\/li>\n<li style='margin-bottom: 5px;'><strong>Temperatura de uso:<\/strong> 50 \u00baC<\/li>\n<li style='margin-bottom: 5px;'><strong>Grado de flamabilidad:<\/strong> UL94 V-0<\/li>\n<\/ul><\/div>\n<\/p><\/div>\n<p> <!-- Secci\u00f3n de aplicaciones --> <\/p>\n<div style='flex: 1 1 250px; border: 1px solid rgba(150&comma; 150&comma; 150&comma; 0.4); border-radius: 8px; overflow: hidden; display: flex; flex-direction: column;'>\n<div style='padding: 15px; border-bottom: 1px solid rgba(150&comma; 150&comma; 150&comma; 0.2); font-weight: bold; font-size: 18px; color: inherit;'>Aplicaciones<\/div>\n<div style='padding: 15px; color: inherit;'>\n<ul style='padding-left: 20px; margin: 0; font-size: 14px; list-style-type: disc;'>\n<li style='margin-bottom: 5px;'>Data centers para segregaci\u00f3n y protecci\u00f3n de cables de fibra \u00f3ptica<\/li>\n<li style='margin-bottom: 5px;'>Telco Central Offices para ruteo de cables de fibra \u00f3ptica<\/li>\n<li style='margin-bottom: 5px;'>Aplicaciones sobre racks o en instalaciones subterr\u00e1neas aprobadas<\/li>\n<li style='margin-bottom: 5px;'>Para ruteo desde \u00e1reas de distribuci\u00f3n hasta gabinetes de equipos<\/li>\n<\/ul><\/div>\n<\/p><\/div>\n<p> <!-- Secci\u00f3n de beneficios --> <\/p>\n<div style='flex: 1 1 250px; border: 1px solid rgba(150&comma; 150&comma; 150&comma; 0.4); border-radius: 8px; overflow: hidden; display: flex; flex-direction: column;'>\n<div style='padding: 15px; border-bottom: 1px solid rgba(150&comma; 150&comma; 150&comma; 0.2); font-weight: bold; font-size: 18px; color: inherit;'>Beneficios<\/div>\n<div style='padding: 15px; color: inherit;'>\n<ul style='padding-left: 20px; margin: 0; font-size: 14px; list-style-type: disc;'>\n<li style='margin-bottom: 5px;'>Mantiene un radio de curvatura m\u00ednimo de 2&#8242; para prevenir dobleces excesivos<\/li>\n<li style='margin-bottom: 5px;'>Cubiertas de f\u00e1cil instalaci\u00f3n que se pueden quitar para acceso r\u00e1pido<\/li>\n<li style='margin-bottom: 5px;'>Sistema completo con complemento de abrazaderas para diferentes estructuras<\/li>\n<li style='margin-bottom: 5px;'>Colores est\u00e1ndar para diferenciaci\u00f3n de tipos de cables<\/li>\n<\/ul><\/div>\n<\/p><\/div>\n<\/p><\/div>\n<p> <!-- Secci\u00f3n de compatibilidad --> <\/p>\n<div style='display: flex; flex-wrap: wrap; gap: 20px; margin-bottom: 30px;'>\n<div style='flex: 1 1 250px; border: 1px solid rgba(150&comma; 150&comma; 150&comma; 0.4); border-radius: 8px; overflow: hidden; display: flex; flex-direction: column;'>\n<div style='padding: 15px; border-bottom: 1px solid rgba(150&comma; 150&comma; 150&comma; 0.2); font-weight: bold; font-size: 18px; color: inherit;'>Compatibilidad<\/div>\n<div style='padding: 15px; color: inherit;'>\n<ul style='padding-left: 20px; margin: 0; font-size: 14px; list-style-type: disc;'>\n<li style='margin-bottom: 5px;'>Sistema 4&#215;4 Fiber-Duct\u2122<\/li>\n<li style='margin-bottom: 5px;'>Sistema FiberRunner\u00ae 4&#215;4<\/li>\n<li style='margin-bottom: 5px;'>Estructuras de soporte est\u00e1ndar (racks&comma; barras de roscado&comma; etc.)<\/li>\n<\/ul><\/div>\n<\/p><\/div>\n<p> <!-- Secci\u00f3n de materiales y construcci\u00f3n --> <\/p>\n<div style='flex: 1 1 250px; border: 1px solid rgba(150&comma; 150&comma; 150&comma; 0.4); border-radius: 8px; overflow: hidden; display: flex; flex-direction: column;'>\n<div style='padding: 15px; border-bottom: 1px solid rgba(150&comma; 150&comma; 150&comma; 0.2); font-weight: bold; font-size: 18px; color: inherit;'>Materiales y Construcci\u00f3n<\/div>\n<div style='padding: 15px; color: inherit;'>\n<ul style='padding-left: 20px; margin: 0; font-size: 14px; list-style-type: disc;'>\n<li style='margin-bottom: 5px;'>Construcci\u00f3n de PVC r\u00edgido (canal) y ABS (accesorios)<\/li>\n<li style='margin-bottom: 5px;'>Superficie resistente a rayones&comma; abolladuras y corrosi\u00f3n<\/li>\n<li style='margin-bottom: 5px;'>Colores puros que no se pelan ni decoloran<\/li>\n<\/ul><\/div>\n<\/p><\/div>\n<\/p><\/div>\n<p> <!-- Separador --> <\/p>\n<hr style='border: 0; border-top: 1px solid rgba(150&comma; 150&comma; 150&comma; 0.3); margin: 30px 0;'> <\/div>\n","protected":false},"excerpt":{"rendered":"<p>Tapa para Canaleta Ranurada, de 4 in de Ancho, 1828.8 mm de Largo, Color Amarillo<\/p>\n","protected":false},"featured_media":14871,"comment_status":"open","ping_status":"closed","template":"","meta":[],"product_brand":[],"product_cat":[571],"product_tag":[573,572,445],"class_list":{"0":"post-14872","1":"product","2":"type-product","3":"status-publish","4":"has-post-thumbnail","6":"product_cat-accesorios-para-canaletas","7":"product_tag-accesorios-para-canaletas","8":"product_tag-canalizacion","9":"product_tag-panduit","11":"first","12":"instock","13":"sale","14":"shipping-taxable","15":"purchasable","16":"product-type-simple"},"_links":{"self":[{"href":"https:\/\/soydeaqui.ddns.net\/pachuca\/index.php\/wp-json\/wp\/v2\/product\/14872","targetHints":{"allow":["GET"]}}],"collection":[{"href":"https:\/\/soydeaqui.ddns.net\/pachuca\/index.php\/wp-json\/wp\/v2\/product"}],"about":[{"href":"https:\/\/soydeaqui.ddns.net\/pachuca\/index.php\/wp-json\/wp\/v2\/types\/product"}],"replies":[{"embeddable":true,"href":"https:\/\/soydeaqui.ddns.net\/pachuca\/index.php\/wp-json\/wp\/v2\/comments?post=14872"}],"wp:featuredmedia":[{"embeddable":true,"href":"https:\/\/soydeaqui.ddns.net\/pachuca\/index.php\/wp-json\/wp\/v2\/media\/14871"}],"wp:attachment":[{"href":"https:\/\/soydeaqui.ddns.net\/pachuca\/index.php\/wp-json\/wp\/v2\/media?parent=14872"}],"wp:term":[{"taxonomy":"product_brand","embeddable":true,"href":"https:\/\/soydeaqui.ddns.net\/pachuca\/index.php\/wp-json\/wp\/v2\/product_brand?post=14872"},{"taxonomy":"product_cat","embeddable":true,"href":"https:\/\/soydeaqui.ddns.net\/pachuca\/index.php\/wp-json\/wp\/v2\/product_cat?post=14872"},{"taxonomy":"product_tag","embeddable":true,"href":"https:\/\/soydeaqui.ddns.net\/pachuca\/index.php\/wp-json\/wp\/v2\/product_tag?post=14872"}],"curies":[{"name":"wp","href":"https:\/\/api.w.org\/{rel}","templated":true}]}}