{"id":14868,"date":"2026-03-18T08:41:57","date_gmt":"2026-03-18T08:41:57","guid":{"rendered":"https:\/\/soydeaqui.ddns.net\/pachuca\/index.php\/producto\/canaleta-ranurada-de-pvc-sin-tapa-fiber-duct-4-in-de-ancho-4-in-de-alto-y-1828-8-mm-de-largo-color-amarillo\/"},"modified":"2026-03-18T08:42:00","modified_gmt":"2026-03-18T08:42:00","slug":"canaleta-ranurada-de-pvc-sin-tapa-fiber-duct-4-in-de-ancho-4-in-de-alto-y-1828-8-mm-de-largo-color-amarillo","status":"publish","type":"product","link":"https:\/\/soydeaqui.ddns.net\/pachuca\/index.php\/producto\/canaleta-ranurada-de-pvc-sin-tapa-fiber-duct-4-in-de-ancho-4-in-de-alto-y-1828-8-mm-de-largo-color-amarillo\/","title":{"rendered":"Canaleta Ranurada de PVC sin Tapa, Fiber-Duct\u2122, 4 in de Ancho, 4 in de Alto y 1828.8 mm de Largo, Color Amarillo"},"content":{"rendered":"<div style='width: 100%; max-width: 1200px; margin: 0 auto; font-family: sans-serif; line-height: 1.6; color: inherit; background-color: transparent;'>\n<div style='display: flex; flex-wrap: wrap; gap: 30px; margin-bottom: 30px;'>\n<div style='flex: 1 1 300px; min-width: 280px;'>\n<h3 style='font-size: 22px; border-bottom: 2px solid currentColor; padding-bottom: 5px; margin-top: 0; color: inherit; opacity: 0.8;'>Descripci\u00f3n<\/h3>\n<p style='font-size: 15px; color: inherit; margin-top: 0; margin-bottom: 15px;'>Los sistemas de canalizaci\u00f3n Fiber-Duct\u2122 2&#215;2 y 4&#215;4 se utilizar\u00e1n para enrutar&comma; segregar y proteger el cableado de fibra \u00f3ptica y comunicaciones. Los sistemas de enrutamiento de pared s\u00f3lida son aceptados por UL como sistema de canalizaci\u00f3n de fibra \u00f3ptica de uso general. Cumple con los art\u00edculos 770 y 800 de UL 2024A y NEC cuando se instalen seg\u00fan las instrucciones. Disponibles una gama amplia de accesorios.<\/p>\n<\/p><\/div>\n<\/p><\/div>\n<div style='display: flex; flex-wrap: wrap; gap: 20px; margin-bottom: 30px;'>\n<div style='flex: 1 1 250px; border: 1px solid rgba(150&comma; 150&comma; 150&comma; 0.4); border-radius: 8px; overflow: hidden; display: flex; flex-direction: column;'>\n<div style='padding: 15px; border-bottom: 1px solid rgba(150&comma; 150&comma; 150&comma; 0.2); font-weight: bold; font-size: 18px; color: inherit;'>Especificaciones<\/div>\n<div style='padding: 15px; color: inherit;'>\n<ul style='padding-left: 20px; margin: 0; font-size: 14px; list-style-type: disc;'>\n<li style='margin-bottom: 5px;'><strong style='color: inherit;'>Material:<\/strong> PVC r\u00edgido<\/li>\n<li style='margin-bottom: 5px;'><strong style='color: inherit;'>Tipo:<\/strong> Base de Canaleta<\/li>\n<li style='margin-bottom: 5px;'><strong style='color: inherit;'>Color:<\/strong> Amarillo<\/li>\n<li style='margin-bottom: 5px;'><strong style='color: inherit;'>Ancho Total:<\/strong> 4.25 in<\/li>\n<li style='margin-bottom: 5px;'><strong style='color: inherit;'>Alto Total:<\/strong> 4.10 in<\/li>\n<li style='margin-bottom: 5px;'><strong style='color: inherit;'>Largo:<\/strong> 1828.8 mm<\/li>\n<li style='margin-bottom: 5px;'><strong style='color: inherit;'>M\u00e9todo de Montaje:<\/strong> Orificios de montaje est\u00e1ndar<\/li>\n<li style='margin-bottom: 5px;'><strong style='color: inherit;'>Modelo de Tapa:<\/strong> C4YL6 <strong style='color: inherit;'>No incluida<\/strong><\/li>\n<li style='margin-bottom: 5px;'><strong style='color: inherit;'>Temperatura de operaci\u00f3n:<\/strong> 50\u00baC<\/li>\n<\/ul><\/div>\n<\/p><\/div>\n<\/p><\/div>\n<\/p><\/div>\n","protected":false},"excerpt":{"rendered":"<p>Canaleta Ranurada de PVC sin Tapa, Fiber-Duct\u2122, 4 in de Ancho, 4 in de Alto y 1828.8 mm de Largo, Color Amarillo<\/p>\n","protected":false},"featured_media":14867,"comment_status":"open","ping_status":"closed","template":"","meta":[],"product_brand":[],"product_cat":[581],"product_tag":[582,572,445],"class_list":{"0":"post-14868","1":"product","2":"type-product","3":"status-publish","4":"has-post-thumbnail","6":"product_cat-canaletas","7":"product_tag-canaletas","8":"product_tag-canalizacion","9":"product_tag-panduit","11":"first","12":"instock","13":"sale","14":"shipping-taxable","15":"purchasable","16":"product-type-simple"},"_links":{"self":[{"href":"https:\/\/soydeaqui.ddns.net\/pachuca\/index.php\/wp-json\/wp\/v2\/product\/14868","targetHints":{"allow":["GET"]}}],"collection":[{"href":"https:\/\/soydeaqui.ddns.net\/pachuca\/index.php\/wp-json\/wp\/v2\/product"}],"about":[{"href":"https:\/\/soydeaqui.ddns.net\/pachuca\/index.php\/wp-json\/wp\/v2\/types\/product"}],"replies":[{"embeddable":true,"href":"https:\/\/soydeaqui.ddns.net\/pachuca\/index.php\/wp-json\/wp\/v2\/comments?post=14868"}],"wp:featuredmedia":[{"embeddable":true,"href":"https:\/\/soydeaqui.ddns.net\/pachuca\/index.php\/wp-json\/wp\/v2\/media\/14867"}],"wp:attachment":[{"href":"https:\/\/soydeaqui.ddns.net\/pachuca\/index.php\/wp-json\/wp\/v2\/media?parent=14868"}],"wp:term":[{"taxonomy":"product_brand","embeddable":true,"href":"https:\/\/soydeaqui.ddns.net\/pachuca\/index.php\/wp-json\/wp\/v2\/product_brand?post=14868"},{"taxonomy":"product_cat","embeddable":true,"href":"https:\/\/soydeaqui.ddns.net\/pachuca\/index.php\/wp-json\/wp\/v2\/product_cat?post=14868"},{"taxonomy":"product_tag","embeddable":true,"href":"https:\/\/soydeaqui.ddns.net\/pachuca\/index.php\/wp-json\/wp\/v2\/product_tag?post=14868"}],"curies":[{"name":"wp","href":"https:\/\/api.w.org\/{rel}","templated":true}]}}