{"id":1483,"date":"2026-03-18T05:46:32","date_gmt":"2026-03-18T05:46:32","guid":{"rendered":"https:\/\/soydeaqui.ddns.net\/pachuca\/index.php\/producto\/kit-de-cable-sensor-perimetral-para-cercas-ciclonicas-ironclad-305-metros-2-zonas-152-metros-por-zona-sin-falsas-alarmas-por-viento-todo-incluido-tarjeta-lpu400-calibracion-por-software\/"},"modified":"2026-03-18T05:46:38","modified_gmt":"2026-03-18T05:46:38","slug":"kit-de-cable-sensor-perimetral-para-cercas-ciclonicas-ironclad-305-metros-2-zonas-152-metros-por-zona-sin-falsas-alarmas-por-viento-todo-incluido-tarjeta-lpu400-calibracion-por-software","status":"publish","type":"product","link":"https:\/\/soydeaqui.ddns.net\/pachuca\/index.php\/producto\/kit-de-cable-sensor-perimetral-para-cercas-ciclonicas-ironclad-305-metros-2-zonas-152-metros-por-zona-sin-falsas-alarmas-por-viento-todo-incluido-tarjeta-lpu400-calibracion-por-software\/","title":{"rendered":"Kit de Cable Sensor Perimetral Para Cercas Ciclonicas IRONCLAD\/ 305 METROS \/ 2 ZONAS; 152 METROS POR ZONA \/ Sin Falsas Alarmas por Viento \/ TODO Incluido TARJETA LPU400\/ Calibraci\u00f3n por Software"},"content":{"rendered":"<div style='width: 100%; max-width: 1200px; margin: 0 auto; font-family: sans-serif; line-height: 1.6; color: inherit; background-color: transparent;'> <!-- Imagen principal --> <\/p>\n<div style='width: 100%; margin-bottom: 30px;'> <img style='width: 100%; height: auto; border: 1px solid rgba(150&comma;150&comma;150&comma;0.3); border-radius: 10px; display: block;' src='https:\/\/ftp3.syscom.mx\/usuarios\/ftp\/single_page\/rbtec\/ironclad2.jpg' alt=''> <\/div>\n<hr style='border: 0; border-top: 1px solid rgba(150&comma; 150&comma; 150&comma; 0.3); margin: 30px 0;'> <!-- Secci\u00f3n con imagen y texto --> <\/p>\n<div style='display: flex; flex-wrap: wrap; gap: 30px; margin-bottom: 30px;'>\n<div style='flex: 1 1 300px; min-width: 280px;'> <img style='width: 100%; height: auto; border: 1px solid rgba(150&comma;150&comma;150&comma;0.3); border-radius: 10px; display: block;' src='https:\/\/ftp3.syscom.mx\/usuarios\/ftp\/single_page\/rbtec\/img_rb1.jpg' alt=''> <\/div>\n<div style='flex: 2 1 400px; min-width: 280px;'>\n<p>IRONCLAD es un cable sensor blindado completamente envuelto por una malla de acero&comma; la soluci\u00f3n ideal para la instalaci\u00f3n en las cercas de alambre y bobina concertina. La l\u00ednea del sensor se puede ajustar f\u00e1cilmente a la longitud deseada de la zona de detecci\u00f3n sin sobreabundancia del sensor a lo largo de la malla.<\/p>\n<h3 style='font-size: 22px; border-left: 8px solid #09ce09; padding-left: 10px; margin-top: 0; margin-bottom: 15px; color: inherit; opacity: 0.8;'>El sistema de alarma perimetral IRONCLAD es la soluci\u00f3n ideal para la protecci\u00f3n de:<\/h3>\n<ul style='padding-left: 20px; font-size: 15px; color: inherit;'>\n<li style='margin-bottom: 5px;'>\u00c1reas comerciales e industriales.<\/li>\n<li style='margin-bottom: 5px;'>Condominios o fraccionamientos cerrados.<\/li>\n<li style='margin-bottom: 5px;'>Centros de datos.<\/li>\n<li style='margin-bottom: 5px;'>Subestaciones de agua&comma; electricidad y servicios p\u00fablicos.<\/li>\n<li style='margin-bottom: 5px;'>Bodegas de autom\u00f3viles&comma; caravanas&comma; botes o equipos.<\/li>\n<li style='margin-bottom: 5px;'>Granjas solares y centrales fotovoltaicas.<\/li>\n<li style='margin-bottom: 5px;'>Bodegas aut\u00f3nomas.<\/li>\n<li style='margin-bottom: 5px;'>Antenas de radio&comma; celular y de comunicaci\u00f3n.<\/li>\n<li style='margin-bottom: 5px;'>Cualquier lugar cercado.<\/li>\n<\/ul><\/div>\n<\/p><\/div>\n<hr style='border: 0; border-top: 1px solid rgba(150&comma; 150&comma; 150&comma; 0.3); margin: 30px 0;'> <!-- Secci\u00f3n con fondo oscuro --> <\/p>\n<div style='width: 100%; margin-bottom: 30px; border-radius: 10px; background-color: #1b1b1b; padding: 30px;'>\n<h2 style='color: inherit; margin-top: 0; font-size: 20px; border-left: 8px solid #09ce09; padding-left: 10px;'>\u00bfC\u00f3mo se Detecta una Verdadera Alarma?<\/h2>\n<p style='color: #ccc;'>IRONCLAD ofrece una soluci\u00f3n para la detecci\u00f3n de intrusos mediante el an\u00e1lisis de patrones de vibraci\u00f3n t\u00edpicos de un intento de entrada forzada.<\/p>\n<h3 style='color: inherit; font-size: 18px; margin-top: 25px; margin-bottom: 15px;'>El sistema utiliza 3 niveles de filtraci\u00f3n de alarma<\/h3>\n<ol style='padding-left: 20px; font-size: 15px; color: inherit;'>\n<li style='margin-bottom: 5px;'>Algoritmo de detecci\u00f3n.<\/li>\n<li style='margin-bottom: 5px;'>11 niveles de sensibilidad configurados f\u00e1cilmente.<\/li>\n<li style='margin-bottom: 5px;'>Unidad de compensaci\u00f3n de clima autom\u00e1tica para la autocalibraci\u00f3n del sistema.<\/li>\n<\/ol>\n<div style='width: 100%; margin-top: 20px;'> <img style='width: 100%; height: auto; border: 1px solid rgba(150&comma;150&comma;150&comma;0.3); border-radius: 10px; display: block;' src='https:\/\/ftp3.syscom.mx\/usuarios\/ftp\/single_page\/rbtec\/img_rb2.png' alt=''> <\/div>\n<\/p><\/div>\n<hr style='border: 0; border-top: 1px solid rgba(150&comma; 150&comma; 150&comma; 0.3); margin: 30px 0;'> <!-- Secci\u00f3n de configuraciones de kits --> <\/p>\n<div style='display: flex; flex-wrap: wrap; gap: 30px; margin-bottom: 30px;'>\n<div style='flex: 2 1 400px; min-width: 280px;'>\n<h3 style='font-size: 22px; border-left: 8px solid #09ce09; padding-left: 10px; margin-top: 0; margin-bottom: 15px; color: inherit; opacity: 0.8;'>6 Configuraciones de Kits<br \/> Listos para Instalaci\u00f3n R\u00e1pida<\/h3>\n<p>Cada kit incluye analizador de campo con el carrete de cable sensor<\/p>\n<p style='font-weight: bold;'>Opcional:<\/p>\n<ul style='padding-left: 20px; font-size: 15px; color: inherit;'>\n<li style='margin-bottom: 5px;'>75 m \/ 250\u201d de l\u00ednea del sensor (una zona).<\/li>\n<li style='margin-bottom: 5px;'>152 m \/ 500\u201d de cable del sensor (2 zonas) de longitud&comma; 152 m \/ 500\u201d de l\u00ednea del sensor (una zona).<\/li>\n<li style='margin-bottom: 5px;'>305 m \/ 1&comma;000\u201d cable del sensor (2 zonas) de longitud&comma; 305 m \/ 1&comma;000\u201d de l\u00ednea del sensor (una zona).<\/li>\n<li style='margin-bottom: 5px;'>610 m \/ 2&comma;000\u201d de cable del sensor (2 zonas) de longitud.<\/li>\n<\/ul><\/div>\n<div style='flex: 1 1 300px; min-width: 280px;'> <img style='width: 100%; height: auto; border: 1px solid rgba(150&comma;150&comma;150&comma;0.3); border-radius: 10px; display: block;' src='https:\/\/ftp3.syscom.mx\/usuarios\/fotos\/BancoFotografiasSyscom\/RBTEC\/IROC2Z250V2\/ IROC2Z250V2-l.PNG' alt=''> <\/div>\n<\/p><\/div>\n<hr style='border: 0; border-top: 1px solid rgba(150&comma; 150&comma; 150&comma; 0.3); margin: 30px 0;'> <!-- Secci\u00f3n de disposici\u00f3n del sistema --> <\/p>\n<div style='display: flex; flex-wrap: wrap; gap: 30px; margin-bottom: 30px;'>\n<div style='flex: 1 1 300px; min-width: 280px;'>\n<h3 style='font-size: 22px; border-left: 8px solid #09ce09; padding-left: 10px; margin-top: 0; margin-bottom: 15px; color: inherit; opacity: 0.8;'>Disposici\u00f3n del Sistema<\/h3>\n<p> <img style='width: 100%; height: auto; border: 1px solid rgba(150&comma;150&comma;150&comma;0.3); border-radius: 10px; display: block;' src='https:\/\/ftp3.syscom.mx\/usuarios\/ftp\/single_page\/rbtec\/img_rb4.jpg' alt=''> <\/div>\n<div style='flex: 2 1 400px; min-width: 280px;'>\n<h3 style='font-size: 22px; border-left: 8px solid #09ce09; padding-left: 10px; margin-top: 0; margin-bottom: 15px; color: inherit; opacity: 0.8;'>Especificaciones T\u00e9cnicas<\/h3>\n<ul style='padding-left: 20px; font-size: 15px; color: inherit;'>\n<li style='margin-bottom: 5px;'><strong>Funciona con:<\/strong> 12-24 Vcc&comma; 40 mA a 12 Vcc.<\/li>\n<li style='margin-bottom: 5px;'><strong>Rel\u00e9s:<\/strong> de contacto seco con N.O. y contactos N.C. por zona.<\/li>\n<li style='margin-bottom: 5px;'><strong>Carcasa:<\/strong> NEMA 4x&comma; IP-66.<\/li>\n<li style='margin-bottom: 5px;'><strong>Tarjeta:<\/strong> LPU400 para 2 zonas de protecci\u00f3n hasta 152m.<\/li>\n<li style='margin-bottom: 5px;'><strong>Sofware:<\/strong> de calibraci\u00f3n para las zonas.<\/li>\n<li style='margin-bottom: 5px;'><strong>NOTA:<\/strong> El \u00f3ptimo funcionamiento del sistema depende de las condiciones f\u00edsicas de la barrera f\u00edsica.<\/li>\n<\/ul><\/div>\n<\/p><\/div>\n<hr style='border: 0; border-top: 1px solid rgba(150&comma; 150&comma; 150&comma; 0.3); margin: 30px 0;'> <!-- Secci\u00f3n de videos --> <\/p>\n<h2 style='font-size: 20px; margin-top: 0; margin-bottom: 20px; color: inherit; opacity: 0.8;'><strong>VIDEOS DEMOSTRATIVOS<\/strong><\/h2>\n<div style='display: flex; flex-wrap: wrap; gap: 20px; margin-bottom: 30px;'>\n<div style='flex: 1 1 400px; min-width: 300px;'>\n<div style='position: relative; padding-bottom: 56.25%; height: 0; overflow: hidden;'>   <\/div>\n<\/p><\/div>\n<div style='flex: 1 1 400px; min-width: 300px;'>\n<div style='position: relative; padding-bottom: 56.25%; height: 0; overflow: hidden;'>   <\/div>\n<\/p><\/div>\n<\/p><\/div>\n<\/p><\/div>\n","protected":false},"excerpt":{"rendered":"<p>Kit de Cable Sensor Perimetral Para Cercas Ciclonicas IRONCLAD\/ 305 METROS \/ 2 ZONAS; 152 METROS POR ZONA \/ Sin Falsas Alarmas por Viento \/ TODO Incluido TARJETA LPU400\/ Calibraci\u00f3n por Software<\/p>\n","protected":false},"featured_media":1482,"comment_status":"open","ping_status":"closed","template":"","meta":[],"product_brand":[],"product_cat":[103],"product_tag":[105,104,220],"class_list":{"0":"post-1483","1":"product","2":"type-product","3":"status-publish","4":"has-post-thumbnail","6":"product_cat-cable-sensor-perimetral","7":"product_tag-cable-sensor-perimetral","8":"product_tag-proteccion-perimetral","9":"product_tag-rbtec","11":"first","12":"instock","13":"sale","14":"shipping-taxable","15":"purchasable","16":"product-type-simple"},"_links":{"self":[{"href":"https:\/\/soydeaqui.ddns.net\/pachuca\/index.php\/wp-json\/wp\/v2\/product\/1483","targetHints":{"allow":["GET"]}}],"collection":[{"href":"https:\/\/soydeaqui.ddns.net\/pachuca\/index.php\/wp-json\/wp\/v2\/product"}],"about":[{"href":"https:\/\/soydeaqui.ddns.net\/pachuca\/index.php\/wp-json\/wp\/v2\/types\/product"}],"replies":[{"embeddable":true,"href":"https:\/\/soydeaqui.ddns.net\/pachuca\/index.php\/wp-json\/wp\/v2\/comments?post=1483"}],"wp:featuredmedia":[{"embeddable":true,"href":"https:\/\/soydeaqui.ddns.net\/pachuca\/index.php\/wp-json\/wp\/v2\/media\/1482"}],"wp:attachment":[{"href":"https:\/\/soydeaqui.ddns.net\/pachuca\/index.php\/wp-json\/wp\/v2\/media?parent=1483"}],"wp:term":[{"taxonomy":"product_brand","embeddable":true,"href":"https:\/\/soydeaqui.ddns.net\/pachuca\/index.php\/wp-json\/wp\/v2\/product_brand?post=1483"},{"taxonomy":"product_cat","embeddable":true,"href":"https:\/\/soydeaqui.ddns.net\/pachuca\/index.php\/wp-json\/wp\/v2\/product_cat?post=1483"},{"taxonomy":"product_tag","embeddable":true,"href":"https:\/\/soydeaqui.ddns.net\/pachuca\/index.php\/wp-json\/wp\/v2\/product_tag?post=1483"}],"curies":[{"name":"wp","href":"https:\/\/api.w.org\/{rel}","templated":true}]}}