{"id":14798,"date":"2026-03-18T08:40:42","date_gmt":"2026-03-18T08:40:42","guid":{"rendered":"https:\/\/soydeaqui.ddns.net\/pachuca\/index.php\/producto\/tapa-con-bisagra-a-presion-para-canaleta-fiberrunner-fr4x4yl2-de-pvc-rigido-color-amarillo-2-m-de-largo\/"},"modified":"2026-03-18T08:40:42","modified_gmt":"2026-03-18T08:40:42","slug":"tapa-con-bisagra-a-presion-para-canaleta-fiberrunner-fr4x4yl2-de-pvc-rigido-color-amarillo-2-m-de-largo","status":"publish","type":"product","link":"https:\/\/soydeaqui.ddns.net\/pachuca\/index.php\/producto\/tapa-con-bisagra-a-presion-para-canaleta-fiberrunner-fr4x4yl2-de-pvc-rigido-color-amarillo-2-m-de-largo\/","title":{"rendered":"Tapa Con Bisagra a Presi\u00f3n Para Canaleta FiberRunner\u2122 FR4X4YL2, de PVC R\u00edgido, Color Amarillo, 2 m de Largo"},"content":{"rendered":"<div style='width: 100%; max-width: 1200px; margin: 0 auto; font-family: sans-serif; line-height: 1.6; color: inherit; background-color: transparent;'> <!-- Secci\u00f3n de descripci\u00f3n --> <\/p>\n<div style='margin-bottom: 30px; font-size: 15px; color: inherit;'>\n<p>El sistema de enrutamiento FiberRunner\u2122 4&#215;4 es un sistema de canaletas&comma; accesorios y soportes dise\u00f1ado para segregar&comma; enrutar y proteger el cableado de cobre de alto rendimiento y fibra \u00f3ptica. La canaleta y los accesorios se ensamblan utilizando acopladores premontados de f\u00e1cil instalaci\u00f3n. Mantienen un radio de curvatura m\u00ednimo de 2&#8242; para proteger contra la p\u00e9rdida de se\u00f1al debido a dobleces excesivos en el cableado de fibra \u00f3ptica.<\/p>\n<\/p><\/div>\n<p> <!-- Secci\u00f3n de especificaciones t\u00e9cnicas --> <\/p>\n<div style='display: flex; flex-wrap: wrap; gap: 30px; margin-bottom: 30px;'>\n<div style='flex: 1 1 300px; min-width: 280px;'>\n<h3 style='font-size: 22px; border-bottom: 2px solid currentColor; padding-bottom: 5px; margin-top: 0; color: inherit; opacity: 0.8;'>Especificaciones T\u00e9cnicas<\/h3>\n<ul style='padding-left: 20px; font-size: 15px; color: inherit;'>\n<li style='margin-bottom: 5px;'><strong>Material:<\/strong> PVC R\u00edgido<\/li>\n<li style='margin-bottom: 5px;'><strong>Flamabilidad:<\/strong> 94V-0<\/li>\n<li style='margin-bottom: 5px;'><strong>Listado UL:<\/strong> 2024A para canalizaciones de cable de fibra \u00f3ptica<\/li>\n<li style='margin-bottom: 5px;'><strong>Cumplimiento:<\/strong> Pruebas aplicables en Telcordia GR-63-CORE Nivel 3<\/li>\n<li style='margin-bottom: 5px;'><strong>Color:<\/strong> Amarillo<\/li>\n<li style='margin-bottom: 5px;'><strong>Largo:<\/strong> 2 metros<\/li>\n<\/ul><\/div>\n<p> <!-- Secci\u00f3n de caracter\u00edsticas --> <\/p>\n<div style='flex: 1 1 300px; min-width: 280px;'>\n<h3 style='font-size: 22px; border-bottom: 2px solid currentColor; padding-bottom: 5px; margin-top: 0; color: inherit; opacity: 0.8;'>Caracter\u00edsticas<\/h3>\n<ul style='padding-left: 20px; font-size: 15px; color: inherit;'>\n<li style='margin-bottom: 5px;'>Tapa con bisagra que se abre entre 30\u00b0 y 90\u00b0 para acceso f\u00e1cil incluso en \u00e1reas con restricciones de altura<\/li>\n<li style='margin-bottom: 5px;'>Dise\u00f1o que permite la instalaci\u00f3n sin herramientas con acopladores QuikLock\u2122<\/li>\n<li style='margin-bottom: 5px;'>Sistema robusto que protege el cableado contra da\u00f1os f\u00edsicos<\/li>\n<li style='margin-bottom: 5px;'>Dise\u00f1ado para mantener un radio de curvatura m\u00ednimo de 2&#8242;<\/li>\n<li style='margin-bottom: 5px;'>Compatibilidad con diversos sistemas de soporte: bastidores de red&comma; canaletas&comma; tubos roscados&comma; estructuras de soporte&comma; pedestales de piso elevado<\/li>\n<\/ul><\/div>\n<\/p><\/div>\n<p> <!-- Secci\u00f3n de aplicaciones --> <\/p>\n<div style='margin-bottom: 30px;'>\n<h3 style='font-size: 22px; border-bottom: 2px solid currentColor; padding-bottom: 5px; margin-top: 0; color: inherit; opacity: 0.8;'>Aplicaciones<\/h3>\n<p style='font-size: 15px; color: inherit;'>El sistema FiberRunner\u00ae 4&#215;4 es adecuado para aplicaciones en centros de datos donde el cableado se enruta desde \u00e1reas de distribuci\u00f3n hasta gabinetes o racks de equipos. Se utiliza en oficinas centrales de telecomunicaciones para enrutar cables de fibra \u00f3ptica entre marcos de distribuci\u00f3n de fibra y bah\u00edas de equipos. Puede instalarse sobre racks o en aplicaciones de piso elevado aprobadas.<\/p>\n<\/p><\/div>\n<p> <!-- Secci\u00f3n de compatibilidad --> <\/p>\n<div style='margin-bottom: 30px;'>\n<h3 style='font-size: 22px; border-bottom: 2px solid currentColor; padding-bottom: 5px; margin-top: 0; color: inherit; opacity: 0.8;'>Compatibilidad<\/h3>\n<p style='font-size: 15px; color: inherit;'>Dise\u00f1ado para trabajar con el sistema completo de distribuci\u00f3n de fibra de Panduit&comma; incluyendo los sistemas FiberRunner\u00ae 24&#215;4&comma; 12&#215;4&comma; 6&#215;4 y 2&#215;2&comma; as\u00ed como los sistemas Fiber-Duct\u2122 4&#215;4 y 2&#215;2.<\/p>\n<\/p><\/div>\n<p> <!-- Secci\u00f3n de especificaciones adicionales --> <\/p>\n<div style='display: flex; flex-wrap: wrap; gap: 20px; margin-bottom: 30px;'>\n<div style='flex: 1 1 250px; border: 1px solid rgba(150&comma; 150&comma; 150&comma; 0.4); border-radius: 8px; overflow: hidden; display: flex; flex-direction: column;'>\n<div style='padding: 15px; border-bottom: 1px solid rgba(150&comma; 150&comma; 150&comma; 0.2); font-weight: bold; font-size: 18px; color: inherit;'>Dimensiones<\/div>\n<div style='padding: 15px; color: inherit;'>\n<ul style='padding-left: 20px; margin: 0; font-size: 14px; list-style-type: disc;'>\n<li style='margin-bottom: 5px;'><strong>Ancho:<\/strong> 4&#8242; (101.6mm)<\/li>\n<li style='margin-bottom: 5px;'><strong>Alto:<\/strong> 4&#8242; (101.6mm)<\/li>\n<li style='margin-bottom: 5px;'><strong>\u00c1rea de secci\u00f3n transversal:<\/strong> 5.05 in\u00b2 (128.3mm\u00b2)<\/li>\n<\/ul><\/div>\n<\/p><\/div>\n<div style='flex: 1 1 250px; border: 1px solid rgba(150&comma; 150&comma; 150&comma; 0.4); border-radius: 8px; overflow: hidden; display: flex; flex-direction: column;'>\n<div style='padding: 15px; border-bottom: 1px solid rgba(150&comma; 150&comma; 150&comma; 0.2); font-weight: bold; font-size: 18px; color: inherit;'>Capacidad de llenado<\/div>\n<div style='padding: 15px; color: inherit;'>\n<ul style='padding-left: 20px; margin: 0; font-size: 14px; list-style-type: disc;'>\n<li style='margin-bottom: 5px;'><strong>Cable 1.6mm:<\/strong> 2824 cables<\/li>\n<li style='margin-bottom: 5px;'><strong>Cable 2.0mm:<\/strong> 1807 cables<\/li>\n<li style='margin-bottom: 5px;'><strong>Cable 3.0mm:<\/strong> 803 cables<\/li>\n<li style='margin-bottom: 5px;'><strong>Cable de fibra \u00f3ptica 5.20mm:<\/strong> 267 cables<\/li>\n<li style='margin-bottom: 5px;'><strong>Cable categor\u00eda 6 6.35mm:<\/strong> 179 cables<\/li>\n<li style='margin-bottom: 5px;'><strong>Cable categor\u00eda 6A 7.57mm:<\/strong> 126 cables<\/li>\n<\/ul><\/div>\n<\/p><\/div>\n<div style='flex: 1 1 250px; border: 1px solid rgba(150&comma; 150&comma; 150&comma; 0.4); border-radius: 8px; overflow: hidden; display: flex; flex-direction: column;'>\n<div style='padding: 15px; border-bottom: 1px solid rgba(150&comma; 150&comma; 150&comma; 0.2); font-weight: bold; font-size: 18px; color: inherit;'>Opciones de Accesorios<\/div>\n<div style='padding: 15px; color: inherit;'>\n<ul style='padding-left: 20px; margin: 0; font-size: 14px; list-style-type: disc;'>\n<li style='margin-bottom: 5px;'>Acopladores QuikLock\u2122<\/li>\n<li style='margin-bottom: 5px;'>Cubiertas con bisagra y cubiertas divididas<\/li>\n<li style='margin-bottom: 5px;'>Accesorios de salida lateral<\/li>\n<li style='margin-bottom: 5px;'>Soportes de montaje<\/li>\n<\/ul><\/div>\n<\/p><\/div>\n<\/p><\/div>\n<p> <!-- Separador --> <\/p>\n<hr style='border: 0; border-top: 1px solid rgba(150&comma; 150&comma; 150&comma; 0.3); margin: 30px 0;'> <\/div>\n","protected":false},"excerpt":{"rendered":"<p>Tapa Con Bisagra a Presi\u00f3n Para Canaleta FiberRunner\u2122 FR4X4YL2, de PVC R\u00edgido, Color Amarillo, 2 m de Largo<\/p>\n","protected":false},"featured_media":14797,"comment_status":"open","ping_status":"closed","template":"","meta":[],"product_brand":[],"product_cat":[571],"product_tag":[573,572,445],"class_list":{"0":"post-14798","1":"product","2":"type-product","3":"status-publish","4":"has-post-thumbnail","6":"product_cat-accesorios-para-canaletas","7":"product_tag-accesorios-para-canaletas","8":"product_tag-canalizacion","9":"product_tag-panduit","11":"first","12":"outofstock","13":"sale","14":"shipping-taxable","15":"purchasable","16":"product-type-simple"},"_links":{"self":[{"href":"https:\/\/soydeaqui.ddns.net\/pachuca\/index.php\/wp-json\/wp\/v2\/product\/14798","targetHints":{"allow":["GET"]}}],"collection":[{"href":"https:\/\/soydeaqui.ddns.net\/pachuca\/index.php\/wp-json\/wp\/v2\/product"}],"about":[{"href":"https:\/\/soydeaqui.ddns.net\/pachuca\/index.php\/wp-json\/wp\/v2\/types\/product"}],"replies":[{"embeddable":true,"href":"https:\/\/soydeaqui.ddns.net\/pachuca\/index.php\/wp-json\/wp\/v2\/comments?post=14798"}],"wp:featuredmedia":[{"embeddable":true,"href":"https:\/\/soydeaqui.ddns.net\/pachuca\/index.php\/wp-json\/wp\/v2\/media\/14797"}],"wp:attachment":[{"href":"https:\/\/soydeaqui.ddns.net\/pachuca\/index.php\/wp-json\/wp\/v2\/media?parent=14798"}],"wp:term":[{"taxonomy":"product_brand","embeddable":true,"href":"https:\/\/soydeaqui.ddns.net\/pachuca\/index.php\/wp-json\/wp\/v2\/product_brand?post=14798"},{"taxonomy":"product_cat","embeddable":true,"href":"https:\/\/soydeaqui.ddns.net\/pachuca\/index.php\/wp-json\/wp\/v2\/product_cat?post=14798"},{"taxonomy":"product_tag","embeddable":true,"href":"https:\/\/soydeaqui.ddns.net\/pachuca\/index.php\/wp-json\/wp\/v2\/product_tag?post=14798"}],"curies":[{"name":"wp","href":"https:\/\/api.w.org\/{rel}","templated":true}]}}