{"id":14701,"date":"2026-03-18T08:39:10","date_gmt":"2026-03-18T08:39:10","guid":{"rendered":"https:\/\/soydeaqui.ddns.net\/pachuca\/index.php\/producto\/patch-cord-cat6a-10g-blindado-7-0-metros-22-96-pies-blanco\/"},"modified":"2026-03-18T08:39:10","modified_gmt":"2026-03-18T08:39:10","slug":"patch-cord-cat6a-10g-blindado-7-0-metros-22-96-pies-blanco","status":"publish","type":"product","link":"https:\/\/soydeaqui.ddns.net\/pachuca\/index.php\/producto\/patch-cord-cat6a-10g-blindado-7-0-metros-22-96-pies-blanco\/","title":{"rendered":"Patch Cord Cat6A 10G Blindado 7.0 Metros (22.96 Pies) Blanco"},"content":{"rendered":"<div style='width: 100%; max-width: 1200px; margin: 0 auto; font-family: sans-serif; line-height: 1.6; color: inherit; background-color: transparent;'> <!-- Secci\u00f3n de descripci\u00f3n general --> <\/p>\n<div style='margin-bottom: 30px;'>\n<h2 style='font-size: 20px; border-bottom: 2px solid currentColor; padding-bottom: 5px; margin-top: 0; color: inherit; opacity: 0.8;'>Descripci\u00f3n General<\/h2>\n<p style='font-size: 15px; color: inherit; margin-bottom: 15px;'>El cable UTP&comma; FTP LinkedPro Cat5e&comma; Cat6 y Cat6A permite flexibilidad en instalaci\u00f3n&comma; capacidad de crecimiento y facilidad de administraci\u00f3n. Es un cable de alto rendimiento que completa toda la soluci\u00f3n de LinkedPro.<\/p>\n<p style='font-size: 15px; color: inherit; margin-bottom: 15px;'><strong>Cat6A:<\/strong> Su objetivo es la interfaz f\u00edsica para conectar los puntos del cuarto de telecomunicaciones hasta el \u00e1rea de trabajo&comma; adecu\u00e1ndose a las especificaciones de la norma IEEE 802.3an (10Gbase-T) para aplicaciones de 10Gbps con un rendimiento de 500MHz.<\/p>\n<\/p><\/div>\n<p> <!-- Secci\u00f3n de caracter\u00edsticas principales --> <\/p>\n<div style='margin-bottom: 30px;'>\n<h2 style='font-size: 20px; border-bottom: 2px solid currentColor; padding-bottom: 5px; margin-top: 0; color: inherit; opacity: 0.8;'>Caracter\u00edsticas Principales<\/h2>\n<ul style='padding-left: 20px; font-size: 15px; color: inherit; list-style-type: disc;'>\n<li style='margin-bottom: 5px;'>Cat6a para aplicaciones 10Gbps con est\u00e1ndar IEEE 802.3an<\/li>\n<li style='margin-bottom: 5px;'>Rendimiento de 500MHz para alta eficiencia<\/li>\n<li style='margin-bottom: 5px;'>Longitud de 7.0 m para conexiones vers\u00e1tiles<\/li>\n<li style='margin-bottom: 5px;'>Conectores modulares para f\u00e1cil instalaci\u00f3n<\/li>\n<li style='margin-bottom: 5px;'>Cable blindado para m\u00e1xima protecci\u00f3n<\/li>\n<\/ul><\/div>\n<p> <!-- Secci\u00f3n de especificaciones t\u00e9cnicas --> <\/p>\n<div style='display: flex; flex-wrap: wrap; gap: 20px; margin-bottom: 30px;'>\n<div style='flex: 1 1 250px; border: 1px solid rgba(150&comma; 150&comma; 150&comma; 0.4); border-radius: 8px; overflow: hidden; display: flex; flex-direction: column;'>\n<div style='padding: 15px; border-bottom: 1px solid rgba(150&comma; 150&comma; 150&comma; 0.2); font-weight: bold; font-size: 18px; color: inherit;'>Especificaciones F\u00edsicas<\/div>\n<div style='padding: 15px; color: inherit;'>\n<ul style='padding-left: 20px; margin: 0; font-size: 14px; list-style-type: disc;'>\n<li style='margin-bottom: 5px;'><strong>Tipo:<\/strong> Patch cable<\/li>\n<li style='margin-bottom: 5px;'><strong>Color:<\/strong> Blanco (WH)<\/li>\n<li style='margin-bottom: 5px;'><strong>Longitudes disponibles:<\/strong> 0.5&comma; 1&comma; 2&comma; 3&comma; 7m<\/li>\n<li style='margin-bottom: 5px;'><strong>Tipo de cable:<\/strong> Blindado<\/li>\n<li style='margin-bottom: 5px;'><strong>N\u00famero de usos:<\/strong> 1000 veces<\/li>\n<\/ul><\/div>\n<\/p><\/div>\n<div style='flex: 1 1 250px; border: 1px solid rgba(150&comma; 150&comma; 150&comma; 0.4); border-radius: 8px; overflow: hidden; display: flex; flex-direction: column;'>\n<div style='padding: 15px; border-bottom: 1px solid rgba(150&comma; 150&comma; 150&comma; 0.2); font-weight: bold; font-size: 18px; color: inherit;'>Especificaciones El\u00e9ctricas<\/div>\n<div style='padding: 15px; color: inherit;'>\n<ul style='padding-left: 20px; margin: 0; font-size: 14px; list-style-type: disc;'>\n<li style='margin-bottom: 5px;'><strong>Nivel de rendimiento:<\/strong> Cat6A\/Class E<\/li>\n<li style='margin-bottom: 5px;'><strong>Resistencia:<\/strong> 100 Ohms<\/li>\n<li style='margin-bottom: 5px;'><strong>Frecuencia:<\/strong> 500 MHz<\/li>\n<li style='margin-bottom: 5px;'><strong>Gauge:<\/strong> AWG 27<\/li>\n<\/ul><\/div>\n<\/p><\/div>\n<div style='flex: 1 1 250px; border: 1px solid rgba(150&comma; 150&comma; 150&comma; 0.4); border-radius: 8px; overflow: hidden; display: flex; flex-direction: column;'>\n<div style='padding: 15px; border-bottom: 1px solid rgba(150&comma; 150&comma; 150&comma; 0.2); font-weight: bold; font-size: 18px; color: inherit;'>Terminaci\u00f3n<\/div>\n<div style='padding: 15px; color: inherit;'>\n<ul style='padding-left: 20px; margin: 0; font-size: 14px; list-style-type: disc;'>\n<li style='margin-bottom: 5px;'><strong>Tipo de conector:<\/strong> RJ45 8(8)<\/li>\n<li style='margin-bottom: 5px;'><strong>Terminaci\u00f3n extremo 1:<\/strong> Plug modular<\/li>\n<li style='margin-bottom: 5px;'><strong>Terminaci\u00f3n extremo 2:<\/strong> Plug modular<\/li>\n<\/ul><\/div>\n<\/p><\/div>\n<\/p><\/div>\n<p> <!-- Secci\u00f3n de diagrama de conexiones --> <\/p>\n<div style='margin-bottom: 30px;'>\n<h2 style='font-size: 20px; border-bottom: 2px solid currentColor; padding-bottom: 5px; margin-top: 0; color: inherit; opacity: 0.8;'>Diagrama de Conexiones<\/h2>\n<p style='font-size: 15px; color: inherit; margin-bottom: 15px;'>WIRING DIAGRAM<\/p>\n<div style='display: flex; flex-wrap: wrap; gap: 30px; align-items: center;'>\n<div style='flex: 1 1 200px;'>\n<ul style='padding-left: 20px; margin: 0; font-size: 14px; list-style-type: none;'>\n<li style='margin-bottom: 5px;'><strong>P1:<\/strong> WHITE<\/li>\n<li style='margin-bottom: 5px;'><strong>P2:<\/strong> ORANGE<\/li>\n<li style='margin-bottom: 5px;'><strong>P3:<\/strong> WHITE<\/li>\n<li style='margin-bottom: 5px;'><strong>P4:<\/strong> GREEN<\/li>\n<\/ul><\/div>\n<div style='flex: 1 1 200px;'>\n<ul style='padding-left: 20px; margin: 0; font-size: 14px; list-style-type: none;'>\n<li style='margin-bottom: 5px;'><strong>P5:<\/strong> BLUE<\/li>\n<li style='margin-bottom: 5px;'><strong>P6:<\/strong> WHITE<\/li>\n<li style='margin-bottom: 5px;'><strong>P7:<\/strong> WHITE<\/li>\n<li style='margin-bottom: 5px;'><strong>P8:<\/strong> BROWN<\/li>\n<\/ul><\/div>\n<\/p><\/div>\n<\/p><\/div>\n<p> <!-- Secci\u00f3n de blindaje --> <\/p>\n<div style='margin-bottom: 30px;'>\n<h2 style='font-size: 20px; border-bottom: 2px solid currentColor; padding-bottom: 5px; margin-top: 0; color: inherit; opacity: 0.8;'>Sistema de Blindaje<\/h2>\n<ul style='padding-left: 20px; font-size: 15px; color: inherit; list-style-type: disc;'>\n<li style='margin-bottom: 5px;'>Blindaje de aluminio\/poliamida trenzada<\/li>\n<li style='margin-bottom: 5px;'>Cubierta exterior (JACKET)<\/li>\n<li style='margin-bottom: 5px;'>Conector con carcasa met\u00e1lica<\/li>\n<\/ul><\/div>\n<p> <!-- Separador final --> <\/p>\n<hr style='border: 0; border-top: 1px solid rgba(150&comma; 150&comma; 150&comma; 0.3); margin: 30px 0;'> <\/div>\n","protected":false},"excerpt":{"rendered":"<p>Patch Cord Cat6A 10G Blindado 7.0 Metros (22.96 Pies) Blanco<\/p>\n","protected":false},"featured_media":14700,"comment_status":"open","ping_status":"closed","template":"","meta":[],"product_brand":[],"product_cat":[598],"product_tag":[586,435,599],"class_list":{"0":"post-14701","1":"product","2":"type-product","3":"status-publish","4":"has-post-thumbnail","6":"product_cat-patch-cords","7":"product_tag-cableado-de-cobre","8":"product_tag-linkedpro-by-epcom","9":"product_tag-patch-cords","11":"first","12":"instock","13":"sale","14":"shipping-taxable","15":"purchasable","16":"product-type-simple"},"_links":{"self":[{"href":"https:\/\/soydeaqui.ddns.net\/pachuca\/index.php\/wp-json\/wp\/v2\/product\/14701","targetHints":{"allow":["GET"]}}],"collection":[{"href":"https:\/\/soydeaqui.ddns.net\/pachuca\/index.php\/wp-json\/wp\/v2\/product"}],"about":[{"href":"https:\/\/soydeaqui.ddns.net\/pachuca\/index.php\/wp-json\/wp\/v2\/types\/product"}],"replies":[{"embeddable":true,"href":"https:\/\/soydeaqui.ddns.net\/pachuca\/index.php\/wp-json\/wp\/v2\/comments?post=14701"}],"wp:featuredmedia":[{"embeddable":true,"href":"https:\/\/soydeaqui.ddns.net\/pachuca\/index.php\/wp-json\/wp\/v2\/media\/14700"}],"wp:attachment":[{"href":"https:\/\/soydeaqui.ddns.net\/pachuca\/index.php\/wp-json\/wp\/v2\/media?parent=14701"}],"wp:term":[{"taxonomy":"product_brand","embeddable":true,"href":"https:\/\/soydeaqui.ddns.net\/pachuca\/index.php\/wp-json\/wp\/v2\/product_brand?post=14701"},{"taxonomy":"product_cat","embeddable":true,"href":"https:\/\/soydeaqui.ddns.net\/pachuca\/index.php\/wp-json\/wp\/v2\/product_cat?post=14701"},{"taxonomy":"product_tag","embeddable":true,"href":"https:\/\/soydeaqui.ddns.net\/pachuca\/index.php\/wp-json\/wp\/v2\/product_tag?post=14701"}],"curies":[{"name":"wp","href":"https:\/\/api.w.org\/{rel}","templated":true}]}}