{"id":14694,"date":"2026-03-18T08:39:04","date_gmt":"2026-03-18T08:39:04","guid":{"rendered":"https:\/\/soydeaqui.ddns.net\/pachuca\/index.php\/producto\/distribuidor-de-fibra-ptica-para-96-empalmes-con-96-acopladores-sc-apc-y-96-pigtails-19-4-ur\/"},"modified":"2026-03-18T08:39:05","modified_gmt":"2026-03-18T08:39:05","slug":"distribuidor-de-fibra-ptica-para-96-empalmes-con-96-acopladores-sc-apc-y-96-pigtails-19-4-ur","status":"publish","type":"product","link":"https:\/\/soydeaqui.ddns.net\/pachuca\/index.php\/producto\/distribuidor-de-fibra-ptica-para-96-empalmes-con-96-acopladores-sc-apc-y-96-pigtails-19-4-ur\/","title":{"rendered":"Distribuidor de Fibra ?ptica para 96 Empalmes, con 96 Acopladores SC\/APC y 96 Pigtails, 19, 4 UR"},"content":{"rendered":"<div style='width: 100%; max-width: 1200px; margin: 0 auto; font-family: sans-serif; line-height: 1.6; color: inherit; background-color: transparent;'>\n<div style='display: flex; flex-wrap: wrap; gap: 30px; margin-bottom: 30px;'>\n<div style='flex: 1 1 300px; min-width: 280px;'>\n<h3 style='font-size: 22px; border-bottom: 2px solid currentColor; padding-bottom: 5px; margin-top: 0; color: inherit; opacity: 0.8;'>Caracter\u00edsticas<\/h3>\n<p style='font-size: 15px; color: inherit; margin-bottom: 15px;'>La serie ODU de Distribuidores de Fibra \u00d3ptica de FiberHome pueden ser utilizados para fusi\u00f3n y terminaci\u00f3n de hasta 216 fibras. Cuenta con protecci\u00f3n de radio de curvatura para las fibras&comma; almacenamiento y charola para fusi\u00f3n.<\/p>\n<ul style='padding-left: 20px; font-size: 15px; color: inherit;'>\n<li style='margin-bottom: 5px;'><span style='font-size: 14pt; font-family: helvetica&comma; arial&comma; sans-serif;'>Para fusi\u00f3n de 96 fibras (4 charolas de 24 empalmes)<\/span><\/li>\n<li style='margin-bottom: 5px;'><span style='font-size: 14pt; font-family: helvetica&comma; arial&comma; sans-serif;'>19&#8217;&comma; 4 UR&comma; 250 mm de profundidad<\/span><\/li>\n<li style='margin-bottom: 5px;'><span style='font-size: 14pt; font-family: helvetica&comma; arial&comma; sans-serif;'>Incluye 96 acopladores SC\/APC<\/span><\/li>\n<li style='margin-bottom: 5px;'><span style='font-size: 14pt; font-family: helvetica&comma; arial&comma; sans-serif;'>Incluye 8 kits de 12 pigtails SC\/APC<\/span><\/li>\n<\/ul><\/div>\n<div style='flex: 1 1 300px; min-width: 280px;'> <img style='width: 100%; height: auto; border: 1px solid rgba(150&comma;150&comma;150&comma;0.3); border-radius: 8px;' src='https:\/\/ftp3.syscom.mx\/usuarios\/orobles\/FiberHome\/GPON\/fiberhome_logo.png' alt='Logo FiberHome'> <\/div>\n<\/p><\/div>\n<div style='display: flex; flex-wrap: wrap; gap: 20px; margin-bottom: 30px;'>\n<div style='flex: 1 1 250px; border: 1px solid rgba(150&comma; 150&comma; 150&comma; 0.4); border-radius: 8px; overflow: hidden; display: flex; flex-direction: column;'>\n<div style='padding: 15px; border-bottom: 1px solid rgba(150&comma; 150&comma; 150&comma; 0.2); font-weight: bold; font-size: 18px; color: inherit;'>Video de Instalaci\u00f3n<\/div>\n<div style='padding: 15px; color: inherit;'>\n<div style='position: relative; padding-bottom: 56.25%; height: 0; overflow: hidden; margin-bottom: 30px;'>   <\/div>\n<p style='margin: 0; font-size: 14px; color: inherit; text-align: center;'><a href='https:\/\/drive.google.com\/file\/d\/1Kjb5yprA1QGSxDErejUtkY9kNUnjXNXK\/view?usp=drive_link' target='_blank' rel='noopener' style='color: inherit; text-decoration: underline;'>Ver video en Google Drive<\/a><\/p>\n<\/p><\/div>\n<\/p><\/div>\n<\/p><\/div>\n<\/p><\/div>\n","protected":false},"excerpt":{"rendered":"<p>Distribuidor de Fibra ?ptica para 96 Empalmes, con 96 Acopladores SC\/APC y 96 Pigtails, 19, 4 UR<\/p>\n","protected":false},"featured_media":14693,"comment_status":"open","ping_status":"closed","template":"","meta":[],"product_brand":[],"product_cat":[621],"product_tag":[622,639,611],"class_list":{"0":"post-14694","1":"product","2":"type-product","3":"status-publish","4":"has-post-thumbnail","6":"product_cat-distribuidores-de-fibra-optica","7":"product_tag-distribuidores-de-fibra-optica","8":"product_tag-fiberhome","9":"product_tag-fibra-optica","11":"first","12":"instock","13":"sale","14":"shipping-taxable","15":"purchasable","16":"product-type-simple"},"_links":{"self":[{"href":"https:\/\/soydeaqui.ddns.net\/pachuca\/index.php\/wp-json\/wp\/v2\/product\/14694","targetHints":{"allow":["GET"]}}],"collection":[{"href":"https:\/\/soydeaqui.ddns.net\/pachuca\/index.php\/wp-json\/wp\/v2\/product"}],"about":[{"href":"https:\/\/soydeaqui.ddns.net\/pachuca\/index.php\/wp-json\/wp\/v2\/types\/product"}],"replies":[{"embeddable":true,"href":"https:\/\/soydeaqui.ddns.net\/pachuca\/index.php\/wp-json\/wp\/v2\/comments?post=14694"}],"wp:featuredmedia":[{"embeddable":true,"href":"https:\/\/soydeaqui.ddns.net\/pachuca\/index.php\/wp-json\/wp\/v2\/media\/14693"}],"wp:attachment":[{"href":"https:\/\/soydeaqui.ddns.net\/pachuca\/index.php\/wp-json\/wp\/v2\/media?parent=14694"}],"wp:term":[{"taxonomy":"product_brand","embeddable":true,"href":"https:\/\/soydeaqui.ddns.net\/pachuca\/index.php\/wp-json\/wp\/v2\/product_brand?post=14694"},{"taxonomy":"product_cat","embeddable":true,"href":"https:\/\/soydeaqui.ddns.net\/pachuca\/index.php\/wp-json\/wp\/v2\/product_cat?post=14694"},{"taxonomy":"product_tag","embeddable":true,"href":"https:\/\/soydeaqui.ddns.net\/pachuca\/index.php\/wp-json\/wp\/v2\/product_tag?post=14694"}],"curies":[{"name":"wp","href":"https:\/\/api.w.org\/{rel}","templated":true}]}}