{"id":14625,"date":"2026-03-18T08:37:57","date_gmt":"2026-03-18T08:37:57","guid":{"rendered":"https:\/\/soydeaqui.ddns.net\/pachuca\/index.php\/producto\/bote-con-50-plugs-pass-through-rj45-cat6-sin-blindaje-con-alivio-de-tensin-incluido-chapado-de-oro-a-30-micras-para-durabilidad-extrema\/"},"modified":"2026-03-18T08:38:02","modified_gmt":"2026-03-18T08:38:02","slug":"bote-con-50-plugs-pass-through-rj45-cat6-sin-blindaje-con-alivio-de-tensin-incluido-chapado-de-oro-a-30-micras-para-durabilidad-extrema","status":"publish","type":"product","link":"https:\/\/soydeaqui.ddns.net\/pachuca\/index.php\/producto\/bote-con-50-plugs-pass-through-rj45-cat6-sin-blindaje-con-alivio-de-tensin-incluido-chapado-de-oro-a-30-micras-para-durabilidad-extrema\/","title":{"rendered":"Bote con 50 Plugs Pass Through RJ45 Cat6 sin Blindaje, con Alivio de Tensi?n Incluido, Chapado de Oro a 30 Micras para Durabilidad Extrema"},"content":{"rendered":"<div style='width: 100%; max-width: 1200px; margin: 0 auto; font-family: sans-serif; line-height: 1.6; color: inherit; background-color: transparent;'> <!-- Secci\u00f3n de introducci\u00f3n --> <\/p>\n<div style='margin-bottom: 30px;'>\n<p style='margin: 0 0 15px; color: inherit;'> <strong style='color: inherit; opacity: 0.9;'>Terminaciones m\u00e1s r\u00e1pidas&comma; f\u00e1ciles y eficientes con los plugs Pass through de LinkedPro&comma; su dise\u00f1o de una sola pieza permite que los cables pasen a trav\u00e9s del conector de una manera eficiente&comma; manteniendo alta integridad de se\u00f1al.<\/strong> <\/p>\n<p style='margin: 0 0 15px; color: inherit;'>Cumplen con los requerimientos especificados en la norma TIA-568B.2<\/p>\n<\/p><\/div>\n<p> <!-- Secci\u00f3n de caracter\u00edsticas --> <\/p>\n<div style='display: flex; flex-wrap: wrap; gap: 30px; margin-bottom: 30px;'>\n<div style='flex: 1 1 300px; min-width: 280px;'>\n<h3 style='font-size: 22px; border-bottom: 2px solid currentColor; padding-bottom: 5px; margin-top: 0; color: inherit; opacity: 0.8;'>Caracter\u00edsticas Generales<\/h3>\n<ul style='padding-left: 20px; font-size: 15px; color: inherit;'>\n<li style='margin-bottom: 5px;'>Chapado de oro a 30 micras para el mejor desempe\u00f1o a pesar de muchas conexiones<\/li>\n<li style='margin-bottom: 5px;'>Sin blindaje<\/li>\n<li style='margin-bottom: 5px;'>F\u00e1cil instalaci\u00f3n<\/li>\n<li style='margin-bottom: 5px;'>Excelente desempe\u00f1o<\/li>\n<li style='margin-bottom: 5px;'>Con alivio de tensi\u00f3n incluido<\/li>\n<\/ul><\/div>\n<\/p><\/div>\n<p> <!-- Secci\u00f3n de nota importante --> <\/p>\n<div style='margin-bottom: 30px;'>\n<p style='margin: 0 0 15px; color: inherit;'> <strong style='color: inherit;'> <span style='color: #e74c3c; font-weight: bold; color: inherit;'>Para garantizar una \u00f3ptima y correcta terminaci\u00f3n del conector es obligatorio el uso de las pinzas<\/span> <span style='font-weight: 400; color: inherit;'> <\/span> <a style='color: #005cb9; font-weight: 600; text-decoration: none;' href='https:\/\/www.syscom.mx\/producto\/EP-670-EPCOM-POWERLINE-171334.html'>EP-670.<\/a> <\/strong> <\/p>\n<\/p><\/div>\n<\/p><\/div>\n","protected":false},"excerpt":{"rendered":"<p>Bote con 50 Plugs Pass Through RJ45 Cat6 sin Blindaje, con Alivio de Tensi?n Incluido, Chapado de Oro a 30 Micras para Durabilidad Extrema<\/p>\n","protected":false},"featured_media":14624,"comment_status":"open","ping_status":"closed","template":"","meta":[],"product_brand":[],"product_cat":[595],"product_tag":[586,596,435],"class_list":{"0":"post-14625","1":"product","2":"type-product","3":"status-publish","4":"has-post-thumbnail","6":"product_cat-jacks-plugs","7":"product_tag-cableado-de-cobre","8":"product_tag-jacks-plugs","9":"product_tag-linkedpro-by-epcom","11":"first","12":"instock","13":"sale","14":"shipping-taxable","15":"purchasable","16":"product-type-simple"},"_links":{"self":[{"href":"https:\/\/soydeaqui.ddns.net\/pachuca\/index.php\/wp-json\/wp\/v2\/product\/14625","targetHints":{"allow":["GET"]}}],"collection":[{"href":"https:\/\/soydeaqui.ddns.net\/pachuca\/index.php\/wp-json\/wp\/v2\/product"}],"about":[{"href":"https:\/\/soydeaqui.ddns.net\/pachuca\/index.php\/wp-json\/wp\/v2\/types\/product"}],"replies":[{"embeddable":true,"href":"https:\/\/soydeaqui.ddns.net\/pachuca\/index.php\/wp-json\/wp\/v2\/comments?post=14625"}],"wp:featuredmedia":[{"embeddable":true,"href":"https:\/\/soydeaqui.ddns.net\/pachuca\/index.php\/wp-json\/wp\/v2\/media\/14624"}],"wp:attachment":[{"href":"https:\/\/soydeaqui.ddns.net\/pachuca\/index.php\/wp-json\/wp\/v2\/media?parent=14625"}],"wp:term":[{"taxonomy":"product_brand","embeddable":true,"href":"https:\/\/soydeaqui.ddns.net\/pachuca\/index.php\/wp-json\/wp\/v2\/product_brand?post=14625"},{"taxonomy":"product_cat","embeddable":true,"href":"https:\/\/soydeaqui.ddns.net\/pachuca\/index.php\/wp-json\/wp\/v2\/product_cat?post=14625"},{"taxonomy":"product_tag","embeddable":true,"href":"https:\/\/soydeaqui.ddns.net\/pachuca\/index.php\/wp-json\/wp\/v2\/product_tag?post=14625"}],"curies":[{"name":"wp","href":"https:\/\/api.w.org\/{rel}","templated":true}]}}