{"id":14609,"date":"2026-03-18T08:37:44","date_gmt":"2026-03-18T08:37:44","guid":{"rendered":"https:\/\/soydeaqui.ddns.net\/pachuca\/index.php\/producto\/adaptador-de-fibra-ptica-desnuda-para-realizar-mediciones-y-pruebas-en-hilos-de-fibra-sin-conector\/"},"modified":"2026-03-18T08:37:44","modified_gmt":"2026-03-18T08:37:44","slug":"adaptador-de-fibra-ptica-desnuda-para-realizar-mediciones-y-pruebas-en-hilos-de-fibra-sin-conector","status":"publish","type":"product","link":"https:\/\/soydeaqui.ddns.net\/pachuca\/index.php\/producto\/adaptador-de-fibra-ptica-desnuda-para-realizar-mediciones-y-pruebas-en-hilos-de-fibra-sin-conector\/","title":{"rendered":"Adaptador de Fibra ?ptica Desnuda para Realizar Mediciones y Pruebas en Hilos de Fibra sin Conector"},"content":{"rendered":"<div style='width: 100%; max-width: 1200px; margin: 0 auto; font-family: sans-serif; line-height: 1.6; color: inherit; background-color: transparent;'> <!-- Imagen --> <\/p>\n<div style='width: 100%; display: flex; justify-content: center; margin-bottom: 30px;'> <img style='width: auto; max-width: 100%; height: auto; border: 1px solid rgba(150&comma;150&comma;150&comma;0.3); border-radius: 8px;' src='https:\/\/ftp3.syscom.mx\/usuarios\/orobles\/GREENLEE\/TEMPO-COMMUNICATIONS-lg.jpg' alt=''> <\/div>\n<p> <!-- Descripci\u00f3n general --> <\/p>\n<div style='margin-bottom: 30px;'>\n<p style='font-size: 16px; color: inherit;'>Conecte temporalmente instrumentos de prueba como OTDR&comma; Medidor de Potencia y VFL a la fibra sin necesidad de fusionarla o conectorizarla.<\/p>\n<\/p><\/div>\n<p> <!-- Caracter\u00edsticas --> <\/p>\n<div style='display: flex; flex-wrap: wrap; gap: 30px; margin-bottom: 30px;'>\n<div style='flex: 1 1 300px; min-width: 280px;'>\n<h3 style='font-size: 22px; border-bottom: 2px solid currentColor; padding-bottom: 5px; margin-top: 0; color: inherit; opacity: 0.8;'>Caracter\u00edsticas<\/h3>\n<ul style='padding-left: 20px; font-size: 15px; color: inherit;'>\n<li style='margin-bottom: 5px;'>Proporciona un m\u00e9todo r\u00e1pido para conectar temporalmente una fibra bajo prueba a un instrumento de prueba.<\/li>\n<li style='margin-bottom: 5px;'>Mida la longitud de la fibra en un carrete con un OTDR sin tener que conectorizar o fusionar el carrete de fibra<\/li>\n<li style='margin-bottom: 5px;'>Mida la potencia \u00f3ptica presente en una fibra sin conector<\/li>\n<li style='margin-bottom: 5px;'>Conecte temporalmente un VFL a una fibra para que el t\u00e9cnico pueda inyectar luz visible en una fibra que no tiene conector<\/li>\n<li style='margin-bottom: 5px;'>Acepta fibra de hasta 250 micras<\/li>\n<li style='margin-bottom: 5px;'>Tipo de conector: SC\/PC<\/li>\n<li style='margin-bottom: 5px;'>Compatible con fibra multimodo y monomodo<\/li>\n<\/ul><\/div>\n<\/p><\/div>\n<p> <!-- Instrucciones --> <\/p>\n<div style='display: flex; flex-wrap: wrap; gap: 30px; margin-bottom: 30px;'>\n<div style='flex: 1 1 300px; min-width: 280px;'>\n<h3 style='font-size: 22px; border-bottom: 2px solid currentColor; padding-bottom: 5px; margin-top: 0; color: inherit; opacity: 0.8;'>Instrucciones<\/h3>\n<ol style='padding-left: 20px; font-size: 15px; color: inherit;'>\n<li style='margin-bottom: 5px;'>Pele la cubierta de la fibra para acceder al recubrimiento de 900 micras. Retire 50 mm (2 &#8216;) del revestimiento acr\u00edlico (250 micras).<\/li>\n<li style='margin-bottom: 5px;'>Limpie la fibra con alcohol isoprop\u00edlico al 99%.<\/li>\n<li style='margin-bottom: 5px;'>Corte la fibra a una longitud de 20 mm.<\/li>\n<li style='margin-bottom: 5px;'>Presione el \u00e9mbolo del BFA-1 e inserte el extremo de la fibra cortada asegur\u00e1ndose de que el extremo de la fibra llega hasta la f\u00e9rula.<\/li>\n<li style='margin-bottom: 5px;'>Suelte el \u00e9mbolo para asegurar la fibra.<\/li>\n<\/ol><\/div>\n<\/p><\/div>\n<p> <!-- Notas --> <\/p>\n<div style='display: flex; flex-wrap: wrap; gap: 30px; margin-bottom: 30px;'>\n<div style='flex: 1 1 300px; min-width: 280px;'>\n<h3 style='font-size: 22px; border-bottom: 2px solid currentColor; padding-bottom: 5px; margin-top: 0; color: inherit; opacity: 0.8;'>Notas<\/h3>\n<ul style='padding-left: 20px; font-size: 15px; color: inherit;'>\n<li style='margin-bottom: 5px;'>Es altamente recomendado utilizar un acoplador SC-SC y un jumper\/patch cord de fibra de 1 metro para realizar la conexi\u00f3n al OTDR\/Medidor de Potencia\/VFL<\/li>\n<li style='margin-bottom: 5px;'>No conectar directamente el adaptador BFA-1 al instrumento de medici\u00f3n<\/li>\n<\/ul><\/div>\n<\/p><\/div>\n<p> <!-- Separador --> <\/p>\n<hr style='border: 0; border-top: 1px solid rgba(150&comma; 150&comma; 150&comma; 0.3); margin: 30px 0;'> <\/div>\n","protected":false},"excerpt":{"rendered":"<p>Adaptador de Fibra ?ptica Desnuda para Realizar Mediciones y Pruebas en Hilos de Fibra sin Conector<\/p>\n","protected":false},"featured_media":14608,"comment_status":"open","ping_status":"closed","template":"","meta":[],"product_brand":[],"product_cat":[615],"product_tag":[616,611,658],"class_list":{"0":"post-14609","1":"product","2":"type-product","3":"status-publish","4":"has-post-thumbnail","6":"product_cat-conectores","7":"product_tag-conectores","8":"product_tag-fibra-optica","9":"product_tag-tempo","11":"first","12":"instock","13":"sale","14":"shipping-taxable","15":"purchasable","16":"product-type-simple"},"_links":{"self":[{"href":"https:\/\/soydeaqui.ddns.net\/pachuca\/index.php\/wp-json\/wp\/v2\/product\/14609","targetHints":{"allow":["GET"]}}],"collection":[{"href":"https:\/\/soydeaqui.ddns.net\/pachuca\/index.php\/wp-json\/wp\/v2\/product"}],"about":[{"href":"https:\/\/soydeaqui.ddns.net\/pachuca\/index.php\/wp-json\/wp\/v2\/types\/product"}],"replies":[{"embeddable":true,"href":"https:\/\/soydeaqui.ddns.net\/pachuca\/index.php\/wp-json\/wp\/v2\/comments?post=14609"}],"wp:featuredmedia":[{"embeddable":true,"href":"https:\/\/soydeaqui.ddns.net\/pachuca\/index.php\/wp-json\/wp\/v2\/media\/14608"}],"wp:attachment":[{"href":"https:\/\/soydeaqui.ddns.net\/pachuca\/index.php\/wp-json\/wp\/v2\/media?parent=14609"}],"wp:term":[{"taxonomy":"product_brand","embeddable":true,"href":"https:\/\/soydeaqui.ddns.net\/pachuca\/index.php\/wp-json\/wp\/v2\/product_brand?post=14609"},{"taxonomy":"product_cat","embeddable":true,"href":"https:\/\/soydeaqui.ddns.net\/pachuca\/index.php\/wp-json\/wp\/v2\/product_cat?post=14609"},{"taxonomy":"product_tag","embeddable":true,"href":"https:\/\/soydeaqui.ddns.net\/pachuca\/index.php\/wp-json\/wp\/v2\/product_tag?post=14609"}],"curies":[{"name":"wp","href":"https:\/\/api.w.org\/{rel}","templated":true}]}}