{"id":14604,"date":"2026-03-18T08:37:39","date_gmt":"2026-03-18T08:37:39","guid":{"rendered":"https:\/\/soydeaqui.ddns.net\/pachuca\/index.php\/producto\/micro-telfono-de-pruebas\/"},"modified":"2026-03-18T08:37:43","modified_gmt":"2026-03-18T08:37:43","slug":"micro-telfono-de-pruebas","status":"publish","type":"product","link":"https:\/\/soydeaqui.ddns.net\/pachuca\/index.php\/producto\/micro-telfono-de-pruebas\/","title":{"rendered":"Micro Tel?fono de Pruebas"},"content":{"rendered":"<div style='width: 100%; max-width: 1200px; margin: 0 auto; font-family: sans-serif; line-height: 1.6; color: inherit; background-color: transparent;'>\n<div style='display: flex; flex-wrap: wrap; justify-content: center; margin-bottom: 30px;'>\n<div style='flex: 1 1 270px; min-width: 270px; max-width: 270px;'> <img style='width: 100%; height: auto; border: 1px solid rgba(150&comma;150&comma;150&comma;0.3); border-radius: 8px;' src='https:\/\/ftp3.syscom.mx\/usuarios\/orobles\/GREENLEE\/TEMPO-COMMUNICATIONS-lg.jpg' alt=''> <\/div>\n<\/p><\/div>\n<div style='display: flex; flex-wrap: wrap; gap: 30px; margin-bottom: 30px;'>\n<div style='flex: 1 1 300px; min-width: 280px;'>\n<p style='font-size: 14pt; margin-bottom: 15px; text-align: justify; color: inherit;'>En el mundo de las telecomunicaciones de r\u00e1pida evoluci\u00f3n&comma; el TM-500 de TEMPO (Tele-Mate\u00ae) es un Micro Tel\u00e9fono de pruebas compatible con DSL&comma; f\u00e1cil de usar&comma; dise\u00f1ado para ayudar a los t\u00e9cnicos a instalar y dar mantenimiento redes de telefon\u00eda con facilidad. Capaz de abordar las complejidades de las l\u00edneas de telecomunicaci\u00f3n anal\u00f3gicas de hoy en d\u00eda&comma; el TM-500 ofrece la conveniencia de la operaci\u00f3n con alimentaci\u00f3n de l\u00ednea (no necesita bater\u00eda) y caracter\u00edsticas \u00fatiles como un monitor de alta impedancia que es seguro para datos y DSL&comma; prueba de polaridad&comma; marcaci\u00f3n r\u00e1pida&comma; \u00faltimo n\u00famero marcado y marcaci\u00f3n por pulso&comma; lo que hace que un t\u00e9cnico sea m\u00e1s productivo.<\/p>\n<p style='font-size: 14pt; margin-bottom: 15px; text-align: justify; color: inherit;'>El TM-500 no solo funciona en modo auricular&comma; sino que tambi\u00e9n se puede usar con el manos libres (incluido) para una f\u00e1cil operaci\u00f3n. El TM-500 es seguro para operar con detecci\u00f3n de sobretensi\u00f3n y corriente.<\/p>\n<\/p><\/div>\n<\/p><\/div>\n<hr style='border: 0; border-top: 1px solid rgba(150&comma; 150&comma; 150&comma; 0.3); margin: 30px 0;'>\n<div style='display: flex; flex-wrap: wrap; gap: 30px; margin-bottom: 30px;'>\n<div style='flex: 1 1 300px; min-width: 280px;'>\n<h3 style='font-size: 22px; border-bottom: 2px solid currentColor; padding-bottom: 5px; margin-top: 0; color: inherit; opacity: 0.8;'>Caracter\u00edsticas<\/h3>\n<ul style='padding-left: 20px; font-size: 15px; color: inherit; list-style-type: disc;'>\n<li style='margin-bottom: 5px; text-align: justify; color: inherit;'><span style='color: inherit;'>Se puede usar de forma segura en una l\u00ednea habilitada para DSL<\/span><\/li>\n<li style='margin-bottom: 5px; text-align: justify; color: inherit;'><span style='color: inherit;'>Monitor de alta impedancia para verificaci\u00f3n de la l\u00ednea sin interrumpir el tr\u00e1fico existente<\/span><\/li>\n<li style='margin-bottom: 5px; text-align: justify; color: inherit;'><span style='color: inherit;'>Marcaci\u00f3n por tonos y pulsos para versatilidad en l\u00edneas telef\u00f3nicas antiguas y nuevas<\/span><\/li>\n<li style='margin-bottom: 5px; text-align: justify; color: inherit;'><span style='color: inherit;'>Teclado luminiscente (que brilla en la oscuridad)<\/span><\/li>\n<li style='margin-bottom: 5px; text-align: justify; color: inherit;'><span style='color: inherit;'>Protecci\u00f3n contra sobretensi\u00f3n y sobrecorriente<\/span><\/li>\n<li style='margin-bottom: 5px; text-align: justify; color: inherit;'><span style='color: inherit;'>Prueba de polaridad con indicador LED<\/span><\/li>\n<li style='margin-bottom: 5px; text-align: justify; color: inherit;'><span style='color: inherit;'>32 d\u00edgitos \u00faltimo n\u00famero remarcado y pausa<\/span><\/li>\n<li style='margin-bottom: 5px; text-align: justify; color: inherit;'><span style='color: inherit;'>Marcaci\u00f3n r\u00e1pida de 10 n\u00fameros<\/span><\/li>\n<li style='margin-bottom: 5px; text-align: justify; color: inherit;'><span style='color: inherit;'>Control de volumen ajustable m\u00e1s silencio<\/span><\/li>\n<li style='margin-bottom: 5px; text-align: justify; color: inherit;'><span style='color: inherit;'>Pausa<\/span><\/li>\n<li style='margin-bottom: 5px; text-align: justify; color: inherit;'><span style='color: inherit;'>Flash para generar una recuperaci\u00f3n de pausa programada<\/span><\/li>\n<li style='margin-bottom: 5px; text-align: justify; color: inherit;'><span style='color: inherit;'>Alimentado por l\u00ednea&comma; no necesita bater\u00eda<\/span><\/li>\n<li style='margin-bottom: 5px; text-align: justify; color: inherit;'><span style='color: inherit;'>Auriculares (incluidos) para operaci\u00f3n manos libres<\/span><\/li>\n<li style='margin-bottom: 5px; text-align: justify; color: inherit;'><span style='color: inherit;'>Conector RJ11<\/span><\/li>\n<\/ul><\/div>\n<\/p><\/div>\n<div style='display: flex; flex-wrap: wrap; gap: 30px; margin-bottom: 30px; justify-content: center;'>\n<div style='flex: 1 1 374.5px; min-width: 280px;'> <img style='width: 100%; height: auto; border: 1px solid rgba(150&comma;150&comma;150&comma;0.3); border-radius: 8px;' src='https:\/\/ftp3.syscom.mx\/usuarios\/orobles\/GREENLEE\/TM-500\/TM-500_app15-1.jpg' alt=''> <\/div>\n<div style='flex: 1 1 374.5px; min-width: 280px;'> <img style='width: 100%; height: auto; border: 1px solid rgba(150&comma;150&comma;150&comma;0.3); border-radius: 8px;' src='https:\/\/ftp3.syscom.mx\/usuarios\/orobles\/GREENLEE\/TM-500\/TM-500_app1-1.jpg' alt=''> <\/div>\n<\/p><\/div>\n<div style='display: flex; flex-wrap: wrap; gap: 30px; margin-bottom: 30px; justify-content: center;'>\n<div style='flex: 1 1 560px; min-width: 280px;'>\n<div style='position: relative; padding-bottom: 56.25%; height: 0; overflow: hidden; margin-bottom: 30px;'>   <\/div>\n<\/p><\/div>\n<\/p><\/div>\n<\/p><\/div>\n","protected":false},"excerpt":{"rendered":"<p>Micro Tel?fono de Pruebas<\/p>\n","protected":false},"featured_media":14603,"comment_status":"open","ping_status":"closed","template":"","meta":[],"product_brand":[],"product_cat":[608],"product_tag":[586,25,658],"class_list":{"0":"post-14604","1":"product","2":"type-product","3":"status-publish","4":"has-post-thumbnail","6":"product_cat-herramientas-cableado-de-cobre","7":"product_tag-cableado-de-cobre","8":"product_tag-herramientas","9":"product_tag-tempo","11":"first","12":"instock","13":"sale","14":"shipping-taxable","15":"purchasable","16":"product-type-simple"},"_links":{"self":[{"href":"https:\/\/soydeaqui.ddns.net\/pachuca\/index.php\/wp-json\/wp\/v2\/product\/14604","targetHints":{"allow":["GET"]}}],"collection":[{"href":"https:\/\/soydeaqui.ddns.net\/pachuca\/index.php\/wp-json\/wp\/v2\/product"}],"about":[{"href":"https:\/\/soydeaqui.ddns.net\/pachuca\/index.php\/wp-json\/wp\/v2\/types\/product"}],"replies":[{"embeddable":true,"href":"https:\/\/soydeaqui.ddns.net\/pachuca\/index.php\/wp-json\/wp\/v2\/comments?post=14604"}],"wp:featuredmedia":[{"embeddable":true,"href":"https:\/\/soydeaqui.ddns.net\/pachuca\/index.php\/wp-json\/wp\/v2\/media\/14603"}],"wp:attachment":[{"href":"https:\/\/soydeaqui.ddns.net\/pachuca\/index.php\/wp-json\/wp\/v2\/media?parent=14604"}],"wp:term":[{"taxonomy":"product_brand","embeddable":true,"href":"https:\/\/soydeaqui.ddns.net\/pachuca\/index.php\/wp-json\/wp\/v2\/product_brand?post=14604"},{"taxonomy":"product_cat","embeddable":true,"href":"https:\/\/soydeaqui.ddns.net\/pachuca\/index.php\/wp-json\/wp\/v2\/product_cat?post=14604"},{"taxonomy":"product_tag","embeddable":true,"href":"https:\/\/soydeaqui.ddns.net\/pachuca\/index.php\/wp-json\/wp\/v2\/product_tag?post=14604"}],"curies":[{"name":"wp","href":"https:\/\/api.w.org\/{rel}","templated":true}]}}