{"id":14598,"date":"2026-03-18T08:37:33","date_gmt":"2026-03-18T08:37:33","guid":{"rendered":"https:\/\/soydeaqui.ddns.net\/pachuca\/index.php\/producto\/pistola-para-instalacin-de-cinchos-de-plstico-con-tensin-controlada-y-corte-automtico\/"},"modified":"2026-03-18T08:37:37","modified_gmt":"2026-03-18T08:37:37","slug":"pistola-para-instalacin-de-cinchos-de-plstico-con-tensin-controlada-y-corte-automtico","status":"publish","type":"product","link":"https:\/\/soydeaqui.ddns.net\/pachuca\/index.php\/producto\/pistola-para-instalacin-de-cinchos-de-plstico-con-tensin-controlada-y-corte-automtico\/","title":{"rendered":"Pistola para Instalaci?n de Cinchos de Pl?stico con Tensi?n Controlada y Corte Autom?tico"},"content":{"rendered":"<div style='width: 100%; max-width: 1200px; margin: 0 auto; font-family: sans-serif; line-height: 1.6; color: inherit; background-color: transparent;'> <!-- Imagen del producto --> <\/p>\n<div style='width: 100%; margin-bottom: 30px;'> <img style='width: 100%; height: auto; border: 1px solid rgba(150&comma;150&comma;150&comma;0.3); border-radius: 8px; display: block; margin: 0 auto;' src='https:\/\/ftp3.syscom.mx\/usuarios\/orobles\/GREENLEE\/TEMPO-COMMUNICATIONS-lg.jpg' alt=''> <\/div>\n<p> <!-- Descripci\u00f3n principal --> <\/p>\n<div style='width: 100%; margin-bottom: 30px;'>\n<p style='font-size: 15px; color: inherit; margin: 0 0 15px 0; padding: 0;'> La pistola PA70076 para instalaci\u00f3n de cinchos (corbatas) de DataShark permite instalar de manera r\u00e1pida y f\u00e1cil cinchos de pl\u00e1stico de hasta 1\/4 de pulgada (6 mm) de ancho. Esta pistola de sujeci\u00f3n de cables puede ayudar a los usuarios a mantener los cables organizados&comma; asegurados y mucho m\u00e1s. <\/p>\n<\/p><\/div>\n<p> <!-- Caracter\u00edsticas --> <\/p>\n<div style='display: flex; flex-wrap: wrap; gap: 30px; margin-bottom: 30px;'>\n<div style='flex: 1 1 300px; min-width: 280px;'>\n<h3 style='font-size: 22px; border-bottom: 2px solid currentColor; padding-bottom: 5px; margin-top: 0; margin-bottom: 15px; color: inherit; opacity: 0.8;'>Caracter\u00edsticas<\/h3>\n<ul style='padding-left: 20px; font-size: 15px; color: inherit; margin: 0; padding: 0; list-style-type: disc;'>\n<li style='margin-bottom: 5px;'> <strong style='color: inherit;'>Funciona con cinchos (corbatas) de pl\u00e1stico de hasta 0.25 pulgadas (6 mm) de ancho<\/strong> <\/li>\n<li style='margin-bottom: 5px;'> <strong style='color: inherit;'>Tensi\u00f3n ajustable para cambiar la presi\u00f3n del haz de cables<\/strong> <\/li>\n<li style='margin-bottom: 5px;'> <strong style='color: inherit;'>Corta autom\u00e1ticamente el exceso de atadura de cables<\/strong> <\/li>\n<li style='margin-bottom: 5px;'> <strong style='color: inherit;'>Se abrocha y corta cuidadosamente en una sola acci\u00f3n<\/strong> <\/li>\n<\/ul><\/div>\n<\/p><\/div>\n<p> <!-- Separador --> <\/p>\n<hr style='border: 0; border-top: 1px solid rgba(150&comma; 150&comma; 150&comma; 0.3); margin: 30px 0;'> <\/div>\n","protected":false},"excerpt":{"rendered":"<p>Pistola para Instalaci?n de Cinchos de Pl?stico con Tensi?n Controlada y Corte Autom?tico<\/p>\n","protected":false},"featured_media":14597,"comment_status":"open","ping_status":"closed","template":"","meta":[],"product_brand":[],"product_cat":[608],"product_tag":[586,25,658],"class_list":{"0":"post-14598","1":"product","2":"type-product","3":"status-publish","4":"has-post-thumbnail","6":"product_cat-herramientas-cableado-de-cobre","7":"product_tag-cableado-de-cobre","8":"product_tag-herramientas","9":"product_tag-tempo","11":"first","12":"instock","13":"sale","14":"shipping-taxable","15":"purchasable","16":"product-type-simple"},"_links":{"self":[{"href":"https:\/\/soydeaqui.ddns.net\/pachuca\/index.php\/wp-json\/wp\/v2\/product\/14598","targetHints":{"allow":["GET"]}}],"collection":[{"href":"https:\/\/soydeaqui.ddns.net\/pachuca\/index.php\/wp-json\/wp\/v2\/product"}],"about":[{"href":"https:\/\/soydeaqui.ddns.net\/pachuca\/index.php\/wp-json\/wp\/v2\/types\/product"}],"replies":[{"embeddable":true,"href":"https:\/\/soydeaqui.ddns.net\/pachuca\/index.php\/wp-json\/wp\/v2\/comments?post=14598"}],"wp:featuredmedia":[{"embeddable":true,"href":"https:\/\/soydeaqui.ddns.net\/pachuca\/index.php\/wp-json\/wp\/v2\/media\/14597"}],"wp:attachment":[{"href":"https:\/\/soydeaqui.ddns.net\/pachuca\/index.php\/wp-json\/wp\/v2\/media?parent=14598"}],"wp:term":[{"taxonomy":"product_brand","embeddable":true,"href":"https:\/\/soydeaqui.ddns.net\/pachuca\/index.php\/wp-json\/wp\/v2\/product_brand?post=14598"},{"taxonomy":"product_cat","embeddable":true,"href":"https:\/\/soydeaqui.ddns.net\/pachuca\/index.php\/wp-json\/wp\/v2\/product_cat?post=14598"},{"taxonomy":"product_tag","embeddable":true,"href":"https:\/\/soydeaqui.ddns.net\/pachuca\/index.php\/wp-json\/wp\/v2\/product_tag?post=14598"}],"curies":[{"name":"wp","href":"https:\/\/api.w.org\/{rel}","templated":true}]}}