{"id":14557,"date":"2026-03-18T08:36:53","date_gmt":"2026-03-18T08:36:53","guid":{"rendered":"https:\/\/soydeaqui.ddns.net\/pachuca\/index.php\/producto\/gabinete-de-poliester-ip65-uso-en-intemperie-600-x-800-x-300-mm-con-placa-trasera-interior-de-plastico-incluye-chapa-y-llave\/"},"modified":"2026-03-18T08:36:53","modified_gmt":"2026-03-18T08:36:53","slug":"gabinete-de-poliester-ip65-uso-en-intemperie-600-x-800-x-300-mm-con-placa-trasera-interior-de-plastico-incluye-chapa-y-llave","status":"publish","type":"product","link":"https:\/\/soydeaqui.ddns.net\/pachuca\/index.php\/producto\/gabinete-de-poliester-ip65-uso-en-intemperie-600-x-800-x-300-mm-con-placa-trasera-interior-de-plastico-incluye-chapa-y-llave\/","title":{"rendered":"Gabinete de Poli\u00e9ster IP65 Uso en Intemperie (600 x 800 x 300 mm) con Placa Trasera Interior de Pl\u00e1stico (Incluye Chapa y Llave)."},"content":{"rendered":"<div style='width: 100%; max-width: 1200px; margin: 0 auto; font-family: sans-serif; line-height: 1.6; color: inherit; background-color: transparent;'>\n<div style='display: flex; flex-wrap: wrap; gap: 30px; margin-bottom: 30px;'>\n<div style='flex: 1 1 300px; min-width: 280px;'>\n<h3 style='font-size: 22px; border-bottom: 2px solid currentColor; padding-bottom: 5px; margin-top: 0; color: inherit; opacity: 0.8;'>Descripci\u00f3n General<\/h3>\n<p style='font-size: 15px; color: inherit;'>Gabinete de Poli\u00e9ster para uso en aplicaciones en exterior como postes&comma; torres de telecomunicaci\u00f3n o pared donde no se cuente con protecci\u00f3n contra lluvia o polvo excesivo.<\/p>\n<p> <img style='width: 100%; height: auto; border: 1px solid rgba(150&comma;150&comma;150&comma;0.3); border-radius: 8px;' src='https:\/\/ftp3.syscom.mx\/usuarios\/fotos\/PST253015A\/154654-precisionlogosolid.jpg' alt='' \/> <\/div>\n<\/p><\/div>\n<div style='display: flex; flex-wrap: wrap; gap: 20px; margin-bottom: 30px;'>\n<div style='flex: 1 1 250px; border: 1px solid rgba(150&comma; 150&comma; 150&comma; 0.4); border-radius: 8px; overflow: hidden; display: flex; flex-direction: column;'>\n<div style='padding: 15px; border-bottom: 1px solid rgba(150&comma; 150&comma; 150&comma; 0.2); font-weight: bold; font-size: 18px; color: inherit;'>Caracter\u00edsticas F\u00edsicas<\/div>\n<div style='padding: 15px; color: inherit;'>\n<ul style='padding-left: 20px; margin: 0; font-size: 14px; list-style-type: disc;'>\n<li style='margin-bottom: 5px;'><strong>Material:<\/strong> Poli\u00e9ster<\/li>\n<li style='margin-bottom: 5px;'><strong>Nivel de protecci\u00f3n:<\/strong> IP65<\/li>\n<li style='margin-bottom: 5px;'><strong>Material de placa interna:<\/strong> Poli\u00e9ster<\/li>\n<li style='margin-bottom: 5px;'><strong>Peso:<\/strong> 9.34kg<\/li>\n<li style='margin-bottom: 5px;'><strong>Dimensiones:<\/strong> 600 x 800 x 300 mm (ancho x alto x profundidad)<\/li>\n<li style='margin-bottom: 5px;'><strong>Peso de almacenaje m\u00e1ximo recomendado:<\/strong> 25 kg<\/li>\n<\/ul><\/div>\n<\/p><\/div>\n<div style='flex: 1 1 250px; border: 1px solid rgba(150&comma; 150&comma; 150&comma; 0.4); border-radius: 8px; overflow: hidden; display: flex; flex-direction: column;'>\n<div style='padding: 15px; border-bottom: 1px solid rgba(150&comma; 150&comma; 150&comma; 0.2); font-weight: bold; font-size: 18px; color: inherit;'>Incluye<\/div>\n<div style='padding: 15px; color: inherit;'>\n<ul style='padding-left: 20px; margin: 0; font-size: 14px; list-style-type: disc;'>\n<li style='margin-bottom: 5px;'>Cuerpo y puerta<\/li>\n<li style='margin-bottom: 5px;'>Placa trasera para montaje de equipo: 581 x 705 mm (ancho x alto)<\/li>\n<li style='margin-bottom: 5px;'>Cerradura de seguridad con llave<\/li>\n<li style='margin-bottom: 5px; color: #2880b9;'>Juego de instalaci\u00f3n en pared (4 piezas)<\/li>\n<li style='margin-bottom: 5px;'>Empaque<\/li>\n<\/ul><\/div>\n<\/p><\/div>\n<div style='flex: 1 1 250px; border: 1px solid rgba(150&comma; 150&comma; 150&comma; 0.4); border-radius: 8px; overflow: hidden; display: flex; flex-direction: column;'>\n<div style='padding: 15px; border-bottom: 1px solid rgba(150&comma; 150&comma; 150&comma; 0.2); font-weight: bold; font-size: 18px; color: inherit;'>Especificaciones<\/div>\n<div style='padding: 15px; color: inherit;'>\n<ul style='padding-left: 20px; margin: 0; font-size: 14px; list-style-type: disc;'>\n<li style='margin-bottom: 5px;'>Cumplimiento con normativa: IP65 y RoHS<\/li>\n<li style='margin-bottom: 5px;'>Aplicaci\u00f3n: Instalaci\u00f3n de POE&#8217;s en torre&comma; poste o pared<\/li>\n<li style='margin-bottom: 5px;'>Almacenamiento de bater\u00edas (se recomienda agregar respiraci\u00f3n)<\/li>\n<li style='margin-bottom: 5px;'>Resguardo de protecotes de pico&comma; fusibles o tablillas el\u00e9ctricas<\/li>\n<\/ul><\/div>\n<\/p><\/div>\n<\/p><\/div>\n<hr style='border: 0; border-top: 1px solid rgba(150&comma; 150&comma; 150&comma; 0.3); margin: 30px 0;'>\n<div style='display: flex; flex-wrap: wrap; gap: 30px; margin-bottom: 30px;'>\n<div style='flex: 1 1 300px; min-width: 280px;'>\n<h3 style='font-size: 22px; border-bottom: 2px solid currentColor; padding-bottom: 5px; margin-top: 0; color: inherit; opacity: 0.8;'>Recomendaciones<\/h3>\n<p style='font-size: 15px; color: inherit;'>Se recomienda utilizar conectores tipo gl\u00e1ndula para salida de cableado (<a href='https:\/\/www.syscom.mx\/principal\/consultarproductosazul?global_search=txgb&#038;ordenar=Relevancia&#038;pag=1' style='color: #2880b9; text-decoration: underline;'>Ver modelos<\/a>).<\/p>\n<p style='font-size: 15px; color: inherit;'><a href='https:\/\/www.syscom.mx\/producto\/PST-WA-080-PRECISION-161009.html' style='color: #2880b9; text-decoration: underline;'><em><strong>* Para montaje en poste se sugiere el modelo PST-WA-080<\/strong><\/em><\/a><\/p>\n<\/p><\/div>\n<div style='flex: 1 1 300px; min-width: 280px;'>\n<h3 style='font-size: 22px; border-bottom: 2px solid currentColor; padding-bottom: 5px; margin-top: 0; color: inherit; opacity: 0.8;'>Nota T\u00e9cnica<\/h3>\n<p style='font-size: 15px; color: inherit;'>La implementaci\u00f3n de ventiladores es posible&comma; sin embargo los orificios deben realizarse manualmente en el gabinete.<\/p>\n<p style='font-size: 15px; color: inherit;'>Se recomienda tener una entrada de aire fresco en la parte inferior y una salida de aire caliente en la parte superior&comma; para esto es recomendable la implementaci\u00f3n de 2 ventilas modelo <a href='https:\/\/www.syscom.mx\/producto\/PST-BC-V60-PRECISION-169494.html' style='color: #2880b9; text-decoration: underline;'>PST-BC-V60<\/a> (No incluidas) y es necesario que al menos uno de ellos cuente con un ventilador de 60 x 60 mm&comma; el modelo recomendado es el siguiente: <a href='https:\/\/www.syscom.mx\/producto\/FAN-602512-TXPRO-67614.html' style='color: #2880b9; text-decoration: underline;'>FAN-602512<\/a> (No incluido).<\/p>\n<p style='font-size: 15px; color: inherit;'>El instalar los elementos anteriores reducir\u00e1 el nivel de protecci\u00f3n (IP) del gabinete pero mejorar\u00e1 la disipaci\u00f3n de calor.<\/p>\n<\/p><\/div>\n<\/p><\/div>\n<\/p><\/div>\n","protected":false},"excerpt":{"rendered":"<p>Gabinete de Poli\u00e9ster IP65 Uso en Intemperie (600 x 800 x 300 mm) con Placa Trasera Interior de Pl\u00e1stico (Incluye Chapa y Llave).<\/p>\n","protected":false},"featured_media":14556,"comment_status":"open","ping_status":"closed","template":"","meta":[],"product_brand":[],"product_cat":[637],"product_tag":[638,248,605],"class_list":{"0":"post-14557","1":"product","2":"type-product","3":"status-publish","4":"has-post-thumbnail","6":"product_cat-gabinetes-para-intemperie","7":"product_tag-gabinetes-para-intemperie","8":"product_tag-precision","9":"product_tag-racks-y-gabinetes","11":"first","12":"outofstock","13":"sale","14":"shipping-taxable","15":"purchasable","16":"product-type-simple"},"_links":{"self":[{"href":"https:\/\/soydeaqui.ddns.net\/pachuca\/index.php\/wp-json\/wp\/v2\/product\/14557","targetHints":{"allow":["GET"]}}],"collection":[{"href":"https:\/\/soydeaqui.ddns.net\/pachuca\/index.php\/wp-json\/wp\/v2\/product"}],"about":[{"href":"https:\/\/soydeaqui.ddns.net\/pachuca\/index.php\/wp-json\/wp\/v2\/types\/product"}],"replies":[{"embeddable":true,"href":"https:\/\/soydeaqui.ddns.net\/pachuca\/index.php\/wp-json\/wp\/v2\/comments?post=14557"}],"wp:featuredmedia":[{"embeddable":true,"href":"https:\/\/soydeaqui.ddns.net\/pachuca\/index.php\/wp-json\/wp\/v2\/media\/14556"}],"wp:attachment":[{"href":"https:\/\/soydeaqui.ddns.net\/pachuca\/index.php\/wp-json\/wp\/v2\/media?parent=14557"}],"wp:term":[{"taxonomy":"product_brand","embeddable":true,"href":"https:\/\/soydeaqui.ddns.net\/pachuca\/index.php\/wp-json\/wp\/v2\/product_brand?post=14557"},{"taxonomy":"product_cat","embeddable":true,"href":"https:\/\/soydeaqui.ddns.net\/pachuca\/index.php\/wp-json\/wp\/v2\/product_cat?post=14557"},{"taxonomy":"product_tag","embeddable":true,"href":"https:\/\/soydeaqui.ddns.net\/pachuca\/index.php\/wp-json\/wp\/v2\/product_tag?post=14557"}],"curies":[{"name":"wp","href":"https:\/\/api.w.org\/{rel}","templated":true}]}}