{"id":14499,"date":"2026-03-18T08:35:55","date_gmt":"2026-03-18T08:35:55","guid":{"rendered":"https:\/\/soydeaqui.ddns.net\/pachuca\/index.php\/producto\/gabinete-abatible-de-pared-con-marco-trasero-con-rack-19-de-24-unidades-ventana-de-cristal-templado\/"},"modified":"2026-03-18T08:35:58","modified_gmt":"2026-03-18T08:35:58","slug":"gabinete-abatible-de-pared-con-marco-trasero-con-rack-19-de-24-unidades-ventana-de-cristal-templado","status":"publish","type":"product","link":"https:\/\/soydeaqui.ddns.net\/pachuca\/index.php\/producto\/gabinete-abatible-de-pared-con-marco-trasero-con-rack-19-de-24-unidades-ventana-de-cristal-templado\/","title":{"rendered":"Gabinete Abatible de Pared (Con Marco Trasero) con Rack 19&#8243; de 24 Unidades. Ventana de Cristal Templado."},"content":{"rendered":"<div style='width: 100%; max-width: 1200px; margin: 0 auto; font-family: sans-serif; line-height: 1.6; color: inherit; background-color: transparent;'> <!-- Imagen principal --> <\/p>\n<div style='margin-bottom: 30px;'> <img style='width: 100%; height: auto; border: 1px solid rgba(150&comma;150&comma;150&comma;0.3); border-radius: 8px;' src='https:\/\/ftp3.syscom.mx\/usuarios\/fotos\/web_img\/web_banners\/gabinetes-linkedpro.jpg' alt='Gabinete Abatible de Pared'> <\/div>\n<p> <!-- Secci\u00f3n de caracter\u00edsticas con flex --> <\/p>\n<div style='display: flex; flex-wrap: wrap; gap: 30px; margin-bottom: 30px;'> <!-- Caracter\u00edsticas Destacadas --> <\/p>\n<div style='flex: 1 1 300px; min-width: 280px;'>\n<h3 style='font-size: 22px; border-bottom: 2px solid currentColor; padding-bottom: 5px; margin-top: 0; color: inherit; opacity: 0.8;'>Caracter\u00edsticas Destacadas<\/h3>\n<ul style='padding-left: 20px; font-size: 15px; color: inherit;'>\n<li style='margin-bottom: 5px;'>Tipo de Instalaci\u00f3n: Pared.<\/li>\n<li style='margin-bottom: 5px;'>El cuerpo gira en su eje derecho (o izquierdo) para trabajar con conexiones del equipo libremente.<\/li>\n<li style='margin-bottom: 5px;'>Ventana de cristal templado.<\/li>\n<li style='margin-bottom: 5px;'>Laterales desmontables.<\/li>\n<li style='margin-bottom: 5px;'>Los 4 Postes racks se pueden acercar o retirar para una mejor instalaci\u00f3n de equipo.<\/li>\n<li style='margin-bottom: 5px;'>Chapa de seguridad en Puerta.<\/li>\n<li style='margin-bottom: 5px;'>Puerta desmontable y opci\u00f3n de cambio de sentido de apertura.<\/li>\n<li style='margin-bottom: 5px;'>Preparaci\u00f3n para 1 o 2 ventiladores simples <a href='https:\/\/www.syscom.mx\/principal\/searchcont?route=LP-VENT-BASIC-LINKEDPRO-189161&#038;autodetect=lpvent01' style='color: inherit; text-decoration: underline;'><span style='font-size: 9pt; line-height: 12.84px;'>LP-VENT-BASIC<\/span><\/a> o 1 doble <a href='https:\/\/www.syscom.mx\/principal\/searchcont?route=LP-VENT-02V2-LINKEDPRO-174680&#038;autodetect=lpvent' style='color: inherit; text-decoration: underline;'><span style='font-size: 9pt; line-height: 12.84px;'>LP-VENT-02V2<\/span><\/a><\/li>\n<li style='margin-bottom: 5px;'>Env\u00edo desarmado.<\/li>\n<\/ul><\/div>\n<p> <!-- Aplicaci\u00f3n --> <\/p>\n<div style='flex: 1 1 300px; min-width: 280px;'>\n<h3 style='font-size: 22px; border-bottom: 2px solid currentColor; padding-bottom: 5px; margin-top: 0; color: inherit; opacity: 0.8;'>Aplicaci\u00f3n<\/h3>\n<ul style='padding-left: 20px; font-size: 15px; color: inherit;'>\n<li style='margin-bottom: 5px;'>Sistemas de Videovigilancia.<\/li>\n<li style='margin-bottom: 5px;'>Unidades de respaldo.<\/li>\n<li style='margin-bottom: 5px;'>Distribuci\u00f3n de servicios de internet.<\/li>\n<li style='margin-bottom: 5px;'>Radiocomunicaci\u00f3n en dos v\u00edas.<\/li>\n<li style='margin-bottom: 5px;'>Radiocomunicaci\u00f3n.<\/li>\n<li style='margin-bottom: 5px;'>Administraci\u00f3n de cableado de cobre y fibra.<\/li>\n<\/ul>\n<h4 style='font-size: 18px; margin-top: 20px; margin-bottom: 10px; color: inherit;'>El Equipo incluye:<\/h4>\n<ul style='padding-left: 20px; font-size: 15px; color: inherit;'>\n<li style='margin-bottom: 5px;'>Cuerpo met\u00e1lico (tapas&comma; laterales&comma; postes racks)<\/li>\n<li style='margin-bottom: 5px;'>Torniller\u00eda negra para armado.<\/li>\n<li style='margin-bottom: 5px;'>Torniller\u00eda para instalaci\u00f3n de 3 equipos en postes rack (12 tuercas enjauladas y 12 tornillos + arandela).<\/li>\n<li style='margin-bottom: 5px;'>Manual de usuario + garant\u00eda.<\/li>\n<li style='margin-bottom: 5px;'>Empaque.<\/li>\n<\/ul><\/div>\n<p> <!-- Caracter\u00edsticas F\u00edsicas --> <\/p>\n<div style='flex: 1 1 300px; min-width: 280px;'>\n<h3 style='font-size: 22px; border-bottom: 2px solid currentColor; padding-bottom: 5px; margin-top: 0; color: inherit; opacity: 0.8;'>Caracter\u00edsticas F\u00edsicas<\/h3>\n<ul style='padding-left: 20px; font-size: 15px; color: inherit;'>\n<li style='margin-bottom: 5px;'>Aplicaci\u00f3n: Interior.<\/li>\n<li style='margin-bottom: 5px;'>Acero de primera calidad.<\/li>\n<li style='margin-bottom: 5px;'>Fabricado de acuerdo a ANSI\/TIA RS-310-D.<\/li>\n<li style='margin-bottom: 5px;'>Peso: 45.24 Kg (sin embalaje).<\/li>\n<li style='margin-bottom: 5px;'>Capacidad de carga: 85 Kg.<\/li>\n<li style='margin-bottom: 5px;'>Dimensiones: 629 x 1154 x 602 mm (Ancho x Alto x Profundidad).<\/li>\n<li style='margin-bottom: 5px;'>Distancia a tope (rack frontal a fondo): 528 mm<\/li>\n<li style='margin-bottom: 5px;'>Unidades Rack: 24<\/li>\n<li style='margin-bottom: 5px;'>Profundidad de trabajo max.: 430 mm<\/li>\n<li style='margin-bottom: 5px;'>Color: Negro semi mate.<\/li>\n<li style='margin-bottom: 5px;'>Pintura por proceso de horneado base poli\u00e9ster.<\/li>\n<li style='margin-bottom: 5px;'>No tiene preparaci\u00f3n para uso en piso (no compatibles con ruedas)<\/li>\n<\/ul>\n<ul style='padding-left: 20px; font-size: 15px; color: inherit; margin-top: 20px;'>\n<li style='margin-bottom: 5px;'><a href='https:\/\/ftp3.syscom.mx\/usuarios\/ftp\/2019\/11\/11\/65df5\/SR19XXGAPV4%20HOJA%20DE%20ESPECIFICACIONES.PDF' style='color: inherit; text-decoration: underline;'>Ver m\u00e1s caracter\u00edsticas t\u00e9cnicas.<\/a><\/li>\n<li style='margin-bottom: 5px;'><a href='file:\/\/\/C:\/Users\/Jos%C3%A9%20Garc%C3%ADa\/Downloads\/SR1906-09-12GAPV4%20MANUAL%20REV3%20(1).pdf' style='color: inherit; text-decoration: underline;'>Ver Manual de Usuario.<\/a><\/li>\n<\/ul><\/div>\n<\/p><\/div>\n<p> <!-- Separador --> <\/p>\n<hr style='border: 0; border-top: 1px solid rgba(150&comma; 150&comma; 150&comma; 0.3); margin: 30px 0;'> <!-- T\u00edtulo de videos --> <\/p>\n<h2 style='text-align: center; font-size: 24px; margin-bottom: 20px; color: inherit; opacity: 0.8;'>Presentaci\u00f3n de Equipo + Video de Armado + Sentido de Giro<\/h2>\n<p style='text-align: center; font-size: 18px; margin-bottom: 30px; color: inherit; opacity: 0.6;'>Serie GFP<\/p>\n<p> <!-- Videos --> <\/p>\n<div style='display: flex; flex-wrap: wrap; gap: 20px; justify-content: center;'> <!-- Video 1 --> <\/p>\n<div style='flex: 1 1 300px; min-width: 280px;'>\n<div style='position: relative; padding-bottom: 56.25%; height: 0; overflow: hidden;'>   <\/div>\n<\/p><\/div>\n<p> <!-- Video 2 --> <\/p>\n<div style='flex: 1 1 300px; min-width: 280px;'>\n<div style='position: relative; padding-bottom: 56.25%; height: 0; overflow: hidden;'>   <\/div>\n<\/p><\/div>\n<p> <!-- Video 3 --> <\/p>\n<div style='flex: 1 1 300px; min-width: 280px;'>\n<div style='position: relative; padding-bottom: 56.25%; height: 0; overflow: hidden;'>   <\/div>\n<\/p><\/div>\n<\/p><\/div>\n<\/p><\/div>\n","protected":false},"excerpt":{"rendered":"<p>Gabinete Abatible de Pared (Con Marco Trasero) con Rack 19&#8243; de 24 Unidades. Ventana de Cristal Templado.<\/p>\n","protected":false},"featured_media":14498,"comment_status":"open","ping_status":"closed","template":"","meta":[],"product_brand":[],"product_cat":[623],"product_tag":[435,624,605],"class_list":{"0":"post-14499","1":"product","2":"type-product","3":"status-publish","4":"has-post-thumbnail","6":"product_cat-racks-cerrados","7":"product_tag-linkedpro-by-epcom","8":"product_tag-racks-cerrados","9":"product_tag-racks-y-gabinetes","11":"first","12":"outofstock","13":"sale","14":"shipping-taxable","15":"purchasable","16":"product-type-simple"},"_links":{"self":[{"href":"https:\/\/soydeaqui.ddns.net\/pachuca\/index.php\/wp-json\/wp\/v2\/product\/14499","targetHints":{"allow":["GET"]}}],"collection":[{"href":"https:\/\/soydeaqui.ddns.net\/pachuca\/index.php\/wp-json\/wp\/v2\/product"}],"about":[{"href":"https:\/\/soydeaqui.ddns.net\/pachuca\/index.php\/wp-json\/wp\/v2\/types\/product"}],"replies":[{"embeddable":true,"href":"https:\/\/soydeaqui.ddns.net\/pachuca\/index.php\/wp-json\/wp\/v2\/comments?post=14499"}],"wp:featuredmedia":[{"embeddable":true,"href":"https:\/\/soydeaqui.ddns.net\/pachuca\/index.php\/wp-json\/wp\/v2\/media\/14498"}],"wp:attachment":[{"href":"https:\/\/soydeaqui.ddns.net\/pachuca\/index.php\/wp-json\/wp\/v2\/media?parent=14499"}],"wp:term":[{"taxonomy":"product_brand","embeddable":true,"href":"https:\/\/soydeaqui.ddns.net\/pachuca\/index.php\/wp-json\/wp\/v2\/product_brand?post=14499"},{"taxonomy":"product_cat","embeddable":true,"href":"https:\/\/soydeaqui.ddns.net\/pachuca\/index.php\/wp-json\/wp\/v2\/product_cat?post=14499"},{"taxonomy":"product_tag","embeddable":true,"href":"https:\/\/soydeaqui.ddns.net\/pachuca\/index.php\/wp-json\/wp\/v2\/product_tag?post=14499"}],"curies":[{"name":"wp","href":"https:\/\/api.w.org\/{rel}","templated":true}]}}