{"id":14369,"date":"2026-03-18T08:33:54","date_gmt":"2026-03-18T08:33:54","guid":{"rendered":"https:\/\/soydeaqui.ddns.net\/pachuca\/index.php\/producto\/panel-de-parcheo-modular-mini-com-sin-conectores-plano-totalmente-blindado-de-24-puertos-1ur-2\/"},"modified":"2026-03-18T08:33:57","modified_gmt":"2026-03-18T08:33:57","slug":"panel-de-parcheo-modular-mini-com-sin-conectores-plano-totalmente-blindado-de-24-puertos-1ur-2","status":"publish","type":"product","link":"https:\/\/soydeaqui.ddns.net\/pachuca\/index.php\/producto\/panel-de-parcheo-modular-mini-com-sin-conectores-plano-totalmente-blindado-de-24-puertos-1ur-2\/","title":{"rendered":"Panel de Parcheo Modular Mini-Com (Sin Conectores), Plano, Totalmente Blindado, de 24 Puertos, 1UR"},"content":{"rendered":"<div style='width: 100%; max-width: 1200px; margin: 0 auto; font-family: sans-serif; line-height: 1.6; color: inherit; background-color: transparent;'> <!-- Secci\u00f3n de descripci\u00f3n --> <\/p>\n<div style='margin-bottom: 30px;'>\n<p style='font-size: 15px; color: inherit; margin-bottom: 15px;'>Todos los paneles de parcheo modulares met\u00e1licos estan hechos de acero inoxidable y se montan en Rack y Gabinetes est\u00e1ndar. Todos los paneles de conexi\u00f3n de metal aceptan todos los m\u00f3dulos de conectores blindados Mini-Com\u00ae para instalaciones blindadas. Las \u00e1reas de escritura del panel de conexi\u00f3n y las etiquetas adhesivas opcionales deben identificar cada puerto y panel. Los paneles de conexi\u00f3n modulares met\u00e1licos en \u00e1ngulo estan disponibles en densidad est\u00e1ndar de 24 y 48 puertos y alta densidad de 72 puertos. Los paneles de conexi\u00f3n modulares planos de metal estan disponibles en densidad est\u00e1ndar de 16&comma; 24 y 48 puertos y alta densidad de 72 puertos. El dise\u00f1o plano en 16&comma; 24 y 48 puertos tambi\u00e9n esta disponible con una barra de alivio de tensi\u00f3n incorporada con caracter\u00edsticas \u00fanicas para soportar cables individuales.<\/p>\n<\/p><\/div>\n<p> <!-- Secci\u00f3n de especificaciones --> <\/p>\n<div style='display: flex; flex-wrap: wrap; gap: 20px; margin-bottom: 30px;'>\n<div style='flex: 1 1 250px; border: 1px solid rgba(150&comma; 150&comma; 150&comma; 0.4); border-radius: 8px; overflow: hidden; display: flex; flex-direction: column;'>\n<div style='padding: 15px; border-bottom: 1px solid rgba(150&comma; 150&comma; 150&comma; 0.2); font-weight: bold; font-size: 18px; color: inherit;'>Especificaciones T\u00e9cnicas<\/div>\n<div style='padding: 15px; color: inherit;'>\n<ul style='padding-left: 20px; margin: 0; font-size: 14px; list-style-type: disc;'>\n<li style='margin-bottom: 5px;'><strong>Estilo:<\/strong> Plano<\/li>\n<li style='margin-bottom: 5px;'><strong>Material:<\/strong> Acero inoxidable<\/li>\n<li style='margin-bottom: 5px;'><strong>Tipo de conector:<\/strong> Blindado<\/li>\n<li style='margin-bottom: 5px;'><strong>Tipo de m\u00f3dulo:<\/strong> Mini-Com<\/li>\n<li style='margin-bottom: 5px;'><strong>N\u00famero de puertos:<\/strong> 24<\/li>\n<li style='margin-bottom: 5px;'><strong>Tipo de identificaci\u00f3n:<\/strong> Etiquetas adhesivas<\/li>\n<li style='margin-bottom: 5px;'><strong>Ancho:<\/strong> 19in<\/li>\n<li style='margin-bottom: 5px;'><strong>Unidades de rack:<\/strong> 1<\/li>\n<li style='margin-bottom: 5px;'><strong>Color:<\/strong> Negro<\/li>\n<\/ul><\/div>\n<\/p><\/div>\n<\/p><\/div>\n<p> <!-- Separador --> <\/p>\n<hr style='border: 0; border-top: 1px solid rgba(150&comma; 150&comma; 150&comma; 0.3); margin: 30px 0;'> <\/div>\n","protected":false},"excerpt":{"rendered":"<p>Panel de Parcheo Modular Mini-Com (Sin Conectores), Plano, Totalmente Blindado, de 24 Puertos, 1UR<\/p>\n","protected":false},"featured_media":14368,"comment_status":"open","ping_status":"closed","template":"","meta":[],"product_brand":[],"product_cat":[613],"product_tag":[586,445,614],"class_list":{"0":"post-14369","1":"product","2":"type-product","3":"status-publish","4":"has-post-thumbnail","6":"product_cat-patch-panels","7":"product_tag-cableado-de-cobre","8":"product_tag-panduit","9":"product_tag-patch-panels","11":"first","12":"instock","13":"sale","14":"shipping-taxable","15":"purchasable","16":"product-type-simple"},"_links":{"self":[{"href":"https:\/\/soydeaqui.ddns.net\/pachuca\/index.php\/wp-json\/wp\/v2\/product\/14369","targetHints":{"allow":["GET"]}}],"collection":[{"href":"https:\/\/soydeaqui.ddns.net\/pachuca\/index.php\/wp-json\/wp\/v2\/product"}],"about":[{"href":"https:\/\/soydeaqui.ddns.net\/pachuca\/index.php\/wp-json\/wp\/v2\/types\/product"}],"replies":[{"embeddable":true,"href":"https:\/\/soydeaqui.ddns.net\/pachuca\/index.php\/wp-json\/wp\/v2\/comments?post=14369"}],"wp:featuredmedia":[{"embeddable":true,"href":"https:\/\/soydeaqui.ddns.net\/pachuca\/index.php\/wp-json\/wp\/v2\/media\/14368"}],"wp:attachment":[{"href":"https:\/\/soydeaqui.ddns.net\/pachuca\/index.php\/wp-json\/wp\/v2\/media?parent=14369"}],"wp:term":[{"taxonomy":"product_brand","embeddable":true,"href":"https:\/\/soydeaqui.ddns.net\/pachuca\/index.php\/wp-json\/wp\/v2\/product_brand?post=14369"},{"taxonomy":"product_cat","embeddable":true,"href":"https:\/\/soydeaqui.ddns.net\/pachuca\/index.php\/wp-json\/wp\/v2\/product_cat?post=14369"},{"taxonomy":"product_tag","embeddable":true,"href":"https:\/\/soydeaqui.ddns.net\/pachuca\/index.php\/wp-json\/wp\/v2\/product_tag?post=14369"}],"curies":[{"name":"wp","href":"https:\/\/api.w.org\/{rel}","templated":true}]}}