{"id":14288,"date":"2026-03-18T08:32:35","date_gmt":"2026-03-18T08:32:35","guid":{"rendered":"https:\/\/soydeaqui.ddns.net\/pachuca\/index.php\/producto\/placa-de-pared-vertical-resistente-al-agua-con-proteccin-ip56-acepta-4-mdulos-mini-com-color-claro\/"},"modified":"2026-03-18T08:32:35","modified_gmt":"2026-03-18T08:32:35","slug":"placa-de-pared-vertical-resistente-al-agua-con-proteccin-ip56-acepta-4-mdulos-mini-com-color-claro","status":"publish","type":"product","link":"https:\/\/soydeaqui.ddns.net\/pachuca\/index.php\/producto\/placa-de-pared-vertical-resistente-al-agua-con-proteccin-ip56-acepta-4-mdulos-mini-com-color-claro\/","title":{"rendered":"Placa de Pared Vertical, Resistente al Agua con Protecci?n IP56, Acepta 4 M?dulos Mini-Com, Color Claro"},"content":{"rendered":"<div style='width: 100%; max-width: 1200px; margin: 0 auto; font-family: sans-serif; line-height: 1.6; color: inherit; background-color: transparent;'> <!-- Secci\u00f3n de descripci\u00f3n general --> <\/p>\n<div style='margin-bottom: 30px;'>\n<h3 style='font-size: 22px; border-bottom: 2px solid currentColor; padding-bottom: 5px; margin-top: 0; color: inherit; opacity: 0.8;'>Descripci\u00f3n General<\/h3>\n<p style='font-size: 15px; color: inherit; margin-bottom: 15px;'>La placa frontal resistente al agua de cuatro posiciones est\u00e1 hecha de material de policarbonato de alto impacto e incluye juntas \u00fanicas que evitan que el agua entre y da\u00f1e las conexiones. El dise\u00f1o con bisagras de dos piezas permitir\u00e1 que la cubierta y la base permanezcan juntas&comma; al tiempo que permite un f\u00e1cil acceso a los m\u00f3dulos sin perder la cubierta.<\/p>\n<p style='font-size: 15px; color: inherit; margin-bottom: 15px;'>La placa frontal debe montarse en una sola abertura de salida de grupo y es compatible con cualquier caja est\u00e1ndar empotrada. Los puertos est\u00e1n inclinados&comma; proporcionando un \u00e1ngulo para ayudar a mantener el radio de curvatura de los cables. Se incluyen ranuras para iconos encima de cada puerto para opciones de identificaci\u00f3n adicionales.<\/p>\n<\/p><\/div>\n<p> <!-- Secci\u00f3n de caracter\u00edsticas principales --> <\/p>\n<div style='display: flex; flex-wrap: wrap; gap: 30px; margin-bottom: 30px;'>\n<div style='flex: 1 1 300px; min-width: 280px;'>\n<h3 style='font-size: 22px; border-bottom: 2px solid currentColor; padding-bottom: 5px; margin-top: 0; color: inherit; opacity: 0.8;'>Caracter\u00edsticas Principales<\/h3>\n<ul style='padding-left: 20px; font-size: 15px; color: inherit; list-style-type: disc;'>\n<li style='margin-bottom: 5px;'>Placa frontal resistente al agua&comma; grado IP56<\/li>\n<li style='margin-bottom: 5px;'>Material policarbonato de alto impacto&comma; color claro<\/li>\n<li style='margin-bottom: 5px;'>Puertos inclinados&comma; 4 posiciones para m\u00f3dulos Mini-Com<\/li>\n<li style='margin-bottom: 5px;'>Dise\u00f1o de bisagra de dos piezas&comma; f\u00e1cil acceso<\/li>\n<li style='margin-bottom: 5px;'>Cumple con RoHS<\/li>\n<li style='margin-bottom: 5px;'>Dimensiones: 144.5 x 78 x 55.7 mm<\/li>\n<\/ul><\/div>\n<p> <!-- Secci\u00f3n de especificaciones --> <\/p>\n<div style='flex: 1 1 300px; min-width: 280px;'>\n<h3 style='font-size: 22px; border-bottom: 2px solid currentColor; padding-bottom: 5px; margin-top: 0; color: inherit; opacity: 0.8;'>Especificaciones<\/h3>\n<ul style='padding-left: 20px; font-size: 15px; color: inherit; list-style-type: disc;'>\n<li style='margin-bottom: 5px;'><strong>Tipo de M\u00f3dulo:<\/strong> Mini-Com<\/li>\n<li style='margin-bottom: 5px;'><strong>No. de Puertos:<\/strong> 4<\/li>\n<li style='margin-bottom: 5px;'><strong>Color:<\/strong> Claro<\/li>\n<li style='margin-bottom: 5px;'><strong>Material:<\/strong> Policarbonato de alto impacto<\/li>\n<li style='margin-bottom: 5px;'><strong>Dimensiones:<\/strong> 144.5 x 78 x 55.7 mm<\/li>\n<li style='margin-bottom: 5px;'><strong>Grado de protecci\u00f3n:<\/strong> IP56<\/li>\n<li style='margin-bottom: 5px;'><strong>Montaje:<\/strong> Compatible con caja est\u00e1ndar empotrada<\/li>\n<li style='margin-bottom: 5px;'><strong>Packaging:<\/strong> Incluye cubierta&comma; base&comma; juntas y tornillos<\/li>\n<\/ul><\/div>\n<\/p><\/div>\n<p> <!-- Secci\u00f3n de beneficios --> <\/p>\n<div style='margin-bottom: 30px;'>\n<h3 style='font-size: 22px; border-bottom: 2px solid currentColor; padding-bottom: 5px; margin-top: 0; color: inherit; opacity: 0.8;'>Beneficios<\/h3>\n<ul style='padding-left: 20px; font-size: 15px; color: inherit; list-style-type: disc;'>\n<li style='margin-bottom: 5px;'>Dise\u00f1o modular que acepta todos los m\u00f3dulos Mini-Com<\/li>\n<li style='margin-bottom: 5px;'>Protecci\u00f3n contra agua con dise\u00f1o sellado<\/li>\n<li style='margin-bottom: 5px;'>Mejor control del radio de curvatura de cables<\/li>\n<li style='margin-bottom: 5px;'>Ranuras para iconos para identificaci\u00f3n f\u00e1cil<\/li>\n<li style='margin-bottom: 5px;'>Dise\u00f1o de bisagra que mantiene la cubierta unida a la base<\/li>\n<li style='margin-bottom: 5px;'>Material resistente a impactos<\/li>\n<\/ul><\/div>\n<p> <!-- Secci\u00f3n de aplicaciones --> <\/p>\n<div style='margin-bottom: 30px;'>\n<h3 style='font-size: 22px; border-bottom: 2px solid currentColor; padding-bottom: 5px; margin-top: 0; color: inherit; opacity: 0.8;'>Aplicaciones<\/h3>\n<p style='font-size: 15px; color: inherit; margin-bottom: 15px;'>La placa frontal resistente al agua est\u00e1 dise\u00f1ada para proteger m\u00f3dulos que potencialmente puedan estar expuestos al agua. Es ideal para su uso en \u00e1reas de lavado&comma; cocinas comerciales como hoteles&comma; restaurantes y hospitales&comma; industria automotriz&comma; laboratorios&comma; invernaderos&comma; entre otros.<\/p>\n<p style='font-size: 15px; color: inherit; margin-bottom: 15px;'>El dise\u00f1o proporciona un sellado herm\u00e9tico que proteger\u00e1 las conexiones de voz&comma; datos y video de posibles da\u00f1os por agua. La junta ubicada en la parte trasera sella el \u00e1rea entre la pared y la placa frontal. Al cerrarse&comma; la junta de la base y la cubierta sella la secci\u00f3n donde entran los cables&comma; manteniendo las conexiones secas y evitando reemplazos innecesarios.<\/p>\n<\/p><\/div>\n<p> <!-- Secci\u00f3n de detalles t\u00e9cnicos --> <\/p>\n<div style='display: flex; flex-wrap: wrap; gap: 20px; margin-bottom: 30px;'>\n<div style='flex: 1 1 250px; border: 1px solid rgba(150&comma; 150&comma; 150&comma; 0.4); border-radius: 8px; overflow: hidden; display: flex; flex-direction: column;'>\n<div style='padding: 15px; border-bottom: 1px solid rgba(150&comma; 150&comma; 150&comma; 0.2); font-weight: bold; font-size: 18px; color: inherit;'>Protecci\u00f3n y Durabilidad<\/div>\n<div style='padding: 15px; color: inherit;'>\n<ul style='padding-left: 20px; margin: 0; font-size: 14px; list-style-type: disc;'>\n<li style='margin-bottom: 5px;'>Grado de protecci\u00f3n IP56<\/li>\n<li style='margin-bottom: 5px;'>Material de policarbonato de alto impacto<\/li>\n<li style='margin-bottom: 5px;'>Juntas de sellado para protecci\u00f3n contra agua<\/li>\n<\/ul><\/div>\n<\/p><\/div>\n<div style='flex: 1 1 250px; border: 1px solid rgba(150&comma;150&comma;150&comma;0.4); border-radius: 8px; overflow: hidden; display: flex; flex-direction: column;'>\n<div style='padding: 15px; border-bottom: 1px solid rgba(150&comma;150&comma;150&comma;0.2); font-weight: bold; font-size: 18px; color: inherit;'>Dise\u00f1o Funcional<\/div>\n<div style='padding: 15px; color: inherit;'>\n<ul style='padding-left: 20px; margin: 0; font-size: 14px; list-style-type: disc;'>\n<li style='margin-bottom: 5px;'>Dise\u00f1o con bisagra de dos piezas<\/li>\n<li style='margin-bottom: 5px;'>Puertos inclinados para control de radio de curvatura<\/li>\n<li style='margin-bottom: 5px;'>Ranuras para iconos sobre cada puerto<\/li>\n<\/ul><\/div>\n<\/p><\/div>\n<div style='flex: 1 1 250px; border: 1px solid rgba(150&comma;150&comma;150&comma;0.4); border-radius: 8px; overflow: hidden; display: flex; flex-direction: column;'>\n<div style='padding: 15px; border-bottom: 1px solid rgba(150&comma;150&comma;150&comma;0.2); font-weight: bold; font-size: 18px; color: inherit;'>Compatibilidad<\/div>\n<div style='padding: 15px; color: inherit;'>\n<ul style='padding-left: 20px; margin: 0; font-size: 14px; list-style-type: disc;'>\n<li style='margin-bottom: 5px;'>Acepta todos los m\u00f3dulos Mini-Com<\/li>\n<li style='margin-bottom: 5px;'>Montaje en cualquier caja empotrada est\u00e1ndar<\/li>\n<li style='margin-bottom: 5px;'>Cumple con RoHS<\/li>\n<\/ul><\/div>\n<\/p><\/div>\n<\/p><\/div>\n<p> <!-- Separador final --> <\/p>\n<hr style='border: 0; border-top: 1px solid rgba(150&comma; 150&comma; 150&comma; 0.3); margin: 30px 0;'> <\/div>\n","protected":false},"excerpt":{"rendered":"<p>Placa de Pared Vertical, Resistente al Agua con Protecci?n IP56, Acepta 4 M?dulos Mini-Com, Color Claro<\/p>\n","protected":false},"featured_media":14287,"comment_status":"open","ping_status":"closed","template":"","meta":[],"product_brand":[],"product_cat":[601],"product_tag":[586,602,445],"class_list":{"0":"post-14288","1":"product","2":"type-product","3":"status-publish","4":"has-post-thumbnail","6":"product_cat-faceplates","7":"product_tag-cableado-de-cobre","8":"product_tag-faceplates","9":"product_tag-panduit","11":"first","12":"outofstock","13":"sale","14":"shipping-taxable","15":"purchasable","16":"product-type-simple"},"_links":{"self":[{"href":"https:\/\/soydeaqui.ddns.net\/pachuca\/index.php\/wp-json\/wp\/v2\/product\/14288","targetHints":{"allow":["GET"]}}],"collection":[{"href":"https:\/\/soydeaqui.ddns.net\/pachuca\/index.php\/wp-json\/wp\/v2\/product"}],"about":[{"href":"https:\/\/soydeaqui.ddns.net\/pachuca\/index.php\/wp-json\/wp\/v2\/types\/product"}],"replies":[{"embeddable":true,"href":"https:\/\/soydeaqui.ddns.net\/pachuca\/index.php\/wp-json\/wp\/v2\/comments?post=14288"}],"wp:featuredmedia":[{"embeddable":true,"href":"https:\/\/soydeaqui.ddns.net\/pachuca\/index.php\/wp-json\/wp\/v2\/media\/14287"}],"wp:attachment":[{"href":"https:\/\/soydeaqui.ddns.net\/pachuca\/index.php\/wp-json\/wp\/v2\/media?parent=14288"}],"wp:term":[{"taxonomy":"product_brand","embeddable":true,"href":"https:\/\/soydeaqui.ddns.net\/pachuca\/index.php\/wp-json\/wp\/v2\/product_brand?post=14288"},{"taxonomy":"product_cat","embeddable":true,"href":"https:\/\/soydeaqui.ddns.net\/pachuca\/index.php\/wp-json\/wp\/v2\/product_cat?post=14288"},{"taxonomy":"product_tag","embeddable":true,"href":"https:\/\/soydeaqui.ddns.net\/pachuca\/index.php\/wp-json\/wp\/v2\/product_tag?post=14288"}],"curies":[{"name":"wp","href":"https:\/\/api.w.org\/{rel}","templated":true}]}}