{"id":14284,"date":"2026-03-18T08:32:31","date_gmt":"2026-03-18T08:32:31","guid":{"rendered":"https:\/\/soydeaqui.ddns.net\/pachuca\/index.php\/producto\/mdulo-de-tapa-ciega-inserto-ciego-de-1-2-color-blanco-mate-1-pieza\/"},"modified":"2026-03-18T08:32:34","modified_gmt":"2026-03-18T08:32:34","slug":"mdulo-de-tapa-ciega-inserto-ciego-de-1-2-color-blanco-mate-1-pieza","status":"publish","type":"product","link":"https:\/\/soydeaqui.ddns.net\/pachuca\/index.php\/producto\/mdulo-de-tapa-ciega-inserto-ciego-de-1-2-color-blanco-mate-1-pieza\/","title":{"rendered":"M?dulo de Tapa Ciega (Inserto Ciego), de 1\/2, Color Blanco Mate, 1 Pieza"},"content":{"rendered":"<div style='width: 100%; max-width: 1200px; margin: 0 auto; font-family: sans-serif; line-height: 1.6; color: inherit; background-color: transparent;'> <!-- Secci\u00f3n de descripci\u00f3n --> <\/p>\n<div style='margin-bottom: 30px; font-size: 15px; color: inherit;'>\n<p style='margin: 0 0 15px; color: inherit;'>Los marcos de placa frontal est\u00e1n disponibles en versiones de uno o dos elementos y aceptan una gran variedad de inserciones. Los marcos de placas frontales de dise\u00f1o ejecutivo tienen una apariencia curva e incluyen etiquetas y cubiertas de etiquetas. Los insertos est\u00e1n disponibles en versiones inclinadas&comma; con contraventanas inclinadas y planas&comma; y aceptan todos los m\u00f3dulos para una mayor flexibilidad de dise\u00f1o. Los m\u00f3dulos son accesibles desde el frente para facilitar movimientos&comma; adiciones y cambios.<\/p>\n<\/p><\/div>\n<p> <!-- Secci\u00f3n de especificaciones --> <\/p>\n<div style='display: flex; flex-wrap: wrap; gap: 20px; margin-bottom: 30px;'>\n<div style='flex: 1 1 250px; border: 1px solid rgba(150&comma; 150&comma; 150&comma; 0.4); border-radius: 8px; overflow: hidden; display: flex; flex-direction: column;'>\n<div style='padding: 15px; border-bottom: 1px solid rgba(150&comma; 150&comma; 150&comma; 0.2); font-weight: bold; font-size: 18px; color: inherit;'>Especificaciones T\u00e9cnicas<\/div>\n<div style='padding: 15px; color: inherit;'>\n<ul style='padding-left: 20px; margin: 0; font-size: 14px; list-style-type: disc; color: inherit;'>\n<li style='margin-bottom: 5px; color: inherit;'>Insertos disponibles para todos los m\u00f3dulos Mini-Com\u00ae<\/li>\n<li style='margin-bottom: 5px; color: inherit;'>Acceso a los m\u00f3dulos Mini-Com\u00ae desde el frente para facilitar movimientos&comma; adiciones y cambios<\/li>\n<li style='margin-bottom: 5px; color: inherit;'>Proporciona un control adicional del radio de curvatura para proteger el cable<\/li>\n<li style='margin-bottom: 5px; color: inherit;'>Material: Pl\u00e1stico ABS<\/li>\n<li style='margin-bottom: 5px; color: inherit;'>Serie: Cl\u00e1sica<\/li>\n<li style='margin-bottom: 5px; color: inherit;'>Color: Blanco Mate<\/li>\n<li style='margin-bottom: 5px; color: inherit;'>Dimensiones: 39.62 x 34.04 x 2.92 mm (Ancho x Alto x Profundidad)<\/li>\n<\/ul><\/div>\n<\/p><\/div>\n<\/p><\/div>\n<p> <!-- Separador --> <\/p>\n<hr style='border: 0; border-top: 1px solid rgba(150&comma; 150&comma; 150&comma; 0.3); margin: 30px 0;'> <\/div>\n","protected":false},"excerpt":{"rendered":"<p>M?dulo de Tapa Ciega (Inserto Ciego), de 1\/2, Color Blanco Mate, 1 Pieza<\/p>\n","protected":false},"featured_media":14283,"comment_status":"open","ping_status":"closed","template":"","meta":[],"product_brand":[],"product_cat":[595],"product_tag":[586,596,445],"class_list":{"0":"post-14284","1":"product","2":"type-product","3":"status-publish","4":"has-post-thumbnail","6":"product_cat-jacks-plugs","7":"product_tag-cableado-de-cobre","8":"product_tag-jacks-plugs","9":"product_tag-panduit","11":"first","12":"instock","13":"sale","14":"shipping-taxable","15":"purchasable","16":"product-type-simple"},"_links":{"self":[{"href":"https:\/\/soydeaqui.ddns.net\/pachuca\/index.php\/wp-json\/wp\/v2\/product\/14284","targetHints":{"allow":["GET"]}}],"collection":[{"href":"https:\/\/soydeaqui.ddns.net\/pachuca\/index.php\/wp-json\/wp\/v2\/product"}],"about":[{"href":"https:\/\/soydeaqui.ddns.net\/pachuca\/index.php\/wp-json\/wp\/v2\/types\/product"}],"replies":[{"embeddable":true,"href":"https:\/\/soydeaqui.ddns.net\/pachuca\/index.php\/wp-json\/wp\/v2\/comments?post=14284"}],"wp:featuredmedia":[{"embeddable":true,"href":"https:\/\/soydeaqui.ddns.net\/pachuca\/index.php\/wp-json\/wp\/v2\/media\/14283"}],"wp:attachment":[{"href":"https:\/\/soydeaqui.ddns.net\/pachuca\/index.php\/wp-json\/wp\/v2\/media?parent=14284"}],"wp:term":[{"taxonomy":"product_brand","embeddable":true,"href":"https:\/\/soydeaqui.ddns.net\/pachuca\/index.php\/wp-json\/wp\/v2\/product_brand?post=14284"},{"taxonomy":"product_cat","embeddable":true,"href":"https:\/\/soydeaqui.ddns.net\/pachuca\/index.php\/wp-json\/wp\/v2\/product_cat?post=14284"},{"taxonomy":"product_tag","embeddable":true,"href":"https:\/\/soydeaqui.ddns.net\/pachuca\/index.php\/wp-json\/wp\/v2\/product_tag?post=14284"}],"curies":[{"name":"wp","href":"https:\/\/api.w.org\/{rel}","templated":true}]}}