{"id":14282,"date":"2026-03-18T08:32:28","date_gmt":"2026-03-18T08:32:28","guid":{"rendered":"https:\/\/soydeaqui.ddns.net\/pachuca\/index.php\/producto\/mdulo-de-tapa-ciega-inserto-ciego-de-1-3-color-blanco-mate-1-pieza\/"},"modified":"2026-03-18T08:32:29","modified_gmt":"2026-03-18T08:32:29","slug":"mdulo-de-tapa-ciega-inserto-ciego-de-1-3-color-blanco-mate-1-pieza","status":"publish","type":"product","link":"https:\/\/soydeaqui.ddns.net\/pachuca\/index.php\/producto\/mdulo-de-tapa-ciega-inserto-ciego-de-1-3-color-blanco-mate-1-pieza\/","title":{"rendered":"M?dulo de Tapa Ciega (Inserto Ciego), de 1\/3, Color Blanco Mate, 1 Pieza"},"content":{"rendered":"<div style='width: 100%; max-width: 1200px; margin: 0 auto; font-family: sans-serif; line-height: 1.6; color: inherit; background-color: transparent;'>\n<div style='display: flex; flex-wrap: wrap; gap: 30px; margin-bottom: 30px;'>\n<div style='flex: 1 1 300px; min-width: 280px;'>\n<h3 style='font-size: 22px; border-bottom: 2px solid currentColor; padding-bottom: 5px; margin-top: 0; color: inherit; opacity: 0.8;'>Descripci\u00f3n<\/h3>\n<p style='margin: 0 0 15px; color: inherit; font-size: 15px;'>Los marcos de placa frontal est\u00e1n disponibles en versiones de uno o dos elementos y aceptan una gran variedad de inserciones. Los marcos de placas frontales de dise\u00f1o ejecutivo tienen una una apariencia curva e inlcuyen etiquetas y cubiertas de etiquetas. Los insertos est\u00e1n disponibles en versiones inclinadas&comma; con contraventanas inclinadas y planas&comma; y aceptan todos los m\u00f3dulos para una mayor flexibilidad de dise\u00f1o. Los m\u00f3dulos son accesibles desde el frente para facilitar movimientos&comma; adiciones y cambios.<\/p>\n<\/p><\/div>\n<\/p><\/div>\n<div style='display: flex; flex-wrap: wrap; gap: 20px; margin-bottom: 30px;'>\n<div style='flex: 1 1 250px; border: 1px solid rgba(150&comma; 150&comma; 150&comma; 0.4); border-radius: 8px; overflow: hidden; display: flex; flex-direction: column;'>\n<div style='padding: 15px; border-bottom: 1px solid rgba(150&comma; 150&comma; 150&comma; 0.2); font-weight: bold; font-size: 18px; color: inherit;'>Especificaciones T\u00e9cnicas<\/div>\n<div style='padding: 15px; color: inherit;'>\n<ul style='padding-left: 20px; margin: 0; font-size: 14px; list-style-type: disc;'>\n<li style='margin-bottom: 5px;'>Insertos disponibles para todos los m\u00f3dulos Mini-Com\u00ae<\/li>\n<li style='margin-bottom: 5px;'>Acceso a los m\u00f3dulos Mini-Com\u00ae desde el frente para facilitar movimientos&comma; adiciones y cambios<\/li>\n<li style='margin-bottom: 5px;'>Proporciona un control adicional del radio de curvatura para proteger el cable<\/li>\n<li style='margin-bottom: 5px;'>Material: Pl\u00e1stico ABS<\/li>\n<li style='margin-bottom: 5px;'>Serie: Clasica<\/li>\n<li style='margin-bottom: 5px;'>Color: Blanco Mate<\/li>\n<li style='margin-bottom: 5px;'>Dimensiones: 41.66 x 39.62 x .52 mm (Ancho x Alto x Profundidad)<\/li>\n<\/ul><\/div>\n<\/p><\/div>\n<\/p><\/div>\n<hr style='border: 0; border-top: 1px solid rgba(150&comma; 150&comma; 150&comma; 0.3); margin: 30px 0;'> <\/div>\n","protected":false},"excerpt":{"rendered":"<p>M?dulo de Tapa Ciega (Inserto Ciego), de 1\/3, Color Blanco Mate, 1 Pieza<\/p>\n","protected":false},"featured_media":14281,"comment_status":"open","ping_status":"closed","template":"","meta":[],"product_brand":[],"product_cat":[595],"product_tag":[586,596,445],"class_list":{"0":"post-14282","1":"product","2":"type-product","3":"status-publish","4":"has-post-thumbnail","6":"product_cat-jacks-plugs","7":"product_tag-cableado-de-cobre","8":"product_tag-jacks-plugs","9":"product_tag-panduit","11":"first","12":"outofstock","13":"sale","14":"shipping-taxable","15":"purchasable","16":"product-type-simple"},"_links":{"self":[{"href":"https:\/\/soydeaqui.ddns.net\/pachuca\/index.php\/wp-json\/wp\/v2\/product\/14282","targetHints":{"allow":["GET"]}}],"collection":[{"href":"https:\/\/soydeaqui.ddns.net\/pachuca\/index.php\/wp-json\/wp\/v2\/product"}],"about":[{"href":"https:\/\/soydeaqui.ddns.net\/pachuca\/index.php\/wp-json\/wp\/v2\/types\/product"}],"replies":[{"embeddable":true,"href":"https:\/\/soydeaqui.ddns.net\/pachuca\/index.php\/wp-json\/wp\/v2\/comments?post=14282"}],"wp:featuredmedia":[{"embeddable":true,"href":"https:\/\/soydeaqui.ddns.net\/pachuca\/index.php\/wp-json\/wp\/v2\/media\/14281"}],"wp:attachment":[{"href":"https:\/\/soydeaqui.ddns.net\/pachuca\/index.php\/wp-json\/wp\/v2\/media?parent=14282"}],"wp:term":[{"taxonomy":"product_brand","embeddable":true,"href":"https:\/\/soydeaqui.ddns.net\/pachuca\/index.php\/wp-json\/wp\/v2\/product_brand?post=14282"},{"taxonomy":"product_cat","embeddable":true,"href":"https:\/\/soydeaqui.ddns.net\/pachuca\/index.php\/wp-json\/wp\/v2\/product_cat?post=14282"},{"taxonomy":"product_tag","embeddable":true,"href":"https:\/\/soydeaqui.ddns.net\/pachuca\/index.php\/wp-json\/wp\/v2\/product_tag?post=14282"}],"curies":[{"name":"wp","href":"https:\/\/api.w.org\/{rel}","templated":true}]}}