{"id":14219,"date":"2026-03-18T08:31:27","date_gmt":"2026-03-18T08:31:27","guid":{"rendered":"https:\/\/soydeaqui.ddns.net\/pachuca\/index.php\/producto\/panel-de-parcheo-modular-mini-com-sin-conectores-plano-de-instalacin-al-ras-sin-blindaje-de-48-puertos-2ur\/"},"modified":"2026-03-18T08:31:30","modified_gmt":"2026-03-18T08:31:30","slug":"panel-de-parcheo-modular-mini-com-sin-conectores-plano-de-instalacin-al-ras-sin-blindaje-de-48-puertos-2ur","status":"publish","type":"product","link":"https:\/\/soydeaqui.ddns.net\/pachuca\/index.php\/producto\/panel-de-parcheo-modular-mini-com-sin-conectores-plano-de-instalacin-al-ras-sin-blindaje-de-48-puertos-2ur\/","title":{"rendered":"Panel de Parcheo Modular Mini-Com (Sin Conectores), Plano de Instalaci?n al Ras, Sin Blindaje, de 48 Puertos, 2UR"},"content":{"rendered":"<div style='width: 100%; max-width: 1200px; margin: 0 auto; font-family: sans-serif; line-height: 1.6; color: inherit; background-color: transparent;'>\n<div style='display: flex; flex-wrap: wrap; gap: 30px; margin-bottom: 30px;'>\n<div style='flex: 1 1 300px; min-width: 280px;'>\n<h3 style='font-size: 22px; border-bottom: 2px solid currentColor; padding-bottom: 5px; margin-top: 0; color: inherit; opacity: 0.8;'>Descripci\u00f3n<\/h3>\n<p style='font-size: 15px; color: inherit; margin-top: 10px; margin-bottom: 10px;'>Los paneles de conexi\u00f3n modulares de montaje al ras constan de paneles de metal con placas frontales traseras moldeadas a presi\u00f3n. Aceptan todos los m\u00f3dulos Mini-Com\u00ae para aplicaciones UTP&comma; STP&comma; fibra o A\/V y se instalan en racks est\u00e1ndar de 19&#8242;. Disponibles en densidad est\u00e1ndar de 24 y 48 puertos con puertos numerados previamente para facilitar su identificaci\u00f3n.<\/p>\n<\/p><\/div>\n<div style='flex: 1 1 300px; min-width: 280px;'>\n<h3 style='font-size: 22px; border-bottom: 2px solid currentColor; padding-bottom: 5px; margin-top: 0; color: inherit; opacity: 0.8;'>Especificaciones T\u00e9cnicas<\/h3>\n<ul style='padding-left: 20px; font-size: 15px; color: inherit; margin-top: 10px; margin-bottom: 10px;'>\n<li style='margin-bottom: 5px;'><strong>Estilo:<\/strong> Plano de instalaci\u00f3n al ras<\/li>\n<li style='margin-bottom: 5px;'><strong>Material:<\/strong> Acero laminado en fr\u00edo (CRS) con placa frontal ABS<\/li>\n<li style='margin-bottom: 5px;'><strong>Tipo de conector:<\/strong> Sin blindaje<\/li>\n<li style='margin-bottom: 5px;'><strong>Tipo de m\u00f3dulo:<\/strong> Mini-Com\u00ae<\/li>\n<li style='margin-bottom: 5px;'><strong>N\u00famero de puertos:<\/strong> 48<\/li>\n<li style='margin-bottom: 5px;'><strong>Tipo de identificaci\u00f3n:<\/strong> N\u00fameros pre-impresos<\/li>\n<li style='margin-bottom: 5px;'><strong>Ancho:<\/strong> 19 pulgadas<\/li>\n<li style='margin-bottom: 5px;'><strong>Unidades de rack:<\/strong> 2<\/li>\n<li style='margin-bottom: 5px;'><strong>Dimensiones:<\/strong> 1.04&#8242; (26.4 mm) de altura \u00d7 18.20&#8242; (462.3 mm) ancho \u00d7 3.47&#8242; (88.1 mm) profundidad<\/li>\n<\/ul><\/div>\n<\/p><\/div>\n<div style='display: flex; flex-wrap: wrap; gap: 20px; margin-bottom: 30px;'>\n<div style='flex: 1 1 250px; border: 1px solid rgba(150&comma; 150&comma; 150&comma; 0.4); border-radius: 8px; overflow: hidden; display: flex; flex-direction: column;'>\n<div style='padding: 15px; border-bottom: 1px solid rgba(150&comma; 150&comma; 150&comma; 0.2); font-weight: bold; font-size: 18px; color: inherit;'>Caracter\u00edsticas<\/div>\n<div style='padding: 15px; color: inherit;'>\n<ul style='padding-left: 20px; margin: 0; font-size: 14px; list-style-type: disc;'>\n<li style='margin-bottom: 5px;'>Dise\u00f1o modular que acepta todos los m\u00f3dulos Mini-Com\u00ae para combinar diferentes tipos de medios en el mismo panel<\/li>\n<li style='margin-bottom: 5px;'>Dise\u00f1o optimizado para facilitar la gesti\u00f3n de cables<\/li>\n<li style='margin-bottom: 5px;'>Opciones de montaje en racks est\u00e1ndar de 19&#8242; o 23&#8242; con bridas extensoras<\/li>\n<li style='margin-bottom: 5px;'>Opciones de color negro (est\u00e1ndar) y blanco<\/li>\n<\/ul><\/div>\n<\/p><\/div>\n<div style='flex: 1 1 250px; border: 1px solid rgba(150&comma; 150&comma; 150&comma; 0.4); border-radius: 8px; overflow: hidden; display: flex; flex-direction: column;'>\n<div style='padding: 15px; border-bottom: 1px solid rgba(150&comma; 150&comma; 150&comma; 0.2); font-weight: bold; font-size: 18px; color: inherit;'>Aplicaciones<\/div>\n<div style='padding: 15px; color: inherit;'>\n<ul style='padding-left: 20px; margin: 0; font-size: 14px; list-style-type: disc;'>\n<li style='margin-bottom: 5px;'>Ideal para aplicaciones multimedia<\/li>\n<li style='margin-bottom: 5px;'>Soluci\u00f3n en espacios con limitaciones de rack<\/li>\n<li style='margin-bottom: 5px;'>Permite un flujo de cableado eficiente a ambos lados del rack<\/li>\n<li style='margin-bottom: 5px;'>Minimiza la necesidad de gestores de cableado horizontal<\/li>\n<li style='margin-bottom: 5px;'>Aumenta la densidad del rack<\/li>\n<\/ul><\/div>\n<\/p><\/div>\n<div style='flex: 1 1 250px; border: 1px solid rgba(150&comma; 150&comma; 150&comma; 0.4); border-radius: 8px; overflow: hidden; display: flex; flex-direction: column;'>\n<div style='padding: 15px; border-bottom: 1px solid rgba(150&comma; 150&comma; 150&comma; 0.2); font-weight: bold; font-size: 18px; color: inherit;'>Accesorios<\/div>\n<div style='padding: 15px; color: inherit;'>\n<ul style='padding-left: 20px; margin: 0; font-size: 14px; list-style-type: disc;'>\n<li style='margin-bottom: 5px;'>Barras de alivio de tensi\u00f3n<\/li>\n<li style='margin-bottom: 5px;'>Paneles de relleno planos y angulares<\/li>\n<li style='margin-bottom: 5px;'>Bridas extensoras para montaje en racks de 23&#8242;<\/li>\n<li style='margin-bottom: 5px;'>Cubiertas de transici\u00f3n<\/li>\n<\/ul><\/div>\n<\/p><\/div>\n<\/p><\/div>\n<hr style='border: 0; border-top: 1px solid rgba(150&comma; 150&comma; 150&comma; 0.3); margin: 30px 0;'>\n<div style='display: flex; flex-wrap: wrap; gap: 30px; margin-bottom: 30px;'>\n<div style='flex: 1 1 300px; min-width: 280px;'>\n<h3 style='font-size: 22px; border-bottom: 2px solid currentColor; padding-bottom: 5px; margin-top: 0; color: inherit; opacity: 0.8;'>Opciones de Montaje<\/h3>\n<ul style='padding-left: 20px; font-size: 15px; color: inherit; margin-top: 10px; margin-bottom: 10px;'>\n<li style='margin-bottom: 5px;'>Montaje est\u00e1ndar en rack de 19&#8242;<\/li>\n<li style='margin-bottom: 5px;'>Montaje en rack de 23&#8242; con bridas extensoras PEB1 (1U) o PEB2 (2U)<\/li>\n<\/ul><\/div>\n<div style='flex: 1 1 300px; min-width: 280px;'>\n<h3 style='font-size: 22px; border-bottom: 2px solid currentColor; padding-bottom: 5px; margin-top: 0; color: inherit; opacity: 0.8;'>Opciones de Color<\/h3>\n<ul style='padding-left: 20px; font-size: 15px; color: inherit; margin-top: 10px; margin-bottom: 10px;'>\n<li style='margin-bottom: 5px;'>Negro (est\u00e1ndar)<\/li>\n<li style='margin-bottom: 5px;'>Blanco (opcional)<\/li>\n<\/ul><\/div>\n<\/p><\/div>\n<\/p><\/div>\n","protected":false},"excerpt":{"rendered":"<p>Panel de Parcheo Modular Mini-Com (Sin Conectores), Plano de Instalaci?n al Ras, Sin Blindaje, de 48 Puertos, 2UR<\/p>\n","protected":false},"featured_media":14218,"comment_status":"open","ping_status":"closed","template":"","meta":[],"product_brand":[],"product_cat":[613],"product_tag":[586,445,614],"class_list":{"0":"post-14219","1":"product","2":"type-product","3":"status-publish","4":"has-post-thumbnail","6":"product_cat-patch-panels","7":"product_tag-cableado-de-cobre","8":"product_tag-panduit","9":"product_tag-patch-panels","11":"first","12":"outofstock","13":"sale","14":"shipping-taxable","15":"purchasable","16":"product-type-simple"},"_links":{"self":[{"href":"https:\/\/soydeaqui.ddns.net\/pachuca\/index.php\/wp-json\/wp\/v2\/product\/14219","targetHints":{"allow":["GET"]}}],"collection":[{"href":"https:\/\/soydeaqui.ddns.net\/pachuca\/index.php\/wp-json\/wp\/v2\/product"}],"about":[{"href":"https:\/\/soydeaqui.ddns.net\/pachuca\/index.php\/wp-json\/wp\/v2\/types\/product"}],"replies":[{"embeddable":true,"href":"https:\/\/soydeaqui.ddns.net\/pachuca\/index.php\/wp-json\/wp\/v2\/comments?post=14219"}],"wp:featuredmedia":[{"embeddable":true,"href":"https:\/\/soydeaqui.ddns.net\/pachuca\/index.php\/wp-json\/wp\/v2\/media\/14218"}],"wp:attachment":[{"href":"https:\/\/soydeaqui.ddns.net\/pachuca\/index.php\/wp-json\/wp\/v2\/media?parent=14219"}],"wp:term":[{"taxonomy":"product_brand","embeddable":true,"href":"https:\/\/soydeaqui.ddns.net\/pachuca\/index.php\/wp-json\/wp\/v2\/product_brand?post=14219"},{"taxonomy":"product_cat","embeddable":true,"href":"https:\/\/soydeaqui.ddns.net\/pachuca\/index.php\/wp-json\/wp\/v2\/product_cat?post=14219"},{"taxonomy":"product_tag","embeddable":true,"href":"https:\/\/soydeaqui.ddns.net\/pachuca\/index.php\/wp-json\/wp\/v2\/product_tag?post=14219"}],"curies":[{"name":"wp","href":"https:\/\/api.w.org\/{rel}","templated":true}]}}