{"id":14193,"date":"2026-03-18T08:31:05","date_gmt":"2026-03-18T08:31:05","guid":{"rendered":"https:\/\/soydeaqui.ddns.net\/pachuca\/index.php\/producto\/cable-de-parcheo-utp-cat6a-26-awg-cm-color-blanco-mate-3ft\/"},"modified":"2026-03-18T08:31:05","modified_gmt":"2026-03-18T08:31:05","slug":"cable-de-parcheo-utp-cat6a-26-awg-cm-color-blanco-mate-3ft","status":"publish","type":"product","link":"https:\/\/soydeaqui.ddns.net\/pachuca\/index.php\/producto\/cable-de-parcheo-utp-cat6a-26-awg-cm-color-blanco-mate-3ft\/","title":{"rendered":"Cable de Parcheo UTP, Cat6A, 26 AWG, CM, Color Blanco Mate, 3ft"},"content":{"rendered":"<div style='width: 100%; max-width: 1200px; margin: 0 auto; font-family: sans-serif; line-height: 1.6; color: inherit; background-color: transparent;'>\n<div style='display: flex; flex-wrap: wrap; gap: 30px; margin-bottom: 30px;'>\n<div style='flex: 1 1 300px; min-width: 280px;'>\n<h3 style='font-size: 22px; border-bottom: 2px solid currentColor; padding-bottom: 5px; margin-top: 0; color: inherit; opacity: 0.8;'>Descripci\u00f3n<\/h3>\n<p style='font-size: 15px; color: inherit; margin-top: 0;'>Los cables de conexi\u00f3n UTP Categor\u00eda 6A \/ Clase EA&comma; est\u00e1n construidos con un cable de cobre trenzado de 26 AWG con un plug modular de rendimiento mejorado en cada extremo. Los conductores de cobre en el cable de conexi\u00f3n est\u00e1n trenzados en pares y separados por una cruceta central. Los cuatro pares est\u00e1n rodeados por cinta &#8216;matrix&#8217; y un forro ign\u00edfugo. La cinta &#8216;matrix&#8217; elimina la diafon\u00eda exogena y permite una transmisi\u00f3n de 10 Gb\/s. El cable de conexi\u00f3n se ofrece en varios colores y longitudes para una mayor flexibilidad de dise\u00f1o.<\/p>\n<\/p><\/div>\n<\/p><\/div>\n<div style='display: flex; flex-wrap: wrap; gap: 20px; margin-bottom: 30px;'>\n<div style='flex: 1 1 250px; border: 1px solid rgba(150&comma; 150&comma; 150&comma; 0.4); border-radius: 8px; overflow: hidden; display: flex; flex-direction: column;'>\n<div style='padding: 15px; border-bottom: 1px solid rgba(150&comma; 150&comma; 150&comma; 0.2); font-weight: bold; font-size: 18px; color: inherit;'>Informaci\u00f3n T\u00e9cnica<\/div>\n<div style='padding: 15px; color: inherit;'>\n<ul style='padding-left: 20px; margin: 0; font-size: 14px; list-style-type: disc;'>\n<li style='margin-bottom: 5px;'><strong>Rendimiento Categor\u00eda 6A:<\/strong> Supera todos los est\u00e1ndares ANSI \/ TIA-568.2-D Categor\u00eda 6A e ISO 11801 Clase EA para todas las frecuencias de hasta 500 MHz<\/li>\n<li style='margin-bottom: 5px;'><strong>Di\u00e1metro nominal:<\/strong> 6.1 mm<\/li>\n<li style='margin-bottom: 5px;'><strong>Cumplimiento FCC y ANSI:<\/strong> Cumple con ANSI \/ TIA-1096-A (anteriormente FCC Parte 68); contactos chapados con 50 micras de oro para un rendimiento superior<\/li>\n<li style='margin-bottom: 5px;'><strong>Cumplimiento IEC:<\/strong> Cumple con IEC 60603-7<\/li>\n<li style='margin-bottom: 5px;'><strong>Cumplimiento PoE:<\/strong> Clasificado para 2500 ciclos con IEEE 802.3af \/ 802.3at y 802.3bt tipo 3 y tipo 4<\/li>\n<li style='margin-bottom: 5px;'><strong>Grado de flamabilidad:<\/strong> CM<\/li>\n<\/ul><\/div>\n<\/p><\/div>\n<\/p><\/div>\n<hr style='border: 0; border-top: 1px solid rgba(150&comma; 150&comma; 150&comma; 0.3); margin: 30px 0;'> <\/div>\n","protected":false},"excerpt":{"rendered":"<p>Cable de Parcheo UTP, Cat6A, 26 AWG, CM, Color Blanco Mate, 3ft<\/p>\n","protected":false},"featured_media":14192,"comment_status":"open","ping_status":"closed","template":"","meta":[],"product_brand":[],"product_cat":[598],"product_tag":[586,445,599],"class_list":{"0":"post-14193","1":"product","2":"type-product","3":"status-publish","4":"has-post-thumbnail","6":"product_cat-patch-cords","7":"product_tag-cableado-de-cobre","8":"product_tag-panduit","9":"product_tag-patch-cords","11":"first","12":"outofstock","13":"sale","14":"shipping-taxable","15":"purchasable","16":"product-type-simple"},"_links":{"self":[{"href":"https:\/\/soydeaqui.ddns.net\/pachuca\/index.php\/wp-json\/wp\/v2\/product\/14193","targetHints":{"allow":["GET"]}}],"collection":[{"href":"https:\/\/soydeaqui.ddns.net\/pachuca\/index.php\/wp-json\/wp\/v2\/product"}],"about":[{"href":"https:\/\/soydeaqui.ddns.net\/pachuca\/index.php\/wp-json\/wp\/v2\/types\/product"}],"replies":[{"embeddable":true,"href":"https:\/\/soydeaqui.ddns.net\/pachuca\/index.php\/wp-json\/wp\/v2\/comments?post=14193"}],"wp:featuredmedia":[{"embeddable":true,"href":"https:\/\/soydeaqui.ddns.net\/pachuca\/index.php\/wp-json\/wp\/v2\/media\/14192"}],"wp:attachment":[{"href":"https:\/\/soydeaqui.ddns.net\/pachuca\/index.php\/wp-json\/wp\/v2\/media?parent=14193"}],"wp:term":[{"taxonomy":"product_brand","embeddable":true,"href":"https:\/\/soydeaqui.ddns.net\/pachuca\/index.php\/wp-json\/wp\/v2\/product_brand?post=14193"},{"taxonomy":"product_cat","embeddable":true,"href":"https:\/\/soydeaqui.ddns.net\/pachuca\/index.php\/wp-json\/wp\/v2\/product_cat?post=14193"},{"taxonomy":"product_tag","embeddable":true,"href":"https:\/\/soydeaqui.ddns.net\/pachuca\/index.php\/wp-json\/wp\/v2\/product_tag?post=14193"}],"curies":[{"name":"wp","href":"https:\/\/api.w.org\/{rel}","templated":true}]}}