{"id":14175,"date":"2026-03-18T08:30:47","date_gmt":"2026-03-18T08:30:47","guid":{"rendered":"https:\/\/soydeaqui.ddns.net\/pachuca\/index.php\/producto\/panel-de-parcheo-modular-sin-conectores-de-12-puertos-mini-com-instalacin-en-pared-con-montaje-incluido-color-negro\/"},"modified":"2026-03-18T08:30:51","modified_gmt":"2026-03-18T08:30:51","slug":"panel-de-parcheo-modular-sin-conectores-de-12-puertos-mini-com-instalacin-en-pared-con-montaje-incluido-color-negro","status":"publish","type":"product","link":"https:\/\/soydeaqui.ddns.net\/pachuca\/index.php\/producto\/panel-de-parcheo-modular-sin-conectores-de-12-puertos-mini-com-instalacin-en-pared-con-montaje-incluido-color-negro\/","title":{"rendered":"Panel de Parcheo Modular (Sin Conectores), de 12 Puertos Mini-Com, Instalaci?n en Pared con Montaje Incluido, Color Negro"},"content":{"rendered":"<div style='width: 100%; max-width: 1200px; margin: 0 auto; font-family: sans-serif; line-height: 1.6; color: inherit; background-color: transparent;'> <!-- Secci\u00f3n de caracter\u00edsticas principales --> <\/p>\n<div style='display: flex; flex-wrap: wrap; gap: 30px; margin-bottom: 30px;'>\n<div style='flex: 1 1 300px; min-width: 280px;'>\n<h3 style='font-size: 22px; border-bottom: 2px solid currentColor; padding-bottom: 5px; margin-top: 0; color: inherit; opacity: 0.8;'>Caracter\u00edsticas Principales<\/h3>\n<ul style='padding-left: 20px; font-size: 15px; color: inherit;'>\n<li style='margin-bottom: 5px;'>Panel de 12 puertos con placas a presi\u00f3n<\/li>\n<li style='margin-bottom: 5px;'>Soporte integrado para montaje en pared<\/li>\n<li style='margin-bottom: 5px;'>Dimensiones de 228.6 x 44.45 x 63.5 mm<\/li>\n<li style='margin-bottom: 5px;'>Compatible con m\u00f3dulos mini-com<\/li>\n<li style='margin-bottom: 5px;'>Dise\u00f1o modular para f\u00e1cil reorganizaci\u00f3n<\/li>\n<\/ul><\/div>\n<\/p><\/div>\n<p> <!-- Secci\u00f3n de caracter\u00edsticas t\u00e9cnicas --> <\/p>\n<div style='display: flex; flex-wrap: wrap; gap: 30px; margin-bottom: 30px;'>\n<div style='flex: 1 1 300px; min-width: 280px;'>\n<h3 style='font-size: 22px; border-bottom: 2px solid currentColor; padding-bottom: 5px; margin-top: 0; color: inherit; opacity: 0.8;'>Caracter\u00edsticas T\u00e9cnicas<\/h3>\n<ul style='padding-left: 20px; font-size: 15px; color: inherit;'>\n<li style='margin-bottom: 5px;'><strong>N\u00famero de puertos:<\/strong> 12<\/li>\n<li style='margin-bottom: 5px;'><strong>Estilo:<\/strong> Plano<\/li>\n<li style='margin-bottom: 5px;'><strong>Tipo de conector:<\/strong> Sin blindar<\/li>\n<li style='margin-bottom: 5px;'><strong>Tipo de m\u00f3dulo:<\/strong> Mini-Com<\/li>\n<li style='margin-bottom: 5px;'><strong>Dimensiones:<\/strong> 228.6 x 44.45 x 63.5 mm (Ancho x Alto x Profundidad)<\/li>\n<\/ul><\/div>\n<\/p><\/div>\n<p> <!-- Secci\u00f3n de funciones --> <\/p>\n<div style='display: flex; flex-wrap: wrap; gap: 30px; margin-bottom: 30px;'>\n<div style='flex: 1 1 300px; min-width: 280px;'>\n<h3 style='font-size: 22px; border-bottom: 2px solid currentColor; padding-bottom: 5px; margin-top: 0; color: inherit; opacity: 0.8;'>Funciones<\/h3>\n<ul style='padding-left: 20px; font-size: 15px; color: inherit;'>\n<li style='margin-bottom: 5px;'>Funci\u00f3n de liberaci\u00f3n r\u00e1pida en la placa frontal permite un acceso frontal simple para la terminaci\u00f3n y accesibilidad a los m\u00f3dulos instalados<\/li>\n<li style='margin-bottom: 5px;'>Acepta m\u00f3dulos Mini-Com\u00ae para UTP&comma; fibra \u00f3ptica y audio \/ video&comma; que encajan y desconectan para facilitar movimientos&comma; adiciones y cambios<\/li>\n<li style='margin-bottom: 5px;'>Instalaci\u00f3n directamente en la pared<\/li>\n<li style='margin-bottom: 5px;'>Dise\u00f1o modular para facilitar las revisiones de cableado<\/li>\n<\/ul><\/div>\n<\/p><\/div>\n<p> <!-- Secci\u00f3n de especificaciones --> <\/p>\n<div style='display: flex; flex-wrap: wrap; gap: 20px; margin-bottom: 30px;'>\n<div style='flex: 1 1 250px; border: 1px solid rgba(150&comma; 150&comma; 150&comma; 0.4); border-radius: 8px; overflow: hidden; display: flex; flex-direction: column;'>\n<div style='padding: 15px; border-bottom: 1px solid rgba(150&comma; 150&comma; 150&comma; 0.2); font-weight: bold; font-size: 18px; color: inherit;'>Especificaciones<\/div>\n<div style='padding: 15px; color: inherit;'>\n<ul style='padding-left: 20px; margin: 0; font-size: 14px; list-style-type: disc;'>\n<li style='margin-bottom: 5px;'><strong>N\u00famero de puertos:<\/strong> 12<\/li>\n<li style='margin-bottom: 5px;'><strong>Estilo:<\/strong> Plano<\/li>\n<li style='margin-bottom: 5px;'><strong>Tipo de conector:<\/strong> Sin blindar<\/li>\n<li style='margin-bottom: 5px;'><strong>Tipo de m\u00f3dulo:<\/strong> Mini-Com<\/li>\n<li style='margin-bottom: 5px;'><strong>Dimensiones:<\/strong> 228.6 x 44.45 x 63.5 mm (Ancho x Alto x Profundidad)<\/li>\n<\/ul><\/div>\n<\/p><\/div>\n<\/p><\/div>\n<p> <!-- Separador --> <\/p>\n<hr style='border: 0; border-top: 1px solid rgba(150&comma; 150&comma; 150&comma; 0.3); margin: 30px 0;'> <\/div>\n","protected":false},"excerpt":{"rendered":"<p>Panel de Parcheo Modular (Sin Conectores), de 12 Puertos Mini-Com, Instalaci?n en Pared con Montaje Incluido, Color Negro<\/p>\n","protected":false},"featured_media":14174,"comment_status":"open","ping_status":"closed","template":"","meta":[],"product_brand":[],"product_cat":[613],"product_tag":[586,445,614],"class_list":{"0":"post-14175","1":"product","2":"type-product","3":"status-publish","4":"has-post-thumbnail","6":"product_cat-patch-panels","7":"product_tag-cableado-de-cobre","8":"product_tag-panduit","9":"product_tag-patch-panels","11":"first","12":"instock","13":"sale","14":"shipping-taxable","15":"purchasable","16":"product-type-simple"},"_links":{"self":[{"href":"https:\/\/soydeaqui.ddns.net\/pachuca\/index.php\/wp-json\/wp\/v2\/product\/14175","targetHints":{"allow":["GET"]}}],"collection":[{"href":"https:\/\/soydeaqui.ddns.net\/pachuca\/index.php\/wp-json\/wp\/v2\/product"}],"about":[{"href":"https:\/\/soydeaqui.ddns.net\/pachuca\/index.php\/wp-json\/wp\/v2\/types\/product"}],"replies":[{"embeddable":true,"href":"https:\/\/soydeaqui.ddns.net\/pachuca\/index.php\/wp-json\/wp\/v2\/comments?post=14175"}],"wp:featuredmedia":[{"embeddable":true,"href":"https:\/\/soydeaqui.ddns.net\/pachuca\/index.php\/wp-json\/wp\/v2\/media\/14174"}],"wp:attachment":[{"href":"https:\/\/soydeaqui.ddns.net\/pachuca\/index.php\/wp-json\/wp\/v2\/media?parent=14175"}],"wp:term":[{"taxonomy":"product_brand","embeddable":true,"href":"https:\/\/soydeaqui.ddns.net\/pachuca\/index.php\/wp-json\/wp\/v2\/product_brand?post=14175"},{"taxonomy":"product_cat","embeddable":true,"href":"https:\/\/soydeaqui.ddns.net\/pachuca\/index.php\/wp-json\/wp\/v2\/product_cat?post=14175"},{"taxonomy":"product_tag","embeddable":true,"href":"https:\/\/soydeaqui.ddns.net\/pachuca\/index.php\/wp-json\/wp\/v2\/product_tag?post=14175"}],"curies":[{"name":"wp","href":"https:\/\/api.w.org\/{rel}","templated":true}]}}