{"id":14161,"date":"2026-03-18T08:30:35","date_gmt":"2026-03-18T08:30:35","guid":{"rendered":"https:\/\/soydeaqui.ddns.net\/pachuca\/index.php\/producto\/llave-maestra-smartkeeper-para-dispositivo-de-bloqueo-usb-a-rj45-o-usb-c\/"},"modified":"2026-03-18T08:30:38","modified_gmt":"2026-03-18T08:30:38","slug":"llave-maestra-smartkeeper-para-dispositivo-de-bloqueo-usb-a-rj45-o-usb-c","status":"publish","type":"product","link":"https:\/\/soydeaqui.ddns.net\/pachuca\/index.php\/producto\/llave-maestra-smartkeeper-para-dispositivo-de-bloqueo-usb-a-rj45-o-usb-c\/","title":{"rendered":"Llave Maestra Smartkeeper, para Dispositivo de Bloqueo USB-A, RJ45, o USB-C"},"content":{"rendered":"<div style='width: 100%; max-width: 1200px; margin: 0 auto; font-family: sans-serif; line-height: 1.6; color: inherit; background-color: transparent;'>\n<div style='display: flex; flex-wrap: wrap; gap: 30px; margin-bottom: 30px;'>\n<div style='flex: 1 1 300px; min-width: 280px;'>\n<h3 style='font-size: 22px; border-bottom: 2px solid currentColor; padding-bottom: 5px; margin-top: 0; color: inherit; opacity: 0.8;'>Descripci\u00f3n<\/h3>\n<p style='font-size: 15px; color: inherit; margin-bottom: 15px;'>Los dispositivos de bloqueo USB tipo A&comma; C&comma; o RJ45 SmartKeeper protegen los puertos para limitar o evitar el acceso no autorizado mediante la adici\u00f3n de una capa f\u00edsica. Tambi\u00e9n puede proteger el puerto del polvo y los residuos o de da\u00f1os causados por objetos extra\u00f1os. Solo se puede quitar con la llave maestra SmartKeeper.<\/p>\n<\/p><\/div>\n<\/p><\/div>\n<div style='display: flex; flex-wrap: wrap; gap: 20px; margin-bottom: 30px;'>\n<div style='flex: 1 1 250px; border: 1px solid rgba(150&comma; 150&comma; 150&comma; 0.4); border-radius: 8px; overflow: hidden; display: flex; flex-direction: column;'>\n<div style='padding: 15px; border-bottom: 1px solid rgba(150&comma; 150&comma; 150&comma; 0.2); font-weight: bold; font-size: 18px; color: inherit;'>Especificaciones T\u00e9cnicas<\/div>\n<div style='padding: 15px; color: inherit;'>\n<ul style='padding-left: 20px; margin: 0; font-size: 14px; list-style-type: disc;'>\n<li style='margin-bottom: 5px;'><strong>Tipo de producto:<\/strong> Llave maestra<\/li>\n<li style='margin-bottom: 5px;'><strong>Submarca:<\/strong> SmartKeeper<\/li>\n<li style='margin-bottom: 5px;'><strong>Rango de temperatura:<\/strong> -4\u00b0F (-20\u00b0C) a +140\u00b0F (+60\u00b0C)<\/li>\n<li style='margin-bottom: 5px;'><strong>Material:<\/strong> Policarbonato y acero niquelado<\/li>\n<li style='margin-bottom: 5px;'><strong>Conformidad:<\/strong> RoHS<\/li>\n<\/ul><\/div>\n<\/p><\/div>\n<div style='flex: 1 1 250px; border: 1px solid rgba(150&comma; 150&comma; 150&comma; 0.4); border-radius: 8px; overflow: hidden; display: flex; flex-direction: column;'>\n<div style='padding: 15px; border-bottom: 1px solid rgba(150&comma; 150&comma; 150&comma; 0.2); font-weight: bold; font-size: 18px; color: inherit;'>Dimensiones<\/div>\n<div style='padding: 15px; color: inherit;'>\n<ul style='padding-left: 20px; margin: 0; font-size: 14px; list-style-type: disc;'>\n<li style='margin-bottom: 5px;'><strong>Longitud total:<\/strong> 4.69&#8242; (119.1 mm)<\/li>\n<li style='margin-bottom: 5px;'><strong>Ancho total:<\/strong> 1.19&#8242; (30.2 mm)<\/li>\n<li style='margin-bottom: 5px;'><strong>Altura total:<\/strong> 0.78&#8242; (19.7 mm)<\/li>\n<\/ul><\/div>\n<\/p><\/div>\n<div style='flex: 1 1 250px; border: 1px solid rgba(150&comma; 150&comma; 150&comma; 0.4); border-radius: 8px; overflow: hidden; display: flex; flex-direction: column;'>\n<div style='padding: 15px; border-bottom: 1px solid rgba(150&comma; 150&comma; 150&comma; 0.2); font-weight: bold; font-size: 18px; color: inherit;'>Caracter\u00edsticas<\/div>\n<div style='padding: 15px; color: inherit;'>\n<ul style='padding-left: 20px; margin: 0; font-size: 14px; list-style-type: disc;'>\n<li style='margin-bottom: 5px;'>Dise\u00f1o compacto que se monta al ras con el puerto<\/li>\n<li style='margin-bottom: 5px;'>F\u00e1cil de instalar con un simple empuj\u00f3n<\/li>\n<li style='margin-bottom: 5px;'>Mecanismo de bloqueo \u00fanico que requiere la llave maestra<\/li>\n<li style='margin-bottom: 5px;'>Compatibilidad con puertos USB tipo A<\/li>\n<\/ul><\/div>\n<\/p><\/div>\n<\/p><\/div>\n<div style='display: flex; flex-wrap: wrap; gap: 30px; margin-bottom: 30px;'>\n<div style='flex: 1 1 300px; min-width: 280px;'>\n<h3 style='font-size: 22px; border-bottom: 2px solid currentColor; padding-bottom: 5px; margin-top: 0; color: inherit; opacity: 0.8;'>Aplicaciones<\/h3>\n<p style='font-size: 15px; color: inherit; margin-bottom: 15px;'>Los puertos USB tipo A se han convertido en una forma conveniente para cargar y operar m\u00faltiples dispositivos. Tambi\u00e9n es una v\u00eda f\u00e1cil para transferir malware a una red. Este dispositivo resistente a la manipulaci\u00f3n proporciona una forma econ\u00f3mica de a\u00f1adir una capa f\u00edsica de seguridad a los puertos USB tipo A encontrados en computadoras&comma; switches o cualquier otro equipo&comma; previniendo acceso no autorizado y reduciendo el riesgo de da\u00f1os intencionales o accidentales.<\/p>\n<\/p><\/div>\n<\/p><\/div>\n<hr style='border: 0; border-top: 1px solid rgba(150&comma; 150&comma; 150&comma; 0.3); margin: 30px 0;'> <\/div>\n","protected":false},"excerpt":{"rendered":"<p>Llave Maestra Smartkeeper, para Dispositivo de Bloqueo USB-A, RJ45, o USB-C<\/p>\n","protected":false},"featured_media":14160,"comment_status":"open","ping_status":"closed","template":"","meta":[],"product_brand":[],"product_cat":[691],"product_tag":[692,488,445],"class_list":{"0":"post-14161","1":"product","2":"type-product","3":"status-publish","4":"has-post-thumbnail","6":"product_cat-audio-y-video-cables-y-conectores","7":"product_tag-audio-y-video","8":"product_tag-cables-y-conectores","9":"product_tag-panduit","11":"first","12":"outofstock","13":"sale","14":"shipping-taxable","15":"purchasable","16":"product-type-simple"},"_links":{"self":[{"href":"https:\/\/soydeaqui.ddns.net\/pachuca\/index.php\/wp-json\/wp\/v2\/product\/14161","targetHints":{"allow":["GET"]}}],"collection":[{"href":"https:\/\/soydeaqui.ddns.net\/pachuca\/index.php\/wp-json\/wp\/v2\/product"}],"about":[{"href":"https:\/\/soydeaqui.ddns.net\/pachuca\/index.php\/wp-json\/wp\/v2\/types\/product"}],"replies":[{"embeddable":true,"href":"https:\/\/soydeaqui.ddns.net\/pachuca\/index.php\/wp-json\/wp\/v2\/comments?post=14161"}],"wp:featuredmedia":[{"embeddable":true,"href":"https:\/\/soydeaqui.ddns.net\/pachuca\/index.php\/wp-json\/wp\/v2\/media\/14160"}],"wp:attachment":[{"href":"https:\/\/soydeaqui.ddns.net\/pachuca\/index.php\/wp-json\/wp\/v2\/media?parent=14161"}],"wp:term":[{"taxonomy":"product_brand","embeddable":true,"href":"https:\/\/soydeaqui.ddns.net\/pachuca\/index.php\/wp-json\/wp\/v2\/product_brand?post=14161"},{"taxonomy":"product_cat","embeddable":true,"href":"https:\/\/soydeaqui.ddns.net\/pachuca\/index.php\/wp-json\/wp\/v2\/product_cat?post=14161"},{"taxonomy":"product_tag","embeddable":true,"href":"https:\/\/soydeaqui.ddns.net\/pachuca\/index.php\/wp-json\/wp\/v2\/product_tag?post=14161"}],"curies":[{"name":"wp","href":"https:\/\/api.w.org\/{rel}","templated":true}]}}