{"id":13761,"date":"2026-03-18T08:24:29","date_gmt":"2026-03-18T08:24:29","guid":{"rendered":"https:\/\/soydeaqui.ddns.net\/pachuca\/index.php\/producto\/cable-de-parcheo-utp-cat6a-dimetro-reducido-28-awg-cm-lszh-color-verde-20-cm-7-87-pulgadas\/"},"modified":"2026-03-18T08:24:29","modified_gmt":"2026-03-18T08:24:29","slug":"cable-de-parcheo-utp-cat6a-dimetro-reducido-28-awg-cm-lszh-color-verde-20-cm-7-87-pulgadas","status":"publish","type":"product","link":"https:\/\/soydeaqui.ddns.net\/pachuca\/index.php\/producto\/cable-de-parcheo-utp-cat6a-dimetro-reducido-28-awg-cm-lszh-color-verde-20-cm-7-87-pulgadas\/","title":{"rendered":"Cable de Parcheo UTP, Cat6A, Di?metro Reducido (28 AWG), CM\/LSZH, Color Verde, 20 cm (7.87 pulgadas)."},"content":{"rendered":"<div style='width: 100%; max-width: 1200px; margin: 0 auto; font-family: sans-serif; line-height: 1.6; color: inherit; background-color: transparent;'> <!-- Secci\u00f3n de descripci\u00f3n --> <\/p>\n<div style='margin-bottom: 30px; font-size: 15px;'>\n<p>Los cables de parcheo de di\u00e1metro reducido Categor\u00eda 6A \/ Clase EA&comma; UTP&comma; est\u00e1n construidos con cable de cobre s\u00f3lido de par trenzado 28 AWG (de doble clasificaci\u00f3n CM\/LSZH) con conectores modulares RJ45 de alto rendimiento. Los cables de conexi\u00f3n se ofrecen en m\u00faltiples longitudes y colores para flexibilidad de dise\u00f1o.<\/p>\n<\/p><\/div>\n<p> <!-- Secci\u00f3n de caracter\u00edsticas principales --> <\/p>\n<div style='display: flex; flex-wrap: wrap; gap: 20px; margin-bottom: 30px;'>\n<div style='flex: 1 1 250px; border: 1px solid rgba(150&comma; 150&comma; 150&comma; 0.4); border-radius: 8px; overflow: hidden; display: flex; flex-direction: column;'>\n<div style='padding: 15px; border-bottom: 1px solid rgba(150&comma; 150&comma; 150&comma; 0.2); font-weight: bold; font-size: 18px; color: inherit;'>Caracter\u00edsticas Principales<\/div>\n<div style='padding: 15px; color: inherit;'>\n<ul style='padding-left: 20px; margin: 0; font-size: 14px; list-style-type: disc;'>\n<li style='margin-bottom: 5px;'>Cable par trenzado 28 AWG de di\u00e1metro reducido<\/li>\n<li style='margin-bottom: 5px;'>Cumple est\u00e1ndares Categor\u00eda 6A hasta 500 MHz<\/li>\n<li style='margin-bottom: 5px;'>Conectores RJ45 con 50 micras de oro<\/li>\n<li style='margin-bottom: 5px;'>Admite aplicaciones PoE IEEE 802.3af\/at\/bt<\/li>\n<li style='margin-bottom: 5px;'>Clasificaci\u00f3n de flamabilidad CM\/LSZH alta seguridad<\/li>\n<\/ul><\/div>\n<\/p><\/div>\n<\/p><\/div>\n<p> <!-- Secci\u00f3n de especificaciones t\u00e9cnicas --> <\/p>\n<div style='display: flex; flex-wrap: wrap; gap: 30px; margin-bottom: 30px;'>\n<div style='flex: 1 1 300px; min-width: 280px;'>\n<h3 style='font-size: 22px; border-bottom: 2px solid currentColor; padding-bottom: 5px; margin-top: 0; color: inherit; opacity: 0.8;'>Especificaciones T\u00e9cnicas<\/h3>\n<ul style='padding-left: 20px; font-size: 15px; color: inherit;'>\n<li style='margin-bottom: 5px;'><strong>Rendimiento Categor\u00eda 6A:<\/strong> Supera todos los est\u00e1ndares ANSI\/TIA-568.2-D Categor\u00eda 6A e ISO 11801 Clase EA para todas las frecuencias de hasta 500 MHz<\/li>\n<li style='margin-bottom: 5px;'><strong>Di\u00e1metro nominal:<\/strong> 4.7 mm<\/li>\n<li style='margin-bottom: 5px;'><strong>Cumplimiento FCC y ANSI:<\/strong> Cumple con ANSI\/TIA-1096-A (anteriormente FCC Parte 68); contactos chapados con 50 micras de oro para un rendimiento superior<\/li>\n<li style='margin-bottom: 5px;'><strong>Cumplimiento IEC:<\/strong> Cumple con IEC 60603-7<\/li>\n<li style='margin-bottom: 5px;'><strong>Cumplimiento PoE:<\/strong> Admite aplicaciones PoE IEEE 802.3af\/802.3at (48 cables en un mazo) y 802.3bt tipo 3 y tipo 4 (24 cables en un mazo)<\/li>\n<li style='margin-bottom: 5px;'><strong>Grado de flamabilidad:<\/strong> CM\/LSZH<\/li>\n<li style='margin-bottom: 5px;'><strong>Temperatura de operaci\u00f3n:<\/strong> 14\u00b0F a 167\u00b0F (-10\u00b0C a 75\u00b0C)<\/li>\n<li style='margin-bottom: 5px;'><strong>Temperatura de almacenamiento:<\/strong> -40\u00b0F a 158\u00b0F (-40\u00b0C a 70\u00b0C)<\/li>\n<li style='margin-bottom: 5px;'><strong>Material de la cubierta:<\/strong> CM\/LSZH (Mantel de cloruro de polivinilo libre de hal\u00f3genos)<\/li>\n<li style='margin-bottom: 5px;'><strong>Construcci\u00f3n del cable:<\/strong> Par trenzado no blindado (UTP) con alivio de tensi\u00f3n<\/li>\n<li style='margin-bottom: 5px;'><strong>Estilo del cable:<\/strong> Di\u00e1metro reducido (0.185 in.\/4.7mm nominal)<\/li>\n<\/ul><\/div>\n<p> <!-- Secci\u00f3n de beneficios --> <\/p>\n<div style='flex: 1 1 300px; min-width: 280px;'>\n<h3 style='font-size: 22px; border-bottom: 2px solid currentColor; padding-bottom: 5px; margin-top: 0; color: inherit; opacity: 0.8;'>Beneficios<\/h3>\n<ul style='padding-left: 20px; font-size: 15px; color: inherit;'>\n<li style='margin-bottom: 5px;'>Dise\u00f1o de di\u00e1metro reducido y flexible con radio de curvatura ajustado permite una mejor gesti\u00f3n y enrutamiento de cables<\/li>\n<li style='margin-bottom: 5px;'>El di\u00e1metro reducido permite el doble de cables en canaletas comparado con cables tradicionales de Categor\u00eda 6A<\/li>\n<li style='margin-bottom: 5px;'>Facilita el flujo de aire y refrigeraci\u00f3n&comma; reduciendo costos operativos<\/li>\n<li style='margin-bottom: 5px;'>Construcci\u00f3n robusta con contactos chapados con 50 microinches de oro y resistente a 2500 ciclos de conexi\u00f3n<\/li>\n<li style='margin-bottom: 5px;'>Cable 28 AWG con atenuaci\u00f3n de 1.9 (degradaci\u00f3n de se\u00f1al)<\/li>\n<li style='margin-bottom: 5px;'>Dise\u00f1o con separador de pares integrado que optimiza el rendimiento y consistencia reduciendo el desentrelazado en el conector<\/li>\n<li style='margin-bottom: 5px;'>Etiqueta de identificaci\u00f3n con informaci\u00f3n del nivel de rendimiento&comma; longitud y n\u00famero de control de calidad<\/li>\n<li style='margin-bottom: 5px;'>Dise\u00f1o patentado de pestillo libre de enredos que previene enganches y facilita la liberaci\u00f3n<\/li>\n<\/ul><\/div>\n<\/p><\/div>\n<p> <!-- Secci\u00f3n de aplicaciones --> <\/p>\n<div style='margin-bottom: 30px;'>\n<h3 style='font-size: 22px; border-bottom: 2px solid currentColor; padding-bottom: 5px; margin-top: 0; color: inherit; opacity: 0.8;'>Aplicaciones<\/h3>\n<ul style='padding-left: 20px; font-size: 15px; color: inherit;'>\n<li style='margin-bottom: 5px;'>10GBASE-T Ethernet<\/li>\n<li style='margin-bottom: 5px;'>Virtualizaci\u00f3n de servidores en centros de datos<\/li>\n<li style='margin-bottom: 5px;'>Agregaci\u00f3n de backbone<\/li>\n<li style='margin-bottom: 5px;'>Procesamiento paralelo y computaci\u00f3n de alta velocidad<\/li>\n<li style='margin-bottom: 5px;'>Consolidaci\u00f3n de E\/S en centros de datos<\/li>\n<\/ul><\/div>\n<p> <!-- Secci\u00f3n de opciones de longitud y color --> <\/p>\n<div style='margin-bottom: 30px;'>\n<h3 style='font-size: 22px; border-bottom: 2px solid currentColor; padding-bottom: 5px; margin-top: 0; color: inherit; opacity: 0.8;'>Opciones de Longitud y Color<\/h3>\n<p style='font-size: 15px; color: inherit; margin-bottom: 15px;'>El cable UTP28X0.2MGR est\u00e1 disponible en 0.2 metros (8 pulgadas) en color verde (GR). Para otras opciones:<\/p>\n<ul style='padding-left: 20px; font-size: 15px; color: inherit;'>\n<li style='margin-bottom: 5px;'><strong>Longitudes est\u00e1ndar:<\/strong> 0.5 a 10 metros (cada 0.5m)&comma; 11 a 20 metros (cada 1m)&comma; 25 a 40 metros (cada 5m)<\/li>\n<li style='margin-bottom: 5px;'><strong>Colores disponibles:<\/strong> Blanco (sin sufijo)&comma; Negro (BL)&comma; Azul (BU)&comma; Rojo (RD)&comma; Amarillo (YL)&comma; Naranja (OR)&comma; Gris (GY)&comma; Violeta (VL)<\/li>\n<li style='margin-bottom: 5px;'><strong>Embalaje:<\/strong> Paquetes de 25 o 48 unidades<\/li>\n<\/ul><\/div>\n<p> <!-- Secci\u00f3n de cumplimiento y certificaciones --> <\/p>\n<div style='margin-bottom: 30px;'>\n<h3 style='font-size: 22px; border-bottom: 2px solid currentColor; padding-bottom: 5px; margin-top: 0; color: inherit; opacity: 0.8;'>Cumplimiento y Certificaciones<\/h3>\n<ul style='padding-left: 20px; font-size: 15px; color: inherit;'>\n<li style='margin-bottom: 5px;'>cULus Listed; UL 1863 y CAN\/CSA-C22.2 (UL File E129886)<\/li>\n<li style='margin-bottom: 5px;'>RoHS Compliant<\/li>\n<li style='margin-bottom: 5px;'>Cumple con TIA-568.2-D Categor\u00eda 6A<\/li>\n<li style='margin-bottom: 5px;'>Cumple con ISO 11801 Clase EA<\/li>\n<\/ul><\/div>\n<p> <!-- Separador final --> <\/p>\n<hr style='border: 0; border-top: 1px solid rgba(150&comma; 150&comma; 150&comma; 0.3); margin: 30px 0;'> <\/div>\n","protected":false},"excerpt":{"rendered":"<p>Cable de Parcheo UTP, Cat6A, Di?metro Reducido (28 AWG), CM\/LSZH, Color Verde, 20 cm (7.87 pulgadas).<\/p>\n","protected":false},"featured_media":32,"comment_status":"open","ping_status":"closed","template":"","meta":[],"product_brand":[],"product_cat":[598],"product_tag":[586,445,599],"class_list":{"0":"post-13761","1":"product","2":"type-product","3":"status-publish","4":"has-post-thumbnail","6":"product_cat-patch-cords","7":"product_tag-cableado-de-cobre","8":"product_tag-panduit","9":"product_tag-patch-cords","11":"first","12":"outofstock","13":"sale","14":"shipping-taxable","15":"purchasable","16":"product-type-simple"},"_links":{"self":[{"href":"https:\/\/soydeaqui.ddns.net\/pachuca\/index.php\/wp-json\/wp\/v2\/product\/13761","targetHints":{"allow":["GET"]}}],"collection":[{"href":"https:\/\/soydeaqui.ddns.net\/pachuca\/index.php\/wp-json\/wp\/v2\/product"}],"about":[{"href":"https:\/\/soydeaqui.ddns.net\/pachuca\/index.php\/wp-json\/wp\/v2\/types\/product"}],"replies":[{"embeddable":true,"href":"https:\/\/soydeaqui.ddns.net\/pachuca\/index.php\/wp-json\/wp\/v2\/comments?post=13761"}],"wp:featuredmedia":[{"embeddable":true,"href":"https:\/\/soydeaqui.ddns.net\/pachuca\/index.php\/wp-json\/wp\/v2\/media\/32"}],"wp:attachment":[{"href":"https:\/\/soydeaqui.ddns.net\/pachuca\/index.php\/wp-json\/wp\/v2\/media?parent=13761"}],"wp:term":[{"taxonomy":"product_brand","embeddable":true,"href":"https:\/\/soydeaqui.ddns.net\/pachuca\/index.php\/wp-json\/wp\/v2\/product_brand?post=13761"},{"taxonomy":"product_cat","embeddable":true,"href":"https:\/\/soydeaqui.ddns.net\/pachuca\/index.php\/wp-json\/wp\/v2\/product_cat?post=13761"},{"taxonomy":"product_tag","embeddable":true,"href":"https:\/\/soydeaqui.ddns.net\/pachuca\/index.php\/wp-json\/wp\/v2\/product_tag?post=13761"}],"curies":[{"name":"wp","href":"https:\/\/api.w.org\/{rel}","templated":true}]}}