{"id":13570,"date":"2026-03-18T08:21:37","date_gmt":"2026-03-18T08:21:37","guid":{"rendered":"https:\/\/soydeaqui.ddns.net\/pachuca\/index.php\/producto\/cable-de-parcheo-tx6-utp-cat6-dimetro-reducido-28awg-color-amarillo-0-3-metros-1-pie\/"},"modified":"2026-03-18T08:21:38","modified_gmt":"2026-03-18T08:21:38","slug":"cable-de-parcheo-tx6-utp-cat6-dimetro-reducido-28awg-color-amarillo-0-3-metros-1-pie","status":"publish","type":"product","link":"https:\/\/soydeaqui.ddns.net\/pachuca\/index.php\/producto\/cable-de-parcheo-tx6-utp-cat6-dimetro-reducido-28awg-color-amarillo-0-3-metros-1-pie\/","title":{"rendered":"Cable de Parcheo TX6, UTP Cat6, Di?metro Reducido (28AWG), Color Amarillo, 0.3 Metros (1 Pie)"},"content":{"rendered":"<div style='width: 100%; max-width: 1200px; margin: 0 auto; font-family: sans-serif; line-height: 1.6; color: inherit; background-color: transparent;'> <!-- Secci\u00f3n de descripci\u00f3n --> <\/p>\n<div style='margin-bottom: 30px;'>\n<p style='text-align: left; font-size: 15px; color: inherit; margin: 0 0 15px 0;'>Los cables de parcheo de categor\u00eda 6\/Clase E&comma; UTP&comma; de di\u00e1metro reducido est\u00e1n construidos con cable de cobre de par trenzado sin blindar calibre 28 AWG (CM\/LSZH de doble clasificaci\u00f3n)&comma; con plugs modulares RJ45 de alto rendimiento. Los cables de conexi\u00f3n se ofrecen en m\u00faltiples longitudes y colores para flexibilidad de dise\u00f1o.<\/p>\n<\/p><\/div>\n<p> <!-- Secci\u00f3n de especificaciones --> <\/p>\n<div style='margin-bottom: 30px;'>\n<h3 style='font-size: 22px; border-bottom: 2px solid currentColor; padding-bottom: 5px; margin-top: 0; margin-bottom: 15px; color: inherit; opacity: 0.8;'>Especificaciones T\u00e9cnicas<\/h3>\n<ul style='padding-left: 20px; font-size: 15px; color: inherit; list-style-type: disc;'>\n<li style='margin-bottom: 5px;'>Rendimiento Cat6: Supera todos los requisitos de rendimiento el\u00e9ctrico ANSI \/ TIA-568.2-D Categor\u00eda 6 e ISO 11801 Clase E para frecuencias de hasta 250 MHz<\/li>\n<li style='margin-bottom: 5px;'>Di\u00e1metro nominal: 3.8 mm<\/li>\n<li style='margin-bottom: 5px;'>Cumplimiento FCC y ANSI: Cumple con ANSI\/TIA-1096-A<\/li>\n<li style='margin-bottom: 5px;'>Cumplimiento PoE: Admite aplicaciones PoE IEEE 802.3af\/802.3at (48 cables en un mazo) y 802.3bt tipo 3 y tipo 4 (24 cables en un mazo)<\/li>\n<li style='margin-bottom: 5px;'>Temperatura de operaci\u00f3n: -10 a 75\u00baC<\/li>\n<li style='margin-bottom: 5px;'>Temperatura de almacenamiento: -40 a 70\u00baC<\/li>\n<li style='margin-bottom: 5px;'>Grado de flamabilidad: CM\/LSZH<\/li>\n<\/ul><\/div>\n<p> <!-- Separador --> <\/p>\n<hr style='border: 0; border-top: 1px solid rgba(150&comma; 150&comma; 150&comma; 0.3); margin: 30px 0;'> <\/div>\n","protected":false},"excerpt":{"rendered":"<p>Cable de Parcheo TX6, UTP Cat6, Di?metro Reducido (28AWG), Color Amarillo, 0.3 Metros (1 Pie)<\/p>\n","protected":false},"featured_media":13569,"comment_status":"open","ping_status":"closed","template":"","meta":[],"product_brand":[],"product_cat":[598],"product_tag":[586,445,599],"class_list":{"0":"post-13570","1":"product","2":"type-product","3":"status-publish","4":"has-post-thumbnail","6":"product_cat-patch-cords","7":"product_tag-cableado-de-cobre","8":"product_tag-panduit","9":"product_tag-patch-cords","11":"first","12":"outofstock","13":"sale","14":"shipping-taxable","15":"purchasable","16":"product-type-simple"},"_links":{"self":[{"href":"https:\/\/soydeaqui.ddns.net\/pachuca\/index.php\/wp-json\/wp\/v2\/product\/13570","targetHints":{"allow":["GET"]}}],"collection":[{"href":"https:\/\/soydeaqui.ddns.net\/pachuca\/index.php\/wp-json\/wp\/v2\/product"}],"about":[{"href":"https:\/\/soydeaqui.ddns.net\/pachuca\/index.php\/wp-json\/wp\/v2\/types\/product"}],"replies":[{"embeddable":true,"href":"https:\/\/soydeaqui.ddns.net\/pachuca\/index.php\/wp-json\/wp\/v2\/comments?post=13570"}],"wp:featuredmedia":[{"embeddable":true,"href":"https:\/\/soydeaqui.ddns.net\/pachuca\/index.php\/wp-json\/wp\/v2\/media\/13569"}],"wp:attachment":[{"href":"https:\/\/soydeaqui.ddns.net\/pachuca\/index.php\/wp-json\/wp\/v2\/media?parent=13570"}],"wp:term":[{"taxonomy":"product_brand","embeddable":true,"href":"https:\/\/soydeaqui.ddns.net\/pachuca\/index.php\/wp-json\/wp\/v2\/product_brand?post=13570"},{"taxonomy":"product_cat","embeddable":true,"href":"https:\/\/soydeaqui.ddns.net\/pachuca\/index.php\/wp-json\/wp\/v2\/product_cat?post=13570"},{"taxonomy":"product_tag","embeddable":true,"href":"https:\/\/soydeaqui.ddns.net\/pachuca\/index.php\/wp-json\/wp\/v2\/product_tag?post=13570"}],"curies":[{"name":"wp","href":"https:\/\/api.w.org\/{rel}","templated":true}]}}