{"id":13514,"date":"2026-03-18T08:20:44","date_gmt":"2026-03-18T08:20:44","guid":{"rendered":"https:\/\/soydeaqui.ddns.net\/pachuca\/index.php\/producto\/placa-de-pared-vertical-clsica-salida-para-1-puerto-mini-com-color-negro\/"},"modified":"2026-03-18T08:20:48","modified_gmt":"2026-03-18T08:20:48","slug":"placa-de-pared-vertical-clsica-salida-para-1-puerto-mini-com-color-negro","status":"publish","type":"product","link":"https:\/\/soydeaqui.ddns.net\/pachuca\/index.php\/producto\/placa-de-pared-vertical-clsica-salida-para-1-puerto-mini-com-color-negro\/","title":{"rendered":"Placa de Pared Vertical Cl?sica, Salida Para 1 Puerto Mini-Com, Color Negro"},"content":{"rendered":"<div style='width: 100%; max-width: 1200px; margin: 0 auto; font-family: sans-serif; line-height: 1.6; color: inherit; background-color: transparent;'> <!-- Secci\u00f3n de descripci\u00f3n --> <\/p>\n<div style='margin-bottom: 30px; font-size: 15px; color: inherit;'>\n<p>Las placas frontales de la serie Classic est\u00e1n disponibles en 1&comma; 2&comma; 3&comma; 4 y 6 puertos para instalaci\u00f3n vertical&comma; y 2 y 4 puertos para instalaci\u00f3n horizontal. Las placas frontales de la serie Classic aceptan todos los m\u00f3dulos Mini Com\u00ae para aplicaciones UTP&comma; STP&comma; fibra \u00f3ptica y audio\/video. Las placas frontales est\u00e1n disponibles en un dise\u00f1o al ras o inclinado&comma; y disponibles con o sin etiquetas. El dise\u00f1o inclinado aumentar\u00e1 la profundidad de la pared para mejorar el control del radio de curvatura.<\/p>\n<\/p><\/div>\n<p> <!-- Secci\u00f3n de especificaciones --> <\/p>\n<div style='display: flex; flex-wrap: wrap; gap: 30px; margin-bottom: 30px;'>\n<div style='flex: 1 1 300px; min-width: 280px;'>\n<h3 style='font-size: 22px; border-bottom: 2px solid currentColor; padding-bottom: 5px; margin-top: 0; color: inherit; opacity: 0.8;'>Especificaciones<\/h3>\n<ul style='padding-left: 20px; font-size: 15px; color: inherit;'>\n<li style='margin-bottom: 5px;'><strong>Tipo:<\/strong> Placa de pared vertical<\/li>\n<li style='margin-bottom: 5px;'><strong>Estilo:<\/strong> Plano<\/li>\n<li style='margin-bottom: 5px;'><strong>Color:<\/strong> Negro<\/li>\n<li style='margin-bottom: 5px;'><strong>Material:<\/strong> ABS<\/li>\n<li style='margin-bottom: 5px;'><strong>N\u00famero de espacios para m\u00f3dulo:<\/strong> 1<\/li>\n<li style='margin-bottom: 5px;'><strong>N\u00famero de puertos:<\/strong> 1<\/li>\n<li style='margin-bottom: 5px;'><strong>Montaje:<\/strong> Vertical<\/li>\n<li style='margin-bottom: 5px;'><strong>Tipo de m\u00f3dulo:<\/strong> Mini-Com<\/li>\n<li style='margin-bottom: 5px;'><strong>Dimensiones:<\/strong> 69.8 x 114.3 mm (2.75 x 4.5 pulg.)<\/li>\n<li style='margin-bottom: 5px;'><strong>Cumple con:<\/strong> RoHS<\/li>\n<\/ul><\/div>\n<p> <!-- Secci\u00f3n de caracter\u00edsticas --> <\/p>\n<div style='flex: 1 1 300px; min-width: 280px;'>\n<h3 style='font-size: 22px; border-bottom: 2px solid currentColor; padding-bottom: 5px; margin-top: 0; color: inherit; opacity: 0.8;'>Caracter\u00edsticas Principales<\/h3>\n<ul style='padding-left: 20px; font-size: 15px; color: inherit;'>\n<li style='margin-bottom: 5px;'>Disponibles en 1&comma; 2&comma; 3&comma; 4 y 6 puertos<\/li>\n<li style='margin-bottom: 5px;'>Aceptan m\u00f3dulos Mini Com para m\u00faltiples aplicaciones<\/li>\n<li style='margin-bottom: 5px;'>Dise\u00f1o al ras o inclinado para flexibilidad<\/li>\n<li style='margin-bottom: 5px;'>Material ABS&comma; dimensiones 69.8 x 114.3 mm<\/li>\n<li style='margin-bottom: 5px;'>Conformidad con normativa RoHS ambiental<\/li>\n<\/ul><\/div>\n<\/p><\/div>\n<p> <!-- Secci\u00f3n de aplicaciones --> <\/p>\n<div style='margin-bottom: 30px; font-size: 15px; color: inherit;'>\n<h3 style='font-size: 22px; border-bottom: 2px solid currentColor; padding-bottom: 5px; margin-top: 0; color: inherit; opacity: 0.8;'>Aplicaciones<\/h3>\n<p>Las placas frontales de la serie Classic se montan en cualquier caja de conexiones est\u00e1ndar de tama\u00f1o \u00fanico y tambi\u00e9n pueden montarse en un adaptador de pared o en soportes de montaje para canalizaciones. Cuando se utilizan con canalizaciones superficiales Panduit&comma; se garantiza la coincidencia de colores.<\/p>\n<\/p><\/div>\n<p> <!-- Secci\u00f3n de opciones de montaje --> <\/p>\n<div style='display: flex; flex-wrap: wrap; gap: 20px; margin-bottom: 30px;'>\n<div style='flex: 1 1 250px; border: 1px solid rgba(150&comma; 150&comma; 150&comma; 0.4); border-radius: 8px; overflow: hidden; display: flex; flex-direction: column;'>\n<div style='padding: 15px; border-bottom: 1px solid rgba(150&comma; 150&comma; 150&comma; 0.2); font-weight: bold; font-size: 18px; color: inherit;'>Opciones de Montaje<\/div>\n<div style='padding: 15px; color: inherit;'>\n<ul style='padding-left: 20px; margin: 0; font-size: 14px; list-style-type: disc; color: inherit;'>\n<li style='margin-bottom: 5px;'>Orificios para tornillos con pesta\u00f1as de retenci\u00f3n&comma; espaciados para aberturas de tama\u00f1o \u00fanico<\/li>\n<li style='margin-bottom: 5px;'>Compatibles con adaptador de pared Panduit<\/li>\n<\/ul><\/div>\n<\/p><\/div>\n<p> <!-- Secci\u00f3n de opciones de etiquetas --> <\/p>\n<div style='flex: 1 1 250px; border: 1px solid rgba(150&comma; 150&comma; 150&comma; 0.4); border-radius: 8px; overflow: hidden; display: flex; flex-direction: column;'>\n<div style='padding: 15px; border-bottom: 1px solid rgba(150&comma; 150&comma; 150&comma; 0.2); font-weight: bold; font-size: 18px; color: inherit;'>Opciones de Etiquetas<\/div>\n<div style='padding: 15px; color: inherit;'>\n<ul style='padding-left: 20px; margin: 0; font-size: 14px; list-style-type: disc; color: inherit;'>\n<li style='margin-bottom: 5px;'>Opci\u00f3n de etiquetado adhesivo o bolsillo de etiqueta dedicado para identificaci\u00f3n f\u00e1cil<\/li>\n<li style='margin-bottom: 5px;'>Opciones de etiquetas l\u00e1ser\/inyecci\u00f3n: C195X040Y1J<\/li>\n<li style='margin-bottom: 5px;'>Opciones de etiquetas Panther\u2122 LS8E: C195X040Y1C<\/li>\n<\/ul><\/div>\n<\/p><\/div>\n<p> <!-- Secci\u00f3n de empaque --> <\/p>\n<div style='flex: 1 1 250px; border: 1px solid rgba(150&comma; 150&comma; 150&comma; 0.4); border-radius: 8px; overflow: hidden; display: flex; flex-direction: column;'>\n<div style='padding: 15px; border-bottom: 1px solid rgba(150&comma; 150&comma; 150&comma; 0.2); font-weight: bold; font-size: 18px; color: inherit;'>Empaque<\/div>\n<div style='padding: 15px; color: inherit;'>\n<ul style='padding-left: 20px; margin: 0; font-size: 14px; list-style-type: disc; color: inherit;'>\n<li style='margin-bottom: 5px;'>Suministrado con dos tornillos de cabeza ranurada #6 &#8211; 32 de 1&#8242; de largo<\/li>\n<li style='margin-bottom: 5px;'>Estilos seleccionados incluyen etiquetas y cubiertas de etiquetas<\/li>\n<li style='margin-bottom: 5px;'>Placas sin etiquetas incluyen tornillos de montaje que coinciden con el color de la placa<\/li>\n<li style='margin-bottom: 5px;'>Embalaje: 1 unidad por bolsa&comma; 10 unidades por caja<\/li>\n<\/ul><\/div>\n<\/p><\/div>\n<\/p><\/div>\n<p> <!-- Separador --> <\/p>\n<hr style='border: 0; border-top: 1px solid rgba(150&comma; 150&comma; 150&comma; 0.3); margin: 30px 0;'> <!-- Secci\u00f3n de compatibilidad y opciones adicionales --> <\/p>\n<div style='display: flex; flex-wrap: wrap; gap: 20px; margin-bottom: 30px;'> <!-- Secci\u00f3n de compatibilidad --> <\/p>\n<div style='flex: 1 1 250px; border: 1px solid rgba(150&comma; 150&comma; 150&comma; 0.4); border-radius: 8px; overflow: hidden; display: flex; flex-direction: column;'>\n<div style='padding: 15px; border-bottom: 1px solid rgba(150&comma; 150&comma; 150&comma; 0.2); font-weight: bold; font-size: 18px; color: inherit;'>Compatibilidad<\/div>\n<div style='padding: 15px; color: inherit;'>\n<ul style='padding-left: 20px; margin: 0; font-size: 14px; list-style-type: disc; color: inherit;'>\n<li style='margin-bottom: 5px;'>Compatibles con adaptador de pared Panduit single gang: MWBA1<\/li>\n<li style='margin-bottom: 5px;'>Tornillos de montaje con colores que coinciden con la placa para una apariencia limpia y consistente<\/li>\n<\/ul><\/div>\n<\/p><\/div>\n<p> <!-- Secci\u00f3n de opciones de identificaci\u00f3n --> <\/p>\n<div style='flex: 1 1 250px; border: 1px solid rgba(150&comma; 150&comma; 150&comma; 0.4); border-radius: 8px; overflow: hidden; display: flex; flex-direction: column;'>\n<div style='padding: 15px; border-bottom: 1px solid rgba(150&comma; 150&comma; 150&comma; 0.2); font-weight: bold; font-size: 18px; color: inherit;'>Opciones de Identificaci\u00f3n<\/div>\n<div style='padding: 15px; color: inherit;'>\n<ul style='padding-left: 20px; margin: 0; font-size: 14px; list-style-type: disc; color: inherit;'>\n<li style='margin-bottom: 5px;'>Ranuras para iconos en modelos seleccionados para identificaci\u00f3n de datos y voz<\/li>\n<li style='margin-bottom: 5px;'>Iconos de voz: CIPIW\u2021-C<\/li>\n<li style='margin-bottom: 5px;'>Iconos de datos: CIDIW\u2021-C<\/li>\n<\/ul><\/div>\n<\/p><\/div>\n<p> <!-- Secci\u00f3n de accesorios --> <\/p>\n<div style='flex: 1 1 250px; border: 1px solid rgba(150&comma; 150&comma; 150&comma; 0.4); border-radius: 8px; overflow: hidden; display: flex; flex-direction: column;'>\n<div style='padding: 15px; border-bottom: 1px solid rgba(150&comma; 150&comma; 150&comma; 0.2); font-weight: bold; font-size: 18px; color: inherit;'>Accesorios<\/div>\n<div style='padding: 15px; color: inherit;'>\n<ul style='padding-left: 20px; margin: 0; font-size: 14px; list-style-type: disc; color: inherit;'>\n<li style='margin-bottom: 5px;'>Kit de etiquetas y cubiertas de repuesto: EFPK-XY<\/li>\n<li style='margin-bottom: 5px;'>Cubierta de tornillo: CSCIW-X*<\/li>\n<\/ul><\/div>\n<\/p><\/div>\n<\/p><\/div>\n<p> <!-- Secci\u00f3n de opciones de color --> <\/p>\n<div style='margin-bottom: 30px; font-size: 15px; color: inherit;'>\n<h3 style='font-size: 22px; border-bottom: 2px solid currentColor; padding-bottom: 5px; margin-top: 0; color: inherit; opacity: 0.8;'>Opciones de Color<\/h3>\n<p>Para otras opciones de color&comma; reemplace el sufijo IW (Blanco apagado) con: EI (Blanco el\u00e9ctrico)&comma; WH (Blanco)&comma; IG (Gris internacional)&comma; BL (Negro)&comma; OR (Naranja)&comma; RD (Rojo)&comma; BU (Azul)&comma; GR (Verde)&comma; YL (Amarillo)&comma; o VL (Violeta).<\/p>\n<\/p><\/div>\n<\/p><\/div>\n","protected":false},"excerpt":{"rendered":"<p>Placa de Pared Vertical Cl?sica, Salida Para 1 Puerto Mini-Com, Color Negro<\/p>\n","protected":false},"featured_media":13513,"comment_status":"open","ping_status":"closed","template":"","meta":[],"product_brand":[],"product_cat":[601],"product_tag":[586,602,445],"class_list":{"0":"post-13514","1":"product","2":"type-product","3":"status-publish","4":"has-post-thumbnail","6":"product_cat-faceplates","7":"product_tag-cableado-de-cobre","8":"product_tag-faceplates","9":"product_tag-panduit","11":"first","12":"instock","13":"sale","14":"shipping-taxable","15":"purchasable","16":"product-type-simple"},"_links":{"self":[{"href":"https:\/\/soydeaqui.ddns.net\/pachuca\/index.php\/wp-json\/wp\/v2\/product\/13514","targetHints":{"allow":["GET"]}}],"collection":[{"href":"https:\/\/soydeaqui.ddns.net\/pachuca\/index.php\/wp-json\/wp\/v2\/product"}],"about":[{"href":"https:\/\/soydeaqui.ddns.net\/pachuca\/index.php\/wp-json\/wp\/v2\/types\/product"}],"replies":[{"embeddable":true,"href":"https:\/\/soydeaqui.ddns.net\/pachuca\/index.php\/wp-json\/wp\/v2\/comments?post=13514"}],"wp:featuredmedia":[{"embeddable":true,"href":"https:\/\/soydeaqui.ddns.net\/pachuca\/index.php\/wp-json\/wp\/v2\/media\/13513"}],"wp:attachment":[{"href":"https:\/\/soydeaqui.ddns.net\/pachuca\/index.php\/wp-json\/wp\/v2\/media?parent=13514"}],"wp:term":[{"taxonomy":"product_brand","embeddable":true,"href":"https:\/\/soydeaqui.ddns.net\/pachuca\/index.php\/wp-json\/wp\/v2\/product_brand?post=13514"},{"taxonomy":"product_cat","embeddable":true,"href":"https:\/\/soydeaqui.ddns.net\/pachuca\/index.php\/wp-json\/wp\/v2\/product_cat?post=13514"},{"taxonomy":"product_tag","embeddable":true,"href":"https:\/\/soydeaqui.ddns.net\/pachuca\/index.php\/wp-json\/wp\/v2\/product_tag?post=13514"}],"curies":[{"name":"wp","href":"https:\/\/api.w.org\/{rel}","templated":true}]}}