{"id":13464,"date":"2026-03-18T08:19:50","date_gmt":"2026-03-18T08:19:50","guid":{"rendered":"https:\/\/soydeaqui.ddns.net\/pachuca\/index.php\/producto\/caja-de-montaje-en-superficie-con-accesorio-para-resguardo-de-fibra-ptica-para-6-mdulos-mini-com-color-blanco-mate\/"},"modified":"2026-03-18T08:19:54","modified_gmt":"2026-03-18T08:19:54","slug":"caja-de-montaje-en-superficie-con-accesorio-para-resguardo-de-fibra-ptica-para-6-mdulos-mini-com-color-blanco-mate","status":"publish","type":"product","link":"https:\/\/soydeaqui.ddns.net\/pachuca\/index.php\/producto\/caja-de-montaje-en-superficie-con-accesorio-para-resguardo-de-fibra-ptica-para-6-mdulos-mini-com-color-blanco-mate\/","title":{"rendered":"Caja de Montaje en Superficie, con Accesorio para Resguardo de Fibra ?ptica, para 6 M?dulos Mini-Com, Color Blanco Mate"},"content":{"rendered":"<div style='width: 100%; max-width: 1200px; margin: 0 auto; font-family: sans-serif; line-height: 1.6; color: inherit; background-color: transparent;'>\n<div style='display: flex; flex-wrap: wrap; gap: 30px; margin-bottom: 30px;'>\n<div style='flex: 1 1 300px; min-width: 280px;'>\n<h3 style='font-size: 22px; border-bottom: 2px solid currentColor; padding-bottom: 5px; margin-top: 0; color: inherit; opacity: 0.8;'>Caracter\u00edsticas<\/h3>\n<p style='font-size: 15px; color: inherit; margin-top: 0; margin-bottom: 20px;'> Las cajas de montaje en superficie de fibra\/multimedia est\u00e1n disponibles en opciones de 6 y 12 puertos e incluyen un accesorio incorporado con un dise\u00f1o \u00fanico que asegura el cable en su lugar y puede almacenar hasta 24 metros de cable de fibra \u00f3ptica con b\u00fafer. La caja incluye orificios ciegos laterales y traseros para la entrada de cables. La tapa incluir\u00e1 un espacio para etiquetas con etiqueta y tapa para identificaci\u00f3n que oculta el tornillo que fija la tapa a la base. Las cajas se instalan f\u00e1cilmente con el adhesivo o los tornillos de montaje suministrados. La caja de 6 puertos incluyen ranuras para iconos sobre los puertos. <\/p>\n<\/p><\/div>\n<\/p><\/div>\n<div style='display: flex; flex-wrap: wrap; gap: 20px; margin-bottom: 30px;'>\n<div style='flex: 1 1 250px; border: 1px solid rgba(150&comma; 150&comma; 150&comma; 0.4); border-radius: 8px; overflow: hidden; display: flex; flex-direction: column;'>\n<div style='padding: 15px; border-bottom: 1px solid rgba(150&comma; 150&comma; 150&comma; 0.2); font-weight: bold; font-size: 18px; color: inherit;'>Especificaciones<\/div>\n<div style='padding: 15px; color: inherit;'>\n<ul style='padding-left: 20px; margin: 0; font-size: 14px; list-style-type: disc;'>\n<li style='margin-bottom: 5px;'><strong>Tipo:<\/strong> Caja de montaje en superficie para fibra \u00f3ptica<\/li>\n<li style='margin-bottom: 5px;'><strong>Color:<\/strong> Blanco Mate<\/li>\n<li style='margin-bottom: 5px;'><strong>No. de espacios para m\u00f3dulo:<\/strong> 6<\/li>\n<li style='margin-bottom: 5px;'><strong>No. de puertos:<\/strong> 6<\/li>\n<li style='margin-bottom: 5px;'><strong>Tipo de m\u00f3dulo:<\/strong> Mini-Com<\/li>\n<li style='margin-bottom: 5px;'><strong>Dimensiones:<\/strong> 119.4 x 169.2 x 25 mm (Ancho x Alto x Profundidad)<\/li>\n<li style='margin-bottom: 5px;'><strong>Material:<\/strong> ABS<\/li>\n<li style='margin-bottom: 5px;'><strong>Cumple con:<\/strong> RoHS<\/li>\n<\/ul><\/div>\n<\/p><\/div>\n<\/p><\/div>\n<hr style='border: 0; border-top: 1px solid rgba(150&comma; 150&comma; 150&comma; 0.3); margin: 30px 0;'> <\/div>\n","protected":false},"excerpt":{"rendered":"<p>Caja de Montaje en Superficie, con Accesorio para Resguardo de Fibra ?ptica, para 6 M?dulos Mini-Com, Color Blanco Mate<\/p>\n","protected":false},"featured_media":13463,"comment_status":"open","ping_status":"closed","template":"","meta":[],"product_brand":[],"product_cat":[585],"product_tag":[586,587,445],"class_list":{"0":"post-13464","1":"product","2":"type-product","3":"status-publish","4":"has-post-thumbnail","6":"product_cat-cajas-superficiales","7":"product_tag-cableado-de-cobre","8":"product_tag-cajas-superficiales","9":"product_tag-panduit","11":"first","12":"instock","13":"sale","14":"shipping-taxable","15":"purchasable","16":"product-type-simple"},"_links":{"self":[{"href":"https:\/\/soydeaqui.ddns.net\/pachuca\/index.php\/wp-json\/wp\/v2\/product\/13464","targetHints":{"allow":["GET"]}}],"collection":[{"href":"https:\/\/soydeaqui.ddns.net\/pachuca\/index.php\/wp-json\/wp\/v2\/product"}],"about":[{"href":"https:\/\/soydeaqui.ddns.net\/pachuca\/index.php\/wp-json\/wp\/v2\/types\/product"}],"replies":[{"embeddable":true,"href":"https:\/\/soydeaqui.ddns.net\/pachuca\/index.php\/wp-json\/wp\/v2\/comments?post=13464"}],"wp:featuredmedia":[{"embeddable":true,"href":"https:\/\/soydeaqui.ddns.net\/pachuca\/index.php\/wp-json\/wp\/v2\/media\/13463"}],"wp:attachment":[{"href":"https:\/\/soydeaqui.ddns.net\/pachuca\/index.php\/wp-json\/wp\/v2\/media?parent=13464"}],"wp:term":[{"taxonomy":"product_brand","embeddable":true,"href":"https:\/\/soydeaqui.ddns.net\/pachuca\/index.php\/wp-json\/wp\/v2\/product_brand?post=13464"},{"taxonomy":"product_cat","embeddable":true,"href":"https:\/\/soydeaqui.ddns.net\/pachuca\/index.php\/wp-json\/wp\/v2\/product_cat?post=13464"},{"taxonomy":"product_tag","embeddable":true,"href":"https:\/\/soydeaqui.ddns.net\/pachuca\/index.php\/wp-json\/wp\/v2\/product_tag?post=13464"}],"curies":[{"name":"wp","href":"https:\/\/api.w.org\/{rel}","templated":true}]}}