{"id":13460,"date":"2026-03-18T08:19:47","date_gmt":"2026-03-18T08:19:47","guid":{"rendered":"https:\/\/soydeaqui.ddns.net\/pachuca\/index.php\/producto\/placa-de-pared-vertical-clsica-salida-para-1-puerto-mini-com-color-blanco\/"},"modified":"2026-03-18T08:19:47","modified_gmt":"2026-03-18T08:19:47","slug":"placa-de-pared-vertical-clsica-salida-para-1-puerto-mini-com-color-blanco","status":"publish","type":"product","link":"https:\/\/soydeaqui.ddns.net\/pachuca\/index.php\/producto\/placa-de-pared-vertical-clsica-salida-para-1-puerto-mini-com-color-blanco\/","title":{"rendered":"Placa de Pared Vertical Cl?sica, Salida Para 1 Puerto Mini-Com, Color Blanco"},"content":{"rendered":"<div style='width: 100%; max-width: 1200px; margin: 0 auto; font-family: sans-serif; line-height: 1.6; color: inherit; background-color: transparent;'> <!-- Secci\u00f3n de descripci\u00f3n --> <\/p>\n<div style='margin-bottom: 30px; font-size: 15px;'>\n<p style='margin-bottom: 20px; color: inherit;'>Las placas frontales de la serie Classic est\u00e1n disponibles en 1&comma; 2&comma; 3&comma; 4 y 6 puertos para instalaci\u00f3n vertical&comma; y 2 y 4 puertos para instalaci\u00f3n horizontal. Las placas frontales de la serie Classic aceptan todos los m\u00f3dulos Mini Com\u00ae para aplicaciones UTP&comma; STP&comma; fibra \u00f3ptica y audio\/video. Las placas frontales est\u00e1n disponibles en un dise\u00f1o al ras o inclinado&comma; y disponibles con o sin etiquetas. El dise\u00f1o inclinado aumentar\u00e1 la profundidad de la pared para mejorar el control del radio de curvatura.<\/p>\n<\/p><\/div>\n<p> <!-- Secci\u00f3n de especificaciones principales --> <\/p>\n<div style='display: flex; flex-wrap: wrap; gap: 30px; margin-bottom: 30px;'>\n<div style='flex: 1 1 300px; min-width: 280px;'>\n<h3 style='font-size: 22px; border-bottom: 2px solid currentColor; padding-bottom: 5px; margin-top: 0; color: inherit; opacity: 0.8;'>Especificaciones Principales<\/h3>\n<ul style='padding-left: 20px; font-size: 15px; color: inherit;'>\n<li style='margin-bottom: 5px;'><strong>Tipo:<\/strong> Placa de pared vertical<\/li>\n<li style='margin-bottom: 5px;'><strong>Estilo:<\/strong> Plano<\/li>\n<li style='margin-bottom: 5px;'><strong>Color:<\/strong> Blanco<\/li>\n<li style='margin-bottom: 5px;'><strong>Material:<\/strong> ABS<\/li>\n<li style='margin-bottom: 5px;'><strong>No. de espacios para m\u00f3dulo:<\/strong> 1<\/li>\n<li style='margin-bottom: 5px;'><strong>No. de puertos:<\/strong> 1<\/li>\n<li style='margin-bottom: 5px;'><strong>Montaje:<\/strong> Vertical<\/li>\n<li style='margin-bottom: 5px;'><strong>Tipo de m\u00f3dulo:<\/strong> Mini-Com<\/li>\n<li style='margin-bottom: 5px;'><strong>Dimensiones:<\/strong> 69.8 x 114.3 mm (2.75 x 4.5 pulg.)<\/li>\n<li style='margin-bottom: 5px;'><strong>Cumple con:<\/strong> RoHS<\/li>\n<\/ul><\/div>\n<p> <!-- Secci\u00f3n de caracter\u00edsticas t\u00e9cnicas --> <\/p>\n<div style='flex: 1 1 300px; min-width: 280px;'>\n<h3 style='font-size: 22px; border-bottom: 2px solid currentColor; padding-bottom: 5px; margin-top: 0; color: inherit; opacity: 0.8;'>Caracter\u00edsticas T\u00e9cnicas<\/h3>\n<ul style='padding-left: 20px; font-size: 15px; color: inherit;'>\n<li style='margin-bottom: 5px;'><strong>Material:<\/strong> ABS<\/li>\n<li style='margin-bottom: 5px;'><strong>Montaje:<\/strong> Agujeros para tornillos con pesta\u00f1as de retenci\u00f3n&comma; espaciados para aberturas de un solo gang<\/li>\n<li style='margin-bottom: 5px;'><strong>Compatibilidad:<\/strong> Compatibles con adaptador de pared Panduit<\/li>\n<li style='margin-bottom: 5px;'><strong>Embalaje:<\/strong> Suministrado con dos tornillos de cabeza ranurada #6 \u2013 32 de 1&#8242; de largo<\/li>\n<li style='margin-bottom: 5px;'><strong>Embalaje adicional:<\/strong> Las placas sin etiquetas incluyen tornillos de montaje que coinciden con el color de la placa<\/li>\n<li style='margin-bottom: 5px;'><strong>Empaque:<\/strong> Las placas se empaquetan una por bolsa&comma; diez por caja<\/li>\n<\/ul><\/div>\n<\/p><\/div>\n<p> <!-- Secci\u00f3n de opciones de identificaci\u00f3n --> <\/p>\n<div style='display: flex; flex-wrap: wrap; gap: 30px; margin-bottom: 30px;'>\n<div style='flex: 1 1 300px; min-width: 280px;'>\n<h3 style='font-size: 22px; border-bottom: 2px solid currentColor; padding-bottom: 5px; margin-top: 0; color: inherit; opacity: 0.8;'>Opciones de Identificaci\u00f3n<\/h3>\n<ul style='padding-left: 20px; font-size: 15px; color: inherit;'>\n<li style='margin-bottom: 5px;'><strong>Opci\u00f3n 1:<\/strong> Etiquetado adhesivo<\/li>\n<li style='margin-bottom: 5px;'><strong>Opci\u00f3n 2:<\/strong> Bolsillo de etiqueta dedicado<\/li>\n<li style='margin-bottom: 5px;'><strong>Opci\u00f3n 3:<\/strong> Ranuras de iconos para identificaci\u00f3n de datos y voz<\/li>\n<\/ul><\/div>\n<p> <!-- Secci\u00f3n de opciones de color --> <\/p>\n<div style='flex: 1 1 300px; min-width: 280px;'>\n<h3 style='font-size: 22px; border-bottom: 2px solid currentColor; padding-bottom: 5px; margin-top: 0; color: inherit; opacity: 0.8;'>Opciones de Color<\/h3>\n<ul style='padding-left: 20px; font-size: 15px; color: inherit;'>\n<li style='margin-bottom: 5px;'><strong>CFP1WH:<\/strong> Blanco<\/li>\n<li style='margin-bottom: 5px;'><strong>CFP1EI:<\/strong> Ivory El\u00e9ctrico (Electric Ivory)<\/li>\n<li style='margin-bottom: 5px;'><strong>CFP1IG:<\/strong> Gris Internacional (International Gray)<\/li>\n<li style='margin-bottom: 5px;'><strong>CFP1BL:<\/strong> Negro (Black)<\/li>\n<li style='margin-bottom: 5px;'><strong>CFP1OR:<\/strong> Naranja (Orange)<\/li>\n<li style='margin-bottom: 5px;'><strong>CFP1RD:<\/strong> Rojo (Red)<\/li>\n<li style='margin-bottom: 5px;'><strong>CFP1BU:<\/strong> Azul (Blue)<\/li>\n<li style='margin-bottom: 5px;'><strong>CFP1GR:<\/strong> Verde (Green)<\/li>\n<li style='margin-bottom: 5px;'><strong>CFP1YL:<\/strong> Amarillo (Yellow)<\/li>\n<li style='margin-bottom: 5px;'><strong>CFP1VL:<\/strong> Violeta (Violet)<\/li>\n<\/ul><\/div>\n<\/p><\/div>\n<p> <!-- Secci\u00f3n de aplicaciones --> <\/p>\n<div style='margin-bottom: 30px; font-size: 15px;'>\n<h3 style='font-size: 22px; border-bottom: 2px solid currentColor; padding-bottom: 5px; margin-top: 0; color: inherit; opacity: 0.8;'>Aplicaciones<\/h3>\n<p style='margin-bottom: 15px; color: inherit;'>Las placas frontales de la serie Classic se montan en cualquier caja de conexiones est\u00e1ndar de tama\u00f1o \u00fanico gang y tambi\u00e9n pueden montarse en un adaptador de pared o en soportes para canalizaciones. Cuando se utilizan placas frontales de la serie Classic con canalizaciones superficiales Panduit&comma; se garantiza la coincidencia de colores.<\/p>\n<p style='color: inherit;'>Las placas frontales inclinadas dedicadas proporcionan espacio adicional para el control del radio de curvatura&comma; lo que ayuda a cumplir con los est\u00e1ndares. Las placas frontales con etiqueta y cubierta de etiqueta ofrecen una forma r\u00e1pida y f\u00e1cil de identificar la conexi\u00f3n.<\/p>\n<\/p><\/div>\n<p> <!-- Separador --> <\/p>\n<hr style='border: 0; border-top: 1px solid rgba(150&comma; 150&comma; 150&comma; 0.3); margin: 30px 0;'> <!-- Secci\u00f3n de beneficios principales --> <\/p>\n<div style='display: flex; flex-wrap: wrap; gap: 20px; margin-bottom: 30px;'>\n<div style='flex: 1 1 250px; border: 1px solid rgba(150&comma; 150&comma; 150&comma; 0.4); border-radius: 8px; overflow: hidden; display: flex; flex-direction: column;'>\n<div style='padding: 15px; border-bottom: 1px solid rgba(150&comma; 150&comma; 150&comma; 0.2); font-weight: bold; font-size: 18px; color: inherit;'>M\u00f3dulos Interchangeables<\/div>\n<div style='padding: 15px; color: inherit;'>\n<ul style='padding-left: 20px; margin: 0; font-size: 14px; list-style-type: disc;'>\n<li style='margin-bottom: 5px;'>Acepta todos los m\u00f3dulos Mini-Com\u00ae<\/li>\n<li style='margin-bottom: 5px;'>F\u00e1ciles de instalar y reemplazar<\/li>\n<li style='margin-bottom: 5px;'>Permite cambios y actualizaciones r\u00e1pidas<\/li>\n<\/ul><\/div>\n<\/p><\/div>\n<div style='flex: 1 1 250px; border: 1px solid rgba(150&comma; 150&comma; 150&comma; 0.4); border-radius: 8px; overflow: hidden; display: flex; flex-direction: column;'>\n<div style='padding: 15px; border-bottom: 1px solid rgba(150&comma; 150&comma; 150&comma; 0.2); font-weight: bold; font-size: 18px; color: inherit;'>Dise\u00f1o Modular<\/div>\n<div style='padding: 15px; color: inherit;'>\n<ul style='padding-left: 20px; margin: 0; font-size: 14px; list-style-type: disc;'>\n<li style='margin-bottom: 5px;'>Dise\u00f1o al ras o inclinado<\/li>\n<li style='margin-bottom: 5px;'>Disponible con o sin etiquetas<\/li>\n<li style='margin-bottom: 5px;'>Incluye ranuras de iconos para identificaci\u00f3n<\/li>\n<\/ul><\/div>\n<\/p><\/div>\n<div style='flex: 1 1 250px; border: 1px solid rgba(150&comma; 150&comma; 150&comma; 0.4); border-radius: 8px; overflow: hidden; display: flex; flex-direction: column;'>\n<div style='padding: 15px; border-bottom: 1px solid rgba(150&comma; 150&comma; 150&comma; 0.2); font-weight: bold; font-size: 18px; color: inherit;'>Compatibilidad<\/div>\n<div style='padding: 15px; color: inherit;'>\n<ul style='padding-left: 20px; margin: 0; font-size: 14px; list-style-type: disc;'>\n<li style='margin-bottom: 5px;'>Montaje en cajas est\u00e1ndar de un solo gang<\/li>\n<li style='margin-bottom: 5px;'>Compatibles con adaptadores de pared Panduit<\/li>\n<li style='margin-bottom: 5px;'>Colores coordinados con canalizaciones Panduit<\/li>\n<\/ul><\/div>\n<\/p><\/div>\n<\/p><\/div>\n<p> <!-- Secci\u00f3n de dimensiones --> <\/p>\n<div style='margin-bottom: 30px; font-size: 15px;'>\n<h3 style='font-size: 22px; border-bottom: 2px solid currentColor; padding-bottom: 5px; margin-top: 0; color: inherit; opacity: 0.8;'>Dimensiones<\/h3>\n<p style='margin-bottom: 15px; color: inherit;'>Las dimensiones de la placa de pared vertical CFP1WH son:<\/p>\n<ul style='padding-left: 20px; margin-bottom: 15px; font-size: 14px; color: inherit;'>\n<li style='margin-bottom: 5px;'><strong>Ancho:<\/strong> 69.8 mm (2.75 pulgadas)<\/li>\n<li style='margin-bottom: 5px;'><strong>Alto:<\/strong> 114.3 mm (4.50 pulgadas)<\/li>\n<li style='margin-bottom: 5px;'><strong>Espesor:<\/strong> 7.0 mm (0.28 pulgadas)<\/li>\n<\/ul>\n<p style='color: inherit;'>Las dimensiones se proporcionan en pulgadas con valores m\u00e9tricos entre corchetes.<\/p>\n<\/p><\/div>\n<p> <!-- Secci\u00f3n de opciones de montaje --> <\/p>\n<div style='margin-bottom: 30px; font-size: 15px;'>\n<h3 style='font-size: 22px; border-bottom: 2px solid currentColor; padding-bottom: 5px; margin-top: 0; color: inherit; opacity: 0.8;'>Opciones de Montaje<\/h3>\n<ul style='padding-left: 20px; margin: 0; font-size: 14px; color: inherit;'>\n<li style='margin-bottom: 5px;'><strong>Montaje vertical:<\/strong> Dise\u00f1o est\u00e1ndar para instalaci\u00f3n en cajas de conexiones<\/li>\n<li style='margin-bottom: 5px;'><strong>Montaje en pared:<\/strong> Compatibilidad con adaptadores de pared Panduit (MWBA1)<\/li>\n<li style='margin-bottom: 5px;'><strong>Montaje en canalizaciones:<\/strong> Compatibilidad con soportes para canalizaciones superficiales<\/li>\n<\/ul><\/div>\n<p> <!-- Separador --> <\/p>\n<hr style='border: 0; border-top: 1px solid rgba(150&comma; 150&comma; 150&comma; 0.3); margin: 30px 0;'> <!-- Secci\u00f3n de informaci\u00f3n de contacto --> <\/p>\n<div style='margin-bottom: 30px; font-size: 14px; color: inherit;'>\n<h3 style='font-size: 22px; border-bottom: 2px solid currentColor; padding-bottom: 5px; margin-top: 0; color: inherit; opacity: 0.8;'>Informaci\u00f3n de Contacto<\/h3>\n<p style='margin-bottom: 15px; color: inherit;'>Para obtener una copia de las garant\u00edas de productos Panduit&comma; visite <a href='https:\/\/www.panduit.com\/warranty' style='color: inherit; text-decoration: underline;'>www.panduit.com\/warranty<\/a><\/p>\n<p style='margin-bottom: 15px; color: inherit;'>Para m\u00e1s informaci\u00f3n visite <a href='https:\/\/www.panduit.com' style='color: inherit; text-decoration: underline;'>www.panduit.com<\/a><\/p>\n<p style='color: inherit;'>Contacte al servicio al cliente por correo electr\u00f3nico: <a href='mailto:cs@panduit.com' style='color: inherit; text-decoration: underline;'>cs@panduit.com<\/a> o por tel\u00e9fono: 800.777.3300 y solicite OTSP20<\/p>\n<\/p><\/div>\n<\/p><\/div>\n","protected":false},"excerpt":{"rendered":"<p>Placa de Pared Vertical Cl?sica, Salida Para 1 Puerto Mini-Com, Color Blanco<\/p>\n","protected":false},"featured_media":13459,"comment_status":"open","ping_status":"closed","template":"","meta":[],"product_brand":[],"product_cat":[601],"product_tag":[586,602,445],"class_list":{"0":"post-13460","1":"product","2":"type-product","3":"status-publish","4":"has-post-thumbnail","6":"product_cat-faceplates","7":"product_tag-cableado-de-cobre","8":"product_tag-faceplates","9":"product_tag-panduit","11":"first","12":"instock","13":"sale","14":"shipping-taxable","15":"purchasable","16":"product-type-simple"},"_links":{"self":[{"href":"https:\/\/soydeaqui.ddns.net\/pachuca\/index.php\/wp-json\/wp\/v2\/product\/13460","targetHints":{"allow":["GET"]}}],"collection":[{"href":"https:\/\/soydeaqui.ddns.net\/pachuca\/index.php\/wp-json\/wp\/v2\/product"}],"about":[{"href":"https:\/\/soydeaqui.ddns.net\/pachuca\/index.php\/wp-json\/wp\/v2\/types\/product"}],"replies":[{"embeddable":true,"href":"https:\/\/soydeaqui.ddns.net\/pachuca\/index.php\/wp-json\/wp\/v2\/comments?post=13460"}],"wp:featuredmedia":[{"embeddable":true,"href":"https:\/\/soydeaqui.ddns.net\/pachuca\/index.php\/wp-json\/wp\/v2\/media\/13459"}],"wp:attachment":[{"href":"https:\/\/soydeaqui.ddns.net\/pachuca\/index.php\/wp-json\/wp\/v2\/media?parent=13460"}],"wp:term":[{"taxonomy":"product_brand","embeddable":true,"href":"https:\/\/soydeaqui.ddns.net\/pachuca\/index.php\/wp-json\/wp\/v2\/product_brand?post=13460"},{"taxonomy":"product_cat","embeddable":true,"href":"https:\/\/soydeaqui.ddns.net\/pachuca\/index.php\/wp-json\/wp\/v2\/product_cat?post=13460"},{"taxonomy":"product_tag","embeddable":true,"href":"https:\/\/soydeaqui.ddns.net\/pachuca\/index.php\/wp-json\/wp\/v2\/product_tag?post=13460"}],"curies":[{"name":"wp","href":"https:\/\/api.w.org\/{rel}","templated":true}]}}