{"id":13363,"date":"2026-03-18T08:18:07","date_gmt":"2026-03-18T08:18:07","guid":{"rendered":"https:\/\/soydeaqui.ddns.net\/pachuca\/index.php\/producto\/placa-de-pared-vertical-clsica-salida-para-4-puertos-mini-com-color-blanco-mate\/"},"modified":"2026-03-18T08:18:07","modified_gmt":"2026-03-18T08:18:07","slug":"placa-de-pared-vertical-clsica-salida-para-4-puertos-mini-com-color-blanco-mate","status":"publish","type":"product","link":"https:\/\/soydeaqui.ddns.net\/pachuca\/index.php\/producto\/placa-de-pared-vertical-clsica-salida-para-4-puertos-mini-com-color-blanco-mate\/","title":{"rendered":"Placa de Pared Vertical Cl?sica, Salida Para 4 Puertos Mini-Com, Color Blanco Mate"},"content":{"rendered":"<div style='width: 100%; max-width: 1200px; margin: 0 auto; font-family: sans-serif; line-height: 1.6; color: inherit; background-color: transparent;'> <!-- Secci\u00f3n de descripci\u00f3n general --> <\/p>\n<div style='margin-bottom: 30px;'>\n<h2 style='font-size: 24px; border-bottom: 2px solid currentColor; padding-bottom: 8px; margin-top: 0; color: inherit; opacity: 0.9;'>Placa de Pared Vertical Cl\u00e1sica<\/h2>\n<p style='font-size: 15px; margin-bottom: 20px; color: inherit;'>Las placas frontales de la serie Classic est\u00e1n disponibles en 1&comma; 2&comma; 3&comma; 4 y 6 puertos para instalaci\u00f3n vertical&comma; y 2 y 4 puertos para instalaci\u00f3n horizontal. Las placas frontales de la serie Classic aceptan todos los m\u00f3dulos Mini Com\u00ae para aplicaciones UTP&comma; STP&comma; fibra \u00f3ptica y audio\/video. Las placas frontales est\u00e1n disponibles en un dise\u00f1o al ras o inclinado&comma; y disponibles con o sin etiquetas. El dise\u00f1o inclinado aumentar\u00e1 la profundidad de la pared para mejorar el control del radio de curvatura.<\/p>\n<\/p><\/div>\n<p> <!-- Secci\u00f3n de caracter\u00edsticas principales --> <\/p>\n<div style='display: flex; flex-wrap: wrap; gap: 30px; margin-bottom: 30px;'>\n<div style='flex: 1 1 300px; min-width: 280px;'>\n<h3 style='font-size: 22px; border-bottom: 2px solid currentColor; padding-bottom: 5px; margin-top: 0; color: inherit; opacity: 0.8;'>Caracter\u00edsticas Principales<\/h3>\n<ul style='padding-left: 20px; font-size: 15px; color: inherit; list-style-type: disc;'>\n<li style='margin-bottom: 5px;'>Dise\u00f1o vertical para instalaci\u00f3n en pared<\/li>\n<li style='margin-bottom: 5px;'>Acepta todos los m\u00f3dulos Mini-Com\u00ae<\/li>\n<li style='margin-bottom: 5px;'>Dise\u00f1o al ras para instalaci\u00f3n limpia<\/li>\n<li style='margin-bottom: 5px;'>Material de ABS duradero<\/li>\n<li style='margin-bottom: 5px;'>Cumple con est\u00e1ndares RoHS<\/li>\n<li style='margin-bottom: 5px;'>Color blanco mate (IW)<\/li>\n<\/ul><\/div>\n<p> <!-- Secci\u00f3n de especificaciones t\u00e9cnicas --> <\/p>\n<div style='flex: 1 1 300px; min-width: 280px;'>\n<h3 style='font-size: 22px; border-bottom: 2px solid currentColor; padding-bottom: 5px; margin-top: 0; color: inherit; opacity: 0.8;'>Especificaciones T\u00e9cnicas<\/h3>\n<ul style='padding-left: 20px; font-size: 15px; color: inherit; list-style-type: disc;'>\n<li style='margin-bottom: 5px;'><strong>Tipo:<\/strong> Placa de pared vertical<\/li>\n<li style='margin-bottom: 5px;'><strong>Estilo:<\/strong> Plano (al ras)<\/li>\n<li style='margin-bottom: 5px;'><strong>Color:<\/strong> Blanco Mate (IW)<\/li>\n<li style='margin-bottom: 5px;'><strong>Material:<\/strong> ABS<\/li>\n<li style='margin-bottom: 5px;'><strong>No. de espacios para m\u00f3dulo:<\/strong> 4<\/li>\n<li style='margin-bottom: 5px;'><strong>No. de puertos:<\/strong> 4<\/li>\n<li style='margin-bottom: 5px;'><strong>Montaje:<\/strong> Vertical<\/li>\n<li style='margin-bottom: 5px;'><strong>Tipo de m\u00f3dulo:<\/strong> Mini-Com<\/li>\n<li style='margin-bottom: 5px;'><strong>Dimensiones:<\/strong> 69.8 x 114.3 mm (2.75 x 4.5 pulg.)<\/li>\n<li style='margin-bottom: 5px;'><strong>Cumple con:<\/strong> RoHS<\/li>\n<\/ul><\/div>\n<\/p><\/div>\n<p> <!-- Secci\u00f3n de opciones de montaje --> <\/p>\n<div style='margin-bottom: 30px;'>\n<h3 style='font-size: 22px; border-bottom: 2px solid currentColor; padding-bottom: 5px; margin-top: 0; color: inherit; opacity: 0.8;'>Opciones de Montaje<\/h3>\n<ul style='padding-left: 20px; font-size: 15px; color: inherit; list-style-type: disc;'>\n<li style='margin-bottom: 5px;'>Orificios para tornillos con pesta\u00f1as de retenci\u00f3n<\/li>\n<li style='margin-bottom: 5px;'>Espaciado para aberturas de tama\u00f1o est\u00e1ndar<\/li>\n<li style='margin-bottom: 5px;'>Compatibles con adaptador de pared Panduit<\/li>\n<\/ul><\/div>\n<p> <!-- Secci\u00f3n de aplicaciones --> <\/p>\n<div style='margin-bottom: 30px;'>\n<h3 style='font-size: 22px; border-bottom: 2px solid currentColor; padding-bottom: 5px; margin-top: 0; color: inherit; opacity: 0.8;'>Aplicaciones<\/h3>\n<ul style='padding-left: 20px; font-size: 15px; color: inherit; list-style-type: disc;'>\n<li style='margin-bottom: 5px;'>Montaje en cajas de conexi\u00f3n est\u00e1ndar de tama\u00f1o \u00fanico<\/li>\n<li style='margin-bottom: 5px;'>Montaje en adaptadores de pared o brackets de montaje<\/li>\n<li style='margin-bottom: 5px;'>Compatibilidad garantizada con sistema de canalizaci\u00f3n Panduit<\/li>\n<\/ul><\/div>\n<p> <!-- Secci\u00f3n de beneficios clave --> <\/p>\n<div style='display: flex; flex-wrap: wrap; gap: 30px; margin-bottom: 30px;'>\n<div style='flex: 1 1 300px; min-width: 280px;'>\n<h3 style='font-size: 22px; border-bottom: 2px solid currentColor; padding-bottom: 5px; margin-top: 0; color: inherit; opacity: 0.8;'>Beneficios Clave<\/h3>\n<ul style='padding-left: 20px; font-size: 15px; color: inherit; list-style-type: disc;'>\n<li style='margin-bottom: 5px;'>Dise\u00f1o modular para f\u00e1cil instalaci\u00f3n y mantenimiento<\/li>\n<li style='margin-bottom: 5px;'>Compatibilidad con m\u00faltiples tipos de m\u00f3dulos<\/li>\n<li style='margin-bottom: 5px;'>Opciones de identificaci\u00f3n con etiquetas<\/li>\n<li style='margin-bottom: 5px;'>Dise\u00f1o inclinado para mejor control del radio de curvatura<\/li>\n<\/ul><\/div>\n<p> <!-- Secci\u00f3n de opciones de identificaci\u00f3n --> <\/p>\n<div style='flex: 1 1 300px; min-width: 280px;'>\n<h3 style='font-size: 22px; border-bottom: 2px solid currentColor; padding-bottom: 5px; margin-top: 0; color: inherit; opacity: 0.8;'>Opciones de Identificaci\u00f3n<\/h3>\n<ul style='padding-left: 20px; font-size: 15px; color: inherit; list-style-type: disc;'>\n<li style='margin-bottom: 5px;'>Opci\u00f3n de etiquetas adhesivas<\/li>\n<li style='margin-bottom: 5px;'>Bolsillo para etiquetas dedicado<\/li>\n<li style='margin-bottom: 5px;'>Compatibilidad con impresi\u00f3n l\u00e1ser o de inyecci\u00f3n<\/li>\n<li style='margin-bottom: 5px;'>Disponible con o sin etiquetas<\/li>\n<\/ul><\/div>\n<\/p><\/div>\n<p> <!-- Separador --> <\/p>\n<hr style='border: 0; border-top: 1px solid rgba(150&comma; 150&comma; 150&comma; 0.3); margin: 30px 0;'> <\/div>\n","protected":false},"excerpt":{"rendered":"<p>Placa de Pared Vertical Cl?sica, Salida Para 4 Puertos Mini-Com, Color Blanco Mate<\/p>\n","protected":false},"featured_media":13362,"comment_status":"open","ping_status":"closed","template":"","meta":[],"product_brand":[],"product_cat":[601],"product_tag":[586,602,445],"class_list":{"0":"post-13363","1":"product","2":"type-product","3":"status-publish","4":"has-post-thumbnail","6":"product_cat-faceplates","7":"product_tag-cableado-de-cobre","8":"product_tag-faceplates","9":"product_tag-panduit","11":"first","12":"instock","13":"sale","14":"shipping-taxable","15":"purchasable","16":"product-type-simple"},"_links":{"self":[{"href":"https:\/\/soydeaqui.ddns.net\/pachuca\/index.php\/wp-json\/wp\/v2\/product\/13363","targetHints":{"allow":["GET"]}}],"collection":[{"href":"https:\/\/soydeaqui.ddns.net\/pachuca\/index.php\/wp-json\/wp\/v2\/product"}],"about":[{"href":"https:\/\/soydeaqui.ddns.net\/pachuca\/index.php\/wp-json\/wp\/v2\/types\/product"}],"replies":[{"embeddable":true,"href":"https:\/\/soydeaqui.ddns.net\/pachuca\/index.php\/wp-json\/wp\/v2\/comments?post=13363"}],"wp:featuredmedia":[{"embeddable":true,"href":"https:\/\/soydeaqui.ddns.net\/pachuca\/index.php\/wp-json\/wp\/v2\/media\/13362"}],"wp:attachment":[{"href":"https:\/\/soydeaqui.ddns.net\/pachuca\/index.php\/wp-json\/wp\/v2\/media?parent=13363"}],"wp:term":[{"taxonomy":"product_brand","embeddable":true,"href":"https:\/\/soydeaqui.ddns.net\/pachuca\/index.php\/wp-json\/wp\/v2\/product_brand?post=13363"},{"taxonomy":"product_cat","embeddable":true,"href":"https:\/\/soydeaqui.ddns.net\/pachuca\/index.php\/wp-json\/wp\/v2\/product_cat?post=13363"},{"taxonomy":"product_tag","embeddable":true,"href":"https:\/\/soydeaqui.ddns.net\/pachuca\/index.php\/wp-json\/wp\/v2\/product_tag?post=13363"}],"curies":[{"name":"wp","href":"https:\/\/api.w.org\/{rel}","templated":true}]}}