{"id":13361,"date":"2026-03-18T08:18:05","date_gmt":"2026-03-18T08:18:05","guid":{"rendered":"https:\/\/soydeaqui.ddns.net\/pachuca\/index.php\/producto\/placa-de-pared-vertical-clsica-salida-para-2-puertos-mini-com-color-blanco\/"},"modified":"2026-03-18T08:18:06","modified_gmt":"2026-03-18T08:18:06","slug":"placa-de-pared-vertical-clsica-salida-para-2-puertos-mini-com-color-blanco","status":"publish","type":"product","link":"https:\/\/soydeaqui.ddns.net\/pachuca\/index.php\/producto\/placa-de-pared-vertical-clsica-salida-para-2-puertos-mini-com-color-blanco\/","title":{"rendered":"Placa de Pared Vertical Cl?sica, Salida Para 2 Puertos Mini-Com, Color Blanco"},"content":{"rendered":"<div style='width: 100%; max-width: 1200px; margin: 0 auto; font-family: sans-serif; line-height: 1.6; color: inherit; background-color: transparent;'> <!-- Secci\u00f3n de descripci\u00f3n --> <\/p>\n<div style='margin-bottom: 30px; font-size: 15px;'>\n<p style='margin-bottom: 15px; color: inherit;'>Las placas frontales de la serie Classic est\u00e1n disponibles en 1&comma; 2&comma; 3&comma; 4 y 6 puertos para instalaci\u00f3n vertical&comma; y 2 y 4 puertos para instalaci\u00f3n horizontal. Las placas frontales de la serie Classic aceptan todos los m\u00f3dulos Mini Com\u00ae para aplicaciones UTP&comma; STP&comma; fibra \u00f3ptica y audio\/video. Las placas frontales est\u00e1n disponibles en un dise\u00f1o al ras o inclinado&comma; y disponibles con o sin etiquetas. El dise\u00f1o inclinado aumentar\u00e1 la profundidad de la pared para mejorar el control del radio de curvatura.<\/p>\n<\/p><\/div>\n<p> <!-- Secci\u00f3n de caracter\u00edsticas principales --> <\/p>\n<div style='display: flex; flex-wrap: wrap; gap: 30px; margin-bottom: 30px;'>\n<div style='flex: 1 1 300px; min-width: 280px;'>\n<h3 style='font-size: 22px; border-bottom: 2px solid currentColor; padding-bottom: 5px; margin-top: 0; color: inherit; opacity: 0.8;'>Caracter\u00edsticas Principales<\/h3>\n<ul style='padding-left: 20px; font-size: 15px; color: inherit; list-style-type: disc;'>\n<li style='margin-bottom: 5px;'>Disponible en 1 a 6 puertos verticales<\/li>\n<li style='margin-bottom: 5px;'>Acepta m\u00f3dulos Mini-Com para varias aplicaciones<\/li>\n<li style='margin-bottom: 5px;'>Dise\u00f1o al ras o inclinado disponible<\/li>\n<li style='margin-bottom: 5px;'>Dimensiones de 69.8 x 114.3 mm<\/li>\n<li style='margin-bottom: 5px;'>Cumple con normativa RoHS<\/li>\n<\/ul><\/div>\n<\/p><\/div>\n<p> <!-- Secci\u00f3n de especificaciones t\u00e9cnicas --> <\/p>\n<div style='display: flex; flex-wrap: wrap; gap: 20px; margin-bottom: 30px;'>\n<div style='flex: 1 1 250px; border: 1px solid rgba(150&comma; 150&comma; 150&comma; 0.4); border-radius: 8px; overflow: hidden; display: flex; flex-direction: column;'>\n<div style='padding: 15px; border-bottom: 1px solid rgba(150&comma; 150&comma; 150&comma; 0.2); font-weight: bold; font-size: 18px; color: inherit;'>Especificaciones T\u00e9cnicas<\/div>\n<div style='padding: 15px; color: inherit;'>\n<ul style='padding-left: 20px; margin: 0; font-size: 14px; list-style-type: disc;'>\n<li style='margin-bottom: 5px;'><strong>Tipo:<\/strong> Placa de pared vertical<\/li>\n<li style='margin-bottom: 5px;'><strong>Estilo:<\/strong> Plano<\/li>\n<li style='margin-bottom: 5px;'><strong>Color:<\/strong> Blanco<\/li>\n<li style='margin-bottom: 5px;'><strong>Material:<\/strong> ABS<\/li>\n<li style='margin-bottom: 5px;'><strong>No. de espacios para m\u00f3dulo:<\/strong> 2<\/li>\n<li style='margin-bottom: 5px;'><strong>No. de puertos:<\/strong> 2<\/li>\n<li style='margin-bottom: 5px;'><strong>Montaje:<\/strong> Vertical<\/li>\n<li style='margin-bottom: 5px;'><strong>Tipo de m\u00f3dulo:<\/strong> Mini-Com<\/li>\n<li style='margin-bottom: 5px;'><strong>Dimensiones:<\/strong> 69.8 x 114.3 mm (2.75 x 4.5 pulg.)<\/li>\n<li style='margin-bottom: 5px;'><strong>Cumple con:<\/strong> RoHS<\/li>\n<\/ul><\/div>\n<\/p><\/div>\n<p> <!-- Secci\u00f3n de opciones de montaje --> <\/p>\n<div style='flex: 1 1 250px; border: 1px solid rgba(150&comma; 150&comma; 150&comma; 0.4); border-radius: 8px; overflow: hidden; display: flex; flex-direction: column;'>\n<div style='padding: 15px; border-bottom: 1px solid rgba(150&comma; 150&comma; 150&comma; 0.2); font-weight: bold; font-size: 18px; color: inherit;'>Opciones de Montaje<\/div>\n<div style='padding: 15px; color: inherit;'>\n<ul style='padding-left: 20px; margin: 0; font-size: 14px; list-style-type: disc;'>\n<li style='margin-bottom: 5px;'>Agujeros de tornillo con pesta\u00f1as de retenci\u00f3n<\/li>\n<li style='margin-bottom: 5px;'>Espaciado para aberturas de un solo gang<\/li>\n<li style='margin-bottom: 5px;'>Compatibles con adaptador de pared Panduit<\/li>\n<\/ul><\/div>\n<\/p><\/div>\n<p> <!-- Secci\u00f3n de opciones de etiquetado --> <\/p>\n<div style='flex: 1 1 250px; border: 1px solid rgba(150&comma; 150&comma; 150&comma; 0.4); border-radius: 8px; overflow: hidden; display: flex; flex-direction: column;'>\n<div style='padding: 15px; border-bottom: 1px solid rgba(150&comma; 150&comma; 150&comma; 0.2); font-weight: bold; font-size: 18px; color: inherit;'>Opciones de Etiquetado<\/div>\n<div style='padding: 15px; color: inherit;'>\n<ul style='padding-left: 20px; margin: 0; font-size: 14px; list-style-type: disc;'>\n<li style='margin-bottom: 5px;'>Etiquetas adhesivas<\/li>\n<li style='margin-bottom: 5px;'>Bolsillo para etiquetas dedicado<\/li>\n<li style='margin-bottom: 5px;'>Opciones de impresi\u00f3n l\u00e1ser\/inyecci\u00f3n<\/li>\n<\/ul><\/div>\n<\/p><\/div>\n<\/p><\/div>\n<p> <!-- Secci\u00f3n de aplicaciones --> <\/p>\n<div style='margin-bottom: 30px;'>\n<h3 style='font-size: 22px; border-bottom: 2px solid currentColor; padding-bottom: 5px; margin-top: 0; color: inherit; opacity: 0.8;'>Aplicaciones<\/h3>\n<ul style='padding-left: 20px; font-size: 15px; color: inherit; list-style-type: disc;'>\n<li style='margin-bottom: 5px;'>Montaje en cajas de conexiones est\u00e1ndar de tama\u00f1o single gang<\/li>\n<li style='margin-bottom: 5px;'>Montaje en adaptadores de pared o soportes de canalizaci\u00f3n<\/li>\n<li style='margin-bottom: 5px;'>Combinaci\u00f3n con m\u00f3dulos Mini-Com para aplicaciones UTP&comma; STP&comma; fibra \u00f3ptica y audio\/video<\/li>\n<li style='margin-bottom: 5px;'>Disponibilidad de colores coordinados con la canalizaci\u00f3n Panduit<\/li>\n<\/ul><\/div>\n<p> <!-- Secci\u00f3n de beneficios --> <\/p>\n<div style='display: flex; flex-wrap: wrap; gap: 20px; margin-bottom: 30px;'>\n<div style='flex: 1 1 250px; border: 1px solid rgba(150&comma; 150&comma; 150&comma; 0.4); border-radius: 8px; overflow: hidden; display: flex; flex-direction: column;'>\n<div style='padding: 15px; border-bottom: 1px solid rgba(150&comma; 150&comma; 150&comma; 0.2); font-weight: bold; font-size: 18px; color: inherit;'>Beneficios Principales<\/div>\n<div style='padding: 15px; color: inherit;'>\n<ul style='padding-left: 20px; margin: 0; font-size: 14px; list-style-type: disc;'>\n<li style='margin-bottom: 5px;'>Dise\u00f1o modular para f\u00e1cil instalaci\u00f3n y mantenimiento<\/li>\n<li style='margin-bottom: 5px;'>Opciones de identificaci\u00f3n para f\u00e1cil reconocimiento<\/li>\n<li style='margin-bottom: 5px;'>Flexibilidad en densidad de puertos<\/li>\n<li style='margin-bottom: 5px;'>Control adecuado del radio de curvatura<\/li>\n<li style='margin-bottom: 5px;'>Compatibilidad con m\u00faltiples est\u00e1ndares de cableado<\/li>\n<\/ul><\/div>\n<\/p><\/div>\n<p> <!-- Secci\u00f3n de opciones de dise\u00f1o --> <\/p>\n<div style='flex: 1 1 250px; border: 1px solid rgba(150&comma; 150&comma; 150&comma; 0.4); border-radius: 8px; overflow: hidden; display: flex; flex-direction: column;'>\n<div style='padding: 15px; border-bottom: 1px solid rgba(150&comma; 150&comma; 150&comma; 0.2); font-weight: bold; font-size: 18px; color: inherit;'>Opciones de Dise\u00f1o<\/div>\n<div style='padding: 15px; color: inherit;'>\n<ul style='padding-left: 20px; margin: 0; font-size: 14px; list-style-type: disc;'>\n<li style='margin-bottom: 5px;'>Dise\u00f1o al ras o inclinado<\/li>\n<li style='margin-bottom: 5px;'>Con o sin etiquetas<\/li>\n<li style='margin-bottom: 5px;'>Incluye tornillos de montaje<\/li>\n<li style='margin-bottom: 5px;'>Tornillos de colores coordinados con la placa<\/li>\n<\/ul><\/div>\n<\/p><\/div>\n<\/p><\/div>\n<p> <!-- Separador --> <\/p>\n<hr style='border: 0; border-top: 1px solid rgba(150&comma; 150&comma; 150&comma; 0.3); margin: 30px 0;'> <\/div>\n","protected":false},"excerpt":{"rendered":"<p>Placa de Pared Vertical Cl?sica, Salida Para 2 Puertos Mini-Com, Color Blanco<\/p>\n","protected":false},"featured_media":13360,"comment_status":"open","ping_status":"closed","template":"","meta":[],"product_brand":[],"product_cat":[601],"product_tag":[586,602,445],"class_list":{"0":"post-13361","1":"product","2":"type-product","3":"status-publish","4":"has-post-thumbnail","6":"product_cat-faceplates","7":"product_tag-cableado-de-cobre","8":"product_tag-faceplates","9":"product_tag-panduit","11":"first","12":"instock","13":"sale","14":"shipping-taxable","15":"purchasable","16":"product-type-simple"},"_links":{"self":[{"href":"https:\/\/soydeaqui.ddns.net\/pachuca\/index.php\/wp-json\/wp\/v2\/product\/13361","targetHints":{"allow":["GET"]}}],"collection":[{"href":"https:\/\/soydeaqui.ddns.net\/pachuca\/index.php\/wp-json\/wp\/v2\/product"}],"about":[{"href":"https:\/\/soydeaqui.ddns.net\/pachuca\/index.php\/wp-json\/wp\/v2\/types\/product"}],"replies":[{"embeddable":true,"href":"https:\/\/soydeaqui.ddns.net\/pachuca\/index.php\/wp-json\/wp\/v2\/comments?post=13361"}],"wp:featuredmedia":[{"embeddable":true,"href":"https:\/\/soydeaqui.ddns.net\/pachuca\/index.php\/wp-json\/wp\/v2\/media\/13360"}],"wp:attachment":[{"href":"https:\/\/soydeaqui.ddns.net\/pachuca\/index.php\/wp-json\/wp\/v2\/media?parent=13361"}],"wp:term":[{"taxonomy":"product_brand","embeddable":true,"href":"https:\/\/soydeaqui.ddns.net\/pachuca\/index.php\/wp-json\/wp\/v2\/product_brand?post=13361"},{"taxonomy":"product_cat","embeddable":true,"href":"https:\/\/soydeaqui.ddns.net\/pachuca\/index.php\/wp-json\/wp\/v2\/product_cat?post=13361"},{"taxonomy":"product_tag","embeddable":true,"href":"https:\/\/soydeaqui.ddns.net\/pachuca\/index.php\/wp-json\/wp\/v2\/product_tag?post=13361"}],"curies":[{"name":"wp","href":"https:\/\/api.w.org\/{rel}","templated":true}]}}