{"id":13227,"date":"2026-03-18T08:16:05","date_gmt":"2026-03-18T08:16:05","guid":{"rendered":"https:\/\/soydeaqui.ddns.net\/pachuca\/index.php\/producto\/cable-de-parcheo-utp-cat6a-dimetro-reducido-28-awg-cm-lszh-color-blanco-mate-20-3-cm-8-pulgadas\/"},"modified":"2026-03-18T08:16:07","modified_gmt":"2026-03-18T08:16:07","slug":"cable-de-parcheo-utp-cat6a-dimetro-reducido-28-awg-cm-lszh-color-blanco-mate-20-3-cm-8-pulgadas","status":"publish","type":"product","link":"https:\/\/soydeaqui.ddns.net\/pachuca\/index.php\/producto\/cable-de-parcheo-utp-cat6a-dimetro-reducido-28-awg-cm-lszh-color-blanco-mate-20-3-cm-8-pulgadas\/","title":{"rendered":"Cable de Parcheo UTP, Cat6A, Di?metro Reducido (28 AWG), CM\/LSZH, Color Blanco Mate, 20.3 cm (8 Pulgadas)"},"content":{"rendered":"<div style='width: 100%; max-width: 1200px; margin: 0 auto; font-family: sans-serif; line-height: 1.6; color: inherit; background-color: transparent;'> <!-- Secci\u00f3n de descripci\u00f3n general --> <\/p>\n<div style='margin-bottom: 30px;'>\n<h2 style='font-size: 24px; border-bottom: 2px solid currentColor; padding-bottom: 5px; margin-top: 0; color: inherit; opacity: 0.8;'>Descripci\u00f3n General<\/h2>\n<p style='font-size: 15px; color: inherit;'>Los cables de parcheo de di\u00e1metro reducido Categor\u00eda 6A \/ Clase EA&comma; UTP&comma; est\u00e1n construidos con cable de cobre s\u00f3lido de par trenzado 28 AWG (de doble clasificaci\u00f3n CM\/LSZH) con conectores modulares RJ45 de alto rendimiento. Los cables de conexi\u00f3n ofrecen dise\u00f1o compacto y flexible para facilitar la gesti\u00f3n de cables en aplicaciones de alta densidad.<\/p>\n<\/p><\/div>\n<p> <!-- Secci\u00f3n de caracter\u00edsticas t\u00e9cnicas --> <\/p>\n<div style='display: flex; flex-wrap: wrap; gap: 30px; margin-bottom: 30px;'>\n<div style='flex: 1 1 300px; min-width: 280px;'>\n<h3 style='font-size: 22px; border-bottom: 2px solid currentColor; padding-bottom: 5px; margin-top: 0; color: inherit; opacity: 0.8;'>Caracter\u00edsticas T\u00e9cnicas<\/h3>\n<ul style='padding-left: 20px; font-size: 15px; color: inherit;'>\n<li style='margin-bottom: 5px;'><strong>Rendimiento:<\/strong> Categor\u00eda 6A\/Clase EA<\/li>\n<li style='margin-bottom: 5px;'><strong>Frecuencia:<\/strong> Hasta 500 MHz<\/li>\n<li style='margin-bottom: 5px;'><strong>Di\u00e1metro nominal:<\/strong> 4.7 mm (0.185 in.)<\/li>\n<li style='margin-bottom: 5px;'><strong>Material:<\/strong> Cobre s\u00f3lido&comma; 28 AWG<\/li>\n<li style='margin-bottom: 5px;'><strong>Clasificaci\u00f3n de flama:<\/strong> CM\/LSZH<\/li>\n<li style='margin-bottom: 5px;'><strong>Temperatura operaci\u00f3n:<\/strong> 14\u00b0F a 167\u00b0F (-10\u00b0C a 75\u00b0C)<\/li>\n<li style='margin-bottom: 5px;'><strong>Temperatura almacenamiento:<\/strong> -40\u00b0F a 158\u00b0F (-40\u00b0C a 70\u00b0C)<\/li>\n<li style='margin-bottom: 5px;'><strong>Est\u00e1ndares:<\/strong> ANSI\/TIA-568.2-D&comma; ISO 11801 Clase EA<\/li>\n<\/ul><\/div>\n<p> <!-- Secci\u00f3n de conectores --> <\/p>\n<div style='flex: 1 1 300px; min-width: 280px;'>\n<h3 style='font-size: 22px; border-bottom: 2px solid currentColor; padding-bottom: 5px; margin-top: 0; color: inherit; opacity: 0.8;'>Conectores<\/h3>\n<ul style='padding-left: 20px; font-size: 15px; color: inherit;'>\n<li style='margin-bottom: 5px;'><strong>Tipo:<\/strong> RJ45 modulares<\/li>\n<li style='margin-bottom: 5px;'><strong>Material:<\/strong> Carcasa UL94V-0 de policarbonato transparente<\/li>\n<li style='margin-bottom: 5px;'><strong>Contactos:<\/strong> Bronce fosforado con 50 microinches de oro<\/li>\n<li style='margin-bottom: 5px;'><strong>Ciclos de conexi\u00f3n:<\/strong> 2500 ciclos<\/li>\n<li style='margin-bottom: 5px;'><strong>Protecci\u00f3n:<\/strong> Bot\u00f3n de bloqueo anti-enredos<\/li>\n<\/ul><\/div>\n<\/p><\/div>\n<p> <!-- Secci\u00f3n de especificaciones PoE --> <\/p>\n<div style='margin-bottom: 30px;'>\n<h3 style='font-size: 22px; border-bottom: 2px solid currentColor; padding-bottom: 5px; margin-top: 0; color: inherit; opacity: 0.8;'>Compatibilidad PoE<\/h3>\n<ul style='padding-left: 20px; font-size: 15px; color: inherit;'>\n<li style='margin-bottom: 5px;'>Soporta IEEE 802.3af\/802.3at (48 cables en un mazo)<\/li>\n<li style='margin-bottom: 5px;'>Soporta IEEE 802.3bt tipo 3 y tipo 4 (24 cables en un mazo)<\/li>\n<\/ul><\/div>\n<p> <!-- Secci\u00f3n de aplicaciones --> <\/p>\n<div style='margin-bottom: 30px;'>\n<h3 style='font-size: 22px; border-bottom: 2px solid currentColor; padding-bottom: 5px; margin-top: 0; color: inherit; opacity: 0.8;'>Aplicaciones<\/h3>\n<ul style='padding-left: 20px; font-size: 15px; color: inherit;'>\n<li style='margin-bottom: 5px;'>10GBASE-T Ethernet<\/li>\n<li style='margin-bottom: 5px;'>Virtualizaci\u00f3n de servidores en centros de datos<\/li>\n<li style='margin-bottom: 5px;'>Aggregation de backbone<\/li>\n<li style='margin-bottom: 5px;'>Procesamiento paralelo y c\u00f3mputo de alta velocidad<\/li>\n<li style='margin-bottom: 5px;'>Consolidaci\u00f3n de I\/O en centros de datos<\/li>\n<\/ul><\/div>\n<p> <!-- Secci\u00f3n de beneficios --> <\/p>\n<div style='margin-bottom: 30px;'>\n<h3 style='font-size: 22px; border-bottom: 2px solid currentColor; padding-bottom: 5px; margin-top: 0; color: inherit; opacity: 0.8;'>Beneficios del Dise\u00f1o<\/h3>\n<ul style='padding-left: 20px; font-size: 15px; color: inherit;'>\n<li style='margin-bottom: 5px;'>Di\u00e1metro reducido (4.7mm) para facilitar la gesti\u00f3n de cables en espacios de alta densidad<\/li>\n<li style='margin-bottom: 5px;'>Doble clasificaci\u00f3n CM\/LSZH para mayor seguridad contra incendios<\/li>\n<li style='margin-bottom: 5px;'>Mayor flujo de aire y enfriamiento en comparaci\u00f3n con cables tradicionales<\/li>\n<li style='margin-bottom: 5px;'>Dise\u00f1o compacto que permite doble cantidad de cables en canalizaciones<\/li>\n<li style='margin-bottom: 5px;'>Cableado flexible con radio de curvatura reducido<\/li>\n<li style='margin-bottom: 5px;'>Etiqueta de identificaci\u00f3n para trazabilidad de calidad y longitud<\/li>\n<\/ul><\/div>\n<p> <!-- Secci\u00f3n de est\u00e1ndares y cumplimiento --> <\/p>\n<div style='display: flex; flex-wrap: wrap; gap: 20px; margin-bottom: 30px;'>\n<div style='flex: 1 1 250px; border: 1px solid rgba(150&comma; 150&comma; 150&comma; 0.4); border-radius: 8px; overflow: hidden; display: flex; flex-direction: column;'>\n<div style='padding: 15px; border-bottom: 1px solid rgba(150&comma; 150&comma; 150&comma; 0.2); font-weight: bold; font-size: 18px; color: inherit;'>Cumplimiento<\/div>\n<div style='padding: 15px; color: inherit;'>\n<ul style='padding-left: 20px; margin: 0; font-size: 14px; list-style-type: disc;'>\n<li style='margin-bottom: 5px;'>ANSI\/TIA-1096-A (anteriormente FCC Parte 68)<\/li>\n<li style='margin-bottom: 5px;'>IEC 60603-7<\/li>\n<li style='margin-bottom: 5px;'>cULus Listed (UL 1863 y CAN\/CSA-C22.2)<\/li>\n<li style='margin-bottom: 5px;'>RoHS<\/li>\n<\/ul><\/div>\n<\/p><\/div>\n<p> <!-- Secci\u00f3n de opciones de longitud y color --> <\/p>\n<div style='flex: 1 1 250px; border: 1px solid rgba(150&comma; 150&comma; 150&comma; 0.4); border-radius: 8px; overflow: hidden; display: flex; flex-direction: column;'>\n<div style='padding: 15px; border-bottom: 1px solid rgba(150&comma; 150&comma; 150&comma; 0.2); font-weight: bold; font-size: 18px; color: inherit;'>Opciones<\/div>\n<div style='padding: 15px; color: inherit;'>\n<ul style='padding-left: 20px; margin: 0; font-size: 14px; list-style-type: disc;'>\n<li style='margin-bottom: 5px;'><strong>Longitudes:<\/strong> 6in&comma; 8in&comma; 0.2m&comma; y hasta 40m<\/li>\n<li style='margin-bottom: 5px;'><strong>Colores:<\/strong> Blanco mate (est\u00e1ndar) y opciones adicionales (negro&comma; azul&comma; rojo&comma; amarillo&comma; verde&comma; naranja&comma; gris y violeta)<\/li>\n<\/ul><\/div>\n<\/p><\/div>\n<\/p><\/div>\n<p> <!-- Separador --> <\/p>\n<hr style='border: 0; border-top: 1px solid rgba(150&comma; 150&comma; 150&comma; 0.3); margin: 30px 0;'> <\/div>\n","protected":false},"excerpt":{"rendered":"<p>Cable de Parcheo UTP, Cat6A, Di?metro Reducido (28 AWG), CM\/LSZH, Color Blanco Mate, 20.3 cm (8 Pulgadas)<\/p>\n","protected":false},"featured_media":13226,"comment_status":"open","ping_status":"closed","template":"","meta":[],"product_brand":[],"product_cat":[598],"product_tag":[586,445,599],"class_list":{"0":"post-13227","1":"product","2":"type-product","3":"status-publish","4":"has-post-thumbnail","6":"product_cat-patch-cords","7":"product_tag-cableado-de-cobre","8":"product_tag-panduit","9":"product_tag-patch-cords","11":"first","12":"instock","13":"sale","14":"shipping-taxable","15":"purchasable","16":"product-type-simple"},"_links":{"self":[{"href":"https:\/\/soydeaqui.ddns.net\/pachuca\/index.php\/wp-json\/wp\/v2\/product\/13227","targetHints":{"allow":["GET"]}}],"collection":[{"href":"https:\/\/soydeaqui.ddns.net\/pachuca\/index.php\/wp-json\/wp\/v2\/product"}],"about":[{"href":"https:\/\/soydeaqui.ddns.net\/pachuca\/index.php\/wp-json\/wp\/v2\/types\/product"}],"replies":[{"embeddable":true,"href":"https:\/\/soydeaqui.ddns.net\/pachuca\/index.php\/wp-json\/wp\/v2\/comments?post=13227"}],"wp:featuredmedia":[{"embeddable":true,"href":"https:\/\/soydeaqui.ddns.net\/pachuca\/index.php\/wp-json\/wp\/v2\/media\/13226"}],"wp:attachment":[{"href":"https:\/\/soydeaqui.ddns.net\/pachuca\/index.php\/wp-json\/wp\/v2\/media?parent=13227"}],"wp:term":[{"taxonomy":"product_brand","embeddable":true,"href":"https:\/\/soydeaqui.ddns.net\/pachuca\/index.php\/wp-json\/wp\/v2\/product_brand?post=13227"},{"taxonomy":"product_cat","embeddable":true,"href":"https:\/\/soydeaqui.ddns.net\/pachuca\/index.php\/wp-json\/wp\/v2\/product_cat?post=13227"},{"taxonomy":"product_tag","embeddable":true,"href":"https:\/\/soydeaqui.ddns.net\/pachuca\/index.php\/wp-json\/wp\/v2\/product_tag?post=13227"}],"curies":[{"name":"wp","href":"https:\/\/api.w.org\/{rel}","templated":true}]}}