{"id":13225,"date":"2026-03-18T08:16:04","date_gmt":"2026-03-18T08:16:04","guid":{"rendered":"https:\/\/soydeaqui.ddns.net\/pachuca\/index.php\/producto\/cable-de-parcheo-utp-cat6a-dimetro-reducido-28-awg-cm-lszh-color-azul-20-3-cm-8-pulgadas\/"},"modified":"2026-03-18T08:16:04","modified_gmt":"2026-03-18T08:16:04","slug":"cable-de-parcheo-utp-cat6a-dimetro-reducido-28-awg-cm-lszh-color-azul-20-3-cm-8-pulgadas","status":"publish","type":"product","link":"https:\/\/soydeaqui.ddns.net\/pachuca\/index.php\/producto\/cable-de-parcheo-utp-cat6a-dimetro-reducido-28-awg-cm-lszh-color-azul-20-3-cm-8-pulgadas\/","title":{"rendered":"Cable de Parcheo UTP, Cat6A, Di?metro Reducido (28 AWG), CM\/LSZH, Color Azul, 20.3 cm (8 pulgadas)"},"content":{"rendered":"<div style='width: 100%; max-width: 1200px; margin: 0 auto; font-family: sans-serif; line-height: 1.6; color: inherit; background-color: transparent;'> <!-- Secci\u00f3n de descripci\u00f3n general --> <\/p>\n<div style='margin-bottom: 30px; font-size: 15px; color: inherit;'>\n<p>Los cables de parcheo de di\u00e1metro reducido Categor\u00eda 6A \/ Clase EA&comma; UTP&comma; est\u00e1n construidos con cable de cobre s\u00f3lido de par trenzado 28 AWG (de doble clasificaci\u00f3n CM\/LSZH) con conectores modulares RJ45 de alto rendimiento. Los cables de conexi\u00f3n se ofrecen en m\u00faltiples longitudes y colores para flexibilidad de dise\u00f1o.<\/p>\n<\/p><\/div>\n<p> <!-- Secci\u00f3n de caracter\u00edsticas principales --> <\/p>\n<div style='display: flex; flex-wrap: wrap; gap: 30px; margin-bottom: 30px;'>\n<div style='flex: 1 1 300px; min-width: 280px;'>\n<h3 style='font-size: 22px; border-bottom: 2px solid currentColor; padding-bottom: 5px; margin-top: 0; color: inherit; opacity: 0.8;'>Caracter\u00edsticas Principales<\/h3>\n<ul style='padding-left: 20px; font-size: 15px; color: inherit;'>\n<li style='margin-bottom: 5px;'>Di\u00e1metro reducido de 4.7 mm para flexibilidad<\/li>\n<li style='margin-bottom: 5px;'>Cumple ANSI\/TIA-568.2-D Categor\u00eda 6A hasta 500 MHz<\/li>\n<li style='margin-bottom: 5px;'>Contactos RJ45 con 50 micras de oro<\/li>\n<li style='margin-bottom: 5px;'>Admite PoE IEEE 802.3af\/802.3at\/802.3bt<\/li>\n<li style='margin-bottom: 5px;'>Construcci\u00f3n UTP con cobre s\u00f3lido 28 AWG<\/li>\n<\/ul><\/div>\n<p> <!-- Secci\u00f3n de especificaciones t\u00e9cnicas --> <\/p>\n<div style='flex: 1 1 300px; min-width: 280px;'>\n<h3 style='font-size: 22px; border-bottom: 2px solid currentColor; padding-bottom: 5px; margin-top: 0; color: inherit; opacity: 0.8;'>Especificaciones T\u00e9cnicas<\/h3>\n<ul style='padding-left: 20px; font-size: 15px; color: inherit;'>\n<li style='margin-bottom: 5px;'><strong>Rendimiento:<\/strong> Supera est\u00e1ndares ANSI\/TIA-568.2-D Categor\u00eda 6A e ISO 11801 Clase EA hasta 500 MHz<\/li>\n<li style='margin-bottom: 5px;'><strong>Di\u00e1metro nominal:<\/strong> 4.7 mm<\/li>\n<li style='margin-bottom: 5px;'><strong>Cumplimiento FCC y ANSI:<\/strong> ANSI\/TIA-1096-A&comma; contactos chapados con 50 micras de oro<\/li>\n<li style='margin-bottom: 5px;'><strong>Cumplimiento IEC:<\/strong> IEC 60603-7<\/li>\n<li style='margin-bottom: 5px;'><strong>Cumplimiento PoE:<\/strong> IEEE 802.3af\/802.3at (48 cables en un mazo) y 802.3bt tipo 3 y tipo 4 (24 cables en un mazo)<\/li>\n<li style='margin-bottom: 5px;'><strong>Grado de flamabilidad:<\/strong> CM\/LSZH<\/li>\n<li style='margin-bottom: 5px;'><strong>Rango de temperatura:<\/strong> 14\u00b0F a 167\u00b0F (-10\u00b0C a 75\u00b0C) operaci\u00f3n&comma; -40\u00b0F a 158\u00b0F (-40\u00b0C a 70\u00b0C) almacenamiento<\/li>\n<li style='margin-bottom: 5px;'><strong>Material del conector:<\/strong> Policarbonato UL94V-0<\/li>\n<li style='margin-bottom: 5px;'><strong>Contactos:<\/strong> Fosforo bronce chapado con 50 microinches de oro<\/li>\n<li style='margin-bottom: 5px;'><strong>Ciclos de conexi\u00f3n:<\/strong> 2500 ciclos<\/li>\n<\/ul><\/div>\n<\/p><\/div>\n<p> <!-- Secci\u00f3n de aplicaciones --> <\/p>\n<div style='margin-bottom: 30px;'>\n<h3 style='font-size: 22px; border-bottom: 2px solid currentColor; padding-bottom: 5px; margin-top: 0; color: inherit; opacity: 0.8;'>Aplicaciones<\/h3>\n<ul style='padding-left: 20px; font-size: 15px; color: inherit;'>\n<li style='margin-bottom: 5px;'>10GBASE-T Ethernet<\/li>\n<li style='margin-bottom: 5px;'>Consolidaci\u00f3n de I\/O en centros de datos<\/li>\n<li style='margin-bottom: 5px;'>Virtualizaci\u00f3n de servidores en centros de datos<\/li>\n<li style='margin-bottom: 5px;'>Procesamiento paralelo y computaci\u00f3n de alta velocidad<\/li>\n<li style='margin-bottom: 5px;'>Aggregaci\u00f3n de backbone<\/li>\n<\/ul><\/div>\n<p> <!-- Secci\u00f3n de beneficios adicionales --> <\/p>\n<div style='margin-bottom: 30px;'>\n<h3 style='font-size: 22px; border-bottom: 2px solid currentColor; padding-bottom: 5px; margin-top: 0; color: inherit; opacity: 0.8;'>Beneficios Adicionales<\/h3>\n<ul style='padding-left: 20px; font-size: 15px; color: inherit;'>\n<li style='margin-bottom: 5px;'>Dise\u00f1o de cable de peque\u00f1o di\u00e1metro permite el doblado en radios ajustados para mejor gesti\u00f3n de rutas<\/li>\n<li style='margin-bottom: 5px;'>Doble cantidad de cables en canaletas comparado con cables tradicionales Categor\u00eda 6A<\/li>\n<li style='margin-bottom: 5px;'>Mejora flujo de aire y enfriamiento&comma; reduciendo costos operativos<\/li>\n<li style='margin-bottom: 5px;'>100% probado para mapas de conexi\u00f3n&comma; NEXT y rendimiento a nivel de componente<\/li>\n<li style='margin-bottom: 5px;'>Dise\u00f1o con gestor de pares integrado para optimizar rendimiento<\/li>\n<li style='margin-bottom: 5px;'>Etiqueta de identificaci\u00f3n para nivel de rendimiento&comma; longitud y n\u00famero de control<\/li>\n<li style='margin-bottom: 5px;'>Construcci\u00f3n robusta con contactos chapados en oro para 2500 ciclos de conexi\u00f3n<\/li>\n<\/ul><\/div>\n<p> <!-- Secci\u00f3n de opciones de empaque --> <\/p>\n<div style='display: flex; flex-wrap: wrap; gap: 20px; margin-bottom: 30px;'>\n<div style='flex: 1 1 250px; border: 1px solid rgba(150&comma; 150&comma; 150&comma; 0.4); border-radius: 8px; overflow: hidden; display: flex; flex-direction: column;'>\n<div style='padding: 15px; border-bottom: 1px solid rgba(150&comma; 150&comma; 150&comma; 0.2); font-weight: bold; font-size: 18px; color: inherit;'>Opciones de Empaque<\/div>\n<div style='padding: 15px; color: inherit;'>\n<ul style='padding-left: 20px; margin: 0; font-size: 14px; list-style-type: disc;'>\n<li style='margin-bottom: 5px;'>Empaque de 25 piezas<\/li>\n<li style='margin-bottom: 5px;'>Empaque de 48 piezas<\/li>\n<\/ul><\/div>\n<\/p><\/div>\n<p> <!-- Secci\u00f3n de colores disponibles --> <\/p>\n<div style='flex: 1 1 250px; border: 1px solid rgba(150&comma; 150&comma; 150&comma; 0.4); border-radius: 8px; overflow: hidden; display: flex; flex-direction: column;'>\n<div style='padding: 15px; border-bottom: 1px solid rgba(150&comma; 150&comma; 150&comma; 0.2); font-weight: bold; font-size: 18px; color: inherit;'>Colores Disponibles<\/div>\n<div style='padding: 15px; color: inherit;'>\n<ul style='padding-left: 20px; margin: 0; font-size: 14px; list-style-type: disc;'>\n<li style='margin-bottom: 5px;'>Negro (BL)<\/li>\n<li style='margin-bottom: 5px;'>Azul (BU)<\/li>\n<li style='margin-bottom: 5px;'>Rojo (RD)<\/li>\n<li style='margin-bottom: 5px;'>Amarillo (YL)<\/li>\n<li style='margin-bottom: 5px;'>Verde (GR)<\/li>\n<li style='margin-bottom: 5px;'>Naranja (OR)<\/li>\n<li style='margin-bottom: 5px;'>Gris (GY)<\/li>\n<li style='margin-bottom: 5px;'>Violeta (VL)<\/li>\n<\/ul><\/div>\n<\/p><\/div>\n<p> <!-- Secci\u00f3n de longitudes disponibles --> <\/p>\n<div style='flex: 1 1 250px; border: 1px solid rgba(150&comma; 150&comma; 150&comma; 0.4); border-radius: 8px; overflow: hidden; display: flex; flex-direction: column;'>\n<div style='padding: 15px; border-bottom: 1px solid rgba(150&comma; 150&comma; 150&comma; 0.2); font-weight: bold; font-size: 18px; color: inherit;'>Longitudes Disponibles<\/div>\n<div style='padding: 15px; color: inherit;'>\n<ul style='padding-left: 20px; margin: 0; font-size: 14px; list-style-type: disc;'>\n<li style='margin-bottom: 5px;'>Pies: 1-50 (cada 1 pie)&comma; 55-130 (cada 5 pies)<\/li>\n<li style='margin-bottom: 5px;'>Metros: 0.5-10 (cada 0.5m)&comma; 11-20 (cada 1m)&comma; 25-40 (cada 5m)<\/li>\n<li style='margin-bottom: 5px;'>6 pulgadas (0.15m) y 8 pulgadas (0.20m)<\/li>\n<\/ul><\/div>\n<\/p><\/div>\n<\/p><\/div>\n<p> <!-- Separador --> <\/p>\n<hr style='border: 0; border-top: 1px solid rgba(150&comma; 150&comma; 150&comma; 0.3); margin: 30px 0;'> <\/div>\n","protected":false},"excerpt":{"rendered":"<p>Cable de Parcheo UTP, Cat6A, Di?metro Reducido (28 AWG), CM\/LSZH, Color Azul, 20.3 cm (8 pulgadas)<\/p>\n","protected":false},"featured_media":13224,"comment_status":"open","ping_status":"closed","template":"","meta":[],"product_brand":[],"product_cat":[598],"product_tag":[586,445,599],"class_list":{"0":"post-13225","1":"product","2":"type-product","3":"status-publish","4":"has-post-thumbnail","6":"product_cat-patch-cords","7":"product_tag-cableado-de-cobre","8":"product_tag-panduit","9":"product_tag-patch-cords","11":"first","12":"instock","13":"sale","14":"shipping-taxable","15":"purchasable","16":"product-type-simple"},"_links":{"self":[{"href":"https:\/\/soydeaqui.ddns.net\/pachuca\/index.php\/wp-json\/wp\/v2\/product\/13225","targetHints":{"allow":["GET"]}}],"collection":[{"href":"https:\/\/soydeaqui.ddns.net\/pachuca\/index.php\/wp-json\/wp\/v2\/product"}],"about":[{"href":"https:\/\/soydeaqui.ddns.net\/pachuca\/index.php\/wp-json\/wp\/v2\/types\/product"}],"replies":[{"embeddable":true,"href":"https:\/\/soydeaqui.ddns.net\/pachuca\/index.php\/wp-json\/wp\/v2\/comments?post=13225"}],"wp:featuredmedia":[{"embeddable":true,"href":"https:\/\/soydeaqui.ddns.net\/pachuca\/index.php\/wp-json\/wp\/v2\/media\/13224"}],"wp:attachment":[{"href":"https:\/\/soydeaqui.ddns.net\/pachuca\/index.php\/wp-json\/wp\/v2\/media?parent=13225"}],"wp:term":[{"taxonomy":"product_brand","embeddable":true,"href":"https:\/\/soydeaqui.ddns.net\/pachuca\/index.php\/wp-json\/wp\/v2\/product_brand?post=13225"},{"taxonomy":"product_cat","embeddable":true,"href":"https:\/\/soydeaqui.ddns.net\/pachuca\/index.php\/wp-json\/wp\/v2\/product_cat?post=13225"},{"taxonomy":"product_tag","embeddable":true,"href":"https:\/\/soydeaqui.ddns.net\/pachuca\/index.php\/wp-json\/wp\/v2\/product_tag?post=13225"}],"curies":[{"name":"wp","href":"https:\/\/api.w.org\/{rel}","templated":true}]}}