{"id":13214,"date":"2026-03-18T08:15:52","date_gmt":"2026-03-18T08:15:52","guid":{"rendered":"https:\/\/soydeaqui.ddns.net\/pachuca\/index.php\/producto\/cable-de-parcheo-utp-cat6a-dimetro-reducido-28-awg-cm-lszh-color-violeta-20-3-cm-8-pulgadas\/"},"modified":"2026-03-18T08:15:53","modified_gmt":"2026-03-18T08:15:53","slug":"cable-de-parcheo-utp-cat6a-dimetro-reducido-28-awg-cm-lszh-color-violeta-20-3-cm-8-pulgadas","status":"publish","type":"product","link":"https:\/\/soydeaqui.ddns.net\/pachuca\/index.php\/producto\/cable-de-parcheo-utp-cat6a-dimetro-reducido-28-awg-cm-lszh-color-violeta-20-3-cm-8-pulgadas\/","title":{"rendered":"Cable de Parcheo UTP, Cat6A, Di?metro Reducido (28 AWG), CM\/LSZH, Color Violeta, 20.3 cm (8 Pulgadas)"},"content":{"rendered":"<div style='width: 100%; max-width: 1200px; margin: 0 auto; font-family: sans-serif; line-height: 1.6; color: inherit; background-color: transparent;'> <!-- Secci\u00f3n de descripci\u00f3n --> <\/p>\n<div style='margin-bottom: 30px;'>\n<p style='font-size: 15px; color: inherit; margin-bottom: 15px;'>Los cables de parcheo de di\u00e1metro reducido Categor\u00eda 6A \/ Clase EA&comma; UTP&comma; est\u00e1n construidos con cable de cobre s\u00f3lido de par trenzado 28 AWG (de doble clasificaci\u00f3n CM\/LSZH) con conectores modulares RJ45 de alto rendimiento. Los cables de conexi\u00f3n se ofrecen en m\u00faltiples longitudes y colores para flexibilidad de dise\u00f1o.<\/p>\n<\/p><\/div>\n<p> <!-- Secci\u00f3n de caracter\u00edsticas t\u00e9cnicas --> <\/p>\n<div style='display: flex; flex-wrap: wrap; gap: 30px; margin-bottom: 30px;'>\n<div style='flex: 1 1 300px; min-width: 280px;'>\n<h3 style='font-size: 22px; border-bottom: 2px solid currentColor; padding-bottom: 5px; margin-top: 0; color: inherit; opacity: 0.8;'>Caracter\u00edsticas T\u00e9cnicas<\/h3>\n<ul style='padding-left: 20px; font-size: 15px; color: inherit;'>\n<li style='margin-bottom: 5px;'><strong>Rendimiento:<\/strong> Categor\u00eda 6A\/Clase EA<\/li>\n<li style='margin-bottom: 5px;'><strong>Est\u00e1ndares:<\/strong> ANSI\/TIA-568.2-D Cat6A&comma; ISO 11801 Clase EA<\/li>\n<li style='margin-bottom: 5px;'><strong>Frecuencia:<\/strong> Hasta 500 MHz<\/li>\n<li style='margin-bottom: 5px;'><strong>Di\u00e1metro nominal:<\/strong> 4.7 mm (0.185 in)<\/li>\n<li style='margin-bottom: 5px;'><strong>Cumplimiento FCC:<\/strong> ANSI\/TIA-1096-A<\/li>\n<li style='margin-bottom: 5px;'><strong>Cumplimiento IEC:<\/strong> IEC 60603-7<\/li>\n<li style='margin-bottom: 5px;'><strong>Temperatura operaci\u00f3n:<\/strong> 14\u00b0F a 167\u00b0F (-10\u00b0C a 75\u00b0C)<\/li>\n<li style='margin-bottom: 5px;'><strong>Temperatura almacenamiento:<\/strong> -40\u00b0F a 158\u00b0F (-40\u00b0C a 70\u00b0C)<\/li>\n<li style='margin-bottom: 5px;'><strong>Material:<\/strong> Cobre s\u00f3lido&comma; doble clasificaci\u00f3n CM\/LSZH<\/li>\n<li style='margin-bottom: 5px;'><strong>Conector:<\/strong> RJ45 modular plug<\/li>\n<li style='margin-bottom: 5px;'><strong>Contactos:<\/strong> Chapados con 50 microinches de oro<\/li>\n<li style='margin-bottom: 5px;'><strong>Grado de flamabilidad:<\/strong> CM\/LSZH<\/li>\n<li style='margin-bottom: 5px;'><strong>Resistencia:<\/strong> 2500 ciclos de conexi\u00f3n<\/li>\n<\/ul><\/div>\n<p> <!-- Secci\u00f3n de beneficios --> <\/p>\n<div style='flex: 1 1 300px; min-width: 280px;'>\n<h3 style='font-size: 22px; border-bottom: 2px solid currentColor; padding-bottom: 5px; margin-top: 0; color: inherit; opacity: 0.8;'>Beneficios<\/h3>\n<ul style='padding-left: 20px; font-size: 15px; color: inherit;'>\n<li style='margin-bottom: 5px;'>Di\u00e1metro reducido (28 AWG) permite mayor densidad<\/li>\n<li style='margin-bottom: 5px;'>Dise\u00f1o compacto facilita manejo en espacios reducidos<\/li>\n<li style='margin-bottom: 5px;'>Mejor gesti\u00f3n de cables en racks y canaletas<\/li>\n<li style='margin-bottom: 5px;'>Doble clasificaci\u00f3n CM\/LSZH para seguridad contra incendios<\/li>\n<li style='margin-bottom: 5px;'>M\u00e1ximo rendimiento en aplicaciones PoE (48 cables en un mazo)<\/li>\n<li style='margin-bottom: 5px;'>Atenuaci\u00f3n optimizada con valor de 1.9<\/li>\n<li style='margin-bottom: 5px;'>Garant\u00eda de cumplimiento con est\u00e1ndares TIA e ISO<\/li>\n<li style='margin-bottom: 5px;'>F\u00e1cil identificaci\u00f3n con etiqueta permanente<\/li>\n<li style='margin-bottom: 5px;'>Conector con dise\u00f1o antienredos para facilitar conexiones<\/li>\n<\/ul><\/div>\n<p> <!-- Secci\u00f3n de aplicaciones --> <\/p>\n<div style='flex: 1 1 300px; min-width: 280px;'>\n<h3 style='font-size: 22px; border-bottom: 2px solid currentColor; padding-bottom: 5px; margin-top: 0; color: inherit; opacity: 0.8;'>Aplicaciones<\/h3>\n<ul style='padding-left: 20px; font-size: 15px; color: inherit;'>\n<li style='margin-bottom: 5px;'>10GBASE-T Ethernet<\/li>\n<li style='margin-bottom: 5px;'>Backbone aggregation<\/li>\n<li style='margin-bottom: 5px;'>Data center server virtualization<\/li>\n<li style='margin-bottom: 5px;'>Parallel processing and high speed computing<\/li>\n<li style='margin-bottom: 5px;'>Data center I\/O Consolidation<\/li>\n<li style='margin-bottom: 5px;'>Sistemas de datos en alta densidad<\/li>\n<\/ul><\/div>\n<\/p><\/div>\n<p> <!-- Secci\u00f3n de especificaciones PoE --> <\/p>\n<div style='display: flex; flex-wrap: wrap; gap: 20px; margin-bottom: 30px;'>\n<div style='flex: 1 1 250px; border: 1px solid rgba(150&comma; 150&comma; 150&comma; 0.4); border-radius: 8px; overflow: hidden; display: flex; flex-direction: column;'>\n<div style='padding: 15px; border-bottom: 1px solid rgba(150&comma; 150&comma; 150&comma; 0.2); font-weight: bold; font-size: 18px; color: inherit;'>Compatibilidad PoE<\/div>\n<div style='padding: 15px; color: inherit;'>\n<ul style='padding-left: 20px; margin: 0; font-size: 14px; list-style-type: disc;'>\n<li style='margin-bottom: 5px;'>IEEE 802.3af (PoE)<\/li>\n<li style='margin-bottom: 5px;'>IEEE 802.3at (PoE+)<\/li>\n<li style='margin-bottom: 5px;'>IEEE 802.3bt tipo 3<\/li>\n<li style='margin-bottom: 5px;'>IEEE 802.3bt tipo 4<\/li>\n<\/ul><\/div>\n<\/p><\/div>\n<p> <!-- Secci\u00f3n de opciones de longitud --> <\/p>\n<div style='flex: 1 1 250px; border: 1px solid rgba(150&comma; 150&comma; 150&comma; 0.4); border-radius: 8px; overflow: hidden; display: flex; flex-direction: column;'>\n<div style='padding: 15px; border-bottom: 1px solid rgba(150&comma; 150&comma; 150&comma; 0.2); font-weight: bold; font-size: 18px; color: inherit;'>Opciones de Longitud<\/div>\n<div style='padding: 15px; color: inherit;'>\n<ul style='padding-left: 20px; margin: 0; font-size: 14px; list-style-type: disc;'>\n<li style='margin-bottom: 5px;'>6 pulgadas (0.2m)<\/li>\n<li style='margin-bottom: 5px;'>8 pulgadas (20.3cm)<\/li>\n<li style='margin-bottom: 5px;'>1-50 pies (cada 1 pie)<\/li>\n<li style='margin-bottom: 5px;'>55-130 pies (cada 5 pies)<\/li>\n<li style='margin-bottom: 5px;'>0.5-10 metros (cada 0.5m)<\/li>\n<li style='margin-bottom: 5px;'>11-20 metros (cada 1m)<\/li>\n<li style='margin-bottom: 5px;'>25-40 metros (cada 5m)<\/li>\n<\/ul><\/div>\n<\/p><\/div>\n<p> <!-- Secci\u00f3n de opciones de color --> <\/p>\n<div style='flex: 1 1 250px; border: 1px solid rgba(150&comma; 150&comma; 150&comma; 0.4); border-radius: 8px; overflow: hidden; display: flex; flex-direction: column;'>\n<div style='padding: 15px; border-bottom: 1px solid rgba(150&comma; 150&comma; 150&comma; 0.2); font-weight: bold; font-size: 18px; color: inherit;'>Opciones de Color<\/div>\n<div style='padding: 15px; color: inherit;'>\n<ul style='padding-left: 20px; margin: 0; font-size: 14px; list-style-type: disc;'>\n<li style='margin-bottom: 5px;'>Blanco (est\u00e1ndar)<\/li>\n<li style='margin-bottom: 5px;'>Negro (BL)<\/li>\n<li style='margin-bottom: 5px;'>Azul (BU)<\/li>\n<li style='margin-bottom: 5px;'>Rojo (RD)<\/li>\n<li style='margin-bottom: 5px;'>Amarillo (YL)<\/li>\n<li style='margin-bottom: 5px;'>Verde (GR)<\/li>\n<li style='margin-bottom: 5px;'>Naranja (OR)<\/li>\n<li style='margin-bottom: 5px;'>Gris (GY)<\/li>\n<li style='margin-bottom: 5px;'>Violeta (VL)<\/li>\n<\/ul><\/div>\n<\/p><\/div>\n<\/p><\/div>\n<p> <!-- Secci\u00f3n de cumplimiento y certificaciones --> <\/p>\n<div style='display: flex; flex-wrap: wrap; gap: 20px; margin-bottom: 30px;'>\n<div style='flex: 1 1 250px; border: 1px solid rgba(150&comma; 150&comma; 150&comma; 0.4); border-radius: 8px; overflow: hidden; display: flex; flex-direction: column;'>\n<div style='padding: 15px; border-bottom: 1px solid rgba(150&comma; 150&comma; 150&comma; 0.2); font-weight: bold; font-size: 18px; color: inherit;'>Cumplimiento<\/div>\n<div style='padding: 15px; color: inherit;'>\n<ul style='padding-left: 20px; margin: 0; font-size: 14px; list-style-type: disc;'>\n<li style='margin-bottom: 5px;'>cULus Listed<\/li>\n<li style='margin-bottom: 5px;'>UL 1863<\/li>\n<li style='margin-bottom: 5px;'>CAN\/CSA-C22.2 (UL File E129886)<\/li>\n<li style='margin-bottom: 5px;'>RoHS Compliant<\/li>\n<\/ul><\/div>\n<\/p><\/div>\n<p> <!-- Secci\u00f3n de especificaciones el\u00e9ctricas --> <\/p>\n<div style='flex: 1 1 250px; border: 1px solid rgba(150&comma; 150&comma; 150&comma; 0.4); border-radius: 8px; overflow: hidden; display: flex; flex-direction: column;'>\n<div style='padding: 15px; border-bottom: 1px solid rgba(150&comma; 150&comma; 150&comma; 0.2); font-weight: bold; font-size: 18px; color: inherit;'>Especificaciones El\u00e9ctricas<\/div>\n<div style='padding: 15px; color: inherit;'>\n<ul style='padding-left: 20px; margin: 0; font-size: 14px; list-style-type: disc;'>\n<li style='margin-bottom: 5px;'>Impedancia: 100\u03a9 \u00b1 15%<\/li>\n<li style='margin-bottom: 5px;'>Resistencia de contacto: 20m\u03a9<\/li>\n<li style='margin-bottom: 5px;'>Resistencia de aislamiento: 500M\u03a9<\/li>\n<li style='margin-bottom: 5px;'>Tensi\u00f3n de prueba: 1000 Vrms<\/li>\n<\/ul><\/div>\n<\/p><\/div>\n<p> <!-- Secci\u00f3n de especificaciones mec\u00e1nicas --> <\/p>\n<div style='flex: 1 1 250px; border: 1px solid rgba(150&comma; 150&comma; 150&comma; 0.4); border-radius: 8px; overflow: hidden; display: flex; flex-direction: column;'>\n<div style='padding: 15px; border-bottom: 1px solid rgba(150&comma; 150&comma; 150&comma; 0.2); font-weight: bold; font-size: 18px; color: inherit;'>Especificaciones Mec\u00e1nicas<\/div>\n<div style='padding: 15px; color: inherit;'>\n<ul style='padding-left: 20px; margin: 0; font-size: 14px; list-style-type: disc;'>\n<li style='margin-bottom: 5px;'>Material del conector: Policarbonato UL94V-0<\/li>\n<li style='margin-bottom: 5px;'>Durabilidad: 2500 ciclos de conexi\u00f3n<\/li>\n<li style='margin-bottom: 5px;'>Resistencia a la tracci\u00f3n: 25 lb (111N)<\/li>\n<li style='margin-bottom: 5px;'>Radio de curvatura m\u00ednimo: 8 mm<\/li>\n<\/ul><\/div>\n<\/p><\/div>\n<\/p><\/div>\n<p> <!-- Separador --> <\/p>\n<hr style='border: 0; border-top: 1px solid rgba(150&comma; 150&comma; 150&comma; 0.3); margin: 30px 0;'> <\/div>\n","protected":false},"excerpt":{"rendered":"<p>Cable de Parcheo UTP, Cat6A, Di?metro Reducido (28 AWG), CM\/LSZH, Color Violeta, 20.3 cm (8 Pulgadas)<\/p>\n","protected":false},"featured_media":13213,"comment_status":"open","ping_status":"closed","template":"","meta":[],"product_brand":[],"product_cat":[598],"product_tag":[586,445,599],"class_list":{"0":"post-13214","1":"product","2":"type-product","3":"status-publish","4":"has-post-thumbnail","6":"product_cat-patch-cords","7":"product_tag-cableado-de-cobre","8":"product_tag-panduit","9":"product_tag-patch-cords","11":"first","12":"outofstock","13":"sale","14":"shipping-taxable","15":"purchasable","16":"product-type-simple"},"_links":{"self":[{"href":"https:\/\/soydeaqui.ddns.net\/pachuca\/index.php\/wp-json\/wp\/v2\/product\/13214","targetHints":{"allow":["GET"]}}],"collection":[{"href":"https:\/\/soydeaqui.ddns.net\/pachuca\/index.php\/wp-json\/wp\/v2\/product"}],"about":[{"href":"https:\/\/soydeaqui.ddns.net\/pachuca\/index.php\/wp-json\/wp\/v2\/types\/product"}],"replies":[{"embeddable":true,"href":"https:\/\/soydeaqui.ddns.net\/pachuca\/index.php\/wp-json\/wp\/v2\/comments?post=13214"}],"wp:featuredmedia":[{"embeddable":true,"href":"https:\/\/soydeaqui.ddns.net\/pachuca\/index.php\/wp-json\/wp\/v2\/media\/13213"}],"wp:attachment":[{"href":"https:\/\/soydeaqui.ddns.net\/pachuca\/index.php\/wp-json\/wp\/v2\/media?parent=13214"}],"wp:term":[{"taxonomy":"product_brand","embeddable":true,"href":"https:\/\/soydeaqui.ddns.net\/pachuca\/index.php\/wp-json\/wp\/v2\/product_brand?post=13214"},{"taxonomy":"product_cat","embeddable":true,"href":"https:\/\/soydeaqui.ddns.net\/pachuca\/index.php\/wp-json\/wp\/v2\/product_cat?post=13214"},{"taxonomy":"product_tag","embeddable":true,"href":"https:\/\/soydeaqui.ddns.net\/pachuca\/index.php\/wp-json\/wp\/v2\/product_tag?post=13214"}],"curies":[{"name":"wp","href":"https:\/\/api.w.org\/{rel}","templated":true}]}}