{"id":13212,"date":"2026-03-18T08:15:51","date_gmt":"2026-03-18T08:15:51","guid":{"rendered":"https:\/\/soydeaqui.ddns.net\/pachuca\/index.php\/producto\/cable-de-parcheo-utp-cat6a-dimetro-reducido-28-awg-cm-lszh-color-amarillo-20-3-cm-8-pulgadas\/"},"modified":"2026-03-18T08:15:51","modified_gmt":"2026-03-18T08:15:51","slug":"cable-de-parcheo-utp-cat6a-dimetro-reducido-28-awg-cm-lszh-color-amarillo-20-3-cm-8-pulgadas","status":"publish","type":"product","link":"https:\/\/soydeaqui.ddns.net\/pachuca\/index.php\/producto\/cable-de-parcheo-utp-cat6a-dimetro-reducido-28-awg-cm-lszh-color-amarillo-20-3-cm-8-pulgadas\/","title":{"rendered":"Cable de Parcheo UTP, Cat6A, Di?metro Reducido (28 AWG), CM\/LSZH, Color Amarillo, 20.3 cm (8 Pulgadas)"},"content":{"rendered":"<div style='width: 100%; max-width: 1200px; margin: 0 auto; font-family: sans-serif; line-height: 1.6; color: inherit; background-color: transparent;'> <!-- Secci\u00f3n de descripci\u00f3n general --> <\/p>\n<div style='margin-bottom: 30px;'>\n<h2 style='font-size: 24px; border-bottom: 2px solid currentColor; padding-bottom: 5px; margin-top: 0; color: inherit; opacity: 0.8;'>Descripci\u00f3n General<\/h2>\n<p style='font-size: 15px; color: inherit; margin-bottom: 15px;'>Los cables de parcheo de di\u00e1metro reducido Categor\u00eda 6A \/ Clase EA&comma; UTP&comma; est\u00e1n construidos con cable de cobre s\u00f3lido de par trenzado 28 AWG (de doble clasificaci\u00f3n CM\/LSZH) con conectores modulares RJ45 de alto rendimiento. Los cables de conexi\u00f3n ofrecen flexibilidad de dise\u00f1o con m\u00faltiples longitudes y colores.<\/p>\n<p style='font-size: 15px; color: inherit; margin-bottom: 15px;'><strong>Caracter\u00edsticas Principales:<\/strong><\/p>\n<ul style='padding-left: 20px; font-size: 15px; color: inherit;'>\n<li>Cable UTP s\u00f3lido 28 AWG&comma; doble clasificaci\u00f3n CM\/LSZH<\/li>\n<li>Rendimiento categor\u00eda 6A hasta 500 MHz<\/li>\n<li>Di\u00e1metro nominal reducido de s\u00f3lo 4.7 mm<\/li>\n<li>Contactos con 50 micras de oro&comma; alto rendimiento<\/li>\n<li>Compatibilidad PoE IEEE 802.3af\/802.3at\/802.3bt<\/li>\n<\/ul><\/div>\n<p> <!-- Secci\u00f3n de especificaciones t\u00e9cnicas --> <\/p>\n<div style='display: flex; flex-wrap: wrap; gap: 30px; margin-bottom: 30px;'>\n<div style='flex: 1 1 300px; min-width: 280px;'>\n<h3 style='font-size: 22px; border-bottom: 2px solid currentColor; padding-bottom: 5px; margin-top: 0; color: inherit; opacity: 0.8;'>Especificaciones T\u00e9cnicas<\/h3>\n<ul style='padding-left: 20px; font-size: 15px; color: inherit;'>\n<li style='margin-bottom: 5px;'><strong>Categor\u00eda:<\/strong> 6A \/ Clase EA<\/li>\n<li style='margin-bottom: 5px;'><strong>Est\u00e1ndares:<\/strong> ANSI\/TIA-568.2-D Categor\u00eda 6A&comma; ISO 11801 Clase EA<\/li>\n<li style='margin-bottom: 5px;'><strong>Frecuencia M\u00e1xima:<\/strong> 500 MHz<\/li>\n<li style='margin-bottom: 5px;'><strong>Di\u00e1metro Nominal:<\/strong> 4.7 mm (0.185 in)<\/li>\n<li style='margin-bottom: 5px;'><strong>Material:<\/strong> Cobre s\u00f3lido 28 AWG<\/li>\n<li style='margin-bottom: 5px;'><strong>Clasificaci\u00f3n de Flama:<\/strong> CM\/LSZH<\/li>\n<li style='margin-bottom: 5px;'><strong>Temperatura de Operaci\u00f3n:<\/strong> 14\u00b0F a 167\u00b0F (-10\u00b0C a 75\u00b0C)<\/li>\n<li style='margin-bottom: 5px;'><strong>Temperatura de Almacenamiento:<\/strong> -40\u00b0F a 158\u00b0F (-40\u00b0C a 70\u00b0C)<\/li>\n<li style='margin-bottom: 5px;'><strong>Pruebas:<\/strong> 100% probado para mapeo de cables&comma; NEXT y p\u00e9rdida de retorno<\/li>\n<li style='margin-bottom: 5px;'><strong>Ciclos de Acoplamiento:<\/strong> 2500 ciclos<\/li>\n<\/ul><\/div>\n<p> <!-- Secci\u00f3n de cumplimiento y certificaciones --> <\/p>\n<div style='flex: 1 1 300px; min-width: 280px;'>\n<h3 style='font-size: 22px; border-bottom: 2px solid currentColor; padding-bottom: 5px; margin-top: 0; color: inherit; opacity: 0.8;'>Cumplimiento y Certificaciones<\/h3>\n<ul style='padding-left: 20px; font-size: 15px; color: inherit;'>\n<li style='margin-bottom: 5px;'><strong>FCC y ANSI:<\/strong> ANSI\/TIA-1096-A (anteriormente FCC Parte 68)<\/li>\n<li style='margin-bottom: 5px;'><strong>IEC:<\/strong> IEC 60603-7<\/li>\n<li style='margin-bottom: 5px;'><strong>PoE:<\/strong> IEEE 802.3af\/802.3at (48 cables en un mazo) y 802.3bt tipo 3 y tipo 4 (24 cables en un mazo)<\/li>\n<li style='margin-bottom: 5px;'><strong>Seguridad:<\/strong> cULus Listed; UL 1863 y CAN\/CSA-C22.2 (UL File E129886)<\/li>\n<li style='margin-bottom: 5px;'><strong>RoHS:<\/strong> Cumple con RoHS<\/li>\n<li style='margin-bottom: 5px;'><strong>Construcci\u00f3n:<\/strong> Plug housing UL94V-0<\/li>\n<li style='margin-bottom: 5px;'><strong>Contactos:<\/strong> Fosforo-bronce chapado en oro (50 microinches)<\/li>\n<\/ul><\/div>\n<\/p><\/div>\n<p> <!-- Secci\u00f3n de beneficios --> <\/p>\n<div style='margin-bottom: 30px;'>\n<h3 style='font-size: 22px; border-bottom: 2px solid currentColor; padding-bottom: 5px; margin-top: 0; color: inherit; opacity: 0.8;'>Beneficios del Dise\u00f1o<\/h3>\n<ul style='padding-left: 20px; font-size: 15px; color: inherit;'>\n<li style='margin-bottom: 5px;'>Dise\u00f1o de cable de di\u00e1metro reducido y flexible con radio de curvatura ajustado para una mejor gesti\u00f3n de rutas de cableado en aplicaciones de alta densidad<\/li>\n<li style='margin-bottom: 5px;'>Permite doble cantidad de cables a trav\u00e9s de gestores de cableado comparado con cables tradicionales de Categor\u00eda 6A<\/li>\n<li style='margin-bottom: 5px;'>Facilita el flujo de aire y enfriamiento&comma; resultando en menores costos operativos<\/li>\n<li style='margin-bottom: 5px;'>Gestor de par integrado optimiza el rendimiento y la consistencia reduciendo el deshilachado en el conector<\/li>\n<li style='margin-bottom: 5px;'>Leng\u00fceta antienredos patentada previene enganches y proporciona liberaci\u00f3n f\u00e1cil<\/li>\n<li style='margin-bottom: 5px;'>Etiqueta de identificaci\u00f3n para nivel de rendimiento&comma; longitud y n\u00famero de control de calidad<\/li>\n<li style='margin-bottom: 5px;'>Construcci\u00f3n robusta con contactos chapados en oro de 50 microinches<\/li>\n<\/ul><\/div>\n<p> <!-- Secci\u00f3n de aplicaciones --> <\/p>\n<div style='margin-bottom: 30px;'>\n<h3 style='font-size: 22px; border-bottom: 2px solid currentColor; padding-bottom: 5px; margin-top: 0; color: inherit; opacity: 0.8;'>Aplicaciones<\/h3>\n<ul style='padding-left: 20px; font-size: 15px; color: inherit;'>\n<li style='margin-bottom: 5px;'>10GBASE-T Ethernet<\/li>\n<li style='margin-bottom: 5px;'>Virtualizaci\u00f3n de servidores en centros de datos<\/li>\n<li style='margin-bottom: 5px;'>Agregaci\u00f3n de backbone<\/li>\n<li style='margin-bottom: 5px;'>Procesamiento paralelo y c\u00f3mputo de alta velocidad<\/li>\n<li style='margin-bottom: 5px;'>Consolidaci\u00f3n de I\/O en centros de datos<\/li>\n<\/ul><\/div>\n<p> <!-- Secci\u00f3n de opciones de longitud y color --> <\/p>\n<div style='margin-bottom: 30px;'>\n<h3 style='font-size: 22px; border-bottom: 2px solid currentColor; padding-bottom: 5px; margin-top: 0; color: inherit; opacity: 0.8;'>Opciones de Longitud y Color<\/h3>\n<ul style='padding-left: 20px; font-size: 15px; color: inherit;'>\n<li style='margin-bottom: 5px;'><strong>Longitudes disponibles:<\/strong> 6 pulgadas (15.2cm)&comma; 8 pulgadas (20.3cm)&comma; 0.2m&comma; y otras longitudes en pies y metros<\/li>\n<li style='margin-bottom: 5px;'><strong>Colores disponibles:<\/strong> Blanco (est\u00e1ndar)&comma; Negro (BL)&comma; Azul (BU)&comma; Rojo (RD)&comma; Amarillo (YL)&comma; Verde (GR)&comma; Naranja (OR)&comma; Gris (GY)&comma; Violeta (VL)<\/li>\n<li style='margin-bottom: 5px;'><strong>Ejemplo:<\/strong> Para un cable de 15 pies color azul&comma; el n\u00famero de parte es UTP28X15BU<\/li>\n<\/ul><\/div>\n<p> <!-- Secci\u00f3n de opciones de empaque --> <\/p>\n<div style='margin-bottom: 30px;'>\n<h3 style='font-size: 22px; border-bottom: 2px solid currentColor; padding-bottom: 5px; margin-top: 0; color: inherit; opacity: 0.8;'>Opciones de Empaque<\/h3>\n<ul style='padding-left: 20px; font-size: 15px; color: inherit;'>\n<li style='margin-bottom: 5px;'>Empaque de 25 piezas: Partes en pies (UTP28SP*^-Q) y metros (UTP28SP*M^-Q)<\/li>\n<li style='margin-bottom: 5px;'>Empaque de 48 piezas: 6 pulgadas (UTP28SP6IN^-48)&comma; 8 pulgadas (UTP28SP8IN^-48)<\/li>\n<\/ul><\/div>\n<p> <!-- Separador --> <\/p>\n<hr style='border: 0; border-top: 1px solid rgba(150&comma; 150&comma; 150&comma; 0.3); margin: 30px 0;'> <\/div>\n","protected":false},"excerpt":{"rendered":"<p>Cable de Parcheo UTP, Cat6A, Di?metro Reducido (28 AWG), CM\/LSZH, Color Amarillo, 20.3 cm (8 Pulgadas)<\/p>\n","protected":false},"featured_media":13211,"comment_status":"open","ping_status":"closed","template":"","meta":[],"product_brand":[],"product_cat":[598],"product_tag":[586,445,599],"class_list":{"0":"post-13212","1":"product","2":"type-product","3":"status-publish","4":"has-post-thumbnail","6":"product_cat-patch-cords","7":"product_tag-cableado-de-cobre","8":"product_tag-panduit","9":"product_tag-patch-cords","11":"first","12":"instock","13":"sale","14":"shipping-taxable","15":"purchasable","16":"product-type-simple"},"_links":{"self":[{"href":"https:\/\/soydeaqui.ddns.net\/pachuca\/index.php\/wp-json\/wp\/v2\/product\/13212","targetHints":{"allow":["GET"]}}],"collection":[{"href":"https:\/\/soydeaqui.ddns.net\/pachuca\/index.php\/wp-json\/wp\/v2\/product"}],"about":[{"href":"https:\/\/soydeaqui.ddns.net\/pachuca\/index.php\/wp-json\/wp\/v2\/types\/product"}],"replies":[{"embeddable":true,"href":"https:\/\/soydeaqui.ddns.net\/pachuca\/index.php\/wp-json\/wp\/v2\/comments?post=13212"}],"wp:featuredmedia":[{"embeddable":true,"href":"https:\/\/soydeaqui.ddns.net\/pachuca\/index.php\/wp-json\/wp\/v2\/media\/13211"}],"wp:attachment":[{"href":"https:\/\/soydeaqui.ddns.net\/pachuca\/index.php\/wp-json\/wp\/v2\/media?parent=13212"}],"wp:term":[{"taxonomy":"product_brand","embeddable":true,"href":"https:\/\/soydeaqui.ddns.net\/pachuca\/index.php\/wp-json\/wp\/v2\/product_brand?post=13212"},{"taxonomy":"product_cat","embeddable":true,"href":"https:\/\/soydeaqui.ddns.net\/pachuca\/index.php\/wp-json\/wp\/v2\/product_cat?post=13212"},{"taxonomy":"product_tag","embeddable":true,"href":"https:\/\/soydeaqui.ddns.net\/pachuca\/index.php\/wp-json\/wp\/v2\/product_tag?post=13212"}],"curies":[{"name":"wp","href":"https:\/\/api.w.org\/{rel}","templated":true}]}}