{"id":13129,"date":"2026-03-18T08:14:41","date_gmt":"2026-03-18T08:14:41","guid":{"rendered":"https:\/\/soydeaqui.ddns.net\/pachuca\/index.php\/producto\/soporte-para-charola-de-empalme-de-fibra-ptica-fosm-compatible-con-paneles-fce2u-color-negro\/"},"modified":"2026-03-18T08:14:42","modified_gmt":"2026-03-18T08:14:42","slug":"soporte-para-charola-de-empalme-de-fibra-ptica-fosm-compatible-con-paneles-fce2u-color-negro","status":"publish","type":"product","link":"https:\/\/soydeaqui.ddns.net\/pachuca\/index.php\/producto\/soporte-para-charola-de-empalme-de-fibra-ptica-fosm-compatible-con-paneles-fce2u-color-negro\/","title":{"rendered":"Soporte para Charola de Empalme de Fibra ?ptica FOSM, Compatible con Paneles FCE2U, Color Negro"},"content":{"rendered":"<div style='width: 100%; max-width: 1200px; margin: 0 auto; font-family: sans-serif; line-height: 1.6; color: inherit; background-color: transparent;'> <!-- Secci\u00f3n de descripci\u00f3n general --> <\/p>\n<div style='margin-bottom: 30px;'>\n<h2 style='font-size: 24px; border-bottom: 2px solid currentColor; padding-bottom: 5px; margin-top: 0; color: inherit; opacity: 0.9;'>Descripci\u00f3n General<\/h2>\n<p style='font-size: 15px; color: inherit; margin-top: 15px;'>El soporte del m\u00f3dulo de empalme de fibra \u00f3ptica admite hasta cuatro charolas de empalme FOSM y se adapta a un espacio de 2 RU. Es compatible con paneles de fibra FCE2U. El dise\u00f1o permite un manejo eficiente de cables de fibra \u00f3ptica&comma; control de radio de curvatura y permite una inspecci\u00f3n f\u00e1cil mediante su cubierta transparente con bisagra.<\/p>\n<\/p><\/div>\n<p> <!-- Secci\u00f3n de caracter\u00edsticas principales --> <\/p>\n<div style='display: flex; flex-wrap: wrap; gap: 30px; margin-bottom: 30px;'>\n<div style='flex: 1 1 300px; min-width: 280px;'>\n<h3 style='font-size: 22px; border-bottom: 2px solid currentColor; padding-bottom: 5px; margin-top: 0; color: inherit; opacity: 0.8;'>Caracter\u00edsticas Principales<\/h3>\n<ul style='padding-left: 20px; font-size: 15px; color: inherit; list-style-type: disc;'>\n<li style='margin-bottom: 5px;'>Material: Metal<\/li>\n<li style='margin-bottom: 5px;'>Color: Negro<\/li>\n<li style='margin-bottom: 5px;'>Soporta hasta 4 m\u00f3dulos de empalme FOSM<\/li>\n<li style='margin-bottom: 5px;'>Dise\u00f1o autoapilable con bisagra<\/li>\n<li style='margin-bottom: 5px;'>Cubierta transparente con bisagra para f\u00e1cil acceso<\/li>\n<li style='margin-bottom: 5px;'>Control integral de radio de curvatura<\/li>\n<li style='margin-bottom: 5px;'>Gesti\u00f3n integrada de cables y almacenamiento de slack<\/li>\n<li style='margin-bottom: 5px;'>Cumple con RoHS<\/li>\n<\/ul><\/div>\n<p> <!-- Secci\u00f3n de especificaciones t\u00e9cnicas --> <\/p>\n<div style='flex: 1 1 300px; min-width: 280px;'>\n<h3 style='font-size: 22px; border-bottom: 2px solid currentColor; padding-bottom: 5px; margin-top: 0; color: inherit; opacity: 0.8;'>Especificaciones T\u00e9cnicas<\/h3>\n<ul style='padding-left: 20px; font-size: 15px; color: inherit; list-style-type: disc;'>\n<li style='margin-bottom: 5px;'><strong>Ancho total:<\/strong> 18.3 mm<\/li>\n<li style='margin-bottom: 5px;'><strong>Profundidad total:<\/strong> 66.4 mm<\/li>\n<li style='margin-bottom: 5px;'><strong>Altura total:<\/strong> 74 mm<\/li>\n<li style='margin-bottom: 5px;'><strong>Capacidad de empalmes:<\/strong> Hasta 24 empalmes por m\u00f3dulo<\/li>\n<li style='margin-bottom: 5px;'><strong>Espacio requerido:<\/strong> 2 RU<\/li>\n<li style='margin-bottom: 5px;'><strong>Compatibilidad:<\/strong> Paneles FCE2U<\/li>\n<\/ul><\/div>\n<\/p><\/div>\n<p> <!-- Secci\u00f3n de capacidades de fibra --> <\/p>\n<div style='margin-bottom: 30px;'>\n<h3 style='font-size: 22px; border-bottom: 2px solid currentColor; padding-bottom: 5px; margin-top: 0; color: inherit; opacity: 0.8;'>Capacidades de Fibra<\/h3>\n<p style='font-size: 15px; color: inherit; margin-top: 15px;'>El soporte para charola de empalme FOSMH2U permite manejar hasta 8 FAPs o cassettes&comma; soportando hasta 192 fibras. Esta capacidad permite manejar aplicaciones de alta densidad con fibra monomodo (OS1&comma; OS2) y multimodo (OM1&comma; OM2&comma; OM3\/OM4).<\/p>\n<div style='margin-top: 20px; overflow-x: auto;'>\n<table style='width: 100%; border-collapse: collapse; font-size: 14px; color: inherit;'>\n<thead>\n<tr style='background-color: rgba(150&comma;150&comma;150&comma;0.1);'>\n<th style='padding: 12px; border: 1px solid rgba(150&comma;150&comma;150&comma;0.3); text-align: left;'>Enclosure<\/th>\n<th style='padding: 12px; border: 1px solid rgba(150&comma;150&comma;150&comma;0.3); text-align: left;'>FAP Openings<\/th>\n<th style='padding: 12px; border: 1px solid rgba(150&comma;150&comma;150&comma;0.3); text-align: left;'>Fibers<\/th>\n<th style='padding: 12px; border: 1px solid rgba(150&comma;150&comma;150&comma;0.3); text-align: left;'>FOSMF Capacity (Fusion Splices)<\/th>\n<th style='padding: 12px; border: 1px solid rgba(150&comma;150&comma;150&comma;0.3); text-align: left;'>FOSMM Capacity (Mechanical Splices)<\/th>\n<\/tr>\n<\/thead>\n<tbody>\n<tr>\n<td style='padding: 10px; border: 1px solid rgba(150&comma;150&comma;150&comma;0.3);'>FCE2U<\/td>\n<td style='padding: 10px; border: 1px solid rgba(150&comma;150&comma;150&comma;0.3);'>8<\/td>\n<td style='padding: 10px; border: 1px solid rgba(150&comma;150&comma;150&comma;0.3);'>192<\/td>\n<td style='padding: 10px; border: 1px solid rgba(150&comma;150&comma;150&comma;0.3);'>8<\/td>\n<td style='padding: 10px; border: 1px solid rgba(150&comma;150&comma;150&comma;0.3);'>8<\/td>\n<\/tr>\n<\/tbody>\n<\/table><\/div>\n<\/p><\/div>\n<p> <!-- Secci\u00f3n de aplicaciones --> <\/p>\n<div style='margin-bottom: 30px;'>\n<h3 style='font-size: 22px; border-bottom: 2px solid currentColor; padding-bottom: 5px; margin-top: 0; color: inherit; opacity: 0.8;'>Aplicaciones<\/h3>\n<p style='font-size: 15px; color: inherit; margin-top: 15px;'>El soporte para charola de empalme FOSMH2U est\u00e1 dise\u00f1ado para aplicaciones que requieren empalmes de fibra \u00f3ptica en entornos de alta densidad. Es ideal para:<\/p>\n<ul style='padding-left: 20px; font-size: 15px; color: inherit; list-style-type: disc;'>\n<li style='margin-bottom: 5px;'>Manejo de empalmes en instalaciones de fibra monomodo (OS1&comma; OS2)<\/li>\n<li style='margin-bottom: 5px;'>Aplicaciones de banda ancha alta que requieren fibra monomodo<\/li>\n<li style='margin-bottom: 5px;'>Instalaciones donde el empalme por fusi\u00f3n reduce tiempo y costo de instalaci\u00f3n<\/li>\n<li style='margin-bottom: 5px;'>Aplicaciones de larga distancia<\/li>\n<li style='margin-bottom: 5px;'>Entornos donde se requiere m\u00e1xima integridad de se\u00f1al de extremo a extremo<\/li>\n<\/ul><\/div>\n<p> <!-- Secci\u00f3n de compatibilidad --> <\/p>\n<div style='margin-bottom: 30px;'>\n<h3 style='font-size: 22px; border-bottom: 2px solid currentColor; padding-bottom: 5px; margin-top: 0; color: inherit; opacity: 0.8;'>Compatibilidad<\/h3>\n<p style='font-size: 15px; color: inherit; margin-top: 15px;'>El soporte FOSMH2U es compatible con:<\/p>\n<ul style='padding-left: 20px; font-size: 15px; color: inherit; list-style-type: disc;'>\n<li style='margin-bottom: 5px;'>Paneles de fibra FCE2U<\/li>\n<li style='margin-bottom: 5px;'>Enclosures FCE*U Series<\/li>\n<li style='margin-bottom: 5px;'>Enclosures FRME*U Series<\/li>\n<li style='margin-bottom: 5px;'>Bandejas FMT Series<\/li>\n<\/ul><\/div>\n<p> <!-- Separador final --> <\/p>\n<hr style='border: 0; border-top: 1px solid rgba(150&comma; 150&comma; 150&comma; 0.3); margin: 30px 0;'> <\/div>\n","protected":false},"excerpt":{"rendered":"<p>Soporte para Charola de Empalme de Fibra ?ptica FOSM, Compatible con Paneles FCE2U, Color Negro<\/p>\n","protected":false},"featured_media":13128,"comment_status":"open","ping_status":"closed","template":"","meta":[],"product_brand":[],"product_cat":[621],"product_tag":[622,611,445],"class_list":{"0":"post-13129","1":"product","2":"type-product","3":"status-publish","4":"has-post-thumbnail","6":"product_cat-distribuidores-de-fibra-optica","7":"product_tag-distribuidores-de-fibra-optica","8":"product_tag-fibra-optica","9":"product_tag-panduit","11":"first","12":"outofstock","13":"sale","14":"shipping-taxable","15":"purchasable","16":"product-type-simple"},"_links":{"self":[{"href":"https:\/\/soydeaqui.ddns.net\/pachuca\/index.php\/wp-json\/wp\/v2\/product\/13129","targetHints":{"allow":["GET"]}}],"collection":[{"href":"https:\/\/soydeaqui.ddns.net\/pachuca\/index.php\/wp-json\/wp\/v2\/product"}],"about":[{"href":"https:\/\/soydeaqui.ddns.net\/pachuca\/index.php\/wp-json\/wp\/v2\/types\/product"}],"replies":[{"embeddable":true,"href":"https:\/\/soydeaqui.ddns.net\/pachuca\/index.php\/wp-json\/wp\/v2\/comments?post=13129"}],"wp:featuredmedia":[{"embeddable":true,"href":"https:\/\/soydeaqui.ddns.net\/pachuca\/index.php\/wp-json\/wp\/v2\/media\/13128"}],"wp:attachment":[{"href":"https:\/\/soydeaqui.ddns.net\/pachuca\/index.php\/wp-json\/wp\/v2\/media?parent=13129"}],"wp:term":[{"taxonomy":"product_brand","embeddable":true,"href":"https:\/\/soydeaqui.ddns.net\/pachuca\/index.php\/wp-json\/wp\/v2\/product_brand?post=13129"},{"taxonomy":"product_cat","embeddable":true,"href":"https:\/\/soydeaqui.ddns.net\/pachuca\/index.php\/wp-json\/wp\/v2\/product_cat?post=13129"},{"taxonomy":"product_tag","embeddable":true,"href":"https:\/\/soydeaqui.ddns.net\/pachuca\/index.php\/wp-json\/wp\/v2\/product_tag?post=13129"}],"curies":[{"name":"wp","href":"https:\/\/api.w.org\/{rel}","templated":true}]}}